{"id":5228,"date":"2025-09-12T11:45:55","date_gmt":"2025-09-12T09:45:55","guid":{"rendered":"https:\/\/actionaid.ch\/?page_id=5228"},"modified":"2025-11-06T12:04:19","modified_gmt":"2025-11-06T11:04:19","slug":"rapport-annuel-2024","status":"publish","type":"page","link":"https:\/\/actionaid.ch\/fr\/a-propos-de-nous\/transparence\/rapport-annuel-2024\/","title":{"rendered":"Rapport Annuel 2024"},"content":{"rendered":"<div class=\"vidiemme-block focused-content  \" >\n  \n  <div class=\"container-xl\">\n    <div class=\"focused\">\n\n            <div class=\"summary mb-3\">Le Bilan Social de cette ann\u00e9e refl\u00e8te un engagement constant contre l\u2019exclusion sociale et la pauvret\u00e9, la qu\u00eate de justice climatique et la d\u00e9fense des droits humains. Nous continuerons \u00e0 \u0153uvrer pour une redistribution \u00e9quitable des ressources et pour la construction d\u2019une soci\u00e9t\u00e9 civile plus r\u00e9siliente d\u2019ici 2028. Ces objectifs sont au c\u0153ur de notre mission et guideront nos efforts dans les ann\u00e9es \u00e0 venir.<\/div>\n      \n            <div class=\"description\"><p>En 2024, ActionAid a renforc\u00e9 sa pr\u00e9sence en Suisse, en construisant de nouveaux partenariats avec des organisations philanthropiques et en <strong>soutenant des projets dans des pays tels que la Gambie, la Jordanie et la R\u00e9publique D\u00e9mocratique du Congo<\/strong>. Parall\u00e8lement, nous avons \u00e9largi notre base de soutien et men\u00e9 des campagnes de collecte de fonds et de sensibilisation, avec une attention particuli\u00e8re port\u00e9e \u00e0 l\u2019\u00e9galit\u00e9 de genre et \u00e0 la lutte contre les violences faites aux femmes.<\/p>\n<p>La <strong>campagne <em>Fight For Women<\/em> a constitu\u00e9 le c\u0153ur de notre engagement public<\/strong>, mettant en lumi\u00e8re l\u2019urgence d\u2019un changement structurel pour mettre fin \u00e0 toutes les formes de discrimination et de violence fond\u00e9e sur le genre. Nous avons \u00e9galement plac\u00e9 les jeunes au centre de notre action, les accompagnant comme v\u00e9ritables acteurs du changement \u00e0 travers la formation, la participation active et la construction d\u2019alternatives \u00e0 la migration forc\u00e9e.<\/p>\n<p>Ce Rapport Social illustre les r\u00e9sultats de cet engagement collectif et le changement qui devient possible lorsque institutions, communaut\u00e9s, activistes et citoyen\u00b7ne\u00b7s unissent leurs forces. Un r\u00e9sultat rendu possible aussi gr\u00e2ce \u00e0 nos <strong>6.043 donatrices et donateurs<\/strong>, aux <strong>Fondations<\/strong> qui nous renouvellent leur confiance et \u00e0 celles qui ont initi\u00e9 de <strong>nouvelles collaborations<\/strong>.<\/p>\n<\/div>\n      \n      \n            <div class=\"attachments\">\n                  <div class=\"attachment mb-4\">   \n            <a href=\"https:\/\/actionaid.ch\/wp-content\/uploads\/2025\/11\/AnnualReport_2024_fra.pdf\" target=\"_blank\">\n              <img decoding=\"async\" class=\"img-fluid me-1 icon-download\" src=\"https:\/\/actionaid.ch\/wp-content\/themes\/actionaid\/public\/build\/assets\/icon-download-hKxZcR7I.svg\" alt=\"T\u00e9l\u00e9charge le fichier\">\n              \n              Rapport Annuel 2024\n            <\/a>\n          <\/div>\n                  <div class=\"attachment mb-4\">   \n            <a href=\"https:\/\/actionaid.ch\/wp-content\/uploads\/2025\/09\/Bilancio-e-Revisione-2024.pdf\" target=\"_blank\">\n              <img decoding=\"async\" class=\"img-fluid me-1 icon-download\" src=\"https:\/\/actionaid.ch\/wp-content\/themes\/actionaid\/public\/build\/assets\/icon-download-hKxZcR7I.svg\" alt=\"T\u00e9l\u00e9charge le fichier\">\n              \n              Bilan 2024\n            <\/a>\n          <\/div>\n              <\/div>\n          \n    <\/div>\n  <\/div>\n<\/div>\n","protected":false},"excerpt":{"rendered":"","protected":false},"author":2,"featured_media":0,"parent":2332,"menu_order":33,"comment_status":"closed","ping_status":"closed","template":"","meta":{"_acf_changed":false,"footnotes":""},"class_list":["post-5228","page","type-page","status-publish","hentry"],"acf":[],"yoast_head":"<!-- This site is optimized with the Yoast SEO plugin v25.9 - https:\/\/yoast.com\/wordpress\/plugins\/seo\/ -->\n<title>Rapport Annuel 2024 - ActionAid<\/title>\n<meta name=\"description\" content=\"T\u00e9l\u00e9chargez le Rapport Annuel 2024 et d\u00e9couvrez les principaux r\u00e9sultats des actions d\u2019ActionAid.\" \/>\n<meta name=\"robots\" content=\"index, follow, max-snippet:-1, max-image-preview:large, max-video-preview:-1\" \/>\n<link rel=\"canonical\" href=\"https:\/\/actionaid.ch\/fr\/a-propos-de-nous\/transparence\/rapport-annuel-2024\/\" \/>\n<meta property=\"og:locale\" content=\"fr_FR\" \/>\n<meta property=\"og:type\" content=\"article\" \/>\n<meta property=\"og:title\" content=\"Rapport Annuel 2024 - ActionAid\" \/>\n<meta property=\"og:description\" content=\"T\u00e9l\u00e9chargez le Rapport Annuel 2024 et d\u00e9couvrez les principaux r\u00e9sultats des actions d\u2019ActionAid.\" \/>\n<meta property=\"og:url\" content=\"https:\/\/actionaid.ch\/fr\/a-propos-de-nous\/transparence\/rapport-annuel-2024\/\" \/>\n<meta property=\"og:site_name\" content=\"ActionAid\" \/>\n<meta property=\"article:publisher\" content=\"https:\/\/www.facebook.com\/ActionAidSwitzerland\/?locale=it_IT\" \/>\n<meta property=\"article:modified_time\" content=\"2025-11-06T11:04:19+00:00\" \/>\n<meta name=\"twitter:card\" content=\"summary_large_image\" \/>\n<script type=\"application\/ld+json\" class=\"yoast-schema-graph\">{\"@context\":\"https:\/\/schema.org\",\"@graph\":[{\"@type\":\"WebPage\",\"@id\":\"https:\/\/actionaid.ch\/fr\/a-propos-de-nous\/transparence\/rapport-annuel-2024\/\",\"url\":\"https:\/\/actionaid.ch\/fr\/a-propos-de-nous\/transparence\/rapport-annuel-2024\/\",\"name\":\"Rapport Annuel 2024 - ActionAid\",\"isPartOf\":{\"@id\":\"https:\/\/actionaid.ch\/fr\/#website\"},\"datePublished\":\"2025-09-12T09:45:55+00:00\",\"dateModified\":\"2025-11-06T11:04:19+00:00\",\"description\":\"T\u00e9l\u00e9chargez le Rapport Annuel 2024 et d\u00e9couvrez les principaux r\u00e9sultats des actions d\u2019ActionAid.\",\"breadcrumb\":{\"@id\":\"https:\/\/actionaid.ch\/fr\/a-propos-de-nous\/transparence\/rapport-annuel-2024\/#breadcrumb\"},\"inLanguage\":\"fr-FR\",\"potentialAction\":[{\"@type\":\"ReadAction\",\"target\":[\"https:\/\/actionaid.ch\/fr\/a-propos-de-nous\/transparence\/rapport-annuel-2024\/\"]}]},{\"@type\":\"BreadcrumbList\",\"@id\":\"https:\/\/actionaid.ch\/fr\/a-propos-de-nous\/transparence\/rapport-annuel-2024\/#breadcrumb\",\"itemListElement\":[{\"@type\":\"ListItem\",\"position\":1,\"name\":\"Home\",\"item\":\"https:\/\/actionaid.ch\/fr\/\"},{\"@type\":\"ListItem\",\"position\":2,\"name\":\"\u00c0 propos de nous\",\"item\":\"https:\/\/actionaid.ch\/fr\/a-propos-de-nous\/\"},{\"@type\":\"ListItem\",\"position\":3,\"name\":\"Transparence\",\"item\":\"https:\/\/actionaid.ch\/fr\/a-propos-de-nous\/transparence\/\"},{\"@type\":\"ListItem\",\"position\":4,\"name\":\"Rapport Annuel 2024\"}]},{\"@type\":\"WebSite\",\"@id\":\"https:\/\/actionaid.ch\/fr\/#website\",\"url\":\"https:\/\/actionaid.ch\/fr\/\",\"name\":\"ActionAid Svizzera\",\"description\":\"\",\"publisher\":{\"@id\":\"https:\/\/actionaid.ch\/fr\/#organization\"},\"potentialAction\":[{\"@type\":\"SearchAction\",\"target\":{\"@type\":\"EntryPoint\",\"urlTemplate\":\"https:\/\/actionaid.ch\/fr\/?s={search_term_string}\"},\"query-input\":{\"@type\":\"PropertyValueSpecification\",\"valueRequired\":true,\"valueName\":\"search_term_string\"}}],\"inLanguage\":\"fr-FR\"},{\"@type\":\"Organization\",\"@id\":\"https:\/\/actionaid.ch\/fr\/#organization\",\"name\":\"ActionAid Svizzera\",\"url\":\"https:\/\/actionaid.ch\/fr\/\",\"logo\":{\"@type\":\"ImageObject\",\"inLanguage\":\"fr-FR\",\"@id\":\"https:\/\/actionaid.ch\/fr\/#\/schema\/logo\/image\/\",\"url\":\"https:\/\/actionaid.ch\/wp-content\/uploads\/2025\/04\/Logo_rosso.png\",\"contentUrl\":\"https:\/\/actionaid.ch\/wp-content\/uploads\/2025\/04\/Logo_rosso.png\",\"width\":2331,\"height\":407,\"caption\":\"ActionAid Svizzera\"},\"image\":{\"@id\":\"https:\/\/actionaid.ch\/fr\/#\/schema\/logo\/image\/\"},\"sameAs\":[\"https:\/\/www.facebook.com\/ActionAidSwitzerland\/?locale=it_IT\",\"https:\/\/www.instagram.com\/actionaid_international\/?hl=en\"]}]}<\/script>\n<!-- \/ Yoast SEO plugin. -->","yoast_head_json":{"title":"Rapport Annuel 2024 - ActionAid","description":"T\u00e9l\u00e9chargez le Rapport Annuel 2024 et d\u00e9couvrez les principaux r\u00e9sultats des actions d\u2019ActionAid.","robots":{"index":"index","follow":"follow","max-snippet":"max-snippet:-1","max-image-preview":"max-image-preview:large","max-video-preview":"max-video-preview:-1"},"canonical":"https:\/\/actionaid.ch\/fr\/a-propos-de-nous\/transparence\/rapport-annuel-2024\/","og_locale":"fr_FR","og_type":"article","og_title":"Rapport Annuel 2024 - ActionAid","og_description":"T\u00e9l\u00e9chargez le Rapport Annuel 2024 et d\u00e9couvrez les principaux r\u00e9sultats des actions d\u2019ActionAid.","og_url":"https:\/\/actionaid.ch\/fr\/a-propos-de-nous\/transparence\/rapport-annuel-2024\/","og_site_name":"ActionAid","article_publisher":"https:\/\/www.facebook.com\/ActionAidSwitzerland\/?locale=it_IT","article_modified_time":"2025-11-06T11:04:19+00:00","twitter_card":"summary_large_image","schema":{"@context":"https:\/\/schema.org","@graph":[{"@type":"WebPage","@id":"https:\/\/actionaid.ch\/fr\/a-propos-de-nous\/transparence\/rapport-annuel-2024\/","url":"https:\/\/actionaid.ch\/fr\/a-propos-de-nous\/transparence\/rapport-annuel-2024\/","name":"Rapport Annuel 2024 - ActionAid","isPartOf":{"@id":"https:\/\/actionaid.ch\/fr\/#website"},"datePublished":"2025-09-12T09:45:55+00:00","dateModified":"2025-11-06T11:04:19+00:00","description":"T\u00e9l\u00e9chargez le Rapport Annuel 2024 et d\u00e9couvrez les principaux r\u00e9sultats des actions d\u2019ActionAid.","breadcrumb":{"@id":"https:\/\/actionaid.ch\/fr\/a-propos-de-nous\/transparence\/rapport-annuel-2024\/#breadcrumb"},"inLanguage":"fr-FR","potentialAction":[{"@type":"ReadAction","target":["https:\/\/actionaid.ch\/fr\/a-propos-de-nous\/transparence\/rapport-annuel-2024\/"]}]},{"@type":"BreadcrumbList","@id":"https:\/\/actionaid.ch\/fr\/a-propos-de-nous\/transparence\/rapport-annuel-2024\/#breadcrumb","itemListElement":[{"@type":"ListItem","position":1,"name":"Home","item":"https:\/\/actionaid.ch\/fr\/"},{"@type":"ListItem","position":2,"name":"\u00c0 propos de nous","item":"https:\/\/actionaid.ch\/fr\/a-propos-de-nous\/"},{"@type":"ListItem","position":3,"name":"Transparence","item":"https:\/\/actionaid.ch\/fr\/a-propos-de-nous\/transparence\/"},{"@type":"ListItem","position":4,"name":"Rapport Annuel 2024"}]},{"@type":"WebSite","@id":"https:\/\/actionaid.ch\/fr\/#website","url":"https:\/\/actionaid.ch\/fr\/","name":"ActionAid Svizzera","description":"","publisher":{"@id":"https:\/\/actionaid.ch\/fr\/#organization"},"potentialAction":[{"@type":"SearchAction","target":{"@type":"EntryPoint","urlTemplate":"https:\/\/actionaid.ch\/fr\/?s={search_term_string}"},"query-input":{"@type":"PropertyValueSpecification","valueRequired":true,"valueName":"search_term_string"}}],"inLanguage":"fr-FR"},{"@type":"Organization","@id":"https:\/\/actionaid.ch\/fr\/#organization","name":"ActionAid Svizzera","url":"https:\/\/actionaid.ch\/fr\/","logo":{"@type":"ImageObject","inLanguage":"fr-FR","@id":"https:\/\/actionaid.ch\/fr\/#\/schema\/logo\/image\/","url":"https:\/\/actionaid.ch\/wp-content\/uploads\/2025\/04\/Logo_rosso.png","contentUrl":"https:\/\/actionaid.ch\/wp-content\/uploads\/2025\/04\/Logo_rosso.png","width":2331,"height":407,"caption":"ActionAid Svizzera"},"image":{"@id":"https:\/\/actionaid.ch\/fr\/#\/schema\/logo\/image\/"},"sameAs":["https:\/\/www.facebook.com\/ActionAidSwitzerland\/?locale=it_IT","https:\/\/www.instagram.com\/actionaid_international\/?hl=en"]}]}},"_links":{"self":[{"href":"https:\/\/actionaid.ch\/fr\/wp-json\/wp\/v2\/pages\/5228","targetHints":{"allow":["GET"]}}],"collection":[{"href":"https:\/\/actionaid.ch\/fr\/wp-json\/wp\/v2\/pages"}],"about":[{"href":"https:\/\/actionaid.ch\/fr\/wp-json\/wp\/v2\/types\/page"}],"author":[{"embeddable":true,"href":"https:\/\/actionaid.ch\/fr\/wp-json\/wp\/v2\/users\/2"}],"replies":[{"embeddable":true,"href":"https:\/\/actionaid.ch\/fr\/wp-json\/wp\/v2\/comments?post=5228"}],"version-history":[{"count":3,"href":"https:\/\/actionaid.ch\/fr\/wp-json\/wp\/v2\/pages\/5228\/revisions"}],"predecessor-version":[{"id":15425,"href":"https:\/\/actionaid.ch\/fr\/wp-json\/wp\/v2\/pages\/5228\/revisions\/15425"}],"up":[{"embeddable":true,"href":"https:\/\/actionaid.ch\/fr\/wp-json\/wp\/v2\/pages\/2332"}],"wp:attachment":[{"href":"https:\/\/actionaid.ch\/fr\/wp-json\/wp\/v2\/media?parent=5228"}],"curies":[{"name":"wp","href":"https:\/\/api.w.org\/{rel}","templated":true}]}}