{"id":3817,"date":"2025-06-30T18:57:12","date_gmt":"2025-06-30T16:57:12","guid":{"rendered":"https:\/\/actionaid.ch\/?page_id=3817"},"modified":"2026-03-12T17:55:31","modified_gmt":"2026-03-12T16:55:31","slug":"faq","status":"publish","type":"page","link":"https:\/\/actionaid.ch\/fr\/faq\/","title":{"rendered":"Questions Fr\u00e9quemment Pos\u00e9es"},"content":{"rendered":"<div class=\"vidiemme-block faq-band my-5 \" >\n  \n  <div class=\"container-xl\">\n    <div class=\"accordion\" id=\"accordion-69df16a33f62a\">\n              <div class=\"accordion-item\">\n          <div class=\"accordion-header\">\n            <button class=\"accordion-button collapsed\" type=\"button\" data-bs-toggle=\"collapse\" data-bs-target=\"#accordion-69df16a33f62a-0\" aria-expanded=\"true\" aria-controls=\"accordion-69df16a33f62a-0\">\n              <h3>Qu\u2019est-ce qu\u2019ActionAid ?<\/h3>\n            <\/button>\n          <\/div>\n          <div id=\"accordion-69df16a33f62a-0\" class=\"accordion-collapse collapse\" data-bs-parent=\"#accordion-69df16a33f62a\">\n            <div class=\"accordion-body\">\n              <p>ActionAid est une <strong>organisation ind\u00e9pendante<\/strong> fond\u00e9e au Royaume-Uni en <strong>1972<\/strong>. Depuis plus de 50 ans, elle <strong>lutte contre la pauvret\u00e9, l\u2019exclusion sociale, la violence faite aux femmes et le changement climatique<\/strong>. En tant que f\u00e9d\u00e9ration, nous comptons 45 bureaux dans le monde et sommes pr\u00e9sents dans 75 pays.<\/p>\n<p><strong>ActionAid Switzerland<\/strong> a \u00e9t\u00e9 fond\u00e9e en <strong>2013<\/strong> \u00e0 Lugano et est inscrite au registre du commerce du Tessin.<\/p>\n<p><a href=\"https:\/\/actionaid.ch\/fr\/a-propos-de-nous\/\" target=\"_blank\" rel=\"noopener\">En savoir plus<\/a><\/p>\n\n            <\/div>\n          <\/div>\n        <\/div>\n\n              <div class=\"accordion-item\">\n          <div class=\"accordion-header\">\n            <button class=\"accordion-button collapsed\" type=\"button\" data-bs-toggle=\"collapse\" data-bs-target=\"#accordion-69df16a33f62a-1\" aria-expanded=\"true\" aria-controls=\"accordion-69df16a33f62a-1\">\n              <h3>Que fait ActionAid Suisse?<\/h3>\n            <\/button>\n          <\/div>\n          <div id=\"accordion-69df16a33f62a-1\" class=\"accordion-collapse collapse\" data-bs-parent=\"#accordion-69df16a33f62a\">\n            <div class=\"accordion-body\">\n              <p>Nous travaillons au<strong>x c\u00f4t\u00e9s des communaut\u00e9s les plus vuln\u00e9rables et marginalis\u00e9es<\/strong> en Afrique, en Asie, en Am\u00e9rique et en Europe <strong>pour surmonter la pauvret\u00e9 et l\u2019exclusion sociale<\/strong>.<\/p>\n<p>Nous adoptons une <strong>approche fond\u00e9e sur les droits humains et la participation des communaut\u00e9s<\/strong>. Nous voulons faire entendre la voix des personnes et d\u00e9fendre leurs droits.<\/p>\n<p><a href=\"https:\/\/actionaid.ch\/fr\/notre-action\/\" target=\"_blank\" rel=\"noopener\">En savoir plus<\/a><\/p>\n\n            <\/div>\n          <\/div>\n        <\/div>\n\n              <div class=\"accordion-item\">\n          <div class=\"accordion-header\">\n            <button class=\"accordion-button collapsed\" type=\"button\" data-bs-toggle=\"collapse\" data-bs-target=\"#accordion-69df16a33f62a-2\" aria-expanded=\"true\" aria-controls=\"accordion-69df16a33f62a-2\">\n              <h3>Comment puis-je soutenir votre travail ?<\/h3>\n            <\/button>\n          <\/div>\n          <div id=\"accordion-69df16a33f62a-2\" class=\"accordion-collapse collapse\" data-bs-parent=\"#accordion-69df16a33f62a\">\n            <div class=\"accordion-body\">\n              <p>Vous pouvez soutenir notre projet <strong>Fight For Women par un don r\u00e9gulier ou ponctuel<\/strong>, et vous engager \u00e0 nos c\u00f4t\u00e9s pour d\u00e9fendre les droits des femmes dans le monde. 1 CHF par jour suffit pour lutter contre toutes les formes de violence bas\u00e9e sur le genre, des plus brutales aux plus insidieuses.<\/p>\n<p>Si vous \u00eates un <strong>soci\u00e9t\u00e9s<\/strong>, une <strong>fondation<\/strong> ou un <strong>grand donateur<\/strong>, vous pouvez faire la diff\u00e9rence en \u00e9tablissant un partenariat durable avec nous pour lutter contre les in\u00e9galit\u00e9s, promouvoir les droits humains et cr\u00e9er de la valeur partag\u00e9e pour un monde plus juste et inclusif<\/p>\n<p><a href=\"https:\/\/actionaid.ch\/fr\/nous-soutenir\/\" target=\"_blank\" rel=\"noopener\">En savoir plus<\/a><\/p>\n\n            <\/div>\n          <\/div>\n        <\/div>\n\n              <div class=\"accordion-item\">\n          <div class=\"accordion-header\">\n            <button class=\"accordion-button collapsed\" type=\"button\" data-bs-toggle=\"collapse\" data-bs-target=\"#accordion-69df16a33f62a-3\" aria-expanded=\"true\" aria-controls=\"accordion-69df16a33f62a-3\">\n              <h3>Comment puis-je avoir confiance ?<\/h3>\n            <\/button>\n          <\/div>\n          <div id=\"accordion-69df16a33f62a-3\" class=\"accordion-collapse collapse\" data-bs-parent=\"#accordion-69df16a33f62a\">\n            <div class=\"accordion-body\">\n              <p><strong>ActionAid Switzerland<\/strong> a \u00e9t\u00e9 <strong>l\u00e9galement constitu\u00e9e le 18 f\u00e9vrier 2013 \u00e0 Lugano,<\/strong> dans le but de lutter contre la pauvret\u00e9 et l\u2019exclusion sociale dans le monde. Depuis, nous avons collect\u00e9 des fonds et soutenu de nombreuses personnes et projets. Vous pouvez <strong>consulter \u00e0 tout moment notre rapport annuel<\/strong> pour en savoir plus sur nos activit\u00e9s.<\/p>\n<p><a href=\"https:\/\/actionaid.ch\/fr\/a-propos-de-nous\/transparence\/\" target=\"_blank\" rel=\"noopener\">En savoir plus<\/a><\/p>\n\n            <\/div>\n          <\/div>\n        <\/div>\n\n              <div class=\"accordion-item\">\n          <div class=\"accordion-header\">\n            <button class=\"accordion-button collapsed\" type=\"button\" data-bs-toggle=\"collapse\" data-bs-target=\"#accordion-69df16a33f62a-4\" aria-expanded=\"true\" aria-controls=\"accordion-69df16a33f62a-4\">\n              <h3>Comment vos dons sont-ils utilis\u00e9s ?<\/h3>\n            <\/button>\n          <\/div>\n          <div id=\"accordion-69df16a33f62a-4\" class=\"accordion-collapse collapse\" data-bs-parent=\"#accordion-69df16a33f62a\">\n            <div class=\"accordion-body\">\n              <p>Votre contribution sert \u00e0 mettre en \u0153uvre des <strong>actions concr\u00e8tes<\/strong>, <strong>d\u00e9finies selon les priorit\u00e9s de nos \u00e9quipes locales.<\/strong><\/p>\n<p>Au niveau de la f\u00e9d\u00e9ration, <strong>70 % des fonds sont destin\u00e9s aux pays et communaut\u00e9s que nous soutenons<\/strong>. Les 30 % restants servent aux campagnes de sensibilisation et aux frais de fonctionnement.<\/p>\n\n            <\/div>\n          <\/div>\n        <\/div>\n\n              <div class=\"accordion-item\">\n          <div class=\"accordion-header\">\n            <button class=\"accordion-button collapsed\" type=\"button\" data-bs-toggle=\"collapse\" data-bs-target=\"#accordion-69df16a33f62a-5\" aria-expanded=\"true\" aria-controls=\"accordion-69df16a33f62a-5\">\n              <h3>Mes dons sont-ils d\u00e9ductibles ?<\/h3>\n            <\/button>\n          <\/div>\n          <div id=\"accordion-69df16a33f62a-5\" class=\"accordion-collapse collapse\" data-bs-parent=\"#accordion-69df16a33f62a\">\n            <div class=\"accordion-body\">\n              <p><strong>Oui<\/strong> ! Dans de nombreux cantons suisses, les dons \u00e0 ActionAid peuvent \u00eatre d\u00e9duits de la d\u00e9claration d\u2019imp\u00f4ts. Chaque ann\u00e9e, <strong>nous vous enverrons une attestation<\/strong> de don \u00e0 utiliser \u00e0 cet effet.<\/p>\n\n            <\/div>\n          <\/div>\n        <\/div>\n\n              <div class=\"accordion-item\">\n          <div class=\"accordion-header\">\n            <button class=\"accordion-button collapsed\" type=\"button\" data-bs-toggle=\"collapse\" data-bs-target=\"#accordion-69df16a33f62a-6\" aria-expanded=\"true\" aria-controls=\"accordion-69df16a33f62a-6\">\n              <h3>Comment faire un don en toute s\u00e9curit\u00e9 ?<\/h3>\n            <\/button>\n          <\/div>\n          <div id=\"accordion-69df16a33f62a-6\" class=\"accordion-collapse collapse\" data-bs-parent=\"#accordion-69df16a33f62a\">\n            <div class=\"accordion-body\">\n              <p>Pour faire un don en toute s\u00e9curit\u00e9, <strong>utilisez nos sites web officiels<\/strong> et des moyens de <strong>paiement s\u00fbrs et tra\u00e7ables<\/strong>. En cas de doute, \u00e9crivez-nous \u00e0 : <a href=\"mailto:soutiens.ch@actionaid.org\">soutiens.ch@actionaid.org<\/a> ou appelez-nous au +41 91 922 65 42.<\/p>\n<p>&nbsp;<\/p>\n\n            <\/div>\n          <\/div>\n        <\/div>\n\n              <div class=\"accordion-item\">\n          <div class=\"accordion-header\">\n            <button class=\"accordion-button collapsed\" type=\"button\" data-bs-toggle=\"collapse\" data-bs-target=\"#accordion-69df16a33f62a-7\" aria-expanded=\"true\" aria-controls=\"accordion-69df16a33f62a-7\">\n              <h3>Comment puis-je vous contacter ?<\/h3>\n            <\/button>\n          <\/div>\n          <div id=\"accordion-69df16a33f62a-7\" class=\"accordion-collapse collapse\" data-bs-parent=\"#accordion-69df16a33f62a\">\n            <div class=\"accordion-body\">\n              <p><strong>Nous sommes toujours disponibles pour r\u00e9pondre \u00e0 vos questions.<\/strong> Si vous souhaitez nous transmettre une information ou recevoir plus de d\u00e9tails, \u00e9crivez-nous \u00e0 <strong><a href=\"mailto:soutiens.ch@actionaid.org\">soutiens.ch@actionaid.org<\/a> <\/strong>ou appelez-nous au <strong>+41 91 922 65 42<\/strong>.<\/p>\n\n            <\/div>\n          <\/div>\n        <\/div>\n\n            <\/div>\n  <\/div>\n<\/div>\n","protected":false},"excerpt":{"rendered":"","protected":false},"author":2,"featured_media":0,"parent":0,"menu_order":163,"comment_status":"closed","ping_status":"closed","template":"","meta":{"_acf_changed":false,"footnotes":""},"class_list":["post-3817","page","type-page","status-publish","hentry"],"acf":[],"yoast_head":"<!-- This site is optimized with the Yoast SEO plugin v25.9 - https:\/\/yoast.com\/wordpress\/plugins\/seo\/ -->\n<title>Questions Fr\u00e9quemment Pos\u00e9es - ActionAid<\/title>\n<meta name=\"description\" content=\"R\u00e9ponses aux questions fr\u00e9quentes sur ActionAid Suisse.\" \/>\n<meta name=\"robots\" content=\"index, follow, max-snippet:-1, max-image-preview:large, max-video-preview:-1\" \/>\n<link rel=\"canonical\" href=\"https:\/\/actionaid.ch\/fr\/faq\/\" \/>\n<meta property=\"og:locale\" content=\"fr_FR\" \/>\n<meta property=\"og:type\" content=\"article\" \/>\n<meta property=\"og:title\" content=\"Questions Fr\u00e9quemment Pos\u00e9es - ActionAid\" \/>\n<meta property=\"og:description\" content=\"R\u00e9ponses aux questions fr\u00e9quentes sur ActionAid Suisse.\" \/>\n<meta property=\"og:url\" content=\"https:\/\/actionaid.ch\/fr\/faq\/\" \/>\n<meta property=\"og:site_name\" content=\"ActionAid\" \/>\n<meta property=\"article:publisher\" content=\"https:\/\/www.facebook.com\/ActionAidSwitzerland\/?locale=it_IT\" \/>\n<meta property=\"article:modified_time\" content=\"2026-03-12T16:55:31+00:00\" \/>\n<meta name=\"twitter:card\" content=\"summary_large_image\" \/>\n<script type=\"application\/ld+json\" class=\"yoast-schema-graph\">{\"@context\":\"https:\/\/schema.org\",\"@graph\":[{\"@type\":\"WebPage\",\"@id\":\"https:\/\/actionaid.ch\/fr\/faq\/\",\"url\":\"https:\/\/actionaid.ch\/fr\/faq\/\",\"name\":\"Questions Fr\u00e9quemment Pos\u00e9es - ActionAid\",\"isPartOf\":{\"@id\":\"https:\/\/actionaid.ch\/fr\/#website\"},\"datePublished\":\"2025-06-30T16:57:12+00:00\",\"dateModified\":\"2026-03-12T16:55:31+00:00\",\"description\":\"R\u00e9ponses aux questions fr\u00e9quentes sur ActionAid Suisse.\",\"breadcrumb\":{\"@id\":\"https:\/\/actionaid.ch\/fr\/faq\/#breadcrumb\"},\"inLanguage\":\"fr-FR\",\"potentialAction\":[{\"@type\":\"ReadAction\",\"target\":[\"https:\/\/actionaid.ch\/fr\/faq\/\"]}]},{\"@type\":\"BreadcrumbList\",\"@id\":\"https:\/\/actionaid.ch\/fr\/faq\/#breadcrumb\",\"itemListElement\":[{\"@type\":\"ListItem\",\"position\":1,\"name\":\"Home\",\"item\":\"https:\/\/actionaid.ch\/fr\/\"},{\"@type\":\"ListItem\",\"position\":2,\"name\":\"Questions Fr\u00e9quemment Pos\u00e9es\"}]},{\"@type\":\"WebSite\",\"@id\":\"https:\/\/actionaid.ch\/fr\/#website\",\"url\":\"https:\/\/actionaid.ch\/fr\/\",\"name\":\"ActionAid Svizzera\",\"description\":\"\",\"publisher\":{\"@id\":\"https:\/\/actionaid.ch\/fr\/#organization\"},\"potentialAction\":[{\"@type\":\"SearchAction\",\"target\":{\"@type\":\"EntryPoint\",\"urlTemplate\":\"https:\/\/actionaid.ch\/fr\/?s={search_term_string}\"},\"query-input\":{\"@type\":\"PropertyValueSpecification\",\"valueRequired\":true,\"valueName\":\"search_term_string\"}}],\"inLanguage\":\"fr-FR\"},{\"@type\":\"Organization\",\"@id\":\"https:\/\/actionaid.ch\/fr\/#organization\",\"name\":\"ActionAid Svizzera\",\"url\":\"https:\/\/actionaid.ch\/fr\/\",\"logo\":{\"@type\":\"ImageObject\",\"inLanguage\":\"fr-FR\",\"@id\":\"https:\/\/actionaid.ch\/fr\/#\/schema\/logo\/image\/\",\"url\":\"https:\/\/actionaid.ch\/wp-content\/uploads\/2025\/04\/Logo_rosso.png\",\"contentUrl\":\"https:\/\/actionaid.ch\/wp-content\/uploads\/2025\/04\/Logo_rosso.png\",\"width\":2331,\"height\":407,\"caption\":\"ActionAid Svizzera\"},\"image\":{\"@id\":\"https:\/\/actionaid.ch\/fr\/#\/schema\/logo\/image\/\"},\"sameAs\":[\"https:\/\/www.facebook.com\/ActionAidSwitzerland\/?locale=it_IT\",\"https:\/\/www.instagram.com\/actionaid_international\/?hl=en\"]}]}<\/script>\n<!-- \/ Yoast SEO plugin. -->","yoast_head_json":{"title":"Questions Fr\u00e9quemment Pos\u00e9es - ActionAid","description":"R\u00e9ponses aux questions fr\u00e9quentes sur ActionAid Suisse.","robots":{"index":"index","follow":"follow","max-snippet":"max-snippet:-1","max-image-preview":"max-image-preview:large","max-video-preview":"max-video-preview:-1"},"canonical":"https:\/\/actionaid.ch\/fr\/faq\/","og_locale":"fr_FR","og_type":"article","og_title":"Questions Fr\u00e9quemment Pos\u00e9es - ActionAid","og_description":"R\u00e9ponses aux questions fr\u00e9quentes sur ActionAid Suisse.","og_url":"https:\/\/actionaid.ch\/fr\/faq\/","og_site_name":"ActionAid","article_publisher":"https:\/\/www.facebook.com\/ActionAidSwitzerland\/?locale=it_IT","article_modified_time":"2026-03-12T16:55:31+00:00","twitter_card":"summary_large_image","schema":{"@context":"https:\/\/schema.org","@graph":[{"@type":"WebPage","@id":"https:\/\/actionaid.ch\/fr\/faq\/","url":"https:\/\/actionaid.ch\/fr\/faq\/","name":"Questions Fr\u00e9quemment Pos\u00e9es - ActionAid","isPartOf":{"@id":"https:\/\/actionaid.ch\/fr\/#website"},"datePublished":"2025-06-30T16:57:12+00:00","dateModified":"2026-03-12T16:55:31+00:00","description":"R\u00e9ponses aux questions fr\u00e9quentes sur ActionAid Suisse.","breadcrumb":{"@id":"https:\/\/actionaid.ch\/fr\/faq\/#breadcrumb"},"inLanguage":"fr-FR","potentialAction":[{"@type":"ReadAction","target":["https:\/\/actionaid.ch\/fr\/faq\/"]}]},{"@type":"BreadcrumbList","@id":"https:\/\/actionaid.ch\/fr\/faq\/#breadcrumb","itemListElement":[{"@type":"ListItem","position":1,"name":"Home","item":"https:\/\/actionaid.ch\/fr\/"},{"@type":"ListItem","position":2,"name":"Questions Fr\u00e9quemment Pos\u00e9es"}]},{"@type":"WebSite","@id":"https:\/\/actionaid.ch\/fr\/#website","url":"https:\/\/actionaid.ch\/fr\/","name":"ActionAid Svizzera","description":"","publisher":{"@id":"https:\/\/actionaid.ch\/fr\/#organization"},"potentialAction":[{"@type":"SearchAction","target":{"@type":"EntryPoint","urlTemplate":"https:\/\/actionaid.ch\/fr\/?s={search_term_string}"},"query-input":{"@type":"PropertyValueSpecification","valueRequired":true,"valueName":"search_term_string"}}],"inLanguage":"fr-FR"},{"@type":"Organization","@id":"https:\/\/actionaid.ch\/fr\/#organization","name":"ActionAid Svizzera","url":"https:\/\/actionaid.ch\/fr\/","logo":{"@type":"ImageObject","inLanguage":"fr-FR","@id":"https:\/\/actionaid.ch\/fr\/#\/schema\/logo\/image\/","url":"https:\/\/actionaid.ch\/wp-content\/uploads\/2025\/04\/Logo_rosso.png","contentUrl":"https:\/\/actionaid.ch\/wp-content\/uploads\/2025\/04\/Logo_rosso.png","width":2331,"height":407,"caption":"ActionAid Svizzera"},"image":{"@id":"https:\/\/actionaid.ch\/fr\/#\/schema\/logo\/image\/"},"sameAs":["https:\/\/www.facebook.com\/ActionAidSwitzerland\/?locale=it_IT","https:\/\/www.instagram.com\/actionaid_international\/?hl=en"]}]}},"_links":{"self":[{"href":"https:\/\/actionaid.ch\/fr\/wp-json\/wp\/v2\/pages\/3817","targetHints":{"allow":["GET"]}}],"collection":[{"href":"https:\/\/actionaid.ch\/fr\/wp-json\/wp\/v2\/pages"}],"about":[{"href":"https:\/\/actionaid.ch\/fr\/wp-json\/wp\/v2\/types\/page"}],"author":[{"embeddable":true,"href":"https:\/\/actionaid.ch\/fr\/wp-json\/wp\/v2\/users\/2"}],"replies":[{"embeddable":true,"href":"https:\/\/actionaid.ch\/fr\/wp-json\/wp\/v2\/comments?post=3817"}],"version-history":[{"count":6,"href":"https:\/\/actionaid.ch\/fr\/wp-json\/wp\/v2\/pages\/3817\/revisions"}],"predecessor-version":[{"id":16304,"href":"https:\/\/actionaid.ch\/fr\/wp-json\/wp\/v2\/pages\/3817\/revisions\/16304"}],"wp:attachment":[{"href":"https:\/\/actionaid.ch\/fr\/wp-json\/wp\/v2\/media?parent=3817"}],"curies":[{"name":"wp","href":"https:\/\/api.w.org\/{rel}","templated":true}]}}