{"id":3724,"date":"2025-05-23T18:40:34","date_gmt":"2025-05-23T16:40:34","guid":{"rendered":"https:\/\/actionaid.ch\/?page_id=3724"},"modified":"2025-07-08T17:37:35","modified_gmt":"2025-07-08T15:37:35","slug":"rapport-annuel-2015","status":"publish","type":"page","link":"https:\/\/actionaid.ch\/fr\/a-propos-de-nous\/transparence\/rapport-annuel-2015\/","title":{"rendered":"Rapport Annuel 2015"},"content":{"rendered":"<div class=\"vidiemme-block focused-content  \" >\n  \n  <div class=\"container-xl\">\n    <div class=\"focused\">\n\n            <div class=\"summary mb-3\">Au cours de sa troisi\u00e8me ann\u00e9e d\u2019activit\u00e9, ActionAid Switzerland a consolid\u00e9 sa pr\u00e9sence tant sur le territoire suisse qu\u2019au sein de la f\u00e9d\u00e9ration internationale d\u2019ActionAid.\r\nSon action, rendue possible gr\u00e2ce au soutien de 5 023 donatrices et donateurs \u00e0 travers le pays, a contribu\u00e9 \u00e0 la lutte quotidienne d\u2019ActionAid contre la pauvret\u00e9 et les injustices dans le monde.<\/div>\n      \n            <div class=\"description\"><div class=\"field field-intro\">\n<div class=\"field field-body\">\n<p>Comme les ann\u00e9es pr\u00e9c\u00e9dentes, le bilan de l\u2019organisation est accompagn\u00e9 d\u2019un rapport annuel qui raconte les objectifs atteints, les histoires v\u00e9cues et les r\u00e9ussites auxquelles ActionAid Switzerland a contribu\u00e9 en 2015. Ce rapport vise \u00e0 partager l\u2019importance de chaque vie transform\u00e9e, de chaque sourire rendu possible, de chaque injustice \u00e9limin\u00e9e et de chaque communaut\u00e9 d\u00e9sormais consciente de ses droits.<br \/>\nC\u2019est pour ces petites grandes victoires qu\u2019ActionAid lutte chaque jour.<\/p>\n<ul>\n<li>Parmi les r\u00e9sultats atteints au niveau mondial en 2015 \u2013 \u00e9galement gr\u00e2ce au soutien des donatrices et donateurs suisses \u2013 figurent :<\/li>\n<li><strong>172<\/strong> <strong>095<\/strong> <strong>personnes<\/strong> ont am\u00e9lior\u00e9 leur s\u00e9curit\u00e9 alimentaire ;<\/li>\n<li><strong>343 371<\/strong> <strong>agriculteurs et agricultrices<\/strong> ont appris et appliquent des techniques d\u2019agriculture r\u00e9silientes face au climat ;<\/li>\n<li><strong>167 257 femmes<\/strong> exercent des activit\u00e9s \u00e9conomiques individuelles ou en coop\u00e9rative et g\u00e8rent elles-m\u00eames leurs \u00e9conomies ;<\/li>\n<li><strong>1 002 303 personnes<\/strong> <strong>vivant dans la pauvret\u00e9<\/strong> ont constat\u00e9 une am\u00e9lioration de la qualit\u00e9 des services publics ;<\/li>\n<li><strong>57 570 jeunes<\/strong> se sont mobilis\u00e9s contre l\u2019injustice et la pauvret\u00e9 ;<\/li>\n<li>La qualit\u00e9 de l\u2019\u00e9ducation publique s\u2019est am\u00e9lior\u00e9e dans 3 232 communaut\u00e9s ;<\/li>\n<li><strong>605<\/strong> <strong>699 personnes ont re\u00e7u une aide humanitaire<\/strong> dans le respect de l\u2019approche fond\u00e9e sur les droits humains propre \u00e0 ActionAid ;<\/li>\n<li><strong>209 916 femmes<\/strong> se sont <strong>mobilis\u00e9es<\/strong> contre les violences bas\u00e9es sur le genre et les pratiques traditionnelles n\u00e9fastes (telles que les mutilations g\u00e9nitales f\u00e9minines).<\/li>\n<\/ul>\n<p>Ce ne sont l\u00e0 que quelques-uns des nombreux changements rendus possibles gr\u00e2ce \u00e0 la contribution d\u2019ActionAid Switzerland. Et nous sommes convaincus que, gr\u00e2ce \u00e0 un nombre croissant de soutiens, ces changements seront de plus en plus profonds et significatifs.<\/p>\n<\/div>\n<\/div>\n<\/div>\n      \n      \n            <div class=\"attachments\">\n                  <div class=\"attachment mb-4\">   \n            <a href=\"https:\/\/actionaid.ch\/wp-content\/uploads\/2025\/05\/Bilancio_2015.pdf\" target=\"_blank\">\n              <img decoding=\"async\" class=\"img-fluid me-1 icon-download\" src=\"https:\/\/actionaid.ch\/wp-content\/themes\/actionaid\/public\/build\/assets\/icon-download-hKxZcR7I.svg\" alt=\"T\u00e9l\u00e9charge le fichier\">\n              \n              Bilan 2015\n            <\/a>\n          <\/div>\n                  <div class=\"attachment mb-4\">   \n            <a href=\"https:\/\/actionaid.ch\/wp-content\/uploads\/2025\/05\/Rapporto_Annuale_2015_CH.pdf\" target=\"_blank\">\n              <img decoding=\"async\" class=\"img-fluid me-1 icon-download\" src=\"https:\/\/actionaid.ch\/wp-content\/themes\/actionaid\/public\/build\/assets\/icon-download-hKxZcR7I.svg\" alt=\"T\u00e9l\u00e9charge le fichier\">\n              \n              Rapport Annuel 2015\n            <\/a>\n          <\/div>\n              <\/div>\n          \n    <\/div>\n  <\/div>\n<\/div>\n","protected":false},"excerpt":{"rendered":"","protected":false},"author":2,"featured_media":0,"parent":2332,"menu_order":70,"comment_status":"closed","ping_status":"closed","template":"","meta":{"_acf_changed":false,"footnotes":""},"class_list":["post-3724","page","type-page","status-publish","hentry"],"acf":[],"yoast_head":"<!-- This site is optimized with the Yoast SEO plugin v25.9 - https:\/\/yoast.com\/wordpress\/plugins\/seo\/ -->\n<title>Rapport Annuel 2015 - ActionAid<\/title>\n<meta name=\"description\" content=\"T\u00e9l\u00e9chargez le Rapport Annuel 2015 et d\u00e9couvrez les principaux r\u00e9sultats des actions d\u2019ActionAid.\" \/>\n<meta name=\"robots\" content=\"index, follow, max-snippet:-1, max-image-preview:large, max-video-preview:-1\" \/>\n<link rel=\"canonical\" href=\"https:\/\/actionaid.ch\/fr\/a-propos-de-nous\/transparence\/rapport-annuel-2015\/\" \/>\n<meta property=\"og:locale\" content=\"fr_FR\" \/>\n<meta property=\"og:type\" content=\"article\" \/>\n<meta property=\"og:title\" content=\"Rapport Annuel 2015 - ActionAid\" \/>\n<meta property=\"og:description\" content=\"T\u00e9l\u00e9chargez le Rapport Annuel 2015 et d\u00e9couvrez les principaux r\u00e9sultats des actions d\u2019ActionAid.\" \/>\n<meta property=\"og:url\" content=\"https:\/\/actionaid.ch\/fr\/a-propos-de-nous\/transparence\/rapport-annuel-2015\/\" \/>\n<meta property=\"og:site_name\" content=\"ActionAid\" \/>\n<meta property=\"article:publisher\" content=\"https:\/\/www.facebook.com\/ActionAidSwitzerland\/?locale=it_IT\" \/>\n<meta property=\"article:modified_time\" content=\"2025-07-08T15:37:35+00:00\" \/>\n<meta name=\"twitter:card\" content=\"summary_large_image\" \/>\n<script type=\"application\/ld+json\" class=\"yoast-schema-graph\">{\"@context\":\"https:\/\/schema.org\",\"@graph\":[{\"@type\":\"WebPage\",\"@id\":\"https:\/\/actionaid.ch\/fr\/a-propos-de-nous\/transparence\/rapport-annuel-2015\/\",\"url\":\"https:\/\/actionaid.ch\/fr\/a-propos-de-nous\/transparence\/rapport-annuel-2015\/\",\"name\":\"Rapport Annuel 2015 - ActionAid\",\"isPartOf\":{\"@id\":\"https:\/\/actionaid.ch\/fr\/#website\"},\"datePublished\":\"2025-05-23T16:40:34+00:00\",\"dateModified\":\"2025-07-08T15:37:35+00:00\",\"description\":\"T\u00e9l\u00e9chargez le Rapport Annuel 2015 et d\u00e9couvrez les principaux r\u00e9sultats des actions d\u2019ActionAid.\",\"breadcrumb\":{\"@id\":\"https:\/\/actionaid.ch\/fr\/a-propos-de-nous\/transparence\/rapport-annuel-2015\/#breadcrumb\"},\"inLanguage\":\"fr-FR\",\"potentialAction\":[{\"@type\":\"ReadAction\",\"target\":[\"https:\/\/actionaid.ch\/fr\/a-propos-de-nous\/transparence\/rapport-annuel-2015\/\"]}]},{\"@type\":\"BreadcrumbList\",\"@id\":\"https:\/\/actionaid.ch\/fr\/a-propos-de-nous\/transparence\/rapport-annuel-2015\/#breadcrumb\",\"itemListElement\":[{\"@type\":\"ListItem\",\"position\":1,\"name\":\"Home\",\"item\":\"https:\/\/actionaid.ch\/fr\/\"},{\"@type\":\"ListItem\",\"position\":2,\"name\":\"\u00c0 propos de nous\",\"item\":\"https:\/\/actionaid.ch\/fr\/a-propos-de-nous\/\"},{\"@type\":\"ListItem\",\"position\":3,\"name\":\"Transparence\",\"item\":\"https:\/\/actionaid.ch\/fr\/a-propos-de-nous\/transparence\/\"},{\"@type\":\"ListItem\",\"position\":4,\"name\":\"Rapport Annuel 2015\"}]},{\"@type\":\"WebSite\",\"@id\":\"https:\/\/actionaid.ch\/fr\/#website\",\"url\":\"https:\/\/actionaid.ch\/fr\/\",\"name\":\"ActionAid Svizzera\",\"description\":\"\",\"publisher\":{\"@id\":\"https:\/\/actionaid.ch\/fr\/#organization\"},\"potentialAction\":[{\"@type\":\"SearchAction\",\"target\":{\"@type\":\"EntryPoint\",\"urlTemplate\":\"https:\/\/actionaid.ch\/fr\/?s={search_term_string}\"},\"query-input\":{\"@type\":\"PropertyValueSpecification\",\"valueRequired\":true,\"valueName\":\"search_term_string\"}}],\"inLanguage\":\"fr-FR\"},{\"@type\":\"Organization\",\"@id\":\"https:\/\/actionaid.ch\/fr\/#organization\",\"name\":\"ActionAid Svizzera\",\"url\":\"https:\/\/actionaid.ch\/fr\/\",\"logo\":{\"@type\":\"ImageObject\",\"inLanguage\":\"fr-FR\",\"@id\":\"https:\/\/actionaid.ch\/fr\/#\/schema\/logo\/image\/\",\"url\":\"https:\/\/actionaid.ch\/wp-content\/uploads\/2025\/04\/Logo_rosso.png\",\"contentUrl\":\"https:\/\/actionaid.ch\/wp-content\/uploads\/2025\/04\/Logo_rosso.png\",\"width\":2331,\"height\":407,\"caption\":\"ActionAid Svizzera\"},\"image\":{\"@id\":\"https:\/\/actionaid.ch\/fr\/#\/schema\/logo\/image\/\"},\"sameAs\":[\"https:\/\/www.facebook.com\/ActionAidSwitzerland\/?locale=it_IT\",\"https:\/\/www.instagram.com\/actionaid_international\/?hl=en\"]}]}<\/script>\n<!-- \/ Yoast SEO plugin. -->","yoast_head_json":{"title":"Rapport Annuel 2015 - ActionAid","description":"T\u00e9l\u00e9chargez le Rapport Annuel 2015 et d\u00e9couvrez les principaux r\u00e9sultats des actions d\u2019ActionAid.","robots":{"index":"index","follow":"follow","max-snippet":"max-snippet:-1","max-image-preview":"max-image-preview:large","max-video-preview":"max-video-preview:-1"},"canonical":"https:\/\/actionaid.ch\/fr\/a-propos-de-nous\/transparence\/rapport-annuel-2015\/","og_locale":"fr_FR","og_type":"article","og_title":"Rapport Annuel 2015 - ActionAid","og_description":"T\u00e9l\u00e9chargez le Rapport Annuel 2015 et d\u00e9couvrez les principaux r\u00e9sultats des actions d\u2019ActionAid.","og_url":"https:\/\/actionaid.ch\/fr\/a-propos-de-nous\/transparence\/rapport-annuel-2015\/","og_site_name":"ActionAid","article_publisher":"https:\/\/www.facebook.com\/ActionAidSwitzerland\/?locale=it_IT","article_modified_time":"2025-07-08T15:37:35+00:00","twitter_card":"summary_large_image","schema":{"@context":"https:\/\/schema.org","@graph":[{"@type":"WebPage","@id":"https:\/\/actionaid.ch\/fr\/a-propos-de-nous\/transparence\/rapport-annuel-2015\/","url":"https:\/\/actionaid.ch\/fr\/a-propos-de-nous\/transparence\/rapport-annuel-2015\/","name":"Rapport Annuel 2015 - ActionAid","isPartOf":{"@id":"https:\/\/actionaid.ch\/fr\/#website"},"datePublished":"2025-05-23T16:40:34+00:00","dateModified":"2025-07-08T15:37:35+00:00","description":"T\u00e9l\u00e9chargez le Rapport Annuel 2015 et d\u00e9couvrez les principaux r\u00e9sultats des actions d\u2019ActionAid.","breadcrumb":{"@id":"https:\/\/actionaid.ch\/fr\/a-propos-de-nous\/transparence\/rapport-annuel-2015\/#breadcrumb"},"inLanguage":"fr-FR","potentialAction":[{"@type":"ReadAction","target":["https:\/\/actionaid.ch\/fr\/a-propos-de-nous\/transparence\/rapport-annuel-2015\/"]}]},{"@type":"BreadcrumbList","@id":"https:\/\/actionaid.ch\/fr\/a-propos-de-nous\/transparence\/rapport-annuel-2015\/#breadcrumb","itemListElement":[{"@type":"ListItem","position":1,"name":"Home","item":"https:\/\/actionaid.ch\/fr\/"},{"@type":"ListItem","position":2,"name":"\u00c0 propos de nous","item":"https:\/\/actionaid.ch\/fr\/a-propos-de-nous\/"},{"@type":"ListItem","position":3,"name":"Transparence","item":"https:\/\/actionaid.ch\/fr\/a-propos-de-nous\/transparence\/"},{"@type":"ListItem","position":4,"name":"Rapport Annuel 2015"}]},{"@type":"WebSite","@id":"https:\/\/actionaid.ch\/fr\/#website","url":"https:\/\/actionaid.ch\/fr\/","name":"ActionAid Svizzera","description":"","publisher":{"@id":"https:\/\/actionaid.ch\/fr\/#organization"},"potentialAction":[{"@type":"SearchAction","target":{"@type":"EntryPoint","urlTemplate":"https:\/\/actionaid.ch\/fr\/?s={search_term_string}"},"query-input":{"@type":"PropertyValueSpecification","valueRequired":true,"valueName":"search_term_string"}}],"inLanguage":"fr-FR"},{"@type":"Organization","@id":"https:\/\/actionaid.ch\/fr\/#organization","name":"ActionAid Svizzera","url":"https:\/\/actionaid.ch\/fr\/","logo":{"@type":"ImageObject","inLanguage":"fr-FR","@id":"https:\/\/actionaid.ch\/fr\/#\/schema\/logo\/image\/","url":"https:\/\/actionaid.ch\/wp-content\/uploads\/2025\/04\/Logo_rosso.png","contentUrl":"https:\/\/actionaid.ch\/wp-content\/uploads\/2025\/04\/Logo_rosso.png","width":2331,"height":407,"caption":"ActionAid Svizzera"},"image":{"@id":"https:\/\/actionaid.ch\/fr\/#\/schema\/logo\/image\/"},"sameAs":["https:\/\/www.facebook.com\/ActionAidSwitzerland\/?locale=it_IT","https:\/\/www.instagram.com\/actionaid_international\/?hl=en"]}]}},"_links":{"self":[{"href":"https:\/\/actionaid.ch\/fr\/wp-json\/wp\/v2\/pages\/3724","targetHints":{"allow":["GET"]}}],"collection":[{"href":"https:\/\/actionaid.ch\/fr\/wp-json\/wp\/v2\/pages"}],"about":[{"href":"https:\/\/actionaid.ch\/fr\/wp-json\/wp\/v2\/types\/page"}],"author":[{"embeddable":true,"href":"https:\/\/actionaid.ch\/fr\/wp-json\/wp\/v2\/users\/2"}],"replies":[{"embeddable":true,"href":"https:\/\/actionaid.ch\/fr\/wp-json\/wp\/v2\/comments?post=3724"}],"version-history":[{"count":2,"href":"https:\/\/actionaid.ch\/fr\/wp-json\/wp\/v2\/pages\/3724\/revisions"}],"predecessor-version":[{"id":3728,"href":"https:\/\/actionaid.ch\/fr\/wp-json\/wp\/v2\/pages\/3724\/revisions\/3728"}],"up":[{"embeddable":true,"href":"https:\/\/actionaid.ch\/fr\/wp-json\/wp\/v2\/pages\/2332"}],"wp:attachment":[{"href":"https:\/\/actionaid.ch\/fr\/wp-json\/wp\/v2\/media?parent=3724"}],"curies":[{"name":"wp","href":"https:\/\/api.w.org\/{rel}","templated":true}]}}