{"id":3718,"date":"2025-05-23T18:44:40","date_gmt":"2025-05-23T16:44:40","guid":{"rendered":"https:\/\/actionaid.ch\/?page_id=3718"},"modified":"2025-07-08T17:37:48","modified_gmt":"2025-07-08T15:37:48","slug":"rapport-annuel-2016","status":"publish","type":"page","link":"https:\/\/actionaid.ch\/fr\/a-propos-de-nous\/transparence\/rapport-annuel-2016\/","title":{"rendered":"Rapport Annuel 2016"},"content":{"rendered":"<div class=\"vidiemme-block focused-content  \" >\n  \n  <div class=\"container-xl\">\n    <div class=\"focused\">\n\n            <div class=\"summary mb-3\">En 2016, plus de 6 500 personnes ont choisi de soutenir nos programmes mondiaux de lutte contre la pauvret\u00e9 et l\u2019exclusion sociale, afin de redonner une vie digne aux personnes marginalis\u00e9es et exclues dans les pays les plus pauvres du monde.<\/div>\n      \n            <div class=\"description\"><p>Les principaux r\u00e9sultats obtenus \u00e0 l\u2019\u00e9chelle mondiale, r\u00e9partis par domaine d\u2019intervention, sont les suivants :<\/p>\n<p><strong>En r\u00e9ponse aux urgences :<\/strong><\/p>\n<ul>\n<li>555 000 personnes ont re\u00e7u une aide humanitaire dans le respect des droits humains ;<\/li>\n<li>30 urgences et conflits ont vu l\u2019intervention d\u2019ActionAid pour fournir une assistance humanitaire.<\/li>\n<\/ul>\n<p><strong>Pour les droits des femmes :<\/strong><\/p>\n<ul>\n<li>55 200 femmes d\u00e9clarent avoir un meilleur contr\u00f4le de leurs revenus et un plus grand pouvoir de n\u00e9gociation au sein de leur famille.<\/li>\n<\/ul>\n<p><strong>Dans le domaine du droit \u00e0 l\u2019\u00e9ducation :<\/strong><\/p>\n<ul>\n<li>468 000 personnes ont acquis une plus grande conscience de l\u2019importance du droit \u00e0 l\u2019\u00e9ducation.<\/li>\n<\/ul>\n<p><strong>Sur la question du droit \u00e0 l\u2019alimentation :<\/strong><\/p>\n<ul>\n<li>101 300 femmes disposent d\u2019un meilleur contr\u00f4le sur la terre et les ressources naturelles ;<\/li>\n<li>3 450 groupes de femmes se sont mobilis\u00e9s pour d\u00e9fendre leurs droits de propri\u00e9t\u00e9.<\/li>\n<\/ul>\n<p><strong>Pour la participation d\u00e9mocratique et la responsabilit\u00e9 des institutions :<\/strong><\/p>\n<ul>\n<li>790 gouvernements locaux ont am\u00e9lior\u00e9 la transparence, la responsabilit\u00e9 et la participation au sein de leurs communaut\u00e9s. Notre plus profonde gratitude va \u00e0 toutes nos donatrices, donateurs et activistes en Suisse, qui ont choisi de lutter \u00e0 nos c\u00f4t\u00e9s contre la pauvret\u00e9 et l\u2019injustice sociale, aux c\u00f4t\u00e9s de milliers de soutiens et d\u2019activistes pr\u00e9sents dans plus de 40 pays \u00e0 travers le monde.<\/li>\n<\/ul>\n<p>&nbsp;<\/p>\n<\/div>\n      \n      \n            <div class=\"attachments\">\n                  <div class=\"attachment mb-4\">   \n            <a href=\"https:\/\/actionaid.ch\/wp-content\/uploads\/2025\/05\/Bilancio-2016.pdf\" target=\"_blank\">\n              <img decoding=\"async\" class=\"img-fluid me-1 icon-download\" src=\"https:\/\/actionaid.ch\/wp-content\/themes\/actionaid\/public\/build\/assets\/icon-download-hKxZcR7I.svg\" alt=\"T\u00e9l\u00e9charge le fichier\">\n              \n              Bilan 2016\n            <\/a>\n          <\/div>\n                  <div class=\"attachment mb-4\">   \n            <a href=\"https:\/\/actionaid.ch\/wp-content\/uploads\/2025\/05\/Annual_ReportCH_2016-LQ.pdf\" target=\"_blank\">\n              <img decoding=\"async\" class=\"img-fluid me-1 icon-download\" src=\"https:\/\/actionaid.ch\/wp-content\/themes\/actionaid\/public\/build\/assets\/icon-download-hKxZcR7I.svg\" alt=\"T\u00e9l\u00e9charge le fichier\">\n              \n              Rapport Annuel 2016\n            <\/a>\n          <\/div>\n              <\/div>\n          \n    <\/div>\n  <\/div>\n<\/div>\n","protected":false},"excerpt":{"rendered":"","protected":false},"author":2,"featured_media":0,"parent":2332,"menu_order":66,"comment_status":"closed","ping_status":"closed","template":"","meta":{"_acf_changed":false,"footnotes":""},"class_list":["post-3718","page","type-page","status-publish","hentry"],"acf":[],"yoast_head":"<!-- This site is optimized with the Yoast SEO plugin v25.9 - https:\/\/yoast.com\/wordpress\/plugins\/seo\/ -->\n<title>Rapport Annuel 2016 - ActionAid<\/title>\n<meta name=\"description\" content=\"T\u00e9l\u00e9chargez le Rapport Annuel 2016 et d\u00e9couvrez les principaux r\u00e9sultats des actions d\u2019ActionAid.\" \/>\n<meta name=\"robots\" content=\"index, follow, max-snippet:-1, max-image-preview:large, max-video-preview:-1\" \/>\n<link rel=\"canonical\" href=\"https:\/\/actionaid.ch\/fr\/a-propos-de-nous\/transparence\/rapport-annuel-2016\/\" \/>\n<meta property=\"og:locale\" content=\"fr_FR\" \/>\n<meta property=\"og:type\" content=\"article\" \/>\n<meta property=\"og:title\" content=\"Rapport Annuel 2016 - ActionAid\" \/>\n<meta property=\"og:description\" content=\"T\u00e9l\u00e9chargez le Rapport Annuel 2016 et d\u00e9couvrez les principaux r\u00e9sultats des actions d\u2019ActionAid.\" \/>\n<meta property=\"og:url\" content=\"https:\/\/actionaid.ch\/fr\/a-propos-de-nous\/transparence\/rapport-annuel-2016\/\" \/>\n<meta property=\"og:site_name\" content=\"ActionAid\" \/>\n<meta property=\"article:publisher\" content=\"https:\/\/www.facebook.com\/ActionAidSwitzerland\/?locale=it_IT\" \/>\n<meta property=\"article:modified_time\" content=\"2025-07-08T15:37:48+00:00\" \/>\n<meta name=\"twitter:card\" content=\"summary_large_image\" \/>\n<script type=\"application\/ld+json\" class=\"yoast-schema-graph\">{\"@context\":\"https:\/\/schema.org\",\"@graph\":[{\"@type\":\"WebPage\",\"@id\":\"https:\/\/actionaid.ch\/fr\/a-propos-de-nous\/transparence\/rapport-annuel-2016\/\",\"url\":\"https:\/\/actionaid.ch\/fr\/a-propos-de-nous\/transparence\/rapport-annuel-2016\/\",\"name\":\"Rapport Annuel 2016 - ActionAid\",\"isPartOf\":{\"@id\":\"https:\/\/actionaid.ch\/fr\/#website\"},\"datePublished\":\"2025-05-23T16:44:40+00:00\",\"dateModified\":\"2025-07-08T15:37:48+00:00\",\"description\":\"T\u00e9l\u00e9chargez le Rapport Annuel 2016 et d\u00e9couvrez les principaux r\u00e9sultats des actions d\u2019ActionAid.\",\"breadcrumb\":{\"@id\":\"https:\/\/actionaid.ch\/fr\/a-propos-de-nous\/transparence\/rapport-annuel-2016\/#breadcrumb\"},\"inLanguage\":\"fr-FR\",\"potentialAction\":[{\"@type\":\"ReadAction\",\"target\":[\"https:\/\/actionaid.ch\/fr\/a-propos-de-nous\/transparence\/rapport-annuel-2016\/\"]}]},{\"@type\":\"BreadcrumbList\",\"@id\":\"https:\/\/actionaid.ch\/fr\/a-propos-de-nous\/transparence\/rapport-annuel-2016\/#breadcrumb\",\"itemListElement\":[{\"@type\":\"ListItem\",\"position\":1,\"name\":\"Home\",\"item\":\"https:\/\/actionaid.ch\/fr\/\"},{\"@type\":\"ListItem\",\"position\":2,\"name\":\"\u00c0 propos de nous\",\"item\":\"https:\/\/actionaid.ch\/fr\/a-propos-de-nous\/\"},{\"@type\":\"ListItem\",\"position\":3,\"name\":\"Transparence\",\"item\":\"https:\/\/actionaid.ch\/fr\/a-propos-de-nous\/transparence\/\"},{\"@type\":\"ListItem\",\"position\":4,\"name\":\"Rapport Annuel 2016\"}]},{\"@type\":\"WebSite\",\"@id\":\"https:\/\/actionaid.ch\/fr\/#website\",\"url\":\"https:\/\/actionaid.ch\/fr\/\",\"name\":\"ActionAid Svizzera\",\"description\":\"\",\"publisher\":{\"@id\":\"https:\/\/actionaid.ch\/fr\/#organization\"},\"potentialAction\":[{\"@type\":\"SearchAction\",\"target\":{\"@type\":\"EntryPoint\",\"urlTemplate\":\"https:\/\/actionaid.ch\/fr\/?s={search_term_string}\"},\"query-input\":{\"@type\":\"PropertyValueSpecification\",\"valueRequired\":true,\"valueName\":\"search_term_string\"}}],\"inLanguage\":\"fr-FR\"},{\"@type\":\"Organization\",\"@id\":\"https:\/\/actionaid.ch\/fr\/#organization\",\"name\":\"ActionAid Svizzera\",\"url\":\"https:\/\/actionaid.ch\/fr\/\",\"logo\":{\"@type\":\"ImageObject\",\"inLanguage\":\"fr-FR\",\"@id\":\"https:\/\/actionaid.ch\/fr\/#\/schema\/logo\/image\/\",\"url\":\"https:\/\/actionaid.ch\/wp-content\/uploads\/2025\/04\/Logo_rosso.png\",\"contentUrl\":\"https:\/\/actionaid.ch\/wp-content\/uploads\/2025\/04\/Logo_rosso.png\",\"width\":2331,\"height\":407,\"caption\":\"ActionAid Svizzera\"},\"image\":{\"@id\":\"https:\/\/actionaid.ch\/fr\/#\/schema\/logo\/image\/\"},\"sameAs\":[\"https:\/\/www.facebook.com\/ActionAidSwitzerland\/?locale=it_IT\",\"https:\/\/www.instagram.com\/actionaid_international\/?hl=en\"]}]}<\/script>\n<!-- \/ Yoast SEO plugin. -->","yoast_head_json":{"title":"Rapport Annuel 2016 - ActionAid","description":"T\u00e9l\u00e9chargez le Rapport Annuel 2016 et d\u00e9couvrez les principaux r\u00e9sultats des actions d\u2019ActionAid.","robots":{"index":"index","follow":"follow","max-snippet":"max-snippet:-1","max-image-preview":"max-image-preview:large","max-video-preview":"max-video-preview:-1"},"canonical":"https:\/\/actionaid.ch\/fr\/a-propos-de-nous\/transparence\/rapport-annuel-2016\/","og_locale":"fr_FR","og_type":"article","og_title":"Rapport Annuel 2016 - ActionAid","og_description":"T\u00e9l\u00e9chargez le Rapport Annuel 2016 et d\u00e9couvrez les principaux r\u00e9sultats des actions d\u2019ActionAid.","og_url":"https:\/\/actionaid.ch\/fr\/a-propos-de-nous\/transparence\/rapport-annuel-2016\/","og_site_name":"ActionAid","article_publisher":"https:\/\/www.facebook.com\/ActionAidSwitzerland\/?locale=it_IT","article_modified_time":"2025-07-08T15:37:48+00:00","twitter_card":"summary_large_image","schema":{"@context":"https:\/\/schema.org","@graph":[{"@type":"WebPage","@id":"https:\/\/actionaid.ch\/fr\/a-propos-de-nous\/transparence\/rapport-annuel-2016\/","url":"https:\/\/actionaid.ch\/fr\/a-propos-de-nous\/transparence\/rapport-annuel-2016\/","name":"Rapport Annuel 2016 - ActionAid","isPartOf":{"@id":"https:\/\/actionaid.ch\/fr\/#website"},"datePublished":"2025-05-23T16:44:40+00:00","dateModified":"2025-07-08T15:37:48+00:00","description":"T\u00e9l\u00e9chargez le Rapport Annuel 2016 et d\u00e9couvrez les principaux r\u00e9sultats des actions d\u2019ActionAid.","breadcrumb":{"@id":"https:\/\/actionaid.ch\/fr\/a-propos-de-nous\/transparence\/rapport-annuel-2016\/#breadcrumb"},"inLanguage":"fr-FR","potentialAction":[{"@type":"ReadAction","target":["https:\/\/actionaid.ch\/fr\/a-propos-de-nous\/transparence\/rapport-annuel-2016\/"]}]},{"@type":"BreadcrumbList","@id":"https:\/\/actionaid.ch\/fr\/a-propos-de-nous\/transparence\/rapport-annuel-2016\/#breadcrumb","itemListElement":[{"@type":"ListItem","position":1,"name":"Home","item":"https:\/\/actionaid.ch\/fr\/"},{"@type":"ListItem","position":2,"name":"\u00c0 propos de nous","item":"https:\/\/actionaid.ch\/fr\/a-propos-de-nous\/"},{"@type":"ListItem","position":3,"name":"Transparence","item":"https:\/\/actionaid.ch\/fr\/a-propos-de-nous\/transparence\/"},{"@type":"ListItem","position":4,"name":"Rapport Annuel 2016"}]},{"@type":"WebSite","@id":"https:\/\/actionaid.ch\/fr\/#website","url":"https:\/\/actionaid.ch\/fr\/","name":"ActionAid Svizzera","description":"","publisher":{"@id":"https:\/\/actionaid.ch\/fr\/#organization"},"potentialAction":[{"@type":"SearchAction","target":{"@type":"EntryPoint","urlTemplate":"https:\/\/actionaid.ch\/fr\/?s={search_term_string}"},"query-input":{"@type":"PropertyValueSpecification","valueRequired":true,"valueName":"search_term_string"}}],"inLanguage":"fr-FR"},{"@type":"Organization","@id":"https:\/\/actionaid.ch\/fr\/#organization","name":"ActionAid Svizzera","url":"https:\/\/actionaid.ch\/fr\/","logo":{"@type":"ImageObject","inLanguage":"fr-FR","@id":"https:\/\/actionaid.ch\/fr\/#\/schema\/logo\/image\/","url":"https:\/\/actionaid.ch\/wp-content\/uploads\/2025\/04\/Logo_rosso.png","contentUrl":"https:\/\/actionaid.ch\/wp-content\/uploads\/2025\/04\/Logo_rosso.png","width":2331,"height":407,"caption":"ActionAid Svizzera"},"image":{"@id":"https:\/\/actionaid.ch\/fr\/#\/schema\/logo\/image\/"},"sameAs":["https:\/\/www.facebook.com\/ActionAidSwitzerland\/?locale=it_IT","https:\/\/www.instagram.com\/actionaid_international\/?hl=en"]}]}},"_links":{"self":[{"href":"https:\/\/actionaid.ch\/fr\/wp-json\/wp\/v2\/pages\/3718","targetHints":{"allow":["GET"]}}],"collection":[{"href":"https:\/\/actionaid.ch\/fr\/wp-json\/wp\/v2\/pages"}],"about":[{"href":"https:\/\/actionaid.ch\/fr\/wp-json\/wp\/v2\/types\/page"}],"author":[{"embeddable":true,"href":"https:\/\/actionaid.ch\/fr\/wp-json\/wp\/v2\/users\/2"}],"replies":[{"embeddable":true,"href":"https:\/\/actionaid.ch\/fr\/wp-json\/wp\/v2\/comments?post=3718"}],"version-history":[{"count":4,"href":"https:\/\/actionaid.ch\/fr\/wp-json\/wp\/v2\/pages\/3718\/revisions"}],"predecessor-version":[{"id":3723,"href":"https:\/\/actionaid.ch\/fr\/wp-json\/wp\/v2\/pages\/3718\/revisions\/3723"}],"up":[{"embeddable":true,"href":"https:\/\/actionaid.ch\/fr\/wp-json\/wp\/v2\/pages\/2332"}],"wp:attachment":[{"href":"https:\/\/actionaid.ch\/fr\/wp-json\/wp\/v2\/media?parent=3718"}],"curies":[{"name":"wp","href":"https:\/\/api.w.org\/{rel}","templated":true}]}}