{"id":3706,"date":"2025-05-24T14:23:39","date_gmt":"2025-05-24T12:23:39","guid":{"rendered":"https:\/\/actionaid.ch\/?page_id=3706"},"modified":"2025-07-08T17:38:38","modified_gmt":"2025-07-08T15:38:38","slug":"rapport-annuel-2019","status":"publish","type":"page","link":"https:\/\/actionaid.ch\/fr\/a-propos-de-nous\/transparence\/rapport-annuel-2019\/","title":{"rendered":"Rapport Annuel 2019"},"content":{"rendered":"<div class=\"vidiemme-block focused-content  \" >\n  \n  <div class=\"container-xl\">\n    <div class=\"focused\">\n\n            <div class=\"summary mb-3\">Chaque ann\u00e9e, le Bilan et le Rapport Annuel sont pour nous un moment important de r\u00e9flexion sur ce qui a \u00e9t\u00e9 accompli, ainsi qu\u2019un espace de dialogue avec nos soutiens.\r\nDans ces pages, nous racontons en effet le changement que nous avons apport\u00e9 dans le monde gr\u00e2ce \u00e0 leur g\u00e9n\u00e9rosit\u00e9.<\/div>\n      \n            <div class=\"description\"><p>Au cours de l\u2019ann\u00e9e 2019, <strong>7 189 sympathisantes et sympathisants suisses ont soutenu la mission d\u2019ActionAid<\/strong>, contribuant \u00e0 cr\u00e9er un monde libre de pauvret\u00e9.<\/p>\n<p>Guid\u00e9s par la \u00ab <strong>Strat\u00e9gie 2018-2028<\/strong> : Action for Global Justice \u00bb, nous avons atteint de nombreux grands r\u00e9sultats aux c\u00f4t\u00e9s des personnes et des communaut\u00e9s dans lesquelles nous sommes pr\u00e9sents, travaillant sans rel\u00e2che pour voir un changement global, durable et inclusif, reposant sur la garantie que chaque individu puisse acc\u00e9der \u00e0 ses droits, \u00e0 une redistribution \u00e9quitable des ressources et du pouvoir, et au renforcement de la r\u00e9silience des communaut\u00e9s o\u00f9 nous intervenons.<\/p>\n<p>\u00c0 l\u2019\u00e9chelle mondiale, en 2019, nous avons <strong>r\u00e9alis\u00e9 926 projets<\/strong> <strong>dans 44 pays diff\u00e9rents<\/strong>, en synergie avec pr\u00e8s de 1 400 partenaires et associations locales.<\/p>\n<div class=\"text-center py-4\"><img decoding=\"async\" class=\"img-fluid w-100\" src=\"\/wp-content\/uploads\/2025\/05\/2019-bilancio-1.jpg\" alt=\"Bilancio 2019 - Totale Proventi\" \/><br \/>\n<!--<\/a>--><\/div>\n<h4>Notre engagement s\u2019est concr\u00e9tis\u00e9 dans plusieurs r\u00e9gions du monde :<\/h4>\n<ul>\n<li>En <strong>Europe<\/strong>, nous avons r\u00e9alis\u00e9 <strong>125 projets<\/strong> en collaboration avec <strong>385 acteurs<\/strong> locaux.<\/li>\n<li>En <strong>Afrique<\/strong>, nous avons r\u00e9alis\u00e9 <strong>204 projets<\/strong> et collabor\u00e9 avec <strong>481 partenaires<\/strong> locaux.<\/li>\n<li>Dans les <strong>Am\u00e9riques<\/strong>, nous nous sommes engag\u00e9s dans <strong>122 projets<\/strong>, accompagn\u00e9s de <strong>70 partenaires<\/strong> locaux.<\/li>\n<li>En <strong>Asie<\/strong>, <strong>Moyen-Orient et Oc\u00e9anie<\/strong>, nous avons r\u00e9alis\u00e9 <strong>475 projets<\/strong> en coop\u00e9ration avec <strong>438 acteurs<\/strong> locaux.<\/li>\n<\/ul>\n<div class=\"text-center py-4\"><img decoding=\"async\" class=\"img-fluid w-100\" src=\"\/wp-content\/uploads\/2025\/05\/2019-bilancio-2.jpg\" alt=\"Bilancio 2019 - Impiego delle risorse\" \/><br \/>\n<!--<\/a>--><\/div>\n<p>Au cours de l\u2019ann\u00e9e, <strong>nous avons \u00e9galement r\u00e9pondu \u00e0 37 urgences, atteignant 880 010 personnes affect\u00e9es \u00e0 travers le monde.<\/strong><\/p>\n<p>Pour ces r\u00e9sultats et bien d\u2019autres encore, nos remerciements vont tout particuli\u00e8rement aux soutiens suisses, qui ont une fois de plus d\u00e9montr\u00e9 que la solidarit\u00e9 d\u00e9passe toutes les fronti\u00e8res et distances.<\/p>\n<p>Pour en savoir plus sur les r\u00e9sultats obtenus au cours de l\u2019ann\u00e9e, notre histoire et l\u2019utilisation de nos ressources, parcourez notre Rapport Annuel 2019.<\/p>\n<\/div>\n      \n      \n            <div class=\"attachments\">\n                  <div class=\"attachment mb-4\">   \n            <a href=\"https:\/\/actionaid.ch\/wp-content\/uploads\/2025\/05\/Bilancio_-annuale-2019_ACTIONAID.pdf\" target=\"_blank\">\n              <img decoding=\"async\" class=\"img-fluid me-1 icon-download\" src=\"https:\/\/actionaid.ch\/wp-content\/themes\/actionaid\/public\/build\/assets\/icon-download-hKxZcR7I.svg\" alt=\"T\u00e9l\u00e9charge le fichier\">\n              \n              Bilan 2019\n            <\/a>\n          <\/div>\n                  <div class=\"attachment mb-4\">   \n            <a href=\"https:\/\/actionaid.ch\/wp-content\/uploads\/2025\/05\/Annual_Report_2019_ita.pdf\" target=\"_blank\">\n              <img decoding=\"async\" class=\"img-fluid me-1 icon-download\" src=\"https:\/\/actionaid.ch\/wp-content\/themes\/actionaid\/public\/build\/assets\/icon-download-hKxZcR7I.svg\" alt=\"T\u00e9l\u00e9charge le fichier\">\n              \n              Rapport Annuel 2019\n            <\/a>\n          <\/div>\n              <\/div>\n          \n    <\/div>\n  <\/div>\n<\/div>\n","protected":false},"excerpt":{"rendered":"","protected":false},"author":2,"featured_media":0,"parent":2332,"menu_order":54,"comment_status":"closed","ping_status":"closed","template":"","meta":{"_acf_changed":false,"footnotes":""},"class_list":["post-3706","page","type-page","status-publish","hentry"],"acf":[],"yoast_head":"<!-- This site is optimized with the Yoast SEO plugin v25.9 - https:\/\/yoast.com\/wordpress\/plugins\/seo\/ -->\n<title>Rapport Annuel 2019 - ActionAid<\/title>\n<meta name=\"description\" content=\"T\u00e9l\u00e9chargez le Rapport Annuel 2019 et d\u00e9couvrez les principaux r\u00e9sultats des actions d\u2019ActionAid.\" \/>\n<meta name=\"robots\" content=\"index, follow, max-snippet:-1, max-image-preview:large, max-video-preview:-1\" \/>\n<link rel=\"canonical\" href=\"https:\/\/actionaid.ch\/fr\/a-propos-de-nous\/transparence\/rapport-annuel-2019\/\" \/>\n<meta property=\"og:locale\" content=\"fr_FR\" \/>\n<meta property=\"og:type\" content=\"article\" \/>\n<meta property=\"og:title\" content=\"Rapport Annuel 2019 - ActionAid\" \/>\n<meta property=\"og:description\" content=\"T\u00e9l\u00e9chargez le Rapport Annuel 2019 et d\u00e9couvrez les principaux r\u00e9sultats des actions d\u2019ActionAid.\" \/>\n<meta property=\"og:url\" content=\"https:\/\/actionaid.ch\/fr\/a-propos-de-nous\/transparence\/rapport-annuel-2019\/\" \/>\n<meta property=\"og:site_name\" content=\"ActionAid\" \/>\n<meta property=\"article:publisher\" content=\"https:\/\/www.facebook.com\/ActionAidSwitzerland\/?locale=it_IT\" \/>\n<meta property=\"article:modified_time\" content=\"2025-07-08T15:38:38+00:00\" \/>\n<meta name=\"twitter:card\" content=\"summary_large_image\" \/>\n<script type=\"application\/ld+json\" class=\"yoast-schema-graph\">{\"@context\":\"https:\/\/schema.org\",\"@graph\":[{\"@type\":\"WebPage\",\"@id\":\"https:\/\/actionaid.ch\/fr\/a-propos-de-nous\/transparence\/rapport-annuel-2019\/\",\"url\":\"https:\/\/actionaid.ch\/fr\/a-propos-de-nous\/transparence\/rapport-annuel-2019\/\",\"name\":\"Rapport Annuel 2019 - ActionAid\",\"isPartOf\":{\"@id\":\"https:\/\/actionaid.ch\/fr\/#website\"},\"datePublished\":\"2025-05-24T12:23:39+00:00\",\"dateModified\":\"2025-07-08T15:38:38+00:00\",\"description\":\"T\u00e9l\u00e9chargez le Rapport Annuel 2019 et d\u00e9couvrez les principaux r\u00e9sultats des actions d\u2019ActionAid.\",\"breadcrumb\":{\"@id\":\"https:\/\/actionaid.ch\/fr\/a-propos-de-nous\/transparence\/rapport-annuel-2019\/#breadcrumb\"},\"inLanguage\":\"fr-FR\",\"potentialAction\":[{\"@type\":\"ReadAction\",\"target\":[\"https:\/\/actionaid.ch\/fr\/a-propos-de-nous\/transparence\/rapport-annuel-2019\/\"]}]},{\"@type\":\"BreadcrumbList\",\"@id\":\"https:\/\/actionaid.ch\/fr\/a-propos-de-nous\/transparence\/rapport-annuel-2019\/#breadcrumb\",\"itemListElement\":[{\"@type\":\"ListItem\",\"position\":1,\"name\":\"Home\",\"item\":\"https:\/\/actionaid.ch\/fr\/\"},{\"@type\":\"ListItem\",\"position\":2,\"name\":\"\u00c0 propos de nous\",\"item\":\"https:\/\/actionaid.ch\/fr\/a-propos-de-nous\/\"},{\"@type\":\"ListItem\",\"position\":3,\"name\":\"Transparence\",\"item\":\"https:\/\/actionaid.ch\/fr\/a-propos-de-nous\/transparence\/\"},{\"@type\":\"ListItem\",\"position\":4,\"name\":\"Rapport Annuel 2019\"}]},{\"@type\":\"WebSite\",\"@id\":\"https:\/\/actionaid.ch\/fr\/#website\",\"url\":\"https:\/\/actionaid.ch\/fr\/\",\"name\":\"ActionAid Svizzera\",\"description\":\"\",\"publisher\":{\"@id\":\"https:\/\/actionaid.ch\/fr\/#organization\"},\"potentialAction\":[{\"@type\":\"SearchAction\",\"target\":{\"@type\":\"EntryPoint\",\"urlTemplate\":\"https:\/\/actionaid.ch\/fr\/?s={search_term_string}\"},\"query-input\":{\"@type\":\"PropertyValueSpecification\",\"valueRequired\":true,\"valueName\":\"search_term_string\"}}],\"inLanguage\":\"fr-FR\"},{\"@type\":\"Organization\",\"@id\":\"https:\/\/actionaid.ch\/fr\/#organization\",\"name\":\"ActionAid Svizzera\",\"url\":\"https:\/\/actionaid.ch\/fr\/\",\"logo\":{\"@type\":\"ImageObject\",\"inLanguage\":\"fr-FR\",\"@id\":\"https:\/\/actionaid.ch\/fr\/#\/schema\/logo\/image\/\",\"url\":\"https:\/\/actionaid.ch\/wp-content\/uploads\/2025\/04\/Logo_rosso.png\",\"contentUrl\":\"https:\/\/actionaid.ch\/wp-content\/uploads\/2025\/04\/Logo_rosso.png\",\"width\":2331,\"height\":407,\"caption\":\"ActionAid Svizzera\"},\"image\":{\"@id\":\"https:\/\/actionaid.ch\/fr\/#\/schema\/logo\/image\/\"},\"sameAs\":[\"https:\/\/www.facebook.com\/ActionAidSwitzerland\/?locale=it_IT\",\"https:\/\/www.instagram.com\/actionaid_international\/?hl=en\"]}]}<\/script>\n<!-- \/ Yoast SEO plugin. -->","yoast_head_json":{"title":"Rapport Annuel 2019 - ActionAid","description":"T\u00e9l\u00e9chargez le Rapport Annuel 2019 et d\u00e9couvrez les principaux r\u00e9sultats des actions d\u2019ActionAid.","robots":{"index":"index","follow":"follow","max-snippet":"max-snippet:-1","max-image-preview":"max-image-preview:large","max-video-preview":"max-video-preview:-1"},"canonical":"https:\/\/actionaid.ch\/fr\/a-propos-de-nous\/transparence\/rapport-annuel-2019\/","og_locale":"fr_FR","og_type":"article","og_title":"Rapport Annuel 2019 - ActionAid","og_description":"T\u00e9l\u00e9chargez le Rapport Annuel 2019 et d\u00e9couvrez les principaux r\u00e9sultats des actions d\u2019ActionAid.","og_url":"https:\/\/actionaid.ch\/fr\/a-propos-de-nous\/transparence\/rapport-annuel-2019\/","og_site_name":"ActionAid","article_publisher":"https:\/\/www.facebook.com\/ActionAidSwitzerland\/?locale=it_IT","article_modified_time":"2025-07-08T15:38:38+00:00","twitter_card":"summary_large_image","schema":{"@context":"https:\/\/schema.org","@graph":[{"@type":"WebPage","@id":"https:\/\/actionaid.ch\/fr\/a-propos-de-nous\/transparence\/rapport-annuel-2019\/","url":"https:\/\/actionaid.ch\/fr\/a-propos-de-nous\/transparence\/rapport-annuel-2019\/","name":"Rapport Annuel 2019 - ActionAid","isPartOf":{"@id":"https:\/\/actionaid.ch\/fr\/#website"},"datePublished":"2025-05-24T12:23:39+00:00","dateModified":"2025-07-08T15:38:38+00:00","description":"T\u00e9l\u00e9chargez le Rapport Annuel 2019 et d\u00e9couvrez les principaux r\u00e9sultats des actions d\u2019ActionAid.","breadcrumb":{"@id":"https:\/\/actionaid.ch\/fr\/a-propos-de-nous\/transparence\/rapport-annuel-2019\/#breadcrumb"},"inLanguage":"fr-FR","potentialAction":[{"@type":"ReadAction","target":["https:\/\/actionaid.ch\/fr\/a-propos-de-nous\/transparence\/rapport-annuel-2019\/"]}]},{"@type":"BreadcrumbList","@id":"https:\/\/actionaid.ch\/fr\/a-propos-de-nous\/transparence\/rapport-annuel-2019\/#breadcrumb","itemListElement":[{"@type":"ListItem","position":1,"name":"Home","item":"https:\/\/actionaid.ch\/fr\/"},{"@type":"ListItem","position":2,"name":"\u00c0 propos de nous","item":"https:\/\/actionaid.ch\/fr\/a-propos-de-nous\/"},{"@type":"ListItem","position":3,"name":"Transparence","item":"https:\/\/actionaid.ch\/fr\/a-propos-de-nous\/transparence\/"},{"@type":"ListItem","position":4,"name":"Rapport Annuel 2019"}]},{"@type":"WebSite","@id":"https:\/\/actionaid.ch\/fr\/#website","url":"https:\/\/actionaid.ch\/fr\/","name":"ActionAid Svizzera","description":"","publisher":{"@id":"https:\/\/actionaid.ch\/fr\/#organization"},"potentialAction":[{"@type":"SearchAction","target":{"@type":"EntryPoint","urlTemplate":"https:\/\/actionaid.ch\/fr\/?s={search_term_string}"},"query-input":{"@type":"PropertyValueSpecification","valueRequired":true,"valueName":"search_term_string"}}],"inLanguage":"fr-FR"},{"@type":"Organization","@id":"https:\/\/actionaid.ch\/fr\/#organization","name":"ActionAid Svizzera","url":"https:\/\/actionaid.ch\/fr\/","logo":{"@type":"ImageObject","inLanguage":"fr-FR","@id":"https:\/\/actionaid.ch\/fr\/#\/schema\/logo\/image\/","url":"https:\/\/actionaid.ch\/wp-content\/uploads\/2025\/04\/Logo_rosso.png","contentUrl":"https:\/\/actionaid.ch\/wp-content\/uploads\/2025\/04\/Logo_rosso.png","width":2331,"height":407,"caption":"ActionAid Svizzera"},"image":{"@id":"https:\/\/actionaid.ch\/fr\/#\/schema\/logo\/image\/"},"sameAs":["https:\/\/www.facebook.com\/ActionAidSwitzerland\/?locale=it_IT","https:\/\/www.instagram.com\/actionaid_international\/?hl=en"]}]}},"_links":{"self":[{"href":"https:\/\/actionaid.ch\/fr\/wp-json\/wp\/v2\/pages\/3706","targetHints":{"allow":["GET"]}}],"collection":[{"href":"https:\/\/actionaid.ch\/fr\/wp-json\/wp\/v2\/pages"}],"about":[{"href":"https:\/\/actionaid.ch\/fr\/wp-json\/wp\/v2\/types\/page"}],"author":[{"embeddable":true,"href":"https:\/\/actionaid.ch\/fr\/wp-json\/wp\/v2\/users\/2"}],"replies":[{"embeddable":true,"href":"https:\/\/actionaid.ch\/fr\/wp-json\/wp\/v2\/comments?post=3706"}],"version-history":[{"count":2,"href":"https:\/\/actionaid.ch\/fr\/wp-json\/wp\/v2\/pages\/3706\/revisions"}],"predecessor-version":[{"id":3708,"href":"https:\/\/actionaid.ch\/fr\/wp-json\/wp\/v2\/pages\/3706\/revisions\/3708"}],"up":[{"embeddable":true,"href":"https:\/\/actionaid.ch\/fr\/wp-json\/wp\/v2\/pages\/2332"}],"wp:attachment":[{"href":"https:\/\/actionaid.ch\/fr\/wp-json\/wp\/v2\/media?parent=3706"}],"curies":[{"name":"wp","href":"https:\/\/api.w.org\/{rel}","templated":true}]}}