{"id":3701,"date":"2025-05-24T21:18:09","date_gmt":"2025-05-24T19:18:09","guid":{"rendered":"https:\/\/actionaid.ch\/?page_id=3701"},"modified":"2025-07-08T17:38:51","modified_gmt":"2025-07-08T15:38:51","slug":"rapport-annuel-2020","status":"publish","type":"page","link":"https:\/\/actionaid.ch\/fr\/a-propos-de-nous\/transparence\/rapport-annuel-2020\/","title":{"rendered":"Rapport Annuel 2020"},"content":{"rendered":"<div class=\"vidiemme-block video-player mb-5 \" >\n  \n  <div class=\"container-xl\">\n    <div class=\"ratio ratio-16x9\">\n  <iframe src=\"https:\/\/www.youtube.com\/embed\/4VlTdByxbNc?rel=0\"  allowfullscreen><\/iframe>\n<\/div>\n  <\/div>\n<\/div>\n\n\n<div class=\"vidiemme-block focused-content  \" >\n  \n  <div class=\"container-xl\">\n    <div class=\"focused\">\n\n            <div class=\"summary mb-3\">L\u2019ann\u00e9e 2020 a \u00e9t\u00e9 marqu\u00e9e par une crise sanitaire mondiale : pour pouvoir continuer \u00e0 lutter contre les causes de la pauvret\u00e9 et de l\u2019injustice sociale, il a \u00e9t\u00e9 n\u00e9cessaire de nous r\u00e9inventer, en adaptant nos programmes aux nouvelles conditions sanitaires.\r\nMais ce fut \u00e9galement une ann\u00e9e plac\u00e9e sous le signe d\u2019une grande solidarit\u00e9, notamment \u2013 et surtout \u2013 de la part de nos soutiens suisses et de toutes les personnes qui se sont mobilis\u00e9es pour apporter une aide aux populations les plus touch\u00e9es par la pand\u00e9mie.<\/div>\n      \n            <div class=\"description\"><p>La crise pand\u00e9mique a sans aucun doute contribu\u00e9 \u00e0 amplifier les in\u00e9galit\u00e9s \u00e9conomiques et de genre.<br \/>\nCe sont les personnes et les communaut\u00e9s les plus vuln\u00e9rables qui en ont le plus souffert.<\/p>\n<p>Chez ActionAid, nous nous engageons depuis toujours \u00e0 redistribuer le pouvoir entre les individus afin que chacune et chacun puisse jouir pleinement de ses droits, les revendiquer et proposer des changements b\u00e9n\u00e9fiques pour sa propre communaut\u00e9.<\/p>\n<p><strong>Nos ressources<\/strong><\/p>\n<p>\u00c0 l\u2019\u00e9chelle mondiale, en 2020, nous avons \u00e9t\u00e9 <strong>pr\u00e9sents<\/strong> <strong>dans 45 pays et avons atteint plus de 25 millions de personnes.<\/strong><br \/>\nCes r\u00e9sultats remarquables ont \u00e9t\u00e9 rendus possibles gr\u00e2ce au travail de plus de <strong>5 000 collaboratrices<\/strong> <strong>et collaborateurs<\/strong>, dont plus de la moiti\u00e9 sont des femmes.<br \/>\nNous avons \u00e9galement collabor\u00e9 avec <strong>283 leaders locaux et 850 partenaires sur le terrain<\/strong>.<\/p>\n<p>Tout cela a \u00e9galement \u00e9t\u00e9 rendu possible gr\u00e2ce au <strong>soutien de 6 609 sympathisantes et sympathisants<\/strong> suisses, qui nous ont permis de collecter 1,177 million CHF.<\/p>\n<div class=\"text-center py-4\"><!--<a href=\"\/wp-content\/uploads\/2025\/05\/2020-Bilancio-1.jpg\">--><br \/>\n<img decoding=\"async\" class=\"img-fluid w-100\" src=\"\/wp-content\/uploads\/2025\/05\/2020-Bilancio-1.jpg\" alt=\"Bilancio 2019 - Totale Proventi\" \/><br \/>\n<!--<\/a>--><\/div>\n<div>\n<p><strong>70\u202f% des fonds collect\u00e9s ont \u00e9t\u00e9 destin\u00e9s aux programmes<\/strong> de la F\u00e9d\u00e9ration internationale d\u2019ActionAid dans le monde.<\/p>\n<p><img decoding=\"async\" class=\"img-fluid w-100\" src=\"\/wp-content\/uploads\/2025\/05\/2020-Bilancio-2.jpg\" alt=\"Bilancio 2019 - Impiego delle risorse\" \/>Cette ann\u00e9e, nos remerciements vont tout particuli\u00e8rement aux sympathisantes et sympathisants suisses qui, malgr\u00e9 les grandes incertitudes et difficult\u00e9s, ont choisi de <strong>renouveler leur confiance<\/strong> <strong>\u00e0 notre \u00e9gard<\/strong>, en continuant de soutenir nos projets aux c\u00f4t\u00e9s des communaut\u00e9s les plus vuln\u00e9rables.<\/p>\n<p>Pour en savoir plus sur les r\u00e9sultats obtenus au cours de l\u2019ann\u00e9e, <strong>notre histoire et l\u2019utilisation de nos ressources, lisez notre Rapport Annuel 2020.<\/strong><\/p>\n<\/div>\n<\/div>\n      \n      \n            <div class=\"attachments\">\n                  <div class=\"attachment mb-4\">   \n            <a href=\"https:\/\/actionaid.ch\/wp-content\/uploads\/2025\/05\/AA_SWISS_Bilancio-2020.pdf\" target=\"_blank\">\n              <img decoding=\"async\" class=\"img-fluid me-1 icon-download\" src=\"https:\/\/actionaid.ch\/wp-content\/themes\/actionaid\/public\/build\/assets\/icon-download-hKxZcR7I.svg\" alt=\"T\u00e9l\u00e9charge le fichier\">\n              \n              Bilan 2020\n            <\/a>\n          <\/div>\n                  <div class=\"attachment mb-4\">   \n            <a href=\"https:\/\/actionaid.ch\/wp-content\/uploads\/2025\/05\/Annual_report_ch_20_ita.pdf\" target=\"_blank\">\n              <img decoding=\"async\" class=\"img-fluid me-1 icon-download\" src=\"https:\/\/actionaid.ch\/wp-content\/themes\/actionaid\/public\/build\/assets\/icon-download-hKxZcR7I.svg\" alt=\"T\u00e9l\u00e9charge le fichier\">\n              \n              Rapport Annuel 2020\n            <\/a>\n          <\/div>\n              <\/div>\n          \n    <\/div>\n  <\/div>\n<\/div>\n","protected":false},"excerpt":{"rendered":"","protected":false},"author":2,"featured_media":0,"parent":2332,"menu_order":50,"comment_status":"closed","ping_status":"closed","template":"","meta":{"_acf_changed":false,"footnotes":""},"class_list":["post-3701","page","type-page","status-publish","hentry"],"acf":[],"yoast_head":"<!-- This site is optimized with the Yoast SEO plugin v25.9 - https:\/\/yoast.com\/wordpress\/plugins\/seo\/ -->\n<title>Rapport Annuel 2020 - ActionAid<\/title>\n<meta name=\"description\" content=\"T\u00e9l\u00e9chargez le Rapport Annuel 2020 et d\u00e9couvrez les principaux r\u00e9sultats des actions d\u2019ActionAid.\" \/>\n<meta name=\"robots\" content=\"index, follow, max-snippet:-1, max-image-preview:large, max-video-preview:-1\" \/>\n<link rel=\"canonical\" href=\"https:\/\/actionaid.ch\/fr\/a-propos-de-nous\/transparence\/rapport-annuel-2020\/\" \/>\n<meta property=\"og:locale\" content=\"fr_FR\" \/>\n<meta property=\"og:type\" content=\"article\" \/>\n<meta property=\"og:title\" content=\"Rapport Annuel 2020 - ActionAid\" \/>\n<meta property=\"og:description\" content=\"T\u00e9l\u00e9chargez le Rapport Annuel 2020 et d\u00e9couvrez les principaux r\u00e9sultats des actions d\u2019ActionAid.\" \/>\n<meta property=\"og:url\" content=\"https:\/\/actionaid.ch\/fr\/a-propos-de-nous\/transparence\/rapport-annuel-2020\/\" \/>\n<meta property=\"og:site_name\" content=\"ActionAid\" \/>\n<meta property=\"article:publisher\" content=\"https:\/\/www.facebook.com\/ActionAidSwitzerland\/?locale=it_IT\" \/>\n<meta property=\"article:modified_time\" content=\"2025-07-08T15:38:51+00:00\" \/>\n<meta name=\"twitter:card\" content=\"summary_large_image\" \/>\n<script type=\"application\/ld+json\" class=\"yoast-schema-graph\">{\"@context\":\"https:\/\/schema.org\",\"@graph\":[{\"@type\":\"WebPage\",\"@id\":\"https:\/\/actionaid.ch\/fr\/a-propos-de-nous\/transparence\/rapport-annuel-2020\/\",\"url\":\"https:\/\/actionaid.ch\/fr\/a-propos-de-nous\/transparence\/rapport-annuel-2020\/\",\"name\":\"Rapport Annuel 2020 - ActionAid\",\"isPartOf\":{\"@id\":\"https:\/\/actionaid.ch\/fr\/#website\"},\"datePublished\":\"2025-05-24T19:18:09+00:00\",\"dateModified\":\"2025-07-08T15:38:51+00:00\",\"description\":\"T\u00e9l\u00e9chargez le Rapport Annuel 2020 et d\u00e9couvrez les principaux r\u00e9sultats des actions d\u2019ActionAid.\",\"breadcrumb\":{\"@id\":\"https:\/\/actionaid.ch\/fr\/a-propos-de-nous\/transparence\/rapport-annuel-2020\/#breadcrumb\"},\"inLanguage\":\"fr-FR\",\"potentialAction\":[{\"@type\":\"ReadAction\",\"target\":[\"https:\/\/actionaid.ch\/fr\/a-propos-de-nous\/transparence\/rapport-annuel-2020\/\"]}]},{\"@type\":\"BreadcrumbList\",\"@id\":\"https:\/\/actionaid.ch\/fr\/a-propos-de-nous\/transparence\/rapport-annuel-2020\/#breadcrumb\",\"itemListElement\":[{\"@type\":\"ListItem\",\"position\":1,\"name\":\"Home\",\"item\":\"https:\/\/actionaid.ch\/fr\/\"},{\"@type\":\"ListItem\",\"position\":2,\"name\":\"\u00c0 propos de nous\",\"item\":\"https:\/\/actionaid.ch\/fr\/a-propos-de-nous\/\"},{\"@type\":\"ListItem\",\"position\":3,\"name\":\"Transparence\",\"item\":\"https:\/\/actionaid.ch\/fr\/a-propos-de-nous\/transparence\/\"},{\"@type\":\"ListItem\",\"position\":4,\"name\":\"Rapport Annuel 2020\"}]},{\"@type\":\"WebSite\",\"@id\":\"https:\/\/actionaid.ch\/fr\/#website\",\"url\":\"https:\/\/actionaid.ch\/fr\/\",\"name\":\"ActionAid Svizzera\",\"description\":\"\",\"publisher\":{\"@id\":\"https:\/\/actionaid.ch\/fr\/#organization\"},\"potentialAction\":[{\"@type\":\"SearchAction\",\"target\":{\"@type\":\"EntryPoint\",\"urlTemplate\":\"https:\/\/actionaid.ch\/fr\/?s={search_term_string}\"},\"query-input\":{\"@type\":\"PropertyValueSpecification\",\"valueRequired\":true,\"valueName\":\"search_term_string\"}}],\"inLanguage\":\"fr-FR\"},{\"@type\":\"Organization\",\"@id\":\"https:\/\/actionaid.ch\/fr\/#organization\",\"name\":\"ActionAid Svizzera\",\"url\":\"https:\/\/actionaid.ch\/fr\/\",\"logo\":{\"@type\":\"ImageObject\",\"inLanguage\":\"fr-FR\",\"@id\":\"https:\/\/actionaid.ch\/fr\/#\/schema\/logo\/image\/\",\"url\":\"https:\/\/actionaid.ch\/wp-content\/uploads\/2025\/04\/Logo_rosso.png\",\"contentUrl\":\"https:\/\/actionaid.ch\/wp-content\/uploads\/2025\/04\/Logo_rosso.png\",\"width\":2331,\"height\":407,\"caption\":\"ActionAid Svizzera\"},\"image\":{\"@id\":\"https:\/\/actionaid.ch\/fr\/#\/schema\/logo\/image\/\"},\"sameAs\":[\"https:\/\/www.facebook.com\/ActionAidSwitzerland\/?locale=it_IT\",\"https:\/\/www.instagram.com\/actionaid_international\/?hl=en\"]}]}<\/script>\n<!-- \/ Yoast SEO plugin. -->","yoast_head_json":{"title":"Rapport Annuel 2020 - ActionAid","description":"T\u00e9l\u00e9chargez le Rapport Annuel 2020 et d\u00e9couvrez les principaux r\u00e9sultats des actions d\u2019ActionAid.","robots":{"index":"index","follow":"follow","max-snippet":"max-snippet:-1","max-image-preview":"max-image-preview:large","max-video-preview":"max-video-preview:-1"},"canonical":"https:\/\/actionaid.ch\/fr\/a-propos-de-nous\/transparence\/rapport-annuel-2020\/","og_locale":"fr_FR","og_type":"article","og_title":"Rapport Annuel 2020 - ActionAid","og_description":"T\u00e9l\u00e9chargez le Rapport Annuel 2020 et d\u00e9couvrez les principaux r\u00e9sultats des actions d\u2019ActionAid.","og_url":"https:\/\/actionaid.ch\/fr\/a-propos-de-nous\/transparence\/rapport-annuel-2020\/","og_site_name":"ActionAid","article_publisher":"https:\/\/www.facebook.com\/ActionAidSwitzerland\/?locale=it_IT","article_modified_time":"2025-07-08T15:38:51+00:00","twitter_card":"summary_large_image","schema":{"@context":"https:\/\/schema.org","@graph":[{"@type":"WebPage","@id":"https:\/\/actionaid.ch\/fr\/a-propos-de-nous\/transparence\/rapport-annuel-2020\/","url":"https:\/\/actionaid.ch\/fr\/a-propos-de-nous\/transparence\/rapport-annuel-2020\/","name":"Rapport Annuel 2020 - ActionAid","isPartOf":{"@id":"https:\/\/actionaid.ch\/fr\/#website"},"datePublished":"2025-05-24T19:18:09+00:00","dateModified":"2025-07-08T15:38:51+00:00","description":"T\u00e9l\u00e9chargez le Rapport Annuel 2020 et d\u00e9couvrez les principaux r\u00e9sultats des actions d\u2019ActionAid.","breadcrumb":{"@id":"https:\/\/actionaid.ch\/fr\/a-propos-de-nous\/transparence\/rapport-annuel-2020\/#breadcrumb"},"inLanguage":"fr-FR","potentialAction":[{"@type":"ReadAction","target":["https:\/\/actionaid.ch\/fr\/a-propos-de-nous\/transparence\/rapport-annuel-2020\/"]}]},{"@type":"BreadcrumbList","@id":"https:\/\/actionaid.ch\/fr\/a-propos-de-nous\/transparence\/rapport-annuel-2020\/#breadcrumb","itemListElement":[{"@type":"ListItem","position":1,"name":"Home","item":"https:\/\/actionaid.ch\/fr\/"},{"@type":"ListItem","position":2,"name":"\u00c0 propos de nous","item":"https:\/\/actionaid.ch\/fr\/a-propos-de-nous\/"},{"@type":"ListItem","position":3,"name":"Transparence","item":"https:\/\/actionaid.ch\/fr\/a-propos-de-nous\/transparence\/"},{"@type":"ListItem","position":4,"name":"Rapport Annuel 2020"}]},{"@type":"WebSite","@id":"https:\/\/actionaid.ch\/fr\/#website","url":"https:\/\/actionaid.ch\/fr\/","name":"ActionAid Svizzera","description":"","publisher":{"@id":"https:\/\/actionaid.ch\/fr\/#organization"},"potentialAction":[{"@type":"SearchAction","target":{"@type":"EntryPoint","urlTemplate":"https:\/\/actionaid.ch\/fr\/?s={search_term_string}"},"query-input":{"@type":"PropertyValueSpecification","valueRequired":true,"valueName":"search_term_string"}}],"inLanguage":"fr-FR"},{"@type":"Organization","@id":"https:\/\/actionaid.ch\/fr\/#organization","name":"ActionAid Svizzera","url":"https:\/\/actionaid.ch\/fr\/","logo":{"@type":"ImageObject","inLanguage":"fr-FR","@id":"https:\/\/actionaid.ch\/fr\/#\/schema\/logo\/image\/","url":"https:\/\/actionaid.ch\/wp-content\/uploads\/2025\/04\/Logo_rosso.png","contentUrl":"https:\/\/actionaid.ch\/wp-content\/uploads\/2025\/04\/Logo_rosso.png","width":2331,"height":407,"caption":"ActionAid Svizzera"},"image":{"@id":"https:\/\/actionaid.ch\/fr\/#\/schema\/logo\/image\/"},"sameAs":["https:\/\/www.facebook.com\/ActionAidSwitzerland\/?locale=it_IT","https:\/\/www.instagram.com\/actionaid_international\/?hl=en"]}]}},"_links":{"self":[{"href":"https:\/\/actionaid.ch\/fr\/wp-json\/wp\/v2\/pages\/3701","targetHints":{"allow":["GET"]}}],"collection":[{"href":"https:\/\/actionaid.ch\/fr\/wp-json\/wp\/v2\/pages"}],"about":[{"href":"https:\/\/actionaid.ch\/fr\/wp-json\/wp\/v2\/types\/page"}],"author":[{"embeddable":true,"href":"https:\/\/actionaid.ch\/fr\/wp-json\/wp\/v2\/users\/2"}],"replies":[{"embeddable":true,"href":"https:\/\/actionaid.ch\/fr\/wp-json\/wp\/v2\/comments?post=3701"}],"version-history":[{"count":4,"href":"https:\/\/actionaid.ch\/fr\/wp-json\/wp\/v2\/pages\/3701\/revisions"}],"predecessor-version":[{"id":3705,"href":"https:\/\/actionaid.ch\/fr\/wp-json\/wp\/v2\/pages\/3701\/revisions\/3705"}],"up":[{"embeddable":true,"href":"https:\/\/actionaid.ch\/fr\/wp-json\/wp\/v2\/pages\/2332"}],"wp:attachment":[{"href":"https:\/\/actionaid.ch\/fr\/wp-json\/wp\/v2\/media?parent=3701"}],"curies":[{"name":"wp","href":"https:\/\/api.w.org\/{rel}","templated":true}]}}