{"id":3691,"date":"2025-05-24T21:23:06","date_gmt":"2025-05-24T19:23:06","guid":{"rendered":"https:\/\/actionaid.ch\/?page_id=3691"},"modified":"2025-07-08T17:39:17","modified_gmt":"2025-07-08T15:39:17","slug":"rapport-annuel-2022","status":"publish","type":"page","link":"https:\/\/actionaid.ch\/fr\/a-propos-de-nous\/transparence\/rapport-annuel-2022\/","title":{"rendered":"Rapport Annuel 2022"},"content":{"rendered":"<div class=\"vidiemme-block focused-content  \" >\n  \n  <div class=\"container-xl\">\n    <div class=\"focused\">\n\n            <div class=\"summary mb-3\">En 2022, ActionAid a confirm\u00e9 son engagement dans la lutte contre les violences bas\u00e9es sur le genre, en promouvant l\u2019inclusion sociale, en combattant la pauvret\u00e9 et en d\u00e9fendant les droits humains, ainsi qu\u2019une r\u00e9partition \u00e9quitable des ressources et des opportunit\u00e9s aux niveaux local, national et international.<\/div>\n      \n            <div class=\"description\"><p>En tant qu\u2019ActionAid, nous avons collabor\u00e9 afin d\u2019intervenir l\u00e0 o\u00f9 les besoins \u00e9taient les plus urgents, conscients que, dans les situations d\u2019urgence, ce<strong> sont souvent les femmes et les filles qui subissent les cons\u00e9quences les plus graves<\/strong>. En 2022, de nombreuses personnes en Suisse ont fait preuve d\u2019une grande solidarit\u00e9 en soutenant nos projets en faveur des femmes et des filles, des jeunes et des communaut\u00e9s les plus en difficult\u00e9.<\/p>\n<p><strong>Nos ressources<\/strong><\/p>\n<p>Dans le monde entier, en 2022, nous avons \u00e9t\u00e9 actifs dans <strong>45<\/strong> <strong>pays<\/strong> et avons atteint plus de <strong>41 millions de personnes<\/strong>. Ces r\u00e9sultats exceptionnels ont \u00e9t\u00e9 rendus possibles gr\u00e2ce \u00e0 l\u2019engagement de plus de <strong>3 300 collaborateurs<\/strong>, dont la majorit\u00e9 sont des femmes. Nous avons \u00e9galement collabor\u00e9 avec<strong> 2 749 partenaires<\/strong> locaux, <strong>379 mouvements<\/strong> <strong>sociaux<\/strong> et <strong>479 r\u00e9seaux<\/strong> pr\u00e9sents sur les territoires.<\/p>\n<p>Tout cela a \u00e9t\u00e9 rendu possible \u00e9galement gr\u00e2ce au soutien de plus de <strong>6 500 sympathisantes et sympathisants en Suisse<\/strong> qui ont commenc\u00e9 \u00e0 soutenir notre cause et renouvel\u00e9 leur confiance en ActionAid, en continuant \u00e0 appuyer les projets aux c\u00f4t\u00e9s des communaut\u00e9s les plus vuln\u00e9rables.<\/p>\n<\/div>\n      \n      \n            <div class=\"attachments\">\n                  <div class=\"attachment mb-4\">   \n            <a href=\"https:\/\/actionaid.ch\/wp-content\/uploads\/2025\/05\/Conti_annuali_2022.pdf\" target=\"_blank\">\n              <img decoding=\"async\" class=\"img-fluid me-1 icon-download\" src=\"https:\/\/actionaid.ch\/wp-content\/themes\/actionaid\/public\/build\/assets\/icon-download-hKxZcR7I.svg\" alt=\"T\u00e9l\u00e9charge le fichier\">\n              \n              Bilan 2022\n            <\/a>\n          <\/div>\n              <\/div>\n          \n    <\/div>\n  <\/div>\n<\/div>\n","protected":false},"excerpt":{"rendered":"","protected":false},"author":2,"featured_media":0,"parent":2332,"menu_order":42,"comment_status":"closed","ping_status":"closed","template":"","meta":{"_acf_changed":false,"footnotes":""},"class_list":["post-3691","page","type-page","status-publish","hentry"],"acf":[],"yoast_head":"<!-- This site is optimized with the Yoast SEO plugin v25.9 - https:\/\/yoast.com\/wordpress\/plugins\/seo\/ -->\n<title>Rapport Annuel 2022 - ActionAid<\/title>\n<meta name=\"description\" content=\"T\u00e9l\u00e9chargez le Rapport Annuel 2022 et d\u00e9couvrez les principaux r\u00e9sultats des actions d\u2019ActionAid.\" \/>\n<meta name=\"robots\" content=\"index, follow, max-snippet:-1, max-image-preview:large, max-video-preview:-1\" \/>\n<link rel=\"canonical\" href=\"https:\/\/actionaid.ch\/fr\/a-propos-de-nous\/transparence\/rapport-annuel-2022\/\" \/>\n<meta property=\"og:locale\" content=\"fr_FR\" \/>\n<meta property=\"og:type\" content=\"article\" \/>\n<meta property=\"og:title\" content=\"Rapport Annuel 2022 - ActionAid\" \/>\n<meta property=\"og:description\" content=\"T\u00e9l\u00e9chargez le Rapport Annuel 2022 et d\u00e9couvrez les principaux r\u00e9sultats des actions d\u2019ActionAid.\" \/>\n<meta property=\"og:url\" content=\"https:\/\/actionaid.ch\/fr\/a-propos-de-nous\/transparence\/rapport-annuel-2022\/\" \/>\n<meta property=\"og:site_name\" content=\"ActionAid\" \/>\n<meta property=\"article:publisher\" content=\"https:\/\/www.facebook.com\/ActionAidSwitzerland\/?locale=it_IT\" \/>\n<meta property=\"article:modified_time\" content=\"2025-07-08T15:39:17+00:00\" \/>\n<meta name=\"twitter:card\" content=\"summary_large_image\" \/>\n<script type=\"application\/ld+json\" class=\"yoast-schema-graph\">{\"@context\":\"https:\/\/schema.org\",\"@graph\":[{\"@type\":\"WebPage\",\"@id\":\"https:\/\/actionaid.ch\/fr\/a-propos-de-nous\/transparence\/rapport-annuel-2022\/\",\"url\":\"https:\/\/actionaid.ch\/fr\/a-propos-de-nous\/transparence\/rapport-annuel-2022\/\",\"name\":\"Rapport Annuel 2022 - ActionAid\",\"isPartOf\":{\"@id\":\"https:\/\/actionaid.ch\/fr\/#website\"},\"datePublished\":\"2025-05-24T19:23:06+00:00\",\"dateModified\":\"2025-07-08T15:39:17+00:00\",\"description\":\"T\u00e9l\u00e9chargez le Rapport Annuel 2022 et d\u00e9couvrez les principaux r\u00e9sultats des actions d\u2019ActionAid.\",\"breadcrumb\":{\"@id\":\"https:\/\/actionaid.ch\/fr\/a-propos-de-nous\/transparence\/rapport-annuel-2022\/#breadcrumb\"},\"inLanguage\":\"fr-FR\",\"potentialAction\":[{\"@type\":\"ReadAction\",\"target\":[\"https:\/\/actionaid.ch\/fr\/a-propos-de-nous\/transparence\/rapport-annuel-2022\/\"]}]},{\"@type\":\"BreadcrumbList\",\"@id\":\"https:\/\/actionaid.ch\/fr\/a-propos-de-nous\/transparence\/rapport-annuel-2022\/#breadcrumb\",\"itemListElement\":[{\"@type\":\"ListItem\",\"position\":1,\"name\":\"Home\",\"item\":\"https:\/\/actionaid.ch\/fr\/\"},{\"@type\":\"ListItem\",\"position\":2,\"name\":\"\u00c0 propos de nous\",\"item\":\"https:\/\/actionaid.ch\/fr\/a-propos-de-nous\/\"},{\"@type\":\"ListItem\",\"position\":3,\"name\":\"Transparence\",\"item\":\"https:\/\/actionaid.ch\/fr\/a-propos-de-nous\/transparence\/\"},{\"@type\":\"ListItem\",\"position\":4,\"name\":\"Rapport Annuel 2022\"}]},{\"@type\":\"WebSite\",\"@id\":\"https:\/\/actionaid.ch\/fr\/#website\",\"url\":\"https:\/\/actionaid.ch\/fr\/\",\"name\":\"ActionAid Svizzera\",\"description\":\"\",\"publisher\":{\"@id\":\"https:\/\/actionaid.ch\/fr\/#organization\"},\"potentialAction\":[{\"@type\":\"SearchAction\",\"target\":{\"@type\":\"EntryPoint\",\"urlTemplate\":\"https:\/\/actionaid.ch\/fr\/?s={search_term_string}\"},\"query-input\":{\"@type\":\"PropertyValueSpecification\",\"valueRequired\":true,\"valueName\":\"search_term_string\"}}],\"inLanguage\":\"fr-FR\"},{\"@type\":\"Organization\",\"@id\":\"https:\/\/actionaid.ch\/fr\/#organization\",\"name\":\"ActionAid Svizzera\",\"url\":\"https:\/\/actionaid.ch\/fr\/\",\"logo\":{\"@type\":\"ImageObject\",\"inLanguage\":\"fr-FR\",\"@id\":\"https:\/\/actionaid.ch\/fr\/#\/schema\/logo\/image\/\",\"url\":\"https:\/\/actionaid.ch\/wp-content\/uploads\/2025\/04\/Logo_rosso.png\",\"contentUrl\":\"https:\/\/actionaid.ch\/wp-content\/uploads\/2025\/04\/Logo_rosso.png\",\"width\":2331,\"height\":407,\"caption\":\"ActionAid Svizzera\"},\"image\":{\"@id\":\"https:\/\/actionaid.ch\/fr\/#\/schema\/logo\/image\/\"},\"sameAs\":[\"https:\/\/www.facebook.com\/ActionAidSwitzerland\/?locale=it_IT\",\"https:\/\/www.instagram.com\/actionaid_international\/?hl=en\"]}]}<\/script>\n<!-- \/ Yoast SEO plugin. -->","yoast_head_json":{"title":"Rapport Annuel 2022 - ActionAid","description":"T\u00e9l\u00e9chargez le Rapport Annuel 2022 et d\u00e9couvrez les principaux r\u00e9sultats des actions d\u2019ActionAid.","robots":{"index":"index","follow":"follow","max-snippet":"max-snippet:-1","max-image-preview":"max-image-preview:large","max-video-preview":"max-video-preview:-1"},"canonical":"https:\/\/actionaid.ch\/fr\/a-propos-de-nous\/transparence\/rapport-annuel-2022\/","og_locale":"fr_FR","og_type":"article","og_title":"Rapport Annuel 2022 - ActionAid","og_description":"T\u00e9l\u00e9chargez le Rapport Annuel 2022 et d\u00e9couvrez les principaux r\u00e9sultats des actions d\u2019ActionAid.","og_url":"https:\/\/actionaid.ch\/fr\/a-propos-de-nous\/transparence\/rapport-annuel-2022\/","og_site_name":"ActionAid","article_publisher":"https:\/\/www.facebook.com\/ActionAidSwitzerland\/?locale=it_IT","article_modified_time":"2025-07-08T15:39:17+00:00","twitter_card":"summary_large_image","schema":{"@context":"https:\/\/schema.org","@graph":[{"@type":"WebPage","@id":"https:\/\/actionaid.ch\/fr\/a-propos-de-nous\/transparence\/rapport-annuel-2022\/","url":"https:\/\/actionaid.ch\/fr\/a-propos-de-nous\/transparence\/rapport-annuel-2022\/","name":"Rapport Annuel 2022 - ActionAid","isPartOf":{"@id":"https:\/\/actionaid.ch\/fr\/#website"},"datePublished":"2025-05-24T19:23:06+00:00","dateModified":"2025-07-08T15:39:17+00:00","description":"T\u00e9l\u00e9chargez le Rapport Annuel 2022 et d\u00e9couvrez les principaux r\u00e9sultats des actions d\u2019ActionAid.","breadcrumb":{"@id":"https:\/\/actionaid.ch\/fr\/a-propos-de-nous\/transparence\/rapport-annuel-2022\/#breadcrumb"},"inLanguage":"fr-FR","potentialAction":[{"@type":"ReadAction","target":["https:\/\/actionaid.ch\/fr\/a-propos-de-nous\/transparence\/rapport-annuel-2022\/"]}]},{"@type":"BreadcrumbList","@id":"https:\/\/actionaid.ch\/fr\/a-propos-de-nous\/transparence\/rapport-annuel-2022\/#breadcrumb","itemListElement":[{"@type":"ListItem","position":1,"name":"Home","item":"https:\/\/actionaid.ch\/fr\/"},{"@type":"ListItem","position":2,"name":"\u00c0 propos de nous","item":"https:\/\/actionaid.ch\/fr\/a-propos-de-nous\/"},{"@type":"ListItem","position":3,"name":"Transparence","item":"https:\/\/actionaid.ch\/fr\/a-propos-de-nous\/transparence\/"},{"@type":"ListItem","position":4,"name":"Rapport Annuel 2022"}]},{"@type":"WebSite","@id":"https:\/\/actionaid.ch\/fr\/#website","url":"https:\/\/actionaid.ch\/fr\/","name":"ActionAid Svizzera","description":"","publisher":{"@id":"https:\/\/actionaid.ch\/fr\/#organization"},"potentialAction":[{"@type":"SearchAction","target":{"@type":"EntryPoint","urlTemplate":"https:\/\/actionaid.ch\/fr\/?s={search_term_string}"},"query-input":{"@type":"PropertyValueSpecification","valueRequired":true,"valueName":"search_term_string"}}],"inLanguage":"fr-FR"},{"@type":"Organization","@id":"https:\/\/actionaid.ch\/fr\/#organization","name":"ActionAid Svizzera","url":"https:\/\/actionaid.ch\/fr\/","logo":{"@type":"ImageObject","inLanguage":"fr-FR","@id":"https:\/\/actionaid.ch\/fr\/#\/schema\/logo\/image\/","url":"https:\/\/actionaid.ch\/wp-content\/uploads\/2025\/04\/Logo_rosso.png","contentUrl":"https:\/\/actionaid.ch\/wp-content\/uploads\/2025\/04\/Logo_rosso.png","width":2331,"height":407,"caption":"ActionAid Svizzera"},"image":{"@id":"https:\/\/actionaid.ch\/fr\/#\/schema\/logo\/image\/"},"sameAs":["https:\/\/www.facebook.com\/ActionAidSwitzerland\/?locale=it_IT","https:\/\/www.instagram.com\/actionaid_international\/?hl=en"]}]}},"_links":{"self":[{"href":"https:\/\/actionaid.ch\/fr\/wp-json\/wp\/v2\/pages\/3691","targetHints":{"allow":["GET"]}}],"collection":[{"href":"https:\/\/actionaid.ch\/fr\/wp-json\/wp\/v2\/pages"}],"about":[{"href":"https:\/\/actionaid.ch\/fr\/wp-json\/wp\/v2\/types\/page"}],"author":[{"embeddable":true,"href":"https:\/\/actionaid.ch\/fr\/wp-json\/wp\/v2\/users\/2"}],"replies":[{"embeddable":true,"href":"https:\/\/actionaid.ch\/fr\/wp-json\/wp\/v2\/comments?post=3691"}],"version-history":[{"count":2,"href":"https:\/\/actionaid.ch\/fr\/wp-json\/wp\/v2\/pages\/3691\/revisions"}],"predecessor-version":[{"id":3693,"href":"https:\/\/actionaid.ch\/fr\/wp-json\/wp\/v2\/pages\/3691\/revisions\/3693"}],"up":[{"embeddable":true,"href":"https:\/\/actionaid.ch\/fr\/wp-json\/wp\/v2\/pages\/2332"}],"wp:attachment":[{"href":"https:\/\/actionaid.ch\/fr\/wp-json\/wp\/v2\/media?parent=3691"}],"curies":[{"name":"wp","href":"https:\/\/api.w.org\/{rel}","templated":true}]}}