{"id":3006,"date":"2025-05-22T09:24:15","date_gmt":"2025-05-22T07:24:15","guid":{"rendered":"https:\/\/actionaid.ch\/?page_id=3006"},"modified":"2026-03-18T17:42:20","modified_gmt":"2026-03-18T16:42:20","slug":"cookie-policy","status":"publish","type":"page","link":"https:\/\/actionaid.ch\/fr\/cookie-policy\/","title":{"rendered":"Cookie Policy"},"content":{"rendered":"<div class=\"vidiemme-block basic-editor  \" >\n  \n  <div class=\"container-xl\">\n    <p>Ce site Web est la propri\u00e9t\u00e9 de Associazione ActionAid Switzerland \u2013 c\/o Altiqa Via Nassa\u202f21, Lugano \u2013 6900, +41\u202f91\u202f922\u202f65\u202f42, qui est le responsable du traitement au sens et pour les effets du R\u00e8glement (UE) 2016\/679 du Parlement europ\u00e9en et du Conseil du 27 avril 2016 relatif \u00e0 la protection des personnes physiques \u00e0 l\u2019\u00e9gard du traitement des donn\u00e9es \u00e0 caract\u00e8re personnel et \u00e0 la libre circulation de ces donn\u00e9es, abrogeant la directive 95\/46\/CE (R\u00e8glement g\u00e9n\u00e9ral sur la protection des donn\u00e9es, \u00ab\u202fRGPD\u202f\u00bb).<\/p>\n<p>Ce site utilise des cookies et des technologies analogues. Les pr\u00e9sentes informations fournissent des indications sur l\u2019utilisation des cookies et sur la mani\u00e8re dont ils peuvent \u00eatre contr\u00f4l\u00e9s par l\u2019utilisateur.<\/p>\n<p>L\u2019utilisation de ce site (et de tout autre site g\u00e9r\u00e9 par nous) implique l\u2019acceptation par l\u2019utilisateur de l\u2019utilisation des cookies (et des technologies analogues) conform\u00e9ment aux pr\u00e9sentes informations.<\/p>\n<p>&nbsp;<\/p>\n<p><strong>Que sont les cookies<\/strong><\/p>\n<p>Les cookies sont des informations enregistr\u00e9es sur le disque dur de l\u2019appareil de l\u2019utilisateur et envoy\u00e9es par le navigateur de l\u2019utilisateur \u00e0 un serveur Web en relation avec l\u2019utilisation du r\u00e9seau. Ils permettent de conna\u00eetre les services, les sites visit\u00e9s et les options choisies lors de la navigation. Autrement dit, les cookies sont de petits fichiers, compos\u00e9s de lettres et de chiffres, qui sont t\u00e9l\u00e9charg\u00e9s sur l\u2019ordinateur ou l\u2019appareil mobile de l\u2019utilisateur lorsqu\u2019il visite un site Web. Ils sont ensuite renvoy\u00e9s au site d\u2019origine \u00e0 chaque visite ult\u00e9rieure, ou \u00e0 un autre site Web qui reconna\u00eet ces cookies. Les cookies sont utiles car ils permettent \u00e0 un site Web de reconna\u00eetre l\u2019appareil de l\u2019utilisateur.<\/p>\n<p>Ces informations ne sont donc pas fournies directement et volontairement, mais laissent une trace de la navigation de l\u2019utilisateur.<\/p>\n<p>Les cookies remplissent diverses fonctions et permettent une navigation efficace entre les pages, en m\u00e9morisant les pr\u00e9f\u00e9rences de l\u2019utilisateur et, de mani\u00e8re g\u00e9n\u00e9rale, en am\u00e9liorant son exp\u00e9rience. Ils peuvent \u00e9galement contribuer \u00e0 garantir que les publicit\u00e9s affich\u00e9es sont pertinentes pour l\u2019utilisateur et que les activit\u00e9s marketing respectent ses pr\u00e9f\u00e9rences, \u00e9vitant ainsi des initiatives promotionnelles ind\u00e9sirables ou non conformes aux besoins de l\u2019utilisateur.<\/p>\n<p>Pendant la navigation, l\u2019utilisateur peut \u00e9galement recevoir sur son appareil des cookies envoy\u00e9s par des sites ou serveurs Web diff\u00e9rents (les \u00ab\u202fcookies tiers\u202f\u00bb), sur lesquels peuvent se trouver certains \u00e9l\u00e9ments (par exemple\u202f: images, cartes, sons, liens sp\u00e9cifiques vers des pages d\u2019autres domaines) pr\u00e9sents sur le site visit\u00e9. Il peut donc y avoir :<\/p>\n<ol>\n<li><strong>Cookies internes<\/strong>, envoy\u00e9s directement par ce site \u00e0 l\u2019appareil de l\u2019utilisateur<\/li>\n<li><strong>Cookies tiers,<\/strong> provenant d\u2019un tiers mais envoy\u00e9s pour notre compte. Ce site utilise des cookies tiers pour faciliter l\u2019analyse de l\u2019utilisation de notre site Web (comme d\u00e9crit ci\u2011dessous).<\/li>\n<\/ol>\n<p>En fonction de l\u2019objet de leur utilisation, ces cookies peuvent \u00eatre class\u00e9s comme suit\u202f:<\/p>\n<ul>\n<li><strong>Cookies techniques<\/strong>: utilis\u00e9s pour permettre la transmission d\u2019une communication sur un r\u00e9seau de communication \u00e9lectronique ou pour fournir un service express\u00e9ment demand\u00e9 par l\u2019utilisateur. Ils ne sont pas utilis\u00e9s \u00e0 d\u2019autres fins. L\u2019utilisation de cookies techniques ne requiert pas le consentement de l\u2019utilisateur. Dans cette cat\u00e9gorie\u202f:\n<ul>\n<li><strong>Cookies de navigation ou de session\u202f<\/strong>: assurent la navigation normale et l\u2019utilisation du site Web (ex.\u202f: authentification et acc\u00e8s aux zones r\u00e9serv\u00e9es). Ces cookies, qui ne sont pas stock\u00e9s de mani\u00e8re persistante sur l\u2019appareil de l\u2019utilisateur et sont supprim\u00e9s automatiquement \u00e0 la fermeture du navigateur, se limitent \u00e0 la transmission d\u2019identifiants de session (compos\u00e9s de num\u00e9ros al\u00e9atoires g\u00e9n\u00e9r\u00e9s par le serveur) n\u00e9cessaires \u00e0 une exploration s\u00fbre et efficace du site.<\/li>\n<li><strong>Cookies analytiques\u202f<\/strong>: s\u2019ils sont utilis\u00e9s uniquement pour collecter des informations agr\u00e9g\u00e9es sur le nombre d\u2019utilisateurs et comment ils visitent le site.<\/li>\n<li><strong>Cookies de fonctionnalit\u00e9\u202f<\/strong>: permettent la navigation en fonction de crit\u00e8res s\u00e9lectionn\u00e9s (ex.\u202f: langue ou services souscrits) pour am\u00e9liorer le service rendu \u00e0 l\u2019utilisateur.<\/li>\n<\/ul>\n<\/li>\n<li><strong>Cookies de profilage<\/strong>: ils servent \u00e0 cr\u00e9er des profils relatifs \u00e0 l\u2019utilisateur et sont utilis\u00e9s pour envoyer des messages promotionnels cibl\u00e9s en fonction des pr\u00e9f\u00e9rences manifest\u00e9es. Ces cookies ne peuvent \u00eatre utilis\u00e9s qu\u2019avec le consentement explicite de l\u2019utilisateur.<\/li>\n<\/ul>\n<p>Ce site n\u2019installe pas de cookies de profilage.<\/p>\n<p>&nbsp;<\/p>\n<p><strong>Utilisation des cookies par ce site<\/strong><\/p>\n<p>Le tableau suivant r\u00e9sume l\u2019utilisation des cookies par ce site\u202f:<\/p>\n<ol>\n<li>conna\u00eetre le nombre total de visiteurs, types de navigateur (ex.\u202f: Firefox, Chrome, Safari, Internet Explorer\/Microsoft\u202fEdge) et syst\u00e8mes d\u2019exploitation (ex.\u202f: Windows, macOS)\u202f;<\/li>\n<li>surveiller les performances du site, incluant la mani\u00e8re dont les visiteurs l\u2019utilisent, et am\u00e9liorer ses fonctionnalit\u00e9s\u202f;<\/li>\n<li>personnaliser et am\u00e9liorer l\u2019exp\u00e9rience en ligne de l\u2019utilisateur.<\/li>\n<\/ol>\n<p>&nbsp;<\/p>\n<p><strong>Cat\u00e9gories de cookies et gestion par l\u2019utilisateur<\/strong><\/p>\n<p>Les types de cookies utilis\u00e9s peuvent \u00eatre class\u00e9s dans l&rsquo;une des cat\u00e9gories indiqu\u00e9es dans le tableau ci-dessous, qui permet \u00e0 l&rsquo;utilisateur de donner ou de modifier son consentement (si d\u00e9j\u00e0 exprim\u00e9 auparavant) pour accepter les diff\u00e9rents types de cookies.<\/p>\n<table border=\"1\" width=\"100%\">\n<colgroup>\n<col \/>\n<col \/>\n<col \/><\/colgroup>\n<tbody>\n<tr>\n<td style=\"text-align: center;\"><strong>Type de cookie<\/strong><\/td>\n<td style=\"text-align: center;\"><strong>Finalit\u00e9 de cookie<\/strong><\/td>\n<td style=\"text-align: center;\"><strong>Origine et comment le bloquer<\/strong><\/td>\n<\/tr>\n<tr>\n<td>Cookies essentiels du site Web (de session et de navigation)<\/td>\n<td>Ces cookies sont essentiels \u00e0 la navigation correcte et \u00e0 l\u2019utilisation des fonctionnalit\u00e9s du site. Ils ne collectent pas d\u2019informations personnelles \u00e0 des fins marketing, ni ne stockent les sites visit\u00e9s. Ils ne sont pas stock\u00e9s de fa\u00e7on persistante et sont supprim\u00e9s \u00e0 la fermeture du navigateur. Cette cat\u00e9gorie de cookies ne peut \u00eatre d\u00e9sactiv\u00e9e.<\/td>\n<td>(cookies <span class=\"TextRun SCXW158877584 BCX8\" lang=\"IT-IT\" xml:lang=\"IT-IT\" data-contrast=\"auto\"><span class=\"NormalTextRun SpellingErrorV2Themed SCXW158877584 BCX8\">internes<\/span><\/span>)<\/td>\n<\/tr>\n<tr>\n<td>Cookies de fonctionnalit\u00e9<\/td>\n<td>Permettent de m\u00e9moriser les choix effectu\u00e9s (nom d\u2019utilisateur, langue, emplacement g\u00e9ographique) et offrent des fonctionnalit\u00e9s am\u00e9lior\u00e9es. Les donn\u00e9es collect\u00e9es peuvent \u00eatre rendues anonymes et ne suivent pas l\u2019activit\u00e9 sur d\u2019autres sites. Cette cat\u00e9gorie ne peut \u00eatre d\u00e9sactiv\u00e9e.<\/td>\n<td>(cookies <span class=\"TextRun SCXW158877584 BCX8\" lang=\"IT-IT\" xml:lang=\"IT-IT\" data-contrast=\"auto\"><span class=\"NormalTextRun SpellingErrorV2Themed SCXW158877584 BCX8\">internes<\/span><\/span>)<\/td>\n<\/tr>\n<tr>\n<td>Cookies analytiques et publicitaires<\/td>\n<td>Ces cookies, \u00e9galement appel\u00e9s cookies de cache, sont \u00e9tablis par des tiers afin de collecter des informations sur l\u2019utilisation du site (nombre de visiteurs, sites d\u2019origine, pages visit\u00e9es). Ils nous aident \u00e0 d\u00e9tecter les erreurs et am\u00e9liorer la navigation. Ces cookies restent sur l\u2019appareil de l\u2019utilisateur jusqu\u2019\u00e0 suppression. Les tiers peuvent utiliser ces donn\u00e9es \u00e0 d\u2019autres fins avec le consentement de l\u2019utilisateur.<\/td>\n<td>Google Analytics<\/p>\n<p><a href=\"http:\/\/www.google.com\/intl\/it\/policies\/privacy\/\" target=\"_blank\" rel=\"noopener\">http:\/\/www.google.com\/intl\/it\/policies\/privacy\/<\/a><\/p>\n<p>&nbsp;<\/td>\n<\/tr>\n<\/tbody>\n<\/table>\n<p>&nbsp;<\/p>\n<p><strong>Utilisation de l\u2019adresse IP<\/strong><\/p>\n<p>Nous recueillons automatiquement l\u2019adresse IP de l\u2019utilisateur uniquement pour suivre l\u2019acceptation ou non des cookies \u00e0 l\u2019acc\u00e8s du site.<\/p>\n<p>&nbsp;<\/p>\n<p><strong>Technologies analogues aux cookies<\/strong><\/p>\n<p>Nous utilisons \u00e9galement, comme de nombreux sites, des technologies analogues aux cookies, notamment les objets partag\u00e9s locaux (\u00ab\u202fflash cookies\u202f\u00bb), l\u2019analyse de l\u2019historique du navigateur, l\u2019empreinte digitale du navigateur et les pixels\u2011tags (\u00ab\u202fweb beacons\u202f\u00bb). Ces technologies nous permettent, ainsi qu\u2019\u00e0 nos fournisseurs, de savoir comment le site est utilis\u00e9 et si l\u2019appareil a visit\u00e9 ce site ou d\u2019autres dans le pass\u00e9.<\/p>\n<p>Nos serveurs peuvent associer l\u2019adresse IP au nom de domaine ou au fournisseur d\u2019acc\u00e8s. Nous collectons aussi des donn\u00e9es de type \u00ab\u00a0clickstream\u00a0\u00bb, telles que les informations sur l\u2019appareil ou navigateur, param\u00e8tres, pages de provenance, contenus visualis\u00e9s ou cliqu\u00e9s, dur\u00e9e et modalit\u00e9s de ces op\u00e9rations, \u00e9l\u00e9ments t\u00e9l\u00e9charg\u00e9s, site visit\u00e9 ensuite, et termes de recherche utilis\u00e9s.<\/p>\n<p>&nbsp;<\/p>\n<p><strong>Comment contr\u00f4ler ou supprimer les cookies<\/strong><\/p>\n<p>L\u2019utilisateur peut choisir d\u2019accepter ou non les cookies. Toutefois, refuser certains cookies peut limiter les fonctionnalit\u00e9s. Si les pr\u00e9f\u00e9rences sont g\u00e9r\u00e9es, un cookie technique sera toutefois install\u00e9 pour appliquer ces pr\u00e9f\u00e9rences. La suppression des cookies supprime \u00e9galement ce cookie de pr\u00e9f\u00e9rence, ce qui n\u00e9cessitera une nouvelle s\u00e9lection.<\/p>\n<p>Les cookies peuvent \u00eatre bloqu\u00e9s via les liens de s\u00e9lection dans le tableau ci-dessus, ou en modifiant les param\u00e8tres du navigateur (menus \u00ab\u202fAide\u202f\u00bb, \u00ab\u202fOutils\u202f\u00bb ou \u00ab\u202fModifier\u202f\u00bb). La d\u00e9sactivation d\u2019un cookie ou d\u2019une cat\u00e9gorie ne les supprime pas automatiquement\u202f; cela doit \u00eatre fait via le navigateur.<\/p>\n<p>Pour plus d\u2019informations sp\u00e9cifiques aux navigateurs\u202f:<\/p>\n<ul>\n<li><strong>Chrome<\/strong> &#8211;<a href=\"https:\/\/support.google.com\/chrome\/answer\/95647?hl=en&amp;topic=14666&amp;ctx=topic\">\u202fhttps:\/\/support.google.com\/chrome\/answer\/95647?hl=en&amp;topic=14666&amp;ctx=topic<\/a><\/li>\n<li><strong>Firefox<\/strong> &#8211;<a href=\"https:\/\/support.mozilla.org\/en-US\/kb\/cookies-information-websites-store-on-your-computer\">\u202fhttps:\/\/support.mozilla.org\/en-US\/kb\/cookies-information-websites-store-on-your-computer<\/a><\/li>\n<li><strong>Internet Explorer<\/strong> &#8211;<a href=\"http:\/\/windows.microsoft.com\/en-US\/internet-explorer\/delete-manage-cookies#ie=ie-11\">\u202fhttp:\/\/windows.microsoft.com\/en-US\/internet-explorer\/delete-manage-cookies#ie=ie-11<\/a><\/li>\n<li><strong>Microsoft<\/strong> <strong>Edge<\/strong> &#8211; <a href=\"https:\/\/privacy.microsoft.com\/it-IT\/windows-10-microsoft-edge-and-privacy\">https:\/\/privacy.microsoft.com\/it-IT\/windows-10-microsoft-edge-and-privacy<\/a><\/li>\n<li><strong>Opera<\/strong> &#8211; <a href=\"https:\/\/help.opera.com\/en\/latest\/security-and-privacy\/#tracking\">https:\/\/help.opera.com\/en\/latest\/security-and-privacy\/#tracking<\/a><\/li>\n<li><strong>Safari<\/strong> -\u202f<a href=\"https:\/\/support.apple.com\/kb\/PH17191?viewlocale=en_US&amp;locale=en_GB\">https:\/\/support.apple.com\/kb\/PH17191?viewlocale=en_US&amp;locale=en_GB<\/a><\/li>\n<\/ul>\n<p>Pour mobile, consultez le manuel ou guides\u202f:<\/p>\n<ul>\n<li>Apple [<a href=\"https:\/\/support.apple.com\/it-it\/HT201265\" target=\"_blank\" rel=\"noopener\">https:\/\/support.apple.com\/it-it\/HT201265<\/a>];<\/li>\n<li>Android [<a href=\"https:\/\/support.google.com\/chrome\/answer\/95647?hl=it\" target=\"_blank\" rel=\"noopener\">https:\/\/support.google.com\/chrome\/answer\/95647?hl=it<\/a>].<\/li>\n<\/ul>\n<p>Pour plus d\u2019informations sur les cookies et leur gestion : <a href=\"http:\/\/www.allaboutcookies.org\/\" target=\"_blank\" rel=\"noopener\">www.allaboutcookies.org<\/a>\u00a0oppure\u00a0<a href=\"http:\/\/www.youronlinechoices.com\/it\/le-tue-scelte\" target=\"_blank\" rel=\"noopener\">http:\/\/www.youronlinechoices.com\/it\/le-tue-scelte<\/a>.<\/p>\n<p><span data-ccp-props=\"{}\">\u00a0<\/span><\/p>\n<p><strong>Cookies d\u00e9j\u00e0 install\u00e9s<\/strong><\/p>\n<p>Si l\u2019utilisateur a d\u00e9sactiv\u00e9 un ou plusieurs cookies, nous pourrons toujours utiliser les informations collect\u00e9es avant cette d\u00e9sactivation, mais cesserons d\u2019utiliser ces cookies pour de nouvelles collectes.<\/p>\n  <\/div>\n<\/div>\n","protected":false},"excerpt":{"rendered":"","protected":false},"author":2,"featured_media":0,"parent":0,"menu_order":153,"comment_status":"closed","ping_status":"closed","template":"","meta":{"_acf_changed":false,"footnotes":""},"class_list":["post-3006","page","type-page","status-publish","hentry"],"acf":[],"yoast_head":"<!-- This site is optimized with the Yoast SEO plugin v25.9 - https:\/\/yoast.com\/wordpress\/plugins\/seo\/ -->\n<title>Cookie Policy - ActionAid<\/title>\n<meta name=\"description\" content=\"Informations sur l\u2019usage des cookies et les options de contr\u00f4le.\" \/>\n<meta name=\"robots\" content=\"index, follow, max-snippet:-1, max-image-preview:large, max-video-preview:-1\" \/>\n<link rel=\"canonical\" href=\"https:\/\/actionaid.ch\/fr\/cookie-policy\/\" \/>\n<meta property=\"og:locale\" content=\"fr_FR\" \/>\n<meta property=\"og:type\" content=\"article\" \/>\n<meta property=\"og:title\" content=\"Cookie Policy - ActionAid\" \/>\n<meta property=\"og:description\" content=\"Informations sur l\u2019usage des cookies et les options de contr\u00f4le.\" \/>\n<meta property=\"og:url\" content=\"https:\/\/actionaid.ch\/fr\/cookie-policy\/\" \/>\n<meta property=\"og:site_name\" content=\"ActionAid\" \/>\n<meta property=\"article:publisher\" content=\"https:\/\/www.facebook.com\/ActionAidSwitzerland\/?locale=it_IT\" \/>\n<meta property=\"article:modified_time\" content=\"2026-03-18T16:42:20+00:00\" \/>\n<meta name=\"twitter:card\" content=\"summary_large_image\" \/>\n<script type=\"application\/ld+json\" class=\"yoast-schema-graph\">{\"@context\":\"https:\/\/schema.org\",\"@graph\":[{\"@type\":\"WebPage\",\"@id\":\"https:\/\/actionaid.ch\/fr\/cookie-policy\/\",\"url\":\"https:\/\/actionaid.ch\/fr\/cookie-policy\/\",\"name\":\"Cookie Policy - ActionAid\",\"isPartOf\":{\"@id\":\"https:\/\/actionaid.ch\/fr\/#website\"},\"datePublished\":\"2025-05-22T07:24:15+00:00\",\"dateModified\":\"2026-03-18T16:42:20+00:00\",\"description\":\"Informations sur l\u2019usage des cookies et les options de contr\u00f4le.\",\"breadcrumb\":{\"@id\":\"https:\/\/actionaid.ch\/fr\/cookie-policy\/#breadcrumb\"},\"inLanguage\":\"fr-FR\",\"potentialAction\":[{\"@type\":\"ReadAction\",\"target\":[\"https:\/\/actionaid.ch\/fr\/cookie-policy\/\"]}]},{\"@type\":\"BreadcrumbList\",\"@id\":\"https:\/\/actionaid.ch\/fr\/cookie-policy\/#breadcrumb\",\"itemListElement\":[{\"@type\":\"ListItem\",\"position\":1,\"name\":\"Home\",\"item\":\"https:\/\/actionaid.ch\/fr\/\"},{\"@type\":\"ListItem\",\"position\":2,\"name\":\"Cookie Policy\"}]},{\"@type\":\"WebSite\",\"@id\":\"https:\/\/actionaid.ch\/fr\/#website\",\"url\":\"https:\/\/actionaid.ch\/fr\/\",\"name\":\"ActionAid Svizzera\",\"description\":\"\",\"publisher\":{\"@id\":\"https:\/\/actionaid.ch\/fr\/#organization\"},\"potentialAction\":[{\"@type\":\"SearchAction\",\"target\":{\"@type\":\"EntryPoint\",\"urlTemplate\":\"https:\/\/actionaid.ch\/fr\/?s={search_term_string}\"},\"query-input\":{\"@type\":\"PropertyValueSpecification\",\"valueRequired\":true,\"valueName\":\"search_term_string\"}}],\"inLanguage\":\"fr-FR\"},{\"@type\":\"Organization\",\"@id\":\"https:\/\/actionaid.ch\/fr\/#organization\",\"name\":\"ActionAid Svizzera\",\"url\":\"https:\/\/actionaid.ch\/fr\/\",\"logo\":{\"@type\":\"ImageObject\",\"inLanguage\":\"fr-FR\",\"@id\":\"https:\/\/actionaid.ch\/fr\/#\/schema\/logo\/image\/\",\"url\":\"https:\/\/actionaid.ch\/wp-content\/uploads\/2025\/04\/Logo_rosso.png\",\"contentUrl\":\"https:\/\/actionaid.ch\/wp-content\/uploads\/2025\/04\/Logo_rosso.png\",\"width\":2331,\"height\":407,\"caption\":\"ActionAid Svizzera\"},\"image\":{\"@id\":\"https:\/\/actionaid.ch\/fr\/#\/schema\/logo\/image\/\"},\"sameAs\":[\"https:\/\/www.facebook.com\/ActionAidSwitzerland\/?locale=it_IT\",\"https:\/\/www.instagram.com\/actionaid_international\/?hl=en\"]}]}<\/script>\n<!-- \/ Yoast SEO plugin. -->","yoast_head_json":{"title":"Cookie Policy - ActionAid","description":"Informations sur l\u2019usage des cookies et les options de contr\u00f4le.","robots":{"index":"index","follow":"follow","max-snippet":"max-snippet:-1","max-image-preview":"max-image-preview:large","max-video-preview":"max-video-preview:-1"},"canonical":"https:\/\/actionaid.ch\/fr\/cookie-policy\/","og_locale":"fr_FR","og_type":"article","og_title":"Cookie Policy - ActionAid","og_description":"Informations sur l\u2019usage des cookies et les options de contr\u00f4le.","og_url":"https:\/\/actionaid.ch\/fr\/cookie-policy\/","og_site_name":"ActionAid","article_publisher":"https:\/\/www.facebook.com\/ActionAidSwitzerland\/?locale=it_IT","article_modified_time":"2026-03-18T16:42:20+00:00","twitter_card":"summary_large_image","schema":{"@context":"https:\/\/schema.org","@graph":[{"@type":"WebPage","@id":"https:\/\/actionaid.ch\/fr\/cookie-policy\/","url":"https:\/\/actionaid.ch\/fr\/cookie-policy\/","name":"Cookie Policy - ActionAid","isPartOf":{"@id":"https:\/\/actionaid.ch\/fr\/#website"},"datePublished":"2025-05-22T07:24:15+00:00","dateModified":"2026-03-18T16:42:20+00:00","description":"Informations sur l\u2019usage des cookies et les options de contr\u00f4le.","breadcrumb":{"@id":"https:\/\/actionaid.ch\/fr\/cookie-policy\/#breadcrumb"},"inLanguage":"fr-FR","potentialAction":[{"@type":"ReadAction","target":["https:\/\/actionaid.ch\/fr\/cookie-policy\/"]}]},{"@type":"BreadcrumbList","@id":"https:\/\/actionaid.ch\/fr\/cookie-policy\/#breadcrumb","itemListElement":[{"@type":"ListItem","position":1,"name":"Home","item":"https:\/\/actionaid.ch\/fr\/"},{"@type":"ListItem","position":2,"name":"Cookie Policy"}]},{"@type":"WebSite","@id":"https:\/\/actionaid.ch\/fr\/#website","url":"https:\/\/actionaid.ch\/fr\/","name":"ActionAid Svizzera","description":"","publisher":{"@id":"https:\/\/actionaid.ch\/fr\/#organization"},"potentialAction":[{"@type":"SearchAction","target":{"@type":"EntryPoint","urlTemplate":"https:\/\/actionaid.ch\/fr\/?s={search_term_string}"},"query-input":{"@type":"PropertyValueSpecification","valueRequired":true,"valueName":"search_term_string"}}],"inLanguage":"fr-FR"},{"@type":"Organization","@id":"https:\/\/actionaid.ch\/fr\/#organization","name":"ActionAid Svizzera","url":"https:\/\/actionaid.ch\/fr\/","logo":{"@type":"ImageObject","inLanguage":"fr-FR","@id":"https:\/\/actionaid.ch\/fr\/#\/schema\/logo\/image\/","url":"https:\/\/actionaid.ch\/wp-content\/uploads\/2025\/04\/Logo_rosso.png","contentUrl":"https:\/\/actionaid.ch\/wp-content\/uploads\/2025\/04\/Logo_rosso.png","width":2331,"height":407,"caption":"ActionAid Svizzera"},"image":{"@id":"https:\/\/actionaid.ch\/fr\/#\/schema\/logo\/image\/"},"sameAs":["https:\/\/www.facebook.com\/ActionAidSwitzerland\/?locale=it_IT","https:\/\/www.instagram.com\/actionaid_international\/?hl=en"]}]}},"_links":{"self":[{"href":"https:\/\/actionaid.ch\/fr\/wp-json\/wp\/v2\/pages\/3006","targetHints":{"allow":["GET"]}}],"collection":[{"href":"https:\/\/actionaid.ch\/fr\/wp-json\/wp\/v2\/pages"}],"about":[{"href":"https:\/\/actionaid.ch\/fr\/wp-json\/wp\/v2\/types\/page"}],"author":[{"embeddable":true,"href":"https:\/\/actionaid.ch\/fr\/wp-json\/wp\/v2\/users\/2"}],"replies":[{"embeddable":true,"href":"https:\/\/actionaid.ch\/fr\/wp-json\/wp\/v2\/comments?post=3006"}],"version-history":[{"count":5,"href":"https:\/\/actionaid.ch\/fr\/wp-json\/wp\/v2\/pages\/3006\/revisions"}],"predecessor-version":[{"id":3908,"href":"https:\/\/actionaid.ch\/fr\/wp-json\/wp\/v2\/pages\/3006\/revisions\/3908"}],"wp:attachment":[{"href":"https:\/\/actionaid.ch\/fr\/wp-json\/wp\/v2\/media?parent=3006"}],"curies":[{"name":"wp","href":"https:\/\/api.w.org\/{rel}","templated":true}]}}