{"id":2541,"date":"2025-05-22T08:57:59","date_gmt":"2025-05-22T06:57:59","guid":{"rendered":"https:\/\/actionaid.ch\/?page_id=2541"},"modified":"2026-03-25T12:41:08","modified_gmt":"2026-03-25T11:41:08","slug":"nepal","status":"publish","type":"page","link":"https:\/\/actionaid.ch\/fr\/notre-action\/projets-specifiques\/nepal\/","title":{"rendered":"N\u00e9pal"},"content":{"rendered":"<div class=\"vidiemme-block basic-editor  \" >\n  \n  <div class=\"container-xl\">\n    <p>Au N\u00e9pal, <strong>les femmes repr\u00e9sentent environ 70\u202f% de la main-d\u2019\u0153uvre agricole<\/strong> et jouent un r\u00f4le d\u00e9terminant dans la production alimentaire et la s\u00e9curit\u00e9 nutritionnelle des familles. Pourtant, malgr\u00e9 leur r\u00f4le central, elles font face \u00e0 de nombreux obstacles pour acc\u00e9der aux march\u00e9s, se prot\u00e9ger contre les violences bas\u00e9es sur le genre et exercer leurs droits \u00e9conomiques et sociaux.<\/p>\n<p>Les femmes n\u00e9palaises rencontrent plusieurs difficult\u00e9s \u00e0 participer pleinement aux march\u00e9s :<\/p>\n<ul>\n<li><strong>Violence de genre et harc\u00e8lement<\/strong> : de nombreuses femmes sont victimes d\u2019abus sexuels et d\u2019exploitation par des acheteurs, des vendeurs ou d\u2019autres agriculteurs.<\/li>\n<li><strong>Manque d\u2019infrastructures adapt\u00e9es<\/strong> : les march\u00e9s ne disposent souvent pas de toilettes s\u00e9par\u00e9es, d\u2019aires de jeux s\u00fbres pour les enfants ni d\u2019espaces s\u00e9curis\u00e9s pour les femmes.<\/li>\n<li><strong>Acc\u00e8s limit\u00e9 aux ressources et \u00e0 la formation<\/strong> : les femmes peinent \u00e0 obtenir des terres, des cr\u00e9dits, des formations ou des technologies agricoles modernes.<\/li>\n<li><strong>Discrimination dans les processus d\u00e9cisionnels<\/strong> : bien qu\u2019elles repr\u00e9sentent la majorit\u00e9 de la production agricole, les femmes sont sous-repr\u00e9sent\u00e9es dans les instances dirigeantes des coop\u00e9ratives et des march\u00e9s.<\/li>\n<\/ul>\n  <\/div>\n<\/div>\n\n\n<div class=\"vidiemme-block focused-content  \" >\n  \n  <div class=\"container-xl\">\n    <div class=\"title mb-4\">Que fait ActionAid ?<\/div>\n    \n    <div class=\"focused\">\n\n      \n            <div class=\"description\"><p>Depuis 2021, nous sommes actifs dans les zones de Khasa Bazzar et Dhangadhi Mae Hat Bazzar, dans la vall\u00e9e de Katmandou, avec pour objectifs :<\/p>\n<ul>\n<li><strong>Offrir un accompagnement professionnel<\/strong> a<strong>ux productrices locales<\/strong> afin de renforcer leurs comp\u00e9tences techniques et entrepreneuriales.<\/li>\n<li><strong>Collaborer avec les acteurs du march\u00e9 local<\/strong> pour favoriser un environnement plus inclusif et favorable aux femmes.<\/li>\n<li><strong>Construire des toilettes r\u00e9serv\u00e9es aux femmes<\/strong> et des espaces s\u00fbrs pour les enfants, am\u00e9liorant ainsi les conditions de travail et de vie.<\/li>\n<li><strong>Renforcer la participation des femmes dans les comit\u00e9s<\/strong> <strong>de gestion des march\u00e9s<\/strong>, en leur donnant une voix plus influente dans les prises de d\u00e9cision collectives.<\/li>\n<\/ul>\n<\/div>\n      \n      \n          \n    <\/div>\n  <\/div>\n<\/div>\n\n\n<div class=\"vidiemme-block focused-content  \" >\n  \n  <div class=\"container-xl\">\n    <div class=\"title mb-4\">R\u00e9sultats obtenus<\/div>\n    \n    <div class=\"focused\">\n\n      \n            <div class=\"description\"><ul>\n<li><strong>Plus de 1\u202f000 personnes ont directement b\u00e9n\u00e9fici\u00e9<\/strong> des activit\u00e9s de d\u00e9veloppement des march\u00e9s.<\/li>\n<li><strong>Les femmes impliqu\u00e9es ont augment\u00e9 leurs revenus<\/strong> gr\u00e2ce \u00e0 la vente directe de leurs produits, r\u00e9duisant leur d\u00e9pendance envers les interm\u00e9diaires.<\/li>\n<li>Les communaut\u00e9s locales ont observ\u00e9<strong> une am\u00e9lioration de la coh\u00e9sion sociale<\/strong> et <strong>de l\u2019\u00e9galit\u00e9 de genre<\/strong>, avec une reconnaissance accrue du r\u00f4le des femmes dans l\u2019\u00e9conomie locale.<\/li>\n<\/ul>\n<p>Pour renforcer l\u2019impact de nos actions, nous nous engageons \u00e0 :<\/p>\n<ul>\n<li><strong>\u00c9tendre l\u2019acc\u00e8s aux services financiers<\/strong> <strong>et \u00e0 la formation technique<\/strong> pour les femmes.<\/li>\n<li><strong>Construire des infrastructures permanentes<\/strong> dans les march\u00e9s, comme des abris et des espaces s\u00e9curis\u00e9s.<\/li>\n<li><strong>Promouvoir des politiques publiques<\/strong> en faveur de l\u2019inclusion \u00e9conomique des femmes et de la lutte contre les violences bas\u00e9es sur le genre.<\/li>\n<\/ul>\n<\/div>\n      \n      \n          \n    <\/div>\n  <\/div>\n<\/div>\n\n\n<div class=\"vidiemme-block focused-content my-5 \" >\n  \n  <div class=\"container-xl\">\n    <div class=\"title mb-4\">Vous \u00eates une Entreprise, une Fondation ou un Grand Donateur?<\/div>\n    \n    <div class=\"focused\">\n\n      \n            <div class=\"description\"><p>Si vous souhaitez soutenir nos projets ou obtenir plus d&rsquo;informations, n&rsquo;h\u00e9sitez pas \u00e0 nous contacter :<\/p>\n<\/div>\n      \n            <div class=\"footer-rows\">\n                  <div class=\"row mt-4\">   \n            <div class=\"col-md-2 pt-4\">\n              <!-- <img decoding=\"async\"  class=\"img-fluid rounded w-100\" src=\"https:\/\/actionaid.ch\/wp-content\/uploads\/2025\/06\/Vitali-1.jpg\" alt=\"\"> -->\n\n              \n              <img loading=\"lazy\" decoding=\"async\" width=\"340\" height=\"340\" src=\"https:\/\/actionaid.ch\/wp-content\/uploads\/2025\/06\/Vitali-1.jpg\" class=\"img-fluid rounded w-100\" alt=\"\" srcset=\"https:\/\/actionaid.ch\/wp-content\/uploads\/2025\/06\/Vitali-1.jpg 340w, https:\/\/actionaid.ch\/wp-content\/uploads\/2025\/06\/Vitali-1-300x300.jpg 300w, https:\/\/actionaid.ch\/wp-content\/uploads\/2025\/06\/Vitali-1-150x150.jpg 150w\" sizes=\"auto, (max-width: 340px) 100vw, 340px\" \/>\n            <\/div> \n            <div class=\"col-md-10 pt-4\">\n              <p><strong>Claudia Vitali<\/strong><br \/>\nCorporate, Major Donor &amp; Philanthropy Officer ActionAid Switzerland<br \/>\n<a href=\"mailto:claudia.vitali@actionaid.org\">claudia.vitali@actionaid.org<\/a><br \/>\n<a href=\"tel:+393349836820\">+39 3349836820<\/a><\/p>\n\n            <\/div> \n          <\/div>\n              <\/div>\n      \n          \n    <\/div>\n  <\/div>\n<\/div>\n\n\n<div class=\"vidiemme-block basic-editor  \" >\n  \n  <div class=\"container-xl\">\n    <h6><em>Photocredits: ActionAid<\/em><\/h6>\n  <\/div>\n<\/div>\n","protected":false},"excerpt":{"rendered":"","protected":false},"author":2,"featured_media":2006,"parent":2356,"menu_order":111,"comment_status":"closed","ping_status":"closed","template":"","meta":{"_acf_changed":false,"footnotes":""},"class_list":["post-2541","page","type-page","status-publish","has-post-thumbnail","hentry"],"acf":[],"yoast_head":"<!-- This site is optimized with the Yoast SEO plugin v25.9 - https:\/\/yoast.com\/wordpress\/plugins\/seo\/ -->\n<title>Projet N\u00e9pal - ActionAid Suisse<\/title>\n<meta name=\"description\" content=\"Notre projet au N\u00e9pal a garanti aux femmes une plus grande participation \u00e0 la vie \u00e9conomique de la communaut\u00e9.\" \/>\n<meta name=\"robots\" content=\"index, follow, max-snippet:-1, max-image-preview:large, max-video-preview:-1\" \/>\n<link rel=\"canonical\" href=\"https:\/\/actionaid.ch\/fr\/notre-action\/projets-specifiques\/nepal\/\" \/>\n<meta property=\"og:locale\" content=\"fr_FR\" \/>\n<meta property=\"og:type\" content=\"article\" \/>\n<meta property=\"og:title\" content=\"Projet N\u00e9pal - ActionAid Suisse\" \/>\n<meta property=\"og:description\" content=\"Notre projet au N\u00e9pal a garanti aux femmes une plus grande participation \u00e0 la vie \u00e9conomique de la communaut\u00e9.\" \/>\n<meta property=\"og:url\" content=\"https:\/\/actionaid.ch\/fr\/notre-action\/projets-specifiques\/nepal\/\" \/>\n<meta property=\"og:site_name\" content=\"ActionAid\" \/>\n<meta property=\"article:publisher\" content=\"https:\/\/www.facebook.com\/ActionAidSwitzerland\/?locale=it_IT\" \/>\n<meta property=\"article:modified_time\" content=\"2026-03-25T11:41:08+00:00\" \/>\n<meta property=\"og:image\" content=\"https:\/\/actionaid.ch\/wp-content\/uploads\/2025\/05\/Donne_Nepal_Header.jpg\" \/>\n\t<meta property=\"og:image:width\" content=\"2014\" \/>\n\t<meta property=\"og:image:height\" content=\"924\" \/>\n\t<meta property=\"og:image:type\" content=\"image\/jpeg\" \/>\n<meta name=\"twitter:card\" content=\"summary_large_image\" \/>\n<meta name=\"twitter:label1\" content=\"Dur\u00e9e de lecture estim\u00e9e\" \/>\n\t<meta name=\"twitter:data1\" content=\"1 minute\" \/>\n<script type=\"application\/ld+json\" class=\"yoast-schema-graph\">{\"@context\":\"https:\/\/schema.org\",\"@graph\":[{\"@type\":\"WebPage\",\"@id\":\"https:\/\/actionaid.ch\/fr\/notre-action\/projets-specifiques\/nepal\/\",\"url\":\"https:\/\/actionaid.ch\/fr\/notre-action\/projets-specifiques\/nepal\/\",\"name\":\"Projet N\u00e9pal - ActionAid Suisse\",\"isPartOf\":{\"@id\":\"https:\/\/actionaid.ch\/fr\/#website\"},\"primaryImageOfPage\":{\"@id\":\"https:\/\/actionaid.ch\/fr\/notre-action\/projets-specifiques\/nepal\/#primaryimage\"},\"image\":{\"@id\":\"https:\/\/actionaid.ch\/fr\/notre-action\/projets-specifiques\/nepal\/#primaryimage\"},\"thumbnailUrl\":\"https:\/\/actionaid.ch\/wp-content\/uploads\/2025\/05\/Donne_Nepal_Header.jpg\",\"datePublished\":\"2025-05-22T06:57:59+00:00\",\"dateModified\":\"2026-03-25T11:41:08+00:00\",\"description\":\"Notre projet au N\u00e9pal a garanti aux femmes une plus grande participation \u00e0 la vie \u00e9conomique de la communaut\u00e9.\",\"breadcrumb\":{\"@id\":\"https:\/\/actionaid.ch\/fr\/notre-action\/projets-specifiques\/nepal\/#breadcrumb\"},\"inLanguage\":\"fr-FR\",\"potentialAction\":[{\"@type\":\"ReadAction\",\"target\":[\"https:\/\/actionaid.ch\/fr\/notre-action\/projets-specifiques\/nepal\/\"]}]},{\"@type\":\"ImageObject\",\"inLanguage\":\"fr-FR\",\"@id\":\"https:\/\/actionaid.ch\/fr\/notre-action\/projets-specifiques\/nepal\/#primaryimage\",\"url\":\"https:\/\/actionaid.ch\/wp-content\/uploads\/2025\/05\/Donne_Nepal_Header.jpg\",\"contentUrl\":\"https:\/\/actionaid.ch\/wp-content\/uploads\/2025\/05\/Donne_Nepal_Header.jpg\",\"width\":2014,\"height\":924},{\"@type\":\"BreadcrumbList\",\"@id\":\"https:\/\/actionaid.ch\/fr\/notre-action\/projets-specifiques\/nepal\/#breadcrumb\",\"itemListElement\":[{\"@type\":\"ListItem\",\"position\":1,\"name\":\"Home\",\"item\":\"https:\/\/actionaid.ch\/fr\/\"},{\"@type\":\"ListItem\",\"position\":2,\"name\":\"Notre Action\",\"item\":\"https:\/\/actionaid.ch\/fr\/notre-action\/\"},{\"@type\":\"ListItem\",\"position\":3,\"name\":\"Projets\",\"item\":\"https:\/\/actionaid.ch\/fr\/notre-action\/projets-specifiques\/\"},{\"@type\":\"ListItem\",\"position\":4,\"name\":\"N\u00e9pal\"}]},{\"@type\":\"WebSite\",\"@id\":\"https:\/\/actionaid.ch\/fr\/#website\",\"url\":\"https:\/\/actionaid.ch\/fr\/\",\"name\":\"ActionAid Svizzera\",\"description\":\"\",\"publisher\":{\"@id\":\"https:\/\/actionaid.ch\/fr\/#organization\"},\"potentialAction\":[{\"@type\":\"SearchAction\",\"target\":{\"@type\":\"EntryPoint\",\"urlTemplate\":\"https:\/\/actionaid.ch\/fr\/?s={search_term_string}\"},\"query-input\":{\"@type\":\"PropertyValueSpecification\",\"valueRequired\":true,\"valueName\":\"search_term_string\"}}],\"inLanguage\":\"fr-FR\"},{\"@type\":\"Organization\",\"@id\":\"https:\/\/actionaid.ch\/fr\/#organization\",\"name\":\"ActionAid Svizzera\",\"url\":\"https:\/\/actionaid.ch\/fr\/\",\"logo\":{\"@type\":\"ImageObject\",\"inLanguage\":\"fr-FR\",\"@id\":\"https:\/\/actionaid.ch\/fr\/#\/schema\/logo\/image\/\",\"url\":\"https:\/\/actionaid.ch\/wp-content\/uploads\/2025\/04\/Logo_rosso.png\",\"contentUrl\":\"https:\/\/actionaid.ch\/wp-content\/uploads\/2025\/04\/Logo_rosso.png\",\"width\":2331,\"height\":407,\"caption\":\"ActionAid Svizzera\"},\"image\":{\"@id\":\"https:\/\/actionaid.ch\/fr\/#\/schema\/logo\/image\/\"},\"sameAs\":[\"https:\/\/www.facebook.com\/ActionAidSwitzerland\/?locale=it_IT\",\"https:\/\/www.instagram.com\/actionaid_international\/?hl=en\"]}]}<\/script>\n<!-- \/ Yoast SEO plugin. -->","yoast_head_json":{"title":"Projet N\u00e9pal - ActionAid Suisse","description":"Notre projet au N\u00e9pal a garanti aux femmes une plus grande participation \u00e0 la vie \u00e9conomique de la communaut\u00e9.","robots":{"index":"index","follow":"follow","max-snippet":"max-snippet:-1","max-image-preview":"max-image-preview:large","max-video-preview":"max-video-preview:-1"},"canonical":"https:\/\/actionaid.ch\/fr\/notre-action\/projets-specifiques\/nepal\/","og_locale":"fr_FR","og_type":"article","og_title":"Projet N\u00e9pal - ActionAid Suisse","og_description":"Notre projet au N\u00e9pal a garanti aux femmes une plus grande participation \u00e0 la vie \u00e9conomique de la communaut\u00e9.","og_url":"https:\/\/actionaid.ch\/fr\/notre-action\/projets-specifiques\/nepal\/","og_site_name":"ActionAid","article_publisher":"https:\/\/www.facebook.com\/ActionAidSwitzerland\/?locale=it_IT","article_modified_time":"2026-03-25T11:41:08+00:00","og_image":[{"width":2014,"height":924,"url":"https:\/\/actionaid.ch\/wp-content\/uploads\/2025\/05\/Donne_Nepal_Header.jpg","type":"image\/jpeg"}],"twitter_card":"summary_large_image","twitter_misc":{"Dur\u00e9e de lecture estim\u00e9e":"1 minute"},"schema":{"@context":"https:\/\/schema.org","@graph":[{"@type":"WebPage","@id":"https:\/\/actionaid.ch\/fr\/notre-action\/projets-specifiques\/nepal\/","url":"https:\/\/actionaid.ch\/fr\/notre-action\/projets-specifiques\/nepal\/","name":"Projet N\u00e9pal - ActionAid Suisse","isPartOf":{"@id":"https:\/\/actionaid.ch\/fr\/#website"},"primaryImageOfPage":{"@id":"https:\/\/actionaid.ch\/fr\/notre-action\/projets-specifiques\/nepal\/#primaryimage"},"image":{"@id":"https:\/\/actionaid.ch\/fr\/notre-action\/projets-specifiques\/nepal\/#primaryimage"},"thumbnailUrl":"https:\/\/actionaid.ch\/wp-content\/uploads\/2025\/05\/Donne_Nepal_Header.jpg","datePublished":"2025-05-22T06:57:59+00:00","dateModified":"2026-03-25T11:41:08+00:00","description":"Notre projet au N\u00e9pal a garanti aux femmes une plus grande participation \u00e0 la vie \u00e9conomique de la communaut\u00e9.","breadcrumb":{"@id":"https:\/\/actionaid.ch\/fr\/notre-action\/projets-specifiques\/nepal\/#breadcrumb"},"inLanguage":"fr-FR","potentialAction":[{"@type":"ReadAction","target":["https:\/\/actionaid.ch\/fr\/notre-action\/projets-specifiques\/nepal\/"]}]},{"@type":"ImageObject","inLanguage":"fr-FR","@id":"https:\/\/actionaid.ch\/fr\/notre-action\/projets-specifiques\/nepal\/#primaryimage","url":"https:\/\/actionaid.ch\/wp-content\/uploads\/2025\/05\/Donne_Nepal_Header.jpg","contentUrl":"https:\/\/actionaid.ch\/wp-content\/uploads\/2025\/05\/Donne_Nepal_Header.jpg","width":2014,"height":924},{"@type":"BreadcrumbList","@id":"https:\/\/actionaid.ch\/fr\/notre-action\/projets-specifiques\/nepal\/#breadcrumb","itemListElement":[{"@type":"ListItem","position":1,"name":"Home","item":"https:\/\/actionaid.ch\/fr\/"},{"@type":"ListItem","position":2,"name":"Notre Action","item":"https:\/\/actionaid.ch\/fr\/notre-action\/"},{"@type":"ListItem","position":3,"name":"Projets","item":"https:\/\/actionaid.ch\/fr\/notre-action\/projets-specifiques\/"},{"@type":"ListItem","position":4,"name":"N\u00e9pal"}]},{"@type":"WebSite","@id":"https:\/\/actionaid.ch\/fr\/#website","url":"https:\/\/actionaid.ch\/fr\/","name":"ActionAid Svizzera","description":"","publisher":{"@id":"https:\/\/actionaid.ch\/fr\/#organization"},"potentialAction":[{"@type":"SearchAction","target":{"@type":"EntryPoint","urlTemplate":"https:\/\/actionaid.ch\/fr\/?s={search_term_string}"},"query-input":{"@type":"PropertyValueSpecification","valueRequired":true,"valueName":"search_term_string"}}],"inLanguage":"fr-FR"},{"@type":"Organization","@id":"https:\/\/actionaid.ch\/fr\/#organization","name":"ActionAid Svizzera","url":"https:\/\/actionaid.ch\/fr\/","logo":{"@type":"ImageObject","inLanguage":"fr-FR","@id":"https:\/\/actionaid.ch\/fr\/#\/schema\/logo\/image\/","url":"https:\/\/actionaid.ch\/wp-content\/uploads\/2025\/04\/Logo_rosso.png","contentUrl":"https:\/\/actionaid.ch\/wp-content\/uploads\/2025\/04\/Logo_rosso.png","width":2331,"height":407,"caption":"ActionAid Svizzera"},"image":{"@id":"https:\/\/actionaid.ch\/fr\/#\/schema\/logo\/image\/"},"sameAs":["https:\/\/www.facebook.com\/ActionAidSwitzerland\/?locale=it_IT","https:\/\/www.instagram.com\/actionaid_international\/?hl=en"]}]}},"_links":{"self":[{"href":"https:\/\/actionaid.ch\/fr\/wp-json\/wp\/v2\/pages\/2541","targetHints":{"allow":["GET"]}}],"collection":[{"href":"https:\/\/actionaid.ch\/fr\/wp-json\/wp\/v2\/pages"}],"about":[{"href":"https:\/\/actionaid.ch\/fr\/wp-json\/wp\/v2\/types\/page"}],"author":[{"embeddable":true,"href":"https:\/\/actionaid.ch\/fr\/wp-json\/wp\/v2\/users\/2"}],"replies":[{"embeddable":true,"href":"https:\/\/actionaid.ch\/fr\/wp-json\/wp\/v2\/comments?post=2541"}],"version-history":[{"count":7,"href":"https:\/\/actionaid.ch\/fr\/wp-json\/wp\/v2\/pages\/2541\/revisions"}],"predecessor-version":[{"id":17226,"href":"https:\/\/actionaid.ch\/fr\/wp-json\/wp\/v2\/pages\/2541\/revisions\/17226"}],"up":[{"embeddable":true,"href":"https:\/\/actionaid.ch\/fr\/wp-json\/wp\/v2\/pages\/2356"}],"wp:featuredmedia":[{"embeddable":true,"href":"https:\/\/actionaid.ch\/fr\/wp-json\/wp\/v2\/media\/2006"}],"wp:attachment":[{"href":"https:\/\/actionaid.ch\/fr\/wp-json\/wp\/v2\/media?parent=2541"}],"curies":[{"name":"wp","href":"https:\/\/api.w.org\/{rel}","templated":true}]}}