{"id":2523,"date":"2025-05-22T08:54:18","date_gmt":"2025-05-22T06:54:18","guid":{"rendered":"https:\/\/actionaid.ch\/?page_id=2523"},"modified":"2026-03-25T12:40:03","modified_gmt":"2026-03-25T11:40:03","slug":"jordanie","status":"publish","type":"page","link":"https:\/\/actionaid.ch\/fr\/notre-action\/projets-specifiques\/jordanie\/","title":{"rendered":"Jordanie"},"content":{"rendered":"<div class=\"vidiemme-block basic-editor  \" >\n  \n  <div class=\"container-xl\">\n    <p>En Jordanie, <strong>les femmes et les filles<\/strong>, qu\u2019elles soient issues des communaut\u00e9s r\u00e9fugi\u00e9es ou h\u00f4tes, <strong>sont quotidiennement expos\u00e9es au risque de harc\u00e8lement<\/strong>, <strong>d\u2019abus et de violences<\/strong> <strong>sexuelles<\/strong>. Souvent isol\u00e9es, sans acc\u00e8s \u00e0 l\u2019information, au soutien psychosocial ou \u00e0 une assistance juridique, elles se retrouvent pi\u00e9g\u00e9es dans un syst\u00e8me qui ne les prot\u00e8ge pas.<\/p>\n  <\/div>\n<\/div>\n\n\n<div class=\"vidiemme-block focused-content  \" >\n  \n  <div class=\"container-xl\">\n    <div class=\"title mb-4\">Que fait ActionAid ?<\/div>\n    \n    <div class=\"focused\">\n\n      \n            <div class=\"description\"><p>Pour r\u00e9pondre \u00e0 cette urgence invisible, <strong>ActionAid a d\u00e9velopp\u00e9 depuis 2019 un outil concret et innovant :<\/strong> une plateforme num\u00e9rique con\u00e7ue pour garantir un acc\u00e8s facile et s\u00e9curis\u00e9 aux services essentiels, m\u00eame pour les personnes ayant peu de comp\u00e9tences num\u00e9riques.<\/p>\n<p>En novembre 2019, un <strong>chatbot a \u00e9t\u00e9 lanc\u00e9 sur les principales applications sociales<\/strong>. Simple d\u2019utilisation, il fournit des informations pratiques sur :<\/p>\n<ul>\n<li>comment signaler violences et abus,<\/li>\n<li>les num\u00e9ros utiles des services de sant\u00e9, d\u2019aide juridique et de protection,<\/li>\n<li>des contenus de sensibilisation sur les violences bas\u00e9es sur le genre.<\/li>\n<\/ul>\n<p>La plateforme s\u2019est rapidement d\u00e9velopp\u00e9e, \u00e9largissant sa couverture g\u00e9ographique, le nombre de services offerts et la diversit\u00e9 des publics touch\u00e9s \u2013 y compris les jeunes, les m\u00e8res et d\u2019autres groupes vuln\u00e9rables.<\/p>\n<p>En collaboration avec les utilisatrices elles-m\u00eames, est n\u00e9e l\u2019identit\u00e9 visuelle \u00ab\u00a0<strong>Darb Alaman<\/strong>\u00a0\u00bb \u2013 <strong>Chemin S\u00fbr<\/strong>, facilement reconnaissable, pour renforcer l\u2019impact du projet et faciliter les partenariats avec d\u2019autres organismes. Le syst\u00e8me technologique a \u00e9galement \u00e9t\u00e9 renforc\u00e9 pour garantir s\u00e9curit\u00e9, accessibilit\u00e9 et fiabilit\u00e9.<\/p>\n<p>Aujourd\u2019hui, Darb Alaman est disponible en plusieurs langues, pour accompagner les femmes non arabophones vivant en Jordanie, et est actif aussi sur <strong>WhatsApp<\/strong>, touchant des milliers de personnes \u00e0 travers le pays.<\/p>\n<p>En parall\u00e8le, ActionAid continue de mener des actions sur le terrain, \u00e0 travers :<\/p>\n<ul>\n<li>des campagnes de sensibilisation dans les communaut\u00e9s locales,<\/li>\n<li>des formations pour les autorit\u00e9s et la soci\u00e9t\u00e9 civile,<\/li>\n<li>le renforcement des groupes communautaires via des leaders locaux et des formations entre pairs avec des outils faciles \u00e0 reproduire,<\/li>\n<li>la cr\u00e9ation et la consolidation d\u2019espaces s\u00fbrs pour les filles et les femmes, g\u00e9r\u00e9s par des professionnels et les jeunes eux-m\u00eames.<\/li>\n<\/ul>\n<p>Enfin, gr\u00e2ce \u00e0 la collaboration avec des <strong>influenceurs locaux<\/strong>, la diffusion de la plateforme s\u2019est encore acc\u00e9l\u00e9r\u00e9e, augmentant l\u2019engagement et atteignant toujours plus de femmes qui savent d\u00e9sormais qu\u2019elles ne sont pas seules.<\/p>\n<\/div>\n      \n      \n          \n    <\/div>\n  <\/div>\n<\/div>\n\n\n<div class=\"vidiemme-block focused-content my-5 \" >\n  \n  <div class=\"container-xl\">\n    <div class=\"title mb-4\">Vous \u00eates une Entreprise, une Fondation ou un Grand Donateur?<\/div>\n    \n    <div class=\"focused\">\n\n      \n            <div class=\"description\"><p>Si vous souhaitez soutenir nos projets ou obtenir plus d&rsquo;informations, n&rsquo;h\u00e9sitez pas \u00e0 nous contacter :<\/p>\n<\/div>\n      \n            <div class=\"footer-rows\">\n                  <div class=\"row mt-4\">   \n            <div class=\"col-md-2 pt-4\">\n              <!-- <img decoding=\"async\"  class=\"img-fluid rounded w-100\" src=\"https:\/\/actionaid.ch\/wp-content\/uploads\/2025\/06\/Vitali-1.jpg\" alt=\"\"> -->\n\n              \n              <img loading=\"lazy\" decoding=\"async\" width=\"340\" height=\"340\" src=\"https:\/\/actionaid.ch\/wp-content\/uploads\/2025\/06\/Vitali-1.jpg\" class=\"img-fluid rounded w-100\" alt=\"\" srcset=\"https:\/\/actionaid.ch\/wp-content\/uploads\/2025\/06\/Vitali-1.jpg 340w, https:\/\/actionaid.ch\/wp-content\/uploads\/2025\/06\/Vitali-1-300x300.jpg 300w, https:\/\/actionaid.ch\/wp-content\/uploads\/2025\/06\/Vitali-1-150x150.jpg 150w\" sizes=\"auto, (max-width: 340px) 100vw, 340px\" \/>\n            <\/div> \n            <div class=\"col-md-10 pt-4\">\n              <p><strong>Claudia Vitali<\/strong><br \/>\nCorporate, Major Donor &amp; Philanthropy Officer ActionAid Switzerland<br \/>\n<a href=\"mailto:claudia.vitali@actionaid.org\">claudia.vitali@actionaid.org<\/a><br \/>\n<a href=\"tel:+393349836820\">+39 3349836820<\/a><\/p>\n\n            <\/div> \n          <\/div>\n              <\/div>\n      \n          \n    <\/div>\n  <\/div>\n<\/div>\n\n\n<div class=\"vidiemme-block basic-editor  \" >\n  \n  <div class=\"container-xl\">\n    <h6><em>Photocredits: ActionAid<\/em><\/h6>\n  <\/div>\n<\/div>\n","protected":false},"excerpt":{"rendered":"","protected":false},"author":2,"featured_media":2002,"parent":2356,"menu_order":107,"comment_status":"closed","ping_status":"closed","template":"","meta":{"_acf_changed":false,"footnotes":""},"class_list":["post-2523","page","type-page","status-publish","has-post-thumbnail","hentry"],"acf":[],"yoast_head":"<!-- This site is optimized with the Yoast SEO plugin v25.9 - https:\/\/yoast.com\/wordpress\/plugins\/seo\/ -->\n<title>Projet Jordanie - ActionAid Suisse<\/title>\n<meta name=\"description\" content=\"ActionAid a d\u00e9velopp\u00e9 un projet pour soutenir concr\u00e8tement les femmes victimes de harc\u00e8lement, d&#039;abus et de violence.\" \/>\n<meta name=\"robots\" content=\"index, follow, max-snippet:-1, max-image-preview:large, max-video-preview:-1\" \/>\n<link rel=\"canonical\" href=\"https:\/\/actionaid.ch\/fr\/notre-action\/projets-specifiques\/jordanie\/\" \/>\n<meta property=\"og:locale\" content=\"fr_FR\" \/>\n<meta property=\"og:type\" content=\"article\" \/>\n<meta property=\"og:title\" content=\"Projet Jordanie - ActionAid Suisse\" \/>\n<meta property=\"og:description\" content=\"ActionAid a d\u00e9velopp\u00e9 un projet pour soutenir concr\u00e8tement les femmes victimes de harc\u00e8lement, d&#039;abus et de violence.\" \/>\n<meta property=\"og:url\" content=\"https:\/\/actionaid.ch\/fr\/notre-action\/projets-specifiques\/jordanie\/\" \/>\n<meta property=\"og:site_name\" content=\"ActionAid\" \/>\n<meta property=\"article:publisher\" content=\"https:\/\/www.facebook.com\/ActionAidSwitzerland\/?locale=it_IT\" \/>\n<meta property=\"article:modified_time\" content=\"2026-03-25T11:40:03+00:00\" \/>\n<meta property=\"og:image\" content=\"https:\/\/actionaid.ch\/wp-content\/uploads\/2025\/05\/Donne_Giordania_Header.jpg\" \/>\n\t<meta property=\"og:image:width\" content=\"2014\" \/>\n\t<meta property=\"og:image:height\" content=\"924\" \/>\n\t<meta property=\"og:image:type\" content=\"image\/jpeg\" \/>\n<meta name=\"twitter:card\" content=\"summary_large_image\" \/>\n<meta name=\"twitter:label1\" content=\"Dur\u00e9e de lecture estim\u00e9e\" \/>\n\t<meta name=\"twitter:data1\" content=\"1 minute\" \/>\n<script type=\"application\/ld+json\" class=\"yoast-schema-graph\">{\"@context\":\"https:\/\/schema.org\",\"@graph\":[{\"@type\":\"WebPage\",\"@id\":\"https:\/\/actionaid.ch\/fr\/notre-action\/projets-specifiques\/jordanie\/\",\"url\":\"https:\/\/actionaid.ch\/fr\/notre-action\/projets-specifiques\/jordanie\/\",\"name\":\"Projet Jordanie - ActionAid Suisse\",\"isPartOf\":{\"@id\":\"https:\/\/actionaid.ch\/fr\/#website\"},\"primaryImageOfPage\":{\"@id\":\"https:\/\/actionaid.ch\/fr\/notre-action\/projets-specifiques\/jordanie\/#primaryimage\"},\"image\":{\"@id\":\"https:\/\/actionaid.ch\/fr\/notre-action\/projets-specifiques\/jordanie\/#primaryimage\"},\"thumbnailUrl\":\"https:\/\/actionaid.ch\/wp-content\/uploads\/2025\/05\/Donne_Giordania_Header.jpg\",\"datePublished\":\"2025-05-22T06:54:18+00:00\",\"dateModified\":\"2026-03-25T11:40:03+00:00\",\"description\":\"ActionAid a d\u00e9velopp\u00e9 un projet pour soutenir concr\u00e8tement les femmes victimes de harc\u00e8lement, d'abus et de violence.\",\"breadcrumb\":{\"@id\":\"https:\/\/actionaid.ch\/fr\/notre-action\/projets-specifiques\/jordanie\/#breadcrumb\"},\"inLanguage\":\"fr-FR\",\"potentialAction\":[{\"@type\":\"ReadAction\",\"target\":[\"https:\/\/actionaid.ch\/fr\/notre-action\/projets-specifiques\/jordanie\/\"]}]},{\"@type\":\"ImageObject\",\"inLanguage\":\"fr-FR\",\"@id\":\"https:\/\/actionaid.ch\/fr\/notre-action\/projets-specifiques\/jordanie\/#primaryimage\",\"url\":\"https:\/\/actionaid.ch\/wp-content\/uploads\/2025\/05\/Donne_Giordania_Header.jpg\",\"contentUrl\":\"https:\/\/actionaid.ch\/wp-content\/uploads\/2025\/05\/Donne_Giordania_Header.jpg\",\"width\":2014,\"height\":924},{\"@type\":\"BreadcrumbList\",\"@id\":\"https:\/\/actionaid.ch\/fr\/notre-action\/projets-specifiques\/jordanie\/#breadcrumb\",\"itemListElement\":[{\"@type\":\"ListItem\",\"position\":1,\"name\":\"Home\",\"item\":\"https:\/\/actionaid.ch\/fr\/\"},{\"@type\":\"ListItem\",\"position\":2,\"name\":\"Notre Action\",\"item\":\"https:\/\/actionaid.ch\/fr\/notre-action\/\"},{\"@type\":\"ListItem\",\"position\":3,\"name\":\"Projets\",\"item\":\"https:\/\/actionaid.ch\/fr\/notre-action\/projets-specifiques\/\"},{\"@type\":\"ListItem\",\"position\":4,\"name\":\"Jordanie\"}]},{\"@type\":\"WebSite\",\"@id\":\"https:\/\/actionaid.ch\/fr\/#website\",\"url\":\"https:\/\/actionaid.ch\/fr\/\",\"name\":\"ActionAid Svizzera\",\"description\":\"\",\"publisher\":{\"@id\":\"https:\/\/actionaid.ch\/fr\/#organization\"},\"potentialAction\":[{\"@type\":\"SearchAction\",\"target\":{\"@type\":\"EntryPoint\",\"urlTemplate\":\"https:\/\/actionaid.ch\/fr\/?s={search_term_string}\"},\"query-input\":{\"@type\":\"PropertyValueSpecification\",\"valueRequired\":true,\"valueName\":\"search_term_string\"}}],\"inLanguage\":\"fr-FR\"},{\"@type\":\"Organization\",\"@id\":\"https:\/\/actionaid.ch\/fr\/#organization\",\"name\":\"ActionAid Svizzera\",\"url\":\"https:\/\/actionaid.ch\/fr\/\",\"logo\":{\"@type\":\"ImageObject\",\"inLanguage\":\"fr-FR\",\"@id\":\"https:\/\/actionaid.ch\/fr\/#\/schema\/logo\/image\/\",\"url\":\"https:\/\/actionaid.ch\/wp-content\/uploads\/2025\/04\/Logo_rosso.png\",\"contentUrl\":\"https:\/\/actionaid.ch\/wp-content\/uploads\/2025\/04\/Logo_rosso.png\",\"width\":2331,\"height\":407,\"caption\":\"ActionAid Svizzera\"},\"image\":{\"@id\":\"https:\/\/actionaid.ch\/fr\/#\/schema\/logo\/image\/\"},\"sameAs\":[\"https:\/\/www.facebook.com\/ActionAidSwitzerland\/?locale=it_IT\",\"https:\/\/www.instagram.com\/actionaid_international\/?hl=en\"]}]}<\/script>\n<!-- \/ Yoast SEO plugin. -->","yoast_head_json":{"title":"Projet Jordanie - ActionAid Suisse","description":"ActionAid a d\u00e9velopp\u00e9 un projet pour soutenir concr\u00e8tement les femmes victimes de harc\u00e8lement, d'abus et de violence.","robots":{"index":"index","follow":"follow","max-snippet":"max-snippet:-1","max-image-preview":"max-image-preview:large","max-video-preview":"max-video-preview:-1"},"canonical":"https:\/\/actionaid.ch\/fr\/notre-action\/projets-specifiques\/jordanie\/","og_locale":"fr_FR","og_type":"article","og_title":"Projet Jordanie - ActionAid Suisse","og_description":"ActionAid a d\u00e9velopp\u00e9 un projet pour soutenir concr\u00e8tement les femmes victimes de harc\u00e8lement, d'abus et de violence.","og_url":"https:\/\/actionaid.ch\/fr\/notre-action\/projets-specifiques\/jordanie\/","og_site_name":"ActionAid","article_publisher":"https:\/\/www.facebook.com\/ActionAidSwitzerland\/?locale=it_IT","article_modified_time":"2026-03-25T11:40:03+00:00","og_image":[{"width":2014,"height":924,"url":"https:\/\/actionaid.ch\/wp-content\/uploads\/2025\/05\/Donne_Giordania_Header.jpg","type":"image\/jpeg"}],"twitter_card":"summary_large_image","twitter_misc":{"Dur\u00e9e de lecture estim\u00e9e":"1 minute"},"schema":{"@context":"https:\/\/schema.org","@graph":[{"@type":"WebPage","@id":"https:\/\/actionaid.ch\/fr\/notre-action\/projets-specifiques\/jordanie\/","url":"https:\/\/actionaid.ch\/fr\/notre-action\/projets-specifiques\/jordanie\/","name":"Projet Jordanie - ActionAid Suisse","isPartOf":{"@id":"https:\/\/actionaid.ch\/fr\/#website"},"primaryImageOfPage":{"@id":"https:\/\/actionaid.ch\/fr\/notre-action\/projets-specifiques\/jordanie\/#primaryimage"},"image":{"@id":"https:\/\/actionaid.ch\/fr\/notre-action\/projets-specifiques\/jordanie\/#primaryimage"},"thumbnailUrl":"https:\/\/actionaid.ch\/wp-content\/uploads\/2025\/05\/Donne_Giordania_Header.jpg","datePublished":"2025-05-22T06:54:18+00:00","dateModified":"2026-03-25T11:40:03+00:00","description":"ActionAid a d\u00e9velopp\u00e9 un projet pour soutenir concr\u00e8tement les femmes victimes de harc\u00e8lement, d'abus et de violence.","breadcrumb":{"@id":"https:\/\/actionaid.ch\/fr\/notre-action\/projets-specifiques\/jordanie\/#breadcrumb"},"inLanguage":"fr-FR","potentialAction":[{"@type":"ReadAction","target":["https:\/\/actionaid.ch\/fr\/notre-action\/projets-specifiques\/jordanie\/"]}]},{"@type":"ImageObject","inLanguage":"fr-FR","@id":"https:\/\/actionaid.ch\/fr\/notre-action\/projets-specifiques\/jordanie\/#primaryimage","url":"https:\/\/actionaid.ch\/wp-content\/uploads\/2025\/05\/Donne_Giordania_Header.jpg","contentUrl":"https:\/\/actionaid.ch\/wp-content\/uploads\/2025\/05\/Donne_Giordania_Header.jpg","width":2014,"height":924},{"@type":"BreadcrumbList","@id":"https:\/\/actionaid.ch\/fr\/notre-action\/projets-specifiques\/jordanie\/#breadcrumb","itemListElement":[{"@type":"ListItem","position":1,"name":"Home","item":"https:\/\/actionaid.ch\/fr\/"},{"@type":"ListItem","position":2,"name":"Notre Action","item":"https:\/\/actionaid.ch\/fr\/notre-action\/"},{"@type":"ListItem","position":3,"name":"Projets","item":"https:\/\/actionaid.ch\/fr\/notre-action\/projets-specifiques\/"},{"@type":"ListItem","position":4,"name":"Jordanie"}]},{"@type":"WebSite","@id":"https:\/\/actionaid.ch\/fr\/#website","url":"https:\/\/actionaid.ch\/fr\/","name":"ActionAid Svizzera","description":"","publisher":{"@id":"https:\/\/actionaid.ch\/fr\/#organization"},"potentialAction":[{"@type":"SearchAction","target":{"@type":"EntryPoint","urlTemplate":"https:\/\/actionaid.ch\/fr\/?s={search_term_string}"},"query-input":{"@type":"PropertyValueSpecification","valueRequired":true,"valueName":"search_term_string"}}],"inLanguage":"fr-FR"},{"@type":"Organization","@id":"https:\/\/actionaid.ch\/fr\/#organization","name":"ActionAid Svizzera","url":"https:\/\/actionaid.ch\/fr\/","logo":{"@type":"ImageObject","inLanguage":"fr-FR","@id":"https:\/\/actionaid.ch\/fr\/#\/schema\/logo\/image\/","url":"https:\/\/actionaid.ch\/wp-content\/uploads\/2025\/04\/Logo_rosso.png","contentUrl":"https:\/\/actionaid.ch\/wp-content\/uploads\/2025\/04\/Logo_rosso.png","width":2331,"height":407,"caption":"ActionAid Svizzera"},"image":{"@id":"https:\/\/actionaid.ch\/fr\/#\/schema\/logo\/image\/"},"sameAs":["https:\/\/www.facebook.com\/ActionAidSwitzerland\/?locale=it_IT","https:\/\/www.instagram.com\/actionaid_international\/?hl=en"]}]}},"_links":{"self":[{"href":"https:\/\/actionaid.ch\/fr\/wp-json\/wp\/v2\/pages\/2523","targetHints":{"allow":["GET"]}}],"collection":[{"href":"https:\/\/actionaid.ch\/fr\/wp-json\/wp\/v2\/pages"}],"about":[{"href":"https:\/\/actionaid.ch\/fr\/wp-json\/wp\/v2\/types\/page"}],"author":[{"embeddable":true,"href":"https:\/\/actionaid.ch\/fr\/wp-json\/wp\/v2\/users\/2"}],"replies":[{"embeddable":true,"href":"https:\/\/actionaid.ch\/fr\/wp-json\/wp\/v2\/comments?post=2523"}],"version-history":[{"count":6,"href":"https:\/\/actionaid.ch\/fr\/wp-json\/wp\/v2\/pages\/2523\/revisions"}],"predecessor-version":[{"id":17222,"href":"https:\/\/actionaid.ch\/fr\/wp-json\/wp\/v2\/pages\/2523\/revisions\/17222"}],"up":[{"embeddable":true,"href":"https:\/\/actionaid.ch\/fr\/wp-json\/wp\/v2\/pages\/2356"}],"wp:featuredmedia":[{"embeddable":true,"href":"https:\/\/actionaid.ch\/fr\/wp-json\/wp\/v2\/media\/2002"}],"wp:attachment":[{"href":"https:\/\/actionaid.ch\/fr\/wp-json\/wp\/v2\/media?parent=2523"}],"curies":[{"name":"wp","href":"https:\/\/api.w.org\/{rel}","templated":true}]}}