{"id":2506,"date":"2025-05-22T09:03:02","date_gmt":"2025-05-22T07:03:02","guid":{"rendered":"https:\/\/actionaid.ch\/?page_id=2506"},"modified":"2026-03-25T12:39:20","modified_gmt":"2026-03-25T11:39:20","slug":"republique-democratique-du-congo","status":"publish","type":"page","link":"https:\/\/actionaid.ch\/fr\/notre-action\/projets-specifiques\/republique-democratique-du-congo\/","title":{"rendered":"R\u00e9publique D\u00e9mocratique du Congo"},"content":{"rendered":"<div class=\"vidiemme-block basic-editor  \" >\n  \n  <div class=\"container-xl\">\n    <p>La R\u00e9publique D\u00e9mocratique du Congo (RDC) est aujourd\u2019hui le th\u00e9\u00e2tre de l\u2019une des crises humanitaires les plus graves, complexes et prolong\u00e9es au niveau mondial. Conflits arm\u00e9s r\u00e9currents, violences g\u00e9n\u00e9ralis\u00e9es et catastrophes naturelles bouleversent la vie de millions de personnes, provoquant des d\u00e9placements forc\u00e9s massifs et aggravant dramatiquement les conditions de survie.<\/p>\n<p><strong>Plus de 7 millions de personnes sont d\u00e9plac\u00e9es \u00e0 l\u2019int\u00e9rieur du pays<\/strong>, dont plus de 5,6 millions concentr\u00e9es dans les provinces orientales du Nord-Kivu, Sud-Kivu, Ituri et Tanganyika, des zones durement touch\u00e9es par la violence.<\/p>\n<p><strong>Environ 26 millions de personnes<\/strong> \u2013 soit pr\u00e8s d\u2019un quart de la population \u2013 <strong>souffrent d\u2019ins\u00e9curit\u00e9 alimentaire<\/strong> <strong>aigu\u00eb<\/strong>, tandis que 4,5 millions d\u2019enfants ainsi que des femmes enceintes ou allaitantes sont touch\u00e9s par la malnutrition aigu\u00eb.<\/p>\n<p><strong>795 000 enfants ne vont actuellement pas \u00e0 l\u2019\u00e9cole<\/strong>, en raison de la fermeture de plus de 2 500 \u00e9tablissements scolaires dans les provinces orientales, souvent d\u00e9truits, endommag\u00e9s ou transform\u00e9s en abris pour les d\u00e9plac\u00e9s.<\/p>\n<p><strong>37\u202f% des filles se marient avant l\u2019\u00e2ge de 18 ans<\/strong>, et une sur dix avant l\u2019\u00e2ge de 15 ans, compromettant irr\u00e9m\u00e9diablement leur droit \u00e0 l\u2019\u00e9ducation, \u00e0 la sant\u00e9 et \u00e0 une vie exempte de violences.<\/p>\n<p>Dans le contexte d\u2019un conflit qui multiplie les menaces \u2013 <strong>violences sexuelles, enr\u00f4lement forc\u00e9 de mineurs, attaques contre les \u00e9coles et les structures de sant\u00e9<\/strong> \u2013 l\u2019acc\u00e8s \u00e0 une \u00e9ducation s\u00fbre repr\u00e9sente non seulement un droit fondamental, mais aussi une forme essentielle de protection.<\/p>\n  <\/div>\n<\/div>\n\n\n<div class=\"vidiemme-block focused-content  \" >\n  \n  <div class=\"container-xl\">\n    <div class=\"title mb-4\">Que fait ActionAid ?<\/div>\n    \n    <div class=\"focused\">\n\n      \n            <div class=\"description\"><p><strong>Pr\u00e9sente en RDC depuis 2003,<\/strong> ActionAid travaille aux c\u00f4t\u00e9s des communaut\u00e9s les plus touch\u00e9es dans les territoires de l\u2019est du pays. Aujourd\u2019hui, nous mettons en \u0153uvre un vaste programme de protection dans<strong> 40 communaut\u00e9s de la province du Maniema (Sud-Kivu)<\/strong>, o\u00f9 vivent des milliers de personnes d\u00e9plac\u00e9es sans acc\u00e8s aux services de base ni \u00e0 l\u2019aide humanitaire.<\/p>\n<p><strong>L\u2019\u00e9ducation est une priorit\u00e9 absolue<\/strong> dans cette intervention : nous voulons garantir aux enfants une \u00e9ducation s\u00fbre, inclusive et de qualit\u00e9, tout en leur offrant un environnement protecteur capable de r\u00e9duire les risques d\u2019abus, de mariages pr\u00e9coces et d\u2019enr\u00f4lement forc\u00e9.<\/p>\n<p>Pour faire face aux nombreux obstacles qui entravent le droit \u00e0 l\u2019\u00e9ducation, nous travaillons \u00e0 :<\/p>\n<ul>\n<li>la r\u00e9habilitation des infrastructures scolaires,<\/li>\n<li>l\u2019appui \u00e9conomique aux familles les plus vuln\u00e9rables,<\/li>\n<li>la formation des enseignant\u00b7e\u00b7s,<\/li>\n<li>la promotion d\u2019un changement culturel mettant les filles et leurs droits au centre des priorit\u00e9s.<\/li>\n<\/ul>\n<p>C\u2019est seulement ainsi qu\u2019il sera possible de construire des communaut\u00e9s plus r\u00e9silientes et de garantir un avenir digne et libre pour toutes et tous.<\/p>\n<\/div>\n      \n      \n          \n    <\/div>\n  <\/div>\n<\/div>\n\n\n<div class=\"vidiemme-block focused-content my-5 \" >\n  \n  <div class=\"container-xl\">\n    <div class=\"title mb-4\">Vous \u00eates une Entreprise, une Fondation ou un Grand Donateur?<\/div>\n    \n    <div class=\"focused\">\n\n      \n            <div class=\"description\"><p>Si vous souhaitez soutenir nos projets ou obtenir plus d&rsquo;informations, n&rsquo;h\u00e9sitez pas \u00e0 nous contacter :<\/p>\n<\/div>\n      \n            <div class=\"footer-rows\">\n                  <div class=\"row mt-4\">   \n            <div class=\"col-md-2 pt-4\">\n              <!-- <img decoding=\"async\"  class=\"img-fluid rounded w-100\" src=\"https:\/\/actionaid.ch\/wp-content\/uploads\/2025\/06\/Vitali-1.jpg\" alt=\"\"> -->\n\n              \n              <img loading=\"lazy\" decoding=\"async\" width=\"340\" height=\"340\" src=\"https:\/\/actionaid.ch\/wp-content\/uploads\/2025\/06\/Vitali-1.jpg\" class=\"img-fluid rounded w-100\" alt=\"\" srcset=\"https:\/\/actionaid.ch\/wp-content\/uploads\/2025\/06\/Vitali-1.jpg 340w, https:\/\/actionaid.ch\/wp-content\/uploads\/2025\/06\/Vitali-1-300x300.jpg 300w, https:\/\/actionaid.ch\/wp-content\/uploads\/2025\/06\/Vitali-1-150x150.jpg 150w\" sizes=\"auto, (max-width: 340px) 100vw, 340px\" \/>\n            <\/div> \n            <div class=\"col-md-10 pt-4\">\n              <p><strong>Claudia Vitali<\/strong><br \/>\nCorporate, Major Donor &amp; Philanthropy Officer ActionAid Switzerland<br \/>\n<a href=\"mailto:claudia.vitali@actionaid.org\">claudia.vitali@actionaid.org<\/a><br \/>\n<a href=\"tel:+393349836820\">+39 3349836820<\/a><\/p>\n\n            <\/div> \n          <\/div>\n              <\/div>\n      \n          \n    <\/div>\n  <\/div>\n<\/div>\n\n\n<div class=\"vidiemme-block basic-editor  \" >\n  \n  <div class=\"container-xl\">\n    <h6><em>Photocredits: \u00a0ActionAid<\/em><\/h6>\n  <\/div>\n<\/div>\n","protected":false},"excerpt":{"rendered":"","protected":false},"author":2,"featured_media":1998,"parent":2356,"menu_order":103,"comment_status":"closed","ping_status":"closed","template":"","meta":{"_acf_changed":false,"footnotes":""},"class_list":["post-2506","page","type-page","status-publish","has-post-thumbnail","hentry"],"acf":[],"yoast_head":"<!-- This site is optimized with the Yoast SEO plugin v25.9 - https:\/\/yoast.com\/wordpress\/plugins\/seo\/ -->\n<title>Projet R\u00e9publique D\u00e9mocratique du Congo - ActionAid Suisse<\/title>\n<meta name=\"description\" content=\"Depuis 2003, nous mettons en \u0153uvre un programme de protection dans 40 communaut\u00e9s de la province de Maniema (Sud Kivu) : l&#039;\u00e9ducation est la priorit\u00e9 absolue.\" \/>\n<meta name=\"robots\" content=\"index, follow, max-snippet:-1, max-image-preview:large, max-video-preview:-1\" \/>\n<link rel=\"canonical\" href=\"https:\/\/actionaid.ch\/fr\/notre-action\/projets-specifiques\/republique-democratique-du-congo\/\" \/>\n<meta property=\"og:locale\" content=\"fr_FR\" \/>\n<meta property=\"og:type\" content=\"article\" \/>\n<meta property=\"og:title\" content=\"Projet R\u00e9publique D\u00e9mocratique du Congo - ActionAid Suisse\" \/>\n<meta property=\"og:description\" content=\"Depuis 2003, nous mettons en \u0153uvre un programme de protection dans 40 communaut\u00e9s de la province de Maniema (Sud Kivu) : l&#039;\u00e9ducation est la priorit\u00e9 absolue.\" \/>\n<meta property=\"og:url\" content=\"https:\/\/actionaid.ch\/fr\/notre-action\/projets-specifiques\/republique-democratique-du-congo\/\" \/>\n<meta property=\"og:site_name\" content=\"ActionAid\" \/>\n<meta property=\"article:publisher\" content=\"https:\/\/www.facebook.com\/ActionAidSwitzerland\/?locale=it_IT\" \/>\n<meta property=\"article:modified_time\" content=\"2026-03-25T11:39:20+00:00\" \/>\n<meta property=\"og:image\" content=\"https:\/\/actionaid.ch\/wp-content\/uploads\/2025\/05\/RPCongo_Header.jpg\" \/>\n\t<meta property=\"og:image:width\" content=\"2014\" \/>\n\t<meta property=\"og:image:height\" content=\"924\" \/>\n\t<meta property=\"og:image:type\" content=\"image\/jpeg\" \/>\n<meta name=\"twitter:card\" content=\"summary_large_image\" \/>\n<meta name=\"twitter:label1\" content=\"Dur\u00e9e de lecture estim\u00e9e\" \/>\n\t<meta name=\"twitter:data1\" content=\"1 minute\" \/>\n<script type=\"application\/ld+json\" class=\"yoast-schema-graph\">{\"@context\":\"https:\/\/schema.org\",\"@graph\":[{\"@type\":\"WebPage\",\"@id\":\"https:\/\/actionaid.ch\/fr\/notre-action\/projets-specifiques\/republique-democratique-du-congo\/\",\"url\":\"https:\/\/actionaid.ch\/fr\/notre-action\/projets-specifiques\/republique-democratique-du-congo\/\",\"name\":\"Projet R\u00e9publique D\u00e9mocratique du Congo - ActionAid Suisse\",\"isPartOf\":{\"@id\":\"https:\/\/actionaid.ch\/fr\/#website\"},\"primaryImageOfPage\":{\"@id\":\"https:\/\/actionaid.ch\/fr\/notre-action\/projets-specifiques\/republique-democratique-du-congo\/#primaryimage\"},\"image\":{\"@id\":\"https:\/\/actionaid.ch\/fr\/notre-action\/projets-specifiques\/republique-democratique-du-congo\/#primaryimage\"},\"thumbnailUrl\":\"https:\/\/actionaid.ch\/wp-content\/uploads\/2025\/05\/RPCongo_Header.jpg\",\"datePublished\":\"2025-05-22T07:03:02+00:00\",\"dateModified\":\"2026-03-25T11:39:20+00:00\",\"description\":\"Depuis 2003, nous mettons en \u0153uvre un programme de protection dans 40 communaut\u00e9s de la province de Maniema (Sud Kivu) : l'\u00e9ducation est la priorit\u00e9 absolue.\",\"breadcrumb\":{\"@id\":\"https:\/\/actionaid.ch\/fr\/notre-action\/projets-specifiques\/republique-democratique-du-congo\/#breadcrumb\"},\"inLanguage\":\"fr-FR\",\"potentialAction\":[{\"@type\":\"ReadAction\",\"target\":[\"https:\/\/actionaid.ch\/fr\/notre-action\/projets-specifiques\/republique-democratique-du-congo\/\"]}]},{\"@type\":\"ImageObject\",\"inLanguage\":\"fr-FR\",\"@id\":\"https:\/\/actionaid.ch\/fr\/notre-action\/projets-specifiques\/republique-democratique-du-congo\/#primaryimage\",\"url\":\"https:\/\/actionaid.ch\/wp-content\/uploads\/2025\/05\/RPCongo_Header.jpg\",\"contentUrl\":\"https:\/\/actionaid.ch\/wp-content\/uploads\/2025\/05\/RPCongo_Header.jpg\",\"width\":2014,\"height\":924},{\"@type\":\"BreadcrumbList\",\"@id\":\"https:\/\/actionaid.ch\/fr\/notre-action\/projets-specifiques\/republique-democratique-du-congo\/#breadcrumb\",\"itemListElement\":[{\"@type\":\"ListItem\",\"position\":1,\"name\":\"Home\",\"item\":\"https:\/\/actionaid.ch\/fr\/\"},{\"@type\":\"ListItem\",\"position\":2,\"name\":\"Notre Action\",\"item\":\"https:\/\/actionaid.ch\/fr\/notre-action\/\"},{\"@type\":\"ListItem\",\"position\":3,\"name\":\"Projets\",\"item\":\"https:\/\/actionaid.ch\/fr\/notre-action\/projets-specifiques\/\"},{\"@type\":\"ListItem\",\"position\":4,\"name\":\"R\u00e9publique D\u00e9mocratique du Congo\"}]},{\"@type\":\"WebSite\",\"@id\":\"https:\/\/actionaid.ch\/fr\/#website\",\"url\":\"https:\/\/actionaid.ch\/fr\/\",\"name\":\"ActionAid Svizzera\",\"description\":\"\",\"publisher\":{\"@id\":\"https:\/\/actionaid.ch\/fr\/#organization\"},\"potentialAction\":[{\"@type\":\"SearchAction\",\"target\":{\"@type\":\"EntryPoint\",\"urlTemplate\":\"https:\/\/actionaid.ch\/fr\/?s={search_term_string}\"},\"query-input\":{\"@type\":\"PropertyValueSpecification\",\"valueRequired\":true,\"valueName\":\"search_term_string\"}}],\"inLanguage\":\"fr-FR\"},{\"@type\":\"Organization\",\"@id\":\"https:\/\/actionaid.ch\/fr\/#organization\",\"name\":\"ActionAid Svizzera\",\"url\":\"https:\/\/actionaid.ch\/fr\/\",\"logo\":{\"@type\":\"ImageObject\",\"inLanguage\":\"fr-FR\",\"@id\":\"https:\/\/actionaid.ch\/fr\/#\/schema\/logo\/image\/\",\"url\":\"https:\/\/actionaid.ch\/wp-content\/uploads\/2025\/04\/Logo_rosso.png\",\"contentUrl\":\"https:\/\/actionaid.ch\/wp-content\/uploads\/2025\/04\/Logo_rosso.png\",\"width\":2331,\"height\":407,\"caption\":\"ActionAid Svizzera\"},\"image\":{\"@id\":\"https:\/\/actionaid.ch\/fr\/#\/schema\/logo\/image\/\"},\"sameAs\":[\"https:\/\/www.facebook.com\/ActionAidSwitzerland\/?locale=it_IT\",\"https:\/\/www.instagram.com\/actionaid_international\/?hl=en\"]}]}<\/script>\n<!-- \/ Yoast SEO plugin. -->","yoast_head_json":{"title":"Projet R\u00e9publique D\u00e9mocratique du Congo - ActionAid Suisse","description":"Depuis 2003, nous mettons en \u0153uvre un programme de protection dans 40 communaut\u00e9s de la province de Maniema (Sud Kivu) : l'\u00e9ducation est la priorit\u00e9 absolue.","robots":{"index":"index","follow":"follow","max-snippet":"max-snippet:-1","max-image-preview":"max-image-preview:large","max-video-preview":"max-video-preview:-1"},"canonical":"https:\/\/actionaid.ch\/fr\/notre-action\/projets-specifiques\/republique-democratique-du-congo\/","og_locale":"fr_FR","og_type":"article","og_title":"Projet R\u00e9publique D\u00e9mocratique du Congo - ActionAid Suisse","og_description":"Depuis 2003, nous mettons en \u0153uvre un programme de protection dans 40 communaut\u00e9s de la province de Maniema (Sud Kivu) : l'\u00e9ducation est la priorit\u00e9 absolue.","og_url":"https:\/\/actionaid.ch\/fr\/notre-action\/projets-specifiques\/republique-democratique-du-congo\/","og_site_name":"ActionAid","article_publisher":"https:\/\/www.facebook.com\/ActionAidSwitzerland\/?locale=it_IT","article_modified_time":"2026-03-25T11:39:20+00:00","og_image":[{"width":2014,"height":924,"url":"https:\/\/actionaid.ch\/wp-content\/uploads\/2025\/05\/RPCongo_Header.jpg","type":"image\/jpeg"}],"twitter_card":"summary_large_image","twitter_misc":{"Dur\u00e9e de lecture estim\u00e9e":"1 minute"},"schema":{"@context":"https:\/\/schema.org","@graph":[{"@type":"WebPage","@id":"https:\/\/actionaid.ch\/fr\/notre-action\/projets-specifiques\/republique-democratique-du-congo\/","url":"https:\/\/actionaid.ch\/fr\/notre-action\/projets-specifiques\/republique-democratique-du-congo\/","name":"Projet R\u00e9publique D\u00e9mocratique du Congo - ActionAid Suisse","isPartOf":{"@id":"https:\/\/actionaid.ch\/fr\/#website"},"primaryImageOfPage":{"@id":"https:\/\/actionaid.ch\/fr\/notre-action\/projets-specifiques\/republique-democratique-du-congo\/#primaryimage"},"image":{"@id":"https:\/\/actionaid.ch\/fr\/notre-action\/projets-specifiques\/republique-democratique-du-congo\/#primaryimage"},"thumbnailUrl":"https:\/\/actionaid.ch\/wp-content\/uploads\/2025\/05\/RPCongo_Header.jpg","datePublished":"2025-05-22T07:03:02+00:00","dateModified":"2026-03-25T11:39:20+00:00","description":"Depuis 2003, nous mettons en \u0153uvre un programme de protection dans 40 communaut\u00e9s de la province de Maniema (Sud Kivu) : l'\u00e9ducation est la priorit\u00e9 absolue.","breadcrumb":{"@id":"https:\/\/actionaid.ch\/fr\/notre-action\/projets-specifiques\/republique-democratique-du-congo\/#breadcrumb"},"inLanguage":"fr-FR","potentialAction":[{"@type":"ReadAction","target":["https:\/\/actionaid.ch\/fr\/notre-action\/projets-specifiques\/republique-democratique-du-congo\/"]}]},{"@type":"ImageObject","inLanguage":"fr-FR","@id":"https:\/\/actionaid.ch\/fr\/notre-action\/projets-specifiques\/republique-democratique-du-congo\/#primaryimage","url":"https:\/\/actionaid.ch\/wp-content\/uploads\/2025\/05\/RPCongo_Header.jpg","contentUrl":"https:\/\/actionaid.ch\/wp-content\/uploads\/2025\/05\/RPCongo_Header.jpg","width":2014,"height":924},{"@type":"BreadcrumbList","@id":"https:\/\/actionaid.ch\/fr\/notre-action\/projets-specifiques\/republique-democratique-du-congo\/#breadcrumb","itemListElement":[{"@type":"ListItem","position":1,"name":"Home","item":"https:\/\/actionaid.ch\/fr\/"},{"@type":"ListItem","position":2,"name":"Notre Action","item":"https:\/\/actionaid.ch\/fr\/notre-action\/"},{"@type":"ListItem","position":3,"name":"Projets","item":"https:\/\/actionaid.ch\/fr\/notre-action\/projets-specifiques\/"},{"@type":"ListItem","position":4,"name":"R\u00e9publique D\u00e9mocratique du Congo"}]},{"@type":"WebSite","@id":"https:\/\/actionaid.ch\/fr\/#website","url":"https:\/\/actionaid.ch\/fr\/","name":"ActionAid Svizzera","description":"","publisher":{"@id":"https:\/\/actionaid.ch\/fr\/#organization"},"potentialAction":[{"@type":"SearchAction","target":{"@type":"EntryPoint","urlTemplate":"https:\/\/actionaid.ch\/fr\/?s={search_term_string}"},"query-input":{"@type":"PropertyValueSpecification","valueRequired":true,"valueName":"search_term_string"}}],"inLanguage":"fr-FR"},{"@type":"Organization","@id":"https:\/\/actionaid.ch\/fr\/#organization","name":"ActionAid Svizzera","url":"https:\/\/actionaid.ch\/fr\/","logo":{"@type":"ImageObject","inLanguage":"fr-FR","@id":"https:\/\/actionaid.ch\/fr\/#\/schema\/logo\/image\/","url":"https:\/\/actionaid.ch\/wp-content\/uploads\/2025\/04\/Logo_rosso.png","contentUrl":"https:\/\/actionaid.ch\/wp-content\/uploads\/2025\/04\/Logo_rosso.png","width":2331,"height":407,"caption":"ActionAid Svizzera"},"image":{"@id":"https:\/\/actionaid.ch\/fr\/#\/schema\/logo\/image\/"},"sameAs":["https:\/\/www.facebook.com\/ActionAidSwitzerland\/?locale=it_IT","https:\/\/www.instagram.com\/actionaid_international\/?hl=en"]}]}},"_links":{"self":[{"href":"https:\/\/actionaid.ch\/fr\/wp-json\/wp\/v2\/pages\/2506","targetHints":{"allow":["GET"]}}],"collection":[{"href":"https:\/\/actionaid.ch\/fr\/wp-json\/wp\/v2\/pages"}],"about":[{"href":"https:\/\/actionaid.ch\/fr\/wp-json\/wp\/v2\/types\/page"}],"author":[{"embeddable":true,"href":"https:\/\/actionaid.ch\/fr\/wp-json\/wp\/v2\/users\/2"}],"replies":[{"embeddable":true,"href":"https:\/\/actionaid.ch\/fr\/wp-json\/wp\/v2\/comments?post=2506"}],"version-history":[{"count":8,"href":"https:\/\/actionaid.ch\/fr\/wp-json\/wp\/v2\/pages\/2506\/revisions"}],"predecessor-version":[{"id":17219,"href":"https:\/\/actionaid.ch\/fr\/wp-json\/wp\/v2\/pages\/2506\/revisions\/17219"}],"up":[{"embeddable":true,"href":"https:\/\/actionaid.ch\/fr\/wp-json\/wp\/v2\/pages\/2356"}],"wp:featuredmedia":[{"embeddable":true,"href":"https:\/\/actionaid.ch\/fr\/wp-json\/wp\/v2\/media\/1998"}],"wp:attachment":[{"href":"https:\/\/actionaid.ch\/fr\/wp-json\/wp\/v2\/media?parent=2506"}],"curies":[{"name":"wp","href":"https:\/\/api.w.org\/{rel}","templated":true}]}}