{"id":2362,"date":"2025-05-22T23:40:40","date_gmt":"2025-05-22T21:40:40","guid":{"rendered":"https:\/\/actionaid.ch\/?page_id=2362"},"modified":"2026-03-19T14:31:33","modified_gmt":"2026-03-19T13:31:33","slug":"situations-durgence","status":"publish","type":"page","link":"https:\/\/actionaid.ch\/fr\/notre-action\/situations-durgence\/","title":{"rendered":"Situations d&rsquo;urgence"},"content":{"rendered":"<div class=\"vidiemme-block page-launch  \" >\n  \n  <div class=\"container-xl\">\n    <div class=\"block-container\">\n  \n    <div class=\"container\">\n      <div class=\"row\">\n\n        <div class=\"col-md-6 d-flex align-items-center pb-4 order-0\">\n                          <!-- <img decoding=\"async\" src=\"https:\/\/actionaid.ch\/wp-content\/uploads\/2025\/06\/R297841.jpg\" alt=\"\" class=\"img-fluid rounded block-image\"> -->\n              <img loading=\"lazy\" decoding=\"async\" width=\"1067\" height=\"800\" src=\"https:\/\/actionaid.ch\/wp-content\/uploads\/2025\/06\/R297841.jpg\" class=\"img-fluid rounded block-image\" alt=\"\" srcset=\"https:\/\/actionaid.ch\/wp-content\/uploads\/2025\/06\/R297841.jpg 1067w, https:\/\/actionaid.ch\/wp-content\/uploads\/2025\/06\/R297841-300x225.jpg 300w, https:\/\/actionaid.ch\/wp-content\/uploads\/2025\/06\/R297841-1024x768.jpg 1024w, https:\/\/actionaid.ch\/wp-content\/uploads\/2025\/06\/R297841-768x576.jpg 768w\" sizes=\"auto, (max-width: 1067px) 100vw, 1067px\" \/>\n                    <\/div>\n\n        <div class=\"col-md-6 d-flex align-items-center pb-4 order-1\">\n\n          <div class=\"block-content\">\n                          <h2 class=\"block-title\">Chaque ann\u00e9e, plus de 300 millions de personnes sont touch\u00e9es par des catastrophes naturelles ou impliqu\u00e9es dans des conflits.<\/h2>\n                      \n                          <div class=\"block-description mt-4\"><div class=\"field field-intro\">\n<p>De nombreux pays o\u00f9 ActionAid travaille, comme le Rwanda, la Sierra Leone, le Liberia, l&rsquo;Afghanistan, Ha\u00efti, le Pakistan, l&rsquo;Inde, la bande de Gaza et la Syrie, sont ou ont \u00e9t\u00e9 r\u00e9cemment le th\u00e9\u00e2tre de guerres ou de catastrophes naturelles.<\/p>\n<p>Dans toutes ces situations, <strong>ActionAid travaille sur le long terme<\/strong>, dans le but <strong>d&rsquo;encourager la reconstruction sociale et \u00e9conomique<\/strong>, sans se limiter \u00e0 une intervention humanitaire, mais en intervenant sur les causes qui ont conduit \u00e0 la catastrophe ou au conflit ou qui les ont rendus si d\u00e9vastateurs.<\/p>\n<\/div>\n<\/div>\n            \n                      <\/div>\n\n        <\/div>\n        \n\n      <\/div>\n    <\/div>\n  \n\n<\/div>\n  <\/div>\n<\/div>\n\n\n\n<div style=\"height:30px\" aria-hidden=\"true\" class=\"wp-block-spacer\"><\/div>\n\n\n<div class=\"vidiemme-block basic-editor  \" >\n  \n  <div class=\"container-xl\">\n    <p>Nous nous engageons donc \u00e0 <strong>s\u00e9curiser les victimes<\/strong>, \u00e0 les impliquer directement dans la construction et \u00e0 <strong>d\u00e9finir avec elles des voies de d\u00e9veloppement durables<\/strong>, sans distinction d&rsquo;identit\u00e9, de sexe ou de religion.<\/p>\n<p>Le th\u00e8me de la <strong>s\u00e9curit\u00e9 humaine<\/strong> se d\u00e9cline en trois domaines:<\/p>\n<ul>\n<li>la r\u00e9duction des risques de catastrophe<\/li>\n<li>l&rsquo;intervention d&rsquo;urgence<\/li>\n<li>les conflits<\/li>\n<\/ul>\n  <\/div>\n<\/div>\n\n\n\n<div style=\"height:30px\" aria-hidden=\"true\" class=\"wp-block-spacer\"><\/div>\n\n\n<div class=\"vidiemme-block focused-content  \" >\n  \n  <div class=\"container-xl\">\n    <div class=\"title mb-4\">Nous prot\u00e9geons les droits des personnes vuln\u00e9rables en travaillant sur:<\/div>\n    \n    <div class=\"focused\">\n\n      \n            <div class=\"description\"><ul>\n<li>les politiques nationales et mondiales pour lutter contre les causes structurelles des catastrophes naturelles et d&rsquo;origine humaine,<\/li>\n<li>la pr\u00e9paration aux situations d&rsquo;urgence afin de renforcer la r\u00e9silience des communaut\u00e9s,<\/li>\n<li>l&rsquo;aide d&rsquo;urgence, la reconstruction et le rel\u00e8vement.<\/li>\n<\/ul>\n<\/div>\n      \n      \n          \n    <\/div>\n  <\/div>\n<\/div>\n\n\n\n<div style=\"height:30px\" aria-hidden=\"true\" class=\"wp-block-spacer\"><\/div>\n\n\n<div class=\"vidiemme-block basic-editor  \" >\n  \n  <div class=\"container-xl\">\n    <p>Nous savons que nous ne pouvons pas emp\u00eacher les catastrophes naturelles de se produire, mais <strong>nous pouvons nous assurer que les personnes les plus \u00e0 risque sont pr\u00eates \u00e0 y r\u00e9pondre<\/strong>. Notre approche repose sur trois principes :<\/p>\n  <\/div>\n<\/div>\n\n\n<div class=\"vidiemme-block icons-list  \" >\n  \n  <div class=\"container-xl\">\n    <div class=\"icons-list-wrapper\">\n              <div class=\"item pb-4 row\">\n                      <div class=\"col-3 col-md-2\">\n              <img decoding=\"async\" src=\"https:\/\/actionaid.ch\/wp-content\/uploads\/2025\/06\/icon_mappa.png\" alt=\"\" class=\"item-icon img-fluid\" \/>\n            <\/div>\n          \n          <div class=\"col\">\n                        <div class=\"item-title mb-2\">Nous privil\u00e9gions une r\u00e9ponse locale<\/div>\n            \n             \n            <div class=\"item-description\"><p>Nous travaillons avec les communaut\u00e9s locales pour identifier des solutions inclusives, durables et coh\u00e9rentes avec le contexte.<\/p>\n<\/div>\n                      <\/div>\n\n        <\/div>\n              <div class=\"item pb-4 row\">\n                      <div class=\"col-3 col-md-2\">\n              <img decoding=\"async\" src=\"https:\/\/actionaid.ch\/wp-content\/uploads\/2025\/06\/icon_donna.png\" alt=\"\" class=\"item-icon img-fluid\" \/>\n            <\/div>\n          \n          <div class=\"col\">\n                        <div class=\"item-title mb-2\">Nous soutenons le leadership des femmes<\/div>\n            \n             \n            <div class=\"item-description\"><p>Nous voulons que les femmes aient la possibilit\u00e9 de jouer un r\u00f4le actif dans les r\u00e9ponses humanitaires.<\/p>\n<\/div>\n                      <\/div>\n\n        <\/div>\n              <div class=\"item pb-4 row\">\n                      <div class=\"col-3 col-md-2\">\n              <img decoding=\"async\" src=\"https:\/\/actionaid.ch\/wp-content\/uploads\/2025\/06\/icon_megafono.png\" alt=\"\" class=\"item-icon img-fluid\" \/>\n            <\/div>\n          \n          <div class=\"col\">\n                        <div class=\"item-title mb-2\">Nous veillons \u00e0 ce que les communaut\u00e9s soient entendues<\/div>\n            \n             \n            <div class=\"item-description\"><p>Nous sommes engag\u00e9s avant, pendant et apr\u00e8s les urgences devant les autorit\u00e9s puisqu\u2019elles \u00e9coutent la voix des communaut\u00e9s les plus \u00e0 risque.<\/p>\n<p>&nbsp;<\/p>\n<\/div>\n                      <\/div>\n\n        <\/div>\n          <\/div>\n  <\/div>\n<\/div>\n\n\n<div class=\"vidiemme-block cta-band  \" >\n  \n  <div class=\"container-xl\">\n    <div class=\"row\">\n      \n      <div class=\"col align-content-center\">\n            <div class=\"title mb-4\">Contribuer au Fonds d&rsquo;urgence<\/div>\n      \n            <div class=\"link\">\n        <a href=\"https:\/\/actionaid.ch\/fr\/donation-forms\/fonds-durgence\/\" target=\"_blank\" class=\"btn btn-primary btn-lg btn-cta\">FAITES UN DON<\/a>\n      <\/div>\n            <\/div>\n    <\/div>\n  <\/div>\n<\/div>\n\n\n<div class=\"vidiemme-block basic-editor  \" >\n  \n  <div class=\"container-xl\">\n    <h6><em>Photocredits: ActionAid<\/em><\/h6>\n  <\/div>\n<\/div>\n","protected":false},"excerpt":{"rendered":"","protected":false},"author":2,"featured_media":0,"parent":2373,"menu_order":115,"comment_status":"closed","ping_status":"closed","template":"","meta":{"_acf_changed":false,"footnotes":""},"class_list":["post-2362","page","type-page","status-publish","hentry"],"acf":[],"yoast_head":"<!-- This site is optimized with the Yoast SEO plugin v25.9 - https:\/\/yoast.com\/wordpress\/plugins\/seo\/ -->\n<title>Situations d&#039;urgence - ActionAid Suisse<\/title>\n<meta name=\"description\" content=\"Chaque ann\u00e9e, plus de 300 millions de personnes sont touch\u00e9es par des catastrophes naturelles ou des conflits. ActionAid agit \u00e0 long terme.\" \/>\n<meta name=\"robots\" content=\"index, follow, max-snippet:-1, max-image-preview:large, max-video-preview:-1\" \/>\n<link rel=\"canonical\" href=\"https:\/\/actionaid.ch\/fr\/notre-action\/situations-durgence\/\" \/>\n<meta property=\"og:locale\" content=\"fr_FR\" \/>\n<meta property=\"og:type\" content=\"article\" \/>\n<meta property=\"og:title\" content=\"Situations d&#039;urgence - ActionAid Suisse\" \/>\n<meta property=\"og:description\" content=\"Chaque ann\u00e9e, plus de 300 millions de personnes sont touch\u00e9es par des catastrophes naturelles ou des conflits. ActionAid agit \u00e0 long terme.\" \/>\n<meta property=\"og:url\" content=\"https:\/\/actionaid.ch\/fr\/notre-action\/situations-durgence\/\" \/>\n<meta property=\"og:site_name\" content=\"ActionAid\" \/>\n<meta property=\"article:publisher\" content=\"https:\/\/www.facebook.com\/ActionAidSwitzerland\/?locale=it_IT\" \/>\n<meta property=\"article:modified_time\" content=\"2026-03-19T13:31:33+00:00\" \/>\n<meta name=\"twitter:card\" content=\"summary_large_image\" \/>\n<script type=\"application\/ld+json\" class=\"yoast-schema-graph\">{\"@context\":\"https:\/\/schema.org\",\"@graph\":[{\"@type\":\"WebPage\",\"@id\":\"https:\/\/actionaid.ch\/fr\/notre-action\/situations-durgence\/\",\"url\":\"https:\/\/actionaid.ch\/fr\/notre-action\/situations-durgence\/\",\"name\":\"Situations d'urgence - ActionAid Suisse\",\"isPartOf\":{\"@id\":\"https:\/\/actionaid.ch\/fr\/#website\"},\"datePublished\":\"2025-05-22T21:40:40+00:00\",\"dateModified\":\"2026-03-19T13:31:33+00:00\",\"description\":\"Chaque ann\u00e9e, plus de 300 millions de personnes sont touch\u00e9es par des catastrophes naturelles ou des conflits. ActionAid agit \u00e0 long terme.\",\"breadcrumb\":{\"@id\":\"https:\/\/actionaid.ch\/fr\/notre-action\/situations-durgence\/#breadcrumb\"},\"inLanguage\":\"fr-FR\",\"potentialAction\":[{\"@type\":\"ReadAction\",\"target\":[\"https:\/\/actionaid.ch\/fr\/notre-action\/situations-durgence\/\"]}]},{\"@type\":\"BreadcrumbList\",\"@id\":\"https:\/\/actionaid.ch\/fr\/notre-action\/situations-durgence\/#breadcrumb\",\"itemListElement\":[{\"@type\":\"ListItem\",\"position\":1,\"name\":\"Home\",\"item\":\"https:\/\/actionaid.ch\/fr\/\"},{\"@type\":\"ListItem\",\"position\":2,\"name\":\"Notre Action\",\"item\":\"https:\/\/actionaid.ch\/fr\/notre-action\/\"},{\"@type\":\"ListItem\",\"position\":3,\"name\":\"Situations d&#8217;urgence\"}]},{\"@type\":\"WebSite\",\"@id\":\"https:\/\/actionaid.ch\/fr\/#website\",\"url\":\"https:\/\/actionaid.ch\/fr\/\",\"name\":\"ActionAid Svizzera\",\"description\":\"\",\"publisher\":{\"@id\":\"https:\/\/actionaid.ch\/fr\/#organization\"},\"potentialAction\":[{\"@type\":\"SearchAction\",\"target\":{\"@type\":\"EntryPoint\",\"urlTemplate\":\"https:\/\/actionaid.ch\/fr\/?s={search_term_string}\"},\"query-input\":{\"@type\":\"PropertyValueSpecification\",\"valueRequired\":true,\"valueName\":\"search_term_string\"}}],\"inLanguage\":\"fr-FR\"},{\"@type\":\"Organization\",\"@id\":\"https:\/\/actionaid.ch\/fr\/#organization\",\"name\":\"ActionAid Svizzera\",\"url\":\"https:\/\/actionaid.ch\/fr\/\",\"logo\":{\"@type\":\"ImageObject\",\"inLanguage\":\"fr-FR\",\"@id\":\"https:\/\/actionaid.ch\/fr\/#\/schema\/logo\/image\/\",\"url\":\"https:\/\/actionaid.ch\/wp-content\/uploads\/2025\/04\/Logo_rosso.png\",\"contentUrl\":\"https:\/\/actionaid.ch\/wp-content\/uploads\/2025\/04\/Logo_rosso.png\",\"width\":2331,\"height\":407,\"caption\":\"ActionAid Svizzera\"},\"image\":{\"@id\":\"https:\/\/actionaid.ch\/fr\/#\/schema\/logo\/image\/\"},\"sameAs\":[\"https:\/\/www.facebook.com\/ActionAidSwitzerland\/?locale=it_IT\",\"https:\/\/www.instagram.com\/actionaid_international\/?hl=en\"]}]}<\/script>\n<!-- \/ Yoast SEO plugin. -->","yoast_head_json":{"title":"Situations d'urgence - ActionAid Suisse","description":"Chaque ann\u00e9e, plus de 300 millions de personnes sont touch\u00e9es par des catastrophes naturelles ou des conflits. ActionAid agit \u00e0 long terme.","robots":{"index":"index","follow":"follow","max-snippet":"max-snippet:-1","max-image-preview":"max-image-preview:large","max-video-preview":"max-video-preview:-1"},"canonical":"https:\/\/actionaid.ch\/fr\/notre-action\/situations-durgence\/","og_locale":"fr_FR","og_type":"article","og_title":"Situations d'urgence - ActionAid Suisse","og_description":"Chaque ann\u00e9e, plus de 300 millions de personnes sont touch\u00e9es par des catastrophes naturelles ou des conflits. ActionAid agit \u00e0 long terme.","og_url":"https:\/\/actionaid.ch\/fr\/notre-action\/situations-durgence\/","og_site_name":"ActionAid","article_publisher":"https:\/\/www.facebook.com\/ActionAidSwitzerland\/?locale=it_IT","article_modified_time":"2026-03-19T13:31:33+00:00","twitter_card":"summary_large_image","schema":{"@context":"https:\/\/schema.org","@graph":[{"@type":"WebPage","@id":"https:\/\/actionaid.ch\/fr\/notre-action\/situations-durgence\/","url":"https:\/\/actionaid.ch\/fr\/notre-action\/situations-durgence\/","name":"Situations d'urgence - ActionAid Suisse","isPartOf":{"@id":"https:\/\/actionaid.ch\/fr\/#website"},"datePublished":"2025-05-22T21:40:40+00:00","dateModified":"2026-03-19T13:31:33+00:00","description":"Chaque ann\u00e9e, plus de 300 millions de personnes sont touch\u00e9es par des catastrophes naturelles ou des conflits. ActionAid agit \u00e0 long terme.","breadcrumb":{"@id":"https:\/\/actionaid.ch\/fr\/notre-action\/situations-durgence\/#breadcrumb"},"inLanguage":"fr-FR","potentialAction":[{"@type":"ReadAction","target":["https:\/\/actionaid.ch\/fr\/notre-action\/situations-durgence\/"]}]},{"@type":"BreadcrumbList","@id":"https:\/\/actionaid.ch\/fr\/notre-action\/situations-durgence\/#breadcrumb","itemListElement":[{"@type":"ListItem","position":1,"name":"Home","item":"https:\/\/actionaid.ch\/fr\/"},{"@type":"ListItem","position":2,"name":"Notre Action","item":"https:\/\/actionaid.ch\/fr\/notre-action\/"},{"@type":"ListItem","position":3,"name":"Situations d&#8217;urgence"}]},{"@type":"WebSite","@id":"https:\/\/actionaid.ch\/fr\/#website","url":"https:\/\/actionaid.ch\/fr\/","name":"ActionAid Svizzera","description":"","publisher":{"@id":"https:\/\/actionaid.ch\/fr\/#organization"},"potentialAction":[{"@type":"SearchAction","target":{"@type":"EntryPoint","urlTemplate":"https:\/\/actionaid.ch\/fr\/?s={search_term_string}"},"query-input":{"@type":"PropertyValueSpecification","valueRequired":true,"valueName":"search_term_string"}}],"inLanguage":"fr-FR"},{"@type":"Organization","@id":"https:\/\/actionaid.ch\/fr\/#organization","name":"ActionAid Svizzera","url":"https:\/\/actionaid.ch\/fr\/","logo":{"@type":"ImageObject","inLanguage":"fr-FR","@id":"https:\/\/actionaid.ch\/fr\/#\/schema\/logo\/image\/","url":"https:\/\/actionaid.ch\/wp-content\/uploads\/2025\/04\/Logo_rosso.png","contentUrl":"https:\/\/actionaid.ch\/wp-content\/uploads\/2025\/04\/Logo_rosso.png","width":2331,"height":407,"caption":"ActionAid Svizzera"},"image":{"@id":"https:\/\/actionaid.ch\/fr\/#\/schema\/logo\/image\/"},"sameAs":["https:\/\/www.facebook.com\/ActionAidSwitzerland\/?locale=it_IT","https:\/\/www.instagram.com\/actionaid_international\/?hl=en"]}]}},"_links":{"self":[{"href":"https:\/\/actionaid.ch\/fr\/wp-json\/wp\/v2\/pages\/2362","targetHints":{"allow":["GET"]}}],"collection":[{"href":"https:\/\/actionaid.ch\/fr\/wp-json\/wp\/v2\/pages"}],"about":[{"href":"https:\/\/actionaid.ch\/fr\/wp-json\/wp\/v2\/types\/page"}],"author":[{"embeddable":true,"href":"https:\/\/actionaid.ch\/fr\/wp-json\/wp\/v2\/users\/2"}],"replies":[{"embeddable":true,"href":"https:\/\/actionaid.ch\/fr\/wp-json\/wp\/v2\/comments?post=2362"}],"version-history":[{"count":6,"href":"https:\/\/actionaid.ch\/fr\/wp-json\/wp\/v2\/pages\/2362\/revisions"}],"predecessor-version":[{"id":16984,"href":"https:\/\/actionaid.ch\/fr\/wp-json\/wp\/v2\/pages\/2362\/revisions\/16984"}],"up":[{"embeddable":true,"href":"https:\/\/actionaid.ch\/fr\/wp-json\/wp\/v2\/pages\/2373"}],"wp:attachment":[{"href":"https:\/\/actionaid.ch\/fr\/wp-json\/wp\/v2\/media?parent=2362"}],"curies":[{"name":"wp","href":"https:\/\/api.w.org\/{rel}","templated":true}]}}