{"id":2348,"date":"2025-05-22T23:43:45","date_gmt":"2025-05-22T21:43:45","guid":{"rendered":"https:\/\/actionaid.ch\/?page_id=2348"},"modified":"2026-03-19T17:48:26","modified_gmt":"2026-03-19T16:48:26","slug":"ou-nous-intervenons","status":"publish","type":"page","link":"https:\/\/actionaid.ch\/fr\/notre-action\/ou-nous-intervenons\/","title":{"rendered":"O\u00f9 nous intervenons"},"content":{"rendered":"<div class=\"vidiemme-block basic-editor  \" >\n  \n  <div class=\"container-xl\">\n    <h1><span style=\"color: #ed1c24;\">Nous sommes pr\u00e9sents dans 75 pays \u00e0 travers le monde.<\/span><\/h1>\n<p>Depuis 1972, nous travaillons aux c\u00f4t\u00e9s des communaut\u00e9s les plus vuln\u00e9rables en Afrique, en Asie, en Am\u00e9rique latine et au Moyen-Orient pour garantir le respect de leurs droits et lutter contre la pauvret\u00e9 et les in\u00e9galit\u00e9s.<\/p>\n<p>En 2024, nous avons soutenu plus de 45 millions de personnes, en accordant une attention particuli\u00e8re aux femmes et aux filles dans leur parcours vers l\u2019autonomie et la dignit\u00e9.<\/p>\n<p><strong>Faire partie d\u2019un r\u00e9seau international nous permet d\u2019agir aux niveaux local, national et mondial avec des interventions cibl\u00e9es et ancr\u00e9es dans les contextes o\u00f9 nous op\u00e9rons.<\/strong><\/p>\n<p>Nous adoptons une approche fond\u00e9e sur les droits humains et la participation : nous n\u2019apportons pas de solutions de l\u2019ext\u00e9rieur, mais <strong>travaillons avec les communaut\u00e9s<\/strong> en renfor\u00e7ant leur capacit\u00e9 \u00e0 agir et \u00e0 revendiquer leurs droits. Nous impliquons l\u2019ensemble de la communaut\u00e9 (hommes, femmes, enfants, familles, institutions et leaders religieux), car seule une action collective permet de s\u2019attaquer aux causes profondes des injustices et de g\u00e9n\u00e9rer un changement durable.<\/p>\n<p><strong><span style=\"color: #ed1c24;\">Notre objectif final ? <\/span>Ne plus \u00eatre n\u00e9cessaires<\/strong> dans les pays o\u00f9 nous travaillons. Cela signifie que les communaut\u00e9s sont devenues autonomes et capables de construire leur propre avenir.<\/p>\n<h2><\/h2>\n<h2>O\u00f9 nous sommes pr\u00e9sents dans le monde<\/h2>\n  <\/div>\n<\/div>\n\n\n\n<figure class=\"wp-block-image size-full\"><img decoding=\"async\" width=\"1920\" height=\"1080\" src=\"https:\/\/actionaid.ch\/wp-content\/uploads\/2025\/10\/AA-Federation-Map-FR_small.png\" alt=\"ActionAid International Federation map - fr\" class=\"wp-image-15296\" srcset=\"https:\/\/actionaid.ch\/wp-content\/uploads\/2025\/10\/AA-Federation-Map-FR_small.png 1920w, https:\/\/actionaid.ch\/wp-content\/uploads\/2025\/10\/AA-Federation-Map-FR_small-300x169.png 300w, https:\/\/actionaid.ch\/wp-content\/uploads\/2025\/10\/AA-Federation-Map-FR_small-1024x576.png 1024w, https:\/\/actionaid.ch\/wp-content\/uploads\/2025\/10\/AA-Federation-Map-FR_small-768x432.png 768w, https:\/\/actionaid.ch\/wp-content\/uploads\/2025\/10\/AA-Federation-Map-FR_small-1536x864.png 1536w\" sizes=\"(max-width: 1920px) 100vw, 1920px\" \/><\/figure>\n","protected":false},"excerpt":{"rendered":"","protected":false},"author":2,"featured_media":0,"parent":2373,"menu_order":87,"comment_status":"closed","ping_status":"closed","template":"","meta":{"_acf_changed":false,"footnotes":""},"class_list":["post-2348","page","type-page","status-publish","hentry"],"acf":[],"yoast_head":"<!-- This site is optimized with the Yoast SEO plugin v25.9 - https:\/\/yoast.com\/wordpress\/plugins\/seo\/ -->\n<title>O\u00f9 nous intervenons - ActionAid Suisse<\/title>\n<meta name=\"description\" content=\"Pr\u00e9sents dans 75 pays, nous travaillons avec les communaut\u00e9s pour lutter contre la pauvret\u00e9 et les in\u00e9galit\u00e9s et soutenir les femmes.\" \/>\n<meta name=\"robots\" content=\"index, follow, max-snippet:-1, max-image-preview:large, max-video-preview:-1\" \/>\n<link rel=\"canonical\" href=\"https:\/\/actionaid.ch\/fr\/notre-action\/ou-nous-intervenons\/\" \/>\n<meta property=\"og:locale\" content=\"fr_FR\" \/>\n<meta property=\"og:type\" content=\"article\" \/>\n<meta property=\"og:title\" content=\"O\u00f9 nous intervenons - ActionAid Suisse\" \/>\n<meta property=\"og:description\" content=\"Pr\u00e9sents dans 75 pays, nous travaillons avec les communaut\u00e9s pour lutter contre la pauvret\u00e9 et les in\u00e9galit\u00e9s et soutenir les femmes.\" \/>\n<meta property=\"og:url\" content=\"https:\/\/actionaid.ch\/fr\/notre-action\/ou-nous-intervenons\/\" \/>\n<meta property=\"og:site_name\" content=\"ActionAid\" \/>\n<meta property=\"article:publisher\" content=\"https:\/\/www.facebook.com\/ActionAidSwitzerland\/?locale=it_IT\" \/>\n<meta property=\"article:modified_time\" content=\"2026-03-19T16:48:26+00:00\" \/>\n<meta property=\"og:image\" content=\"https:\/\/actionaid.ch\/wp-content\/uploads\/2025\/10\/AA-Federation-Map-FR_small.png\" \/>\n\t<meta property=\"og:image:width\" content=\"1920\" \/>\n\t<meta property=\"og:image:height\" content=\"1080\" \/>\n\t<meta property=\"og:image:type\" content=\"image\/png\" \/>\n<meta name=\"twitter:card\" content=\"summary_large_image\" \/>\n<meta name=\"twitter:label1\" content=\"Dur\u00e9e de lecture estim\u00e9e\" \/>\n\t<meta name=\"twitter:data1\" content=\"1 minute\" \/>\n<script type=\"application\/ld+json\" class=\"yoast-schema-graph\">{\"@context\":\"https:\/\/schema.org\",\"@graph\":[{\"@type\":\"WebPage\",\"@id\":\"https:\/\/actionaid.ch\/fr\/notre-action\/ou-nous-intervenons\/\",\"url\":\"https:\/\/actionaid.ch\/fr\/notre-action\/ou-nous-intervenons\/\",\"name\":\"O\u00f9 nous intervenons - ActionAid Suisse\",\"isPartOf\":{\"@id\":\"https:\/\/actionaid.ch\/fr\/#website\"},\"primaryImageOfPage\":{\"@id\":\"https:\/\/actionaid.ch\/fr\/notre-action\/ou-nous-intervenons\/#primaryimage\"},\"image\":{\"@id\":\"https:\/\/actionaid.ch\/fr\/notre-action\/ou-nous-intervenons\/#primaryimage\"},\"thumbnailUrl\":\"https:\/\/actionaid.ch\/wp-content\/uploads\/2025\/10\/AA-Federation-Map-FR_small.png\",\"datePublished\":\"2025-05-22T21:43:45+00:00\",\"dateModified\":\"2026-03-19T16:48:26+00:00\",\"description\":\"Pr\u00e9sents dans 75 pays, nous travaillons avec les communaut\u00e9s pour lutter contre la pauvret\u00e9 et les in\u00e9galit\u00e9s et soutenir les femmes.\",\"breadcrumb\":{\"@id\":\"https:\/\/actionaid.ch\/fr\/notre-action\/ou-nous-intervenons\/#breadcrumb\"},\"inLanguage\":\"fr-FR\",\"potentialAction\":[{\"@type\":\"ReadAction\",\"target\":[\"https:\/\/actionaid.ch\/fr\/notre-action\/ou-nous-intervenons\/\"]}]},{\"@type\":\"ImageObject\",\"inLanguage\":\"fr-FR\",\"@id\":\"https:\/\/actionaid.ch\/fr\/notre-action\/ou-nous-intervenons\/#primaryimage\",\"url\":\"https:\/\/actionaid.ch\/wp-content\/uploads\/2025\/10\/AA-Federation-Map-FR_small.png\",\"contentUrl\":\"https:\/\/actionaid.ch\/wp-content\/uploads\/2025\/10\/AA-Federation-Map-FR_small.png\"},{\"@type\":\"BreadcrumbList\",\"@id\":\"https:\/\/actionaid.ch\/fr\/notre-action\/ou-nous-intervenons\/#breadcrumb\",\"itemListElement\":[{\"@type\":\"ListItem\",\"position\":1,\"name\":\"Home\",\"item\":\"https:\/\/actionaid.ch\/fr\/\"},{\"@type\":\"ListItem\",\"position\":2,\"name\":\"Notre Action\",\"item\":\"https:\/\/actionaid.ch\/fr\/notre-action\/\"},{\"@type\":\"ListItem\",\"position\":3,\"name\":\"O\u00f9 nous intervenons\"}]},{\"@type\":\"WebSite\",\"@id\":\"https:\/\/actionaid.ch\/fr\/#website\",\"url\":\"https:\/\/actionaid.ch\/fr\/\",\"name\":\"ActionAid Svizzera\",\"description\":\"\",\"publisher\":{\"@id\":\"https:\/\/actionaid.ch\/fr\/#organization\"},\"potentialAction\":[{\"@type\":\"SearchAction\",\"target\":{\"@type\":\"EntryPoint\",\"urlTemplate\":\"https:\/\/actionaid.ch\/fr\/?s={search_term_string}\"},\"query-input\":{\"@type\":\"PropertyValueSpecification\",\"valueRequired\":true,\"valueName\":\"search_term_string\"}}],\"inLanguage\":\"fr-FR\"},{\"@type\":\"Organization\",\"@id\":\"https:\/\/actionaid.ch\/fr\/#organization\",\"name\":\"ActionAid Svizzera\",\"url\":\"https:\/\/actionaid.ch\/fr\/\",\"logo\":{\"@type\":\"ImageObject\",\"inLanguage\":\"fr-FR\",\"@id\":\"https:\/\/actionaid.ch\/fr\/#\/schema\/logo\/image\/\",\"url\":\"https:\/\/actionaid.ch\/wp-content\/uploads\/2025\/04\/Logo_rosso.png\",\"contentUrl\":\"https:\/\/actionaid.ch\/wp-content\/uploads\/2025\/04\/Logo_rosso.png\",\"width\":2331,\"height\":407,\"caption\":\"ActionAid Svizzera\"},\"image\":{\"@id\":\"https:\/\/actionaid.ch\/fr\/#\/schema\/logo\/image\/\"},\"sameAs\":[\"https:\/\/www.facebook.com\/ActionAidSwitzerland\/?locale=it_IT\",\"https:\/\/www.instagram.com\/actionaid_international\/?hl=en\"]}]}<\/script>\n<!-- \/ Yoast SEO plugin. -->","yoast_head_json":{"title":"O\u00f9 nous intervenons - ActionAid Suisse","description":"Pr\u00e9sents dans 75 pays, nous travaillons avec les communaut\u00e9s pour lutter contre la pauvret\u00e9 et les in\u00e9galit\u00e9s et soutenir les femmes.","robots":{"index":"index","follow":"follow","max-snippet":"max-snippet:-1","max-image-preview":"max-image-preview:large","max-video-preview":"max-video-preview:-1"},"canonical":"https:\/\/actionaid.ch\/fr\/notre-action\/ou-nous-intervenons\/","og_locale":"fr_FR","og_type":"article","og_title":"O\u00f9 nous intervenons - ActionAid Suisse","og_description":"Pr\u00e9sents dans 75 pays, nous travaillons avec les communaut\u00e9s pour lutter contre la pauvret\u00e9 et les in\u00e9galit\u00e9s et soutenir les femmes.","og_url":"https:\/\/actionaid.ch\/fr\/notre-action\/ou-nous-intervenons\/","og_site_name":"ActionAid","article_publisher":"https:\/\/www.facebook.com\/ActionAidSwitzerland\/?locale=it_IT","article_modified_time":"2026-03-19T16:48:26+00:00","og_image":[{"width":1920,"height":1080,"url":"https:\/\/actionaid.ch\/wp-content\/uploads\/2025\/10\/AA-Federation-Map-FR_small.png","type":"image\/png"}],"twitter_card":"summary_large_image","twitter_misc":{"Dur\u00e9e de lecture estim\u00e9e":"1 minute"},"schema":{"@context":"https:\/\/schema.org","@graph":[{"@type":"WebPage","@id":"https:\/\/actionaid.ch\/fr\/notre-action\/ou-nous-intervenons\/","url":"https:\/\/actionaid.ch\/fr\/notre-action\/ou-nous-intervenons\/","name":"O\u00f9 nous intervenons - ActionAid Suisse","isPartOf":{"@id":"https:\/\/actionaid.ch\/fr\/#website"},"primaryImageOfPage":{"@id":"https:\/\/actionaid.ch\/fr\/notre-action\/ou-nous-intervenons\/#primaryimage"},"image":{"@id":"https:\/\/actionaid.ch\/fr\/notre-action\/ou-nous-intervenons\/#primaryimage"},"thumbnailUrl":"https:\/\/actionaid.ch\/wp-content\/uploads\/2025\/10\/AA-Federation-Map-FR_small.png","datePublished":"2025-05-22T21:43:45+00:00","dateModified":"2026-03-19T16:48:26+00:00","description":"Pr\u00e9sents dans 75 pays, nous travaillons avec les communaut\u00e9s pour lutter contre la pauvret\u00e9 et les in\u00e9galit\u00e9s et soutenir les femmes.","breadcrumb":{"@id":"https:\/\/actionaid.ch\/fr\/notre-action\/ou-nous-intervenons\/#breadcrumb"},"inLanguage":"fr-FR","potentialAction":[{"@type":"ReadAction","target":["https:\/\/actionaid.ch\/fr\/notre-action\/ou-nous-intervenons\/"]}]},{"@type":"ImageObject","inLanguage":"fr-FR","@id":"https:\/\/actionaid.ch\/fr\/notre-action\/ou-nous-intervenons\/#primaryimage","url":"https:\/\/actionaid.ch\/wp-content\/uploads\/2025\/10\/AA-Federation-Map-FR_small.png","contentUrl":"https:\/\/actionaid.ch\/wp-content\/uploads\/2025\/10\/AA-Federation-Map-FR_small.png"},{"@type":"BreadcrumbList","@id":"https:\/\/actionaid.ch\/fr\/notre-action\/ou-nous-intervenons\/#breadcrumb","itemListElement":[{"@type":"ListItem","position":1,"name":"Home","item":"https:\/\/actionaid.ch\/fr\/"},{"@type":"ListItem","position":2,"name":"Notre Action","item":"https:\/\/actionaid.ch\/fr\/notre-action\/"},{"@type":"ListItem","position":3,"name":"O\u00f9 nous intervenons"}]},{"@type":"WebSite","@id":"https:\/\/actionaid.ch\/fr\/#website","url":"https:\/\/actionaid.ch\/fr\/","name":"ActionAid Svizzera","description":"","publisher":{"@id":"https:\/\/actionaid.ch\/fr\/#organization"},"potentialAction":[{"@type":"SearchAction","target":{"@type":"EntryPoint","urlTemplate":"https:\/\/actionaid.ch\/fr\/?s={search_term_string}"},"query-input":{"@type":"PropertyValueSpecification","valueRequired":true,"valueName":"search_term_string"}}],"inLanguage":"fr-FR"},{"@type":"Organization","@id":"https:\/\/actionaid.ch\/fr\/#organization","name":"ActionAid Svizzera","url":"https:\/\/actionaid.ch\/fr\/","logo":{"@type":"ImageObject","inLanguage":"fr-FR","@id":"https:\/\/actionaid.ch\/fr\/#\/schema\/logo\/image\/","url":"https:\/\/actionaid.ch\/wp-content\/uploads\/2025\/04\/Logo_rosso.png","contentUrl":"https:\/\/actionaid.ch\/wp-content\/uploads\/2025\/04\/Logo_rosso.png","width":2331,"height":407,"caption":"ActionAid Svizzera"},"image":{"@id":"https:\/\/actionaid.ch\/fr\/#\/schema\/logo\/image\/"},"sameAs":["https:\/\/www.facebook.com\/ActionAidSwitzerland\/?locale=it_IT","https:\/\/www.instagram.com\/actionaid_international\/?hl=en"]}]}},"_links":{"self":[{"href":"https:\/\/actionaid.ch\/fr\/wp-json\/wp\/v2\/pages\/2348","targetHints":{"allow":["GET"]}}],"collection":[{"href":"https:\/\/actionaid.ch\/fr\/wp-json\/wp\/v2\/pages"}],"about":[{"href":"https:\/\/actionaid.ch\/fr\/wp-json\/wp\/v2\/types\/page"}],"author":[{"embeddable":true,"href":"https:\/\/actionaid.ch\/fr\/wp-json\/wp\/v2\/users\/2"}],"replies":[{"embeddable":true,"href":"https:\/\/actionaid.ch\/fr\/wp-json\/wp\/v2\/comments?post=2348"}],"version-history":[{"count":0,"href":"https:\/\/actionaid.ch\/fr\/wp-json\/wp\/v2\/pages\/2348\/revisions"}],"up":[{"embeddable":true,"href":"https:\/\/actionaid.ch\/fr\/wp-json\/wp\/v2\/pages\/2373"}],"wp:attachment":[{"href":"https:\/\/actionaid.ch\/fr\/wp-json\/wp\/v2\/media?parent=2348"}],"curies":[{"name":"wp","href":"https:\/\/api.w.org\/{rel}","templated":true}]}}