{"id":2322,"date":"2025-05-21T23:01:56","date_gmt":"2025-05-21T21:01:56","guid":{"rendered":"https:\/\/actionaid.ch\/?page_id=2322"},"modified":"2026-03-19T11:14:22","modified_gmt":"2026-03-19T10:14:22","slug":"organisation","status":"publish","type":"page","link":"https:\/\/actionaid.ch\/fr\/a-propos-de-nous\/organisation\/","title":{"rendered":"L\u2019organisation"},"content":{"rendered":"<div class=\"vidiemme-block page-launch  \" >\n  \n  <div class=\"container-xl\">\n    <div class=\"block-container\">\n  \n    <div class=\"container\">\n      <div class=\"row\">\n\n        <div class=\"col-md-6 d-flex align-items-center pb-4 order-0\">\n                          <!-- <img decoding=\"async\" src=\"https:\/\/actionaid.ch\/wp-content\/uploads\/2025\/05\/R285572.jpg\" alt=\"\" class=\"img-fluid rounded block-image\"> -->\n              <img decoding=\"async\" width=\"1199\" height=\"800\" src=\"https:\/\/actionaid.ch\/wp-content\/uploads\/2025\/05\/R285572.jpg\" class=\"img-fluid rounded block-image\" alt=\"\" srcset=\"https:\/\/actionaid.ch\/wp-content\/uploads\/2025\/05\/R285572.jpg 1199w, https:\/\/actionaid.ch\/wp-content\/uploads\/2025\/05\/R285572-300x200.jpg 300w, https:\/\/actionaid.ch\/wp-content\/uploads\/2025\/05\/R285572-1024x683.jpg 1024w, https:\/\/actionaid.ch\/wp-content\/uploads\/2025\/05\/R285572-768x512.jpg 768w\" sizes=\"(max-width: 1199px) 100vw, 1199px\" \/>\n                    <\/div>\n\n        <div class=\"col-md-6 d-flex align-items-center pb-4 order-1\">\n\n          <div class=\"block-content\">\n                      \n                          <div class=\"block-description mt-4\"><p>ActionAid est une organisation ind\u00e9pendante, dot\u00e9e de <strong>45 bureaux<\/strong> dans le monde et pr\u00e9sente dans <strong>75 pays<\/strong>.<br \/>\nGr\u00e2ce \u00e0 notre f\u00e9d\u00e9ration, nous sommes en mesure d\u2019intervenir dans de nombreux contextes locaux \u00e0 travers le monde, en apportant des comp\u00e9tences techniques et une solide exp\u00e9rience dans la mise en \u0153uvre de projets de grande envergure. Nous assurons une ex\u00e9cution efficace des projets gr\u00e2ce \u00e0 des proc\u00e9dures bien \u00e9tablies, une transparence totale et une pleine conformit\u00e9, tout en agissant en ad\u00e9quation avec les besoins et les sp\u00e9cificit\u00e9s locales.<\/p>\n<p>L\u2019<strong><span style=\"color: #ed1c24;\">association<\/span> <span style=\"color: #ed1c24;\">ActionAid Switzerland<\/span><\/strong> a \u00e9t\u00e9 l\u00e9galement constitu\u00e9e le 18 f\u00e9vrier <strong>2013<\/strong> \u00e0 <strong>Lugano<\/strong> et est inscrite au <strong>Registre du Commerce du Tessin<\/strong>. Elle est dirig\u00e9e par un Comit\u00e9 directeur et une Assembl\u00e9e des membres, et soumise \u00e0 une r\u00e9vision comptable limit\u00e9e.<\/p>\n<\/div>\n            \n                      <\/div>\n\n        <\/div>\n        \n\n      <\/div>\n    <\/div>\n  \n\n<\/div>\n  <\/div>\n<\/div>\n\n\n\n<div style=\"height:50px\" aria-hidden=\"true\" class=\"wp-block-spacer\"><\/div>\n\n\n<div class=\"vidiemme-block faq-band  \" >\n  \n  <div class=\"container-xl\">\n    <div class=\"title mb-4\">Notre organisation en Suisse<\/div>\n    \n\n          <div class=\"accordion\" id=\"accordion-69d731027aca1\">\n              <div class=\"accordion-item\">\n          <div class=\"accordion-header\">\n            <button class=\"accordion-button collapsed\" type=\"button\" data-bs-toggle=\"collapse\" data-bs-target=\"#accordion-69d731027aca1-0\" aria-expanded=\"true\" aria-controls=\"accordion-69d731027aca1-0\">\n              <h3>Le Pr\u00e9sident Giulio Gianetti<\/h3>\n            <\/button>\n          <\/div>\n          <div id=\"accordion-69d731027aca1-0\" class=\"accordion-collapse collapse\" data-bs-parent=\"#accordion-69d731027aca1\">\n            <div class=\"accordion-body\">\n              <p>Il est le repr\u00e9sentant l\u00e9gal de l\u2019association et assure l\u2019accomplissement de toutes les obligations administratives et l\u00e9gales. Nomm\u00e9 par le Comit\u00e9 Directeur parmi les membres du Comit\u00e9 Directeur, tous \u00e9lus par l\u2019Assembl\u00e9e des Membres. Son mandat a une dur\u00e9e de 3 ans et est toujours renouvelable. Il pr\u00e9side le Comit\u00e9 Directeur et l\u2019Assembl\u00e9e des Membres, dont il convoque et coordonne les travaux.<\/p>\n\n            <\/div>\n          <\/div>\n        <\/div>\n\n              <div class=\"accordion-item\">\n          <div class=\"accordion-header\">\n            <button class=\"accordion-button collapsed\" type=\"button\" data-bs-toggle=\"collapse\" data-bs-target=\"#accordion-69d731027aca1-1\" aria-expanded=\"true\" aria-controls=\"accordion-69d731027aca1-1\">\n              <h3>Le Comit\u00e9 Directeur<\/h3>\n            <\/button>\n          <\/div>\n          <div id=\"accordion-69d731027aca1-1\" class=\"accordion-collapse collapse\" data-bs-parent=\"#accordion-69d731027aca1\">\n            <div class=\"accordion-body\">\n              <p>Giulio Gianetti (Pr\u00e9sident) \u2013 Sara Bertolai \u2013 Lorenzo Eusepi \u2013 Katia Scannavini \u2013 Chiara Colombo. C\u2019est l\u2019organe qui administre l\u2019association et d\u00e9cide de l\u2019admission de nouveaux Membres. Il doit \u00eatre compos\u00e9 d\u2019un minimum d\u2019un \u00e0 un maximum de cinq membres, qui restent en fonction pendant 3 ans et sont toujours r\u00e9\u00e9ligibles. Selon les Statuts, le Comit\u00e9 Directeur se r\u00e9unit au moins une fois tous les 6 mois, ou lorsque le Pr\u00e9sident le juge opportun ou qu\u2019une demande est faite par la majorit\u00e9 de ses membres.<\/p>\n\n            <\/div>\n          <\/div>\n        <\/div>\n\n              <div class=\"accordion-item\">\n          <div class=\"accordion-header\">\n            <button class=\"accordion-button collapsed\" type=\"button\" data-bs-toggle=\"collapse\" data-bs-target=\"#accordion-69d731027aca1-2\" aria-expanded=\"true\" aria-controls=\"accordion-69d731027aca1-2\">\n              <h3>L\u2019Assembl\u00e9e des Membres<\/h3>\n            <\/button>\n          <\/div>\n          <div id=\"accordion-69d731027aca1-2\" class=\"accordion-collapse collapse\" data-bs-parent=\"#accordion-69d731027aca1\">\n            <div class=\"accordion-body\">\n              <p>ActionAid International Italia E.T.S. \u2013 Sara Bertolai \u2013 Lorenzo Eusepi \u2013 Katia Scannavini \u2013 Chiara Colombo. C\u2019est l\u2019organe supr\u00eame de l\u2019association et en tant que tel d\u00e9termine ses lignes politiques et programmatiques, identifiant les orientations et objectifs g\u00e9n\u00e9raux consid\u00e9r\u00e9s n\u00e9cessaires \u00e0 la r\u00e9alisation des finalit\u00e9s statutaires. Elle se r\u00e9unit au moins une fois par an pour approuver le budget et chaque fois qu\u2019une demande motiv\u00e9e est faite. L\u2019Assembl\u00e9e des Membres est convoqu\u00e9e avec la pr\u00e9sence d\u2019au moins la moiti\u00e9 plus un des Membres et d\u00e9lib\u00e8re \u00e0 la majorit\u00e9 des voix des pr\u00e9sents. Chaque membre a droit \u00e0 une voix.<\/p>\n\n            <\/div>\n          <\/div>\n        <\/div>\n\n              <div class=\"accordion-item\">\n          <div class=\"accordion-header\">\n            <button class=\"accordion-button collapsed\" type=\"button\" data-bs-toggle=\"collapse\" data-bs-target=\"#accordion-69d731027aca1-3\" aria-expanded=\"true\" aria-controls=\"accordion-69d731027aca1-3\">\n              <h3>Le r\u00e9viseur des comptes<\/h3>\n            <\/button>\n          <\/div>\n          <div id=\"accordion-69d731027aca1-3\" class=\"accordion-collapse collapse\" data-bs-parent=\"#accordion-69d731027aca1\">\n            <div class=\"accordion-body\">\n              <p>Il est \u00e9lu chaque ann\u00e9e par l\u2019Assembl\u00e9e des membres pour v\u00e9rifier la comptabilit\u00e9 de l\u2019association. Actuellement, le r\u00e9viseur est la soci\u00e9t\u00e9 Ladif SA.<\/p>\n\n            <\/div>\n          <\/div>\n        <\/div>\n\n            <\/div>\n  <\/div>\n<\/div>\n\n\n\n<div style=\"height:50px\" aria-hidden=\"true\" class=\"wp-block-spacer\"><\/div>\n\n\n<div class=\"vidiemme-block focused-content  \" >\n  \n  <div class=\"container-xl\">\n    <div class=\"focused\">\n\n      \n      \n      \n            <div class=\"attachments\">\n                  <div class=\"attachment mb-4\">   \n            <a href=\"https:\/\/actionaid.ch\/wp-content\/uploads\/2025\/06\/AACH_Statute_en.pdf\" target=\"_blank\">\n              <img decoding=\"async\" class=\"img-fluid me-1 icon-download\" src=\"https:\/\/actionaid.ch\/wp-content\/themes\/actionaid\/public\/build\/assets\/icon-download-hKxZcR7I.svg\" alt=\"T\u00e9l\u00e9charge le fichier\">\n              \n              Statuts\n            <\/a>\n          <\/div>\n                  <div class=\"attachment mb-4\">   \n            <a href=\"https:\/\/actionaid.ch\/wp-content\/uploads\/2025\/06\/AACH_Costitution_fr.pdf\" target=\"_blank\">\n              <img decoding=\"async\" class=\"img-fluid me-1 icon-download\" src=\"https:\/\/actionaid.ch\/wp-content\/themes\/actionaid\/public\/build\/assets\/icon-download-hKxZcR7I.svg\" alt=\"T\u00e9l\u00e9charge le fichier\">\n              \n              Acte de Constitution\n            <\/a>\n          <\/div>\n                  <div class=\"attachment mb-4\">   \n            <a href=\"https:\/\/actionaid.ch\/wp-content\/uploads\/2025\/06\/AA-CH_Code-of-Ethics.pdf\" target=\"_blank\">\n              <img decoding=\"async\" class=\"img-fluid me-1 icon-download\" src=\"https:\/\/actionaid.ch\/wp-content\/themes\/actionaid\/public\/build\/assets\/icon-download-hKxZcR7I.svg\" alt=\"T\u00e9l\u00e9charge le fichier\">\n              \n              Code de Conduite \u00c9thique\n            <\/a>\n          <\/div>\n              <\/div>\n          \n    <\/div>\n  <\/div>\n<\/div>\n\n\n<div class=\"vidiemme-block cta-band  \" >\n  \n  <div class=\"container-xl\">\n    <div class=\"row\">\n      \n      <div class=\"col align-content-center\">\n            <div class=\"title mb-4\">Notre travail est bas\u00e9 sur les communaut\u00e9s<\/div>\n      \n            <div class=\"link\">\n        <a href=\"https:\/\/actionaid.ch\/fr\/notre-action\/\" target=\"\" class=\"btn btn-primary btn-lg btn-cta\">En savoir plus sur notre action<\/a>\n      <\/div>\n            <\/div>\n    <\/div>\n  <\/div>\n<\/div>\n\n\n<div class=\"vidiemme-block basic-editor  \" >\n  \n  <div class=\"container-xl\">\n    <h6><em>Photocredits: Esther Mbabazi\/ActionAid<\/em><\/h6>\n  <\/div>\n<\/div>\n","protected":false},"excerpt":{"rendered":"","protected":false},"author":2,"featured_media":0,"parent":2233,"menu_order":27,"comment_status":"closed","ping_status":"closed","template":"","meta":{"_acf_changed":false,"footnotes":""},"class_list":["post-2322","page","type-page","status-publish","hentry"],"acf":[],"yoast_head":"<!-- This site is optimized with the Yoast SEO plugin v25.9 - https:\/\/yoast.com\/wordpress\/plugins\/seo\/ -->\n<title>L\u2019organisation - ActionAid Suisse<\/title>\n<meta name=\"description\" content=\"ActionAid Switzerland fait partie d&#039;une F\u00e9d\u00e9ration Internationale pr\u00e9sente dans plus de 70 pays. D\u00e9couvrez comment nous sommes organis\u00e9s.\" \/>\n<meta name=\"robots\" content=\"index, follow, max-snippet:-1, max-image-preview:large, max-video-preview:-1\" \/>\n<link rel=\"canonical\" href=\"https:\/\/actionaid.ch\/fr\/a-propos-de-nous\/organisation\/\" \/>\n<meta property=\"og:locale\" content=\"fr_FR\" \/>\n<meta property=\"og:type\" content=\"article\" \/>\n<meta property=\"og:title\" content=\"L\u2019organisation - ActionAid Suisse\" \/>\n<meta property=\"og:description\" content=\"ActionAid Switzerland fait partie d&#039;une F\u00e9d\u00e9ration Internationale pr\u00e9sente dans plus de 70 pays. D\u00e9couvrez comment nous sommes organis\u00e9s.\" \/>\n<meta property=\"og:url\" content=\"https:\/\/actionaid.ch\/fr\/a-propos-de-nous\/organisation\/\" \/>\n<meta property=\"og:site_name\" content=\"ActionAid\" \/>\n<meta property=\"article:publisher\" content=\"https:\/\/www.facebook.com\/ActionAidSwitzerland\/?locale=it_IT\" \/>\n<meta property=\"article:modified_time\" content=\"2026-03-19T10:14:22+00:00\" \/>\n<meta name=\"twitter:card\" content=\"summary_large_image\" \/>\n<script type=\"application\/ld+json\" class=\"yoast-schema-graph\">{\"@context\":\"https:\/\/schema.org\",\"@graph\":[{\"@type\":\"WebPage\",\"@id\":\"https:\/\/actionaid.ch\/fr\/a-propos-de-nous\/organisation\/\",\"url\":\"https:\/\/actionaid.ch\/fr\/a-propos-de-nous\/organisation\/\",\"name\":\"L\u2019organisation - ActionAid Suisse\",\"isPartOf\":{\"@id\":\"https:\/\/actionaid.ch\/fr\/#website\"},\"datePublished\":\"2025-05-21T21:01:56+00:00\",\"dateModified\":\"2026-03-19T10:14:22+00:00\",\"description\":\"ActionAid Switzerland fait partie d'une F\u00e9d\u00e9ration Internationale pr\u00e9sente dans plus de 70 pays. D\u00e9couvrez comment nous sommes organis\u00e9s.\",\"breadcrumb\":{\"@id\":\"https:\/\/actionaid.ch\/fr\/a-propos-de-nous\/organisation\/#breadcrumb\"},\"inLanguage\":\"fr-FR\",\"potentialAction\":[{\"@type\":\"ReadAction\",\"target\":[\"https:\/\/actionaid.ch\/fr\/a-propos-de-nous\/organisation\/\"]}]},{\"@type\":\"BreadcrumbList\",\"@id\":\"https:\/\/actionaid.ch\/fr\/a-propos-de-nous\/organisation\/#breadcrumb\",\"itemListElement\":[{\"@type\":\"ListItem\",\"position\":1,\"name\":\"Home\",\"item\":\"https:\/\/actionaid.ch\/fr\/\"},{\"@type\":\"ListItem\",\"position\":2,\"name\":\"\u00c0 propos de nous\",\"item\":\"https:\/\/actionaid.ch\/fr\/a-propos-de-nous\/\"},{\"@type\":\"ListItem\",\"position\":3,\"name\":\"L\u2019organisation\"}]},{\"@type\":\"WebSite\",\"@id\":\"https:\/\/actionaid.ch\/fr\/#website\",\"url\":\"https:\/\/actionaid.ch\/fr\/\",\"name\":\"ActionAid Svizzera\",\"description\":\"\",\"publisher\":{\"@id\":\"https:\/\/actionaid.ch\/fr\/#organization\"},\"potentialAction\":[{\"@type\":\"SearchAction\",\"target\":{\"@type\":\"EntryPoint\",\"urlTemplate\":\"https:\/\/actionaid.ch\/fr\/?s={search_term_string}\"},\"query-input\":{\"@type\":\"PropertyValueSpecification\",\"valueRequired\":true,\"valueName\":\"search_term_string\"}}],\"inLanguage\":\"fr-FR\"},{\"@type\":\"Organization\",\"@id\":\"https:\/\/actionaid.ch\/fr\/#organization\",\"name\":\"ActionAid Svizzera\",\"url\":\"https:\/\/actionaid.ch\/fr\/\",\"logo\":{\"@type\":\"ImageObject\",\"inLanguage\":\"fr-FR\",\"@id\":\"https:\/\/actionaid.ch\/fr\/#\/schema\/logo\/image\/\",\"url\":\"https:\/\/actionaid.ch\/wp-content\/uploads\/2025\/04\/Logo_rosso.png\",\"contentUrl\":\"https:\/\/actionaid.ch\/wp-content\/uploads\/2025\/04\/Logo_rosso.png\",\"width\":2331,\"height\":407,\"caption\":\"ActionAid Svizzera\"},\"image\":{\"@id\":\"https:\/\/actionaid.ch\/fr\/#\/schema\/logo\/image\/\"},\"sameAs\":[\"https:\/\/www.facebook.com\/ActionAidSwitzerland\/?locale=it_IT\",\"https:\/\/www.instagram.com\/actionaid_international\/?hl=en\"]}]}<\/script>\n<!-- \/ Yoast SEO plugin. -->","yoast_head_json":{"title":"L\u2019organisation - ActionAid Suisse","description":"ActionAid Switzerland fait partie d'une F\u00e9d\u00e9ration Internationale pr\u00e9sente dans plus de 70 pays. D\u00e9couvrez comment nous sommes organis\u00e9s.","robots":{"index":"index","follow":"follow","max-snippet":"max-snippet:-1","max-image-preview":"max-image-preview:large","max-video-preview":"max-video-preview:-1"},"canonical":"https:\/\/actionaid.ch\/fr\/a-propos-de-nous\/organisation\/","og_locale":"fr_FR","og_type":"article","og_title":"L\u2019organisation - ActionAid Suisse","og_description":"ActionAid Switzerland fait partie d'une F\u00e9d\u00e9ration Internationale pr\u00e9sente dans plus de 70 pays. D\u00e9couvrez comment nous sommes organis\u00e9s.","og_url":"https:\/\/actionaid.ch\/fr\/a-propos-de-nous\/organisation\/","og_site_name":"ActionAid","article_publisher":"https:\/\/www.facebook.com\/ActionAidSwitzerland\/?locale=it_IT","article_modified_time":"2026-03-19T10:14:22+00:00","twitter_card":"summary_large_image","schema":{"@context":"https:\/\/schema.org","@graph":[{"@type":"WebPage","@id":"https:\/\/actionaid.ch\/fr\/a-propos-de-nous\/organisation\/","url":"https:\/\/actionaid.ch\/fr\/a-propos-de-nous\/organisation\/","name":"L\u2019organisation - ActionAid Suisse","isPartOf":{"@id":"https:\/\/actionaid.ch\/fr\/#website"},"datePublished":"2025-05-21T21:01:56+00:00","dateModified":"2026-03-19T10:14:22+00:00","description":"ActionAid Switzerland fait partie d'une F\u00e9d\u00e9ration Internationale pr\u00e9sente dans plus de 70 pays. D\u00e9couvrez comment nous sommes organis\u00e9s.","breadcrumb":{"@id":"https:\/\/actionaid.ch\/fr\/a-propos-de-nous\/organisation\/#breadcrumb"},"inLanguage":"fr-FR","potentialAction":[{"@type":"ReadAction","target":["https:\/\/actionaid.ch\/fr\/a-propos-de-nous\/organisation\/"]}]},{"@type":"BreadcrumbList","@id":"https:\/\/actionaid.ch\/fr\/a-propos-de-nous\/organisation\/#breadcrumb","itemListElement":[{"@type":"ListItem","position":1,"name":"Home","item":"https:\/\/actionaid.ch\/fr\/"},{"@type":"ListItem","position":2,"name":"\u00c0 propos de nous","item":"https:\/\/actionaid.ch\/fr\/a-propos-de-nous\/"},{"@type":"ListItem","position":3,"name":"L\u2019organisation"}]},{"@type":"WebSite","@id":"https:\/\/actionaid.ch\/fr\/#website","url":"https:\/\/actionaid.ch\/fr\/","name":"ActionAid Svizzera","description":"","publisher":{"@id":"https:\/\/actionaid.ch\/fr\/#organization"},"potentialAction":[{"@type":"SearchAction","target":{"@type":"EntryPoint","urlTemplate":"https:\/\/actionaid.ch\/fr\/?s={search_term_string}"},"query-input":{"@type":"PropertyValueSpecification","valueRequired":true,"valueName":"search_term_string"}}],"inLanguage":"fr-FR"},{"@type":"Organization","@id":"https:\/\/actionaid.ch\/fr\/#organization","name":"ActionAid Svizzera","url":"https:\/\/actionaid.ch\/fr\/","logo":{"@type":"ImageObject","inLanguage":"fr-FR","@id":"https:\/\/actionaid.ch\/fr\/#\/schema\/logo\/image\/","url":"https:\/\/actionaid.ch\/wp-content\/uploads\/2025\/04\/Logo_rosso.png","contentUrl":"https:\/\/actionaid.ch\/wp-content\/uploads\/2025\/04\/Logo_rosso.png","width":2331,"height":407,"caption":"ActionAid Svizzera"},"image":{"@id":"https:\/\/actionaid.ch\/fr\/#\/schema\/logo\/image\/"},"sameAs":["https:\/\/www.facebook.com\/ActionAidSwitzerland\/?locale=it_IT","https:\/\/www.instagram.com\/actionaid_international\/?hl=en"]}]}},"_links":{"self":[{"href":"https:\/\/actionaid.ch\/fr\/wp-json\/wp\/v2\/pages\/2322","targetHints":{"allow":["GET"]}}],"collection":[{"href":"https:\/\/actionaid.ch\/fr\/wp-json\/wp\/v2\/pages"}],"about":[{"href":"https:\/\/actionaid.ch\/fr\/wp-json\/wp\/v2\/types\/page"}],"author":[{"embeddable":true,"href":"https:\/\/actionaid.ch\/fr\/wp-json\/wp\/v2\/users\/2"}],"replies":[{"embeddable":true,"href":"https:\/\/actionaid.ch\/fr\/wp-json\/wp\/v2\/comments?post=2322"}],"version-history":[{"count":9,"href":"https:\/\/actionaid.ch\/fr\/wp-json\/wp\/v2\/pages\/2322\/revisions"}],"predecessor-version":[{"id":16915,"href":"https:\/\/actionaid.ch\/fr\/wp-json\/wp\/v2\/pages\/2322\/revisions\/16915"}],"up":[{"embeddable":true,"href":"https:\/\/actionaid.ch\/fr\/wp-json\/wp\/v2\/pages\/2233"}],"wp:attachment":[{"href":"https:\/\/actionaid.ch\/fr\/wp-json\/wp\/v2\/media?parent=2322"}],"curies":[{"name":"wp","href":"https:\/\/api.w.org\/{rel}","templated":true}]}}