{"id":2317,"date":"2025-05-21T22:54:23","date_gmt":"2025-05-21T20:54:23","guid":{"rendered":"https:\/\/actionaid.ch\/?page_id=2317"},"modified":"2026-04-15T15:33:54","modified_gmt":"2026-04-15T13:33:54","slug":"mission-et-valeurs","status":"publish","type":"page","link":"https:\/\/actionaid.ch\/fr\/a-propos-de-nous\/mission-et-valeurs\/","title":{"rendered":"Mission et Valeurs"},"content":{"rendered":"<div class=\"vidiemme-block page-launch  \" >\n  \n  <div class=\"container-xl\">\n    <div class=\"block-container\">\n  \n    <div class=\"container\">\n      <div class=\"row\">\n\n        <div class=\"col-md-6 d-flex align-items-center pb-4 order-0\">\n                          <!-- <img decoding=\"async\" src=\"https:\/\/actionaid.ch\/wp-content\/uploads\/2026\/04\/R309495.jpg\" alt=\"\" class=\"img-fluid rounded block-image\"> -->\n              <img loading=\"lazy\" decoding=\"async\" width=\"1067\" height=\"800\" src=\"https:\/\/actionaid.ch\/wp-content\/uploads\/2026\/04\/R309495.jpg\" class=\"img-fluid rounded block-image\" alt=\"\" srcset=\"https:\/\/actionaid.ch\/wp-content\/uploads\/2026\/04\/R309495.jpg 1067w, https:\/\/actionaid.ch\/wp-content\/uploads\/2026\/04\/R309495-300x225.jpg 300w, https:\/\/actionaid.ch\/wp-content\/uploads\/2026\/04\/R309495-1024x768.jpg 1024w, https:\/\/actionaid.ch\/wp-content\/uploads\/2026\/04\/R309495-768x576.jpg 768w\" sizes=\"auto, (max-width: 1067px) 100vw, 1067px\" style=\"object-position: 50% 50%;\" \/>\n                    <\/div>\n\n        <div class=\"col-md-6 d-flex align-items-center pb-4 order-1\">\n\n          <div class=\"block-content\">\n                          <h2 class=\"block-title\">Aux c\u00f4t\u00e9s de plus de 45,2 millions de personnes dans le monde.<\/h2>\n                      \n                          <div class=\"block-description mt-4\"><p>Nous nous effor\u00e7ons de garantir aux personnes une vie pleine, digne et juste, dans le respect de leurs droits. Nous adoptons une approche fond\u00e9e sur la protection des droits de l&rsquo;homme et la participation de la communaut\u00e9.<\/p>\n<p>Notre <span style=\"color: #ed1c24;\"><strong>vision<\/strong><\/span>: un <strong>monde \u00e9quitable et juste<\/strong>\u00a0o\u00f9 chaque personne jouit du droit \u00e0 une vie digne et est lib\u00e9r\u00e9e de la pauvret\u00e9 et de l&rsquo;oppression.<\/p>\n<p>Notre <span style=\"color: #ed1c24;\"><strong>mission<\/strong><\/span>: parvenir \u00e0 la <strong>justice sociale<\/strong>, \u00e0 <strong>l&rsquo;\u00e9galit\u00e9<\/strong> et \u00e0 <strong>l&rsquo;\u00e9radication de la pauvret\u00e9<\/strong> en travaillant avec les personnes vivant dans la pauvret\u00e9 et l&rsquo;exclusion, leurs communaut\u00e9s, leurs organisations, leurs mouvements sociaux et leurs sympathisants.<\/p>\n<\/div>\n            \n                      <\/div>\n\n        <\/div>\n        \n\n      <\/div>\n    <\/div>\n  \n\n<\/div>\n  <\/div>\n<\/div>\n\n\n<div class=\"vidiemme-block focused-content mb-5 \" >\n  \n  <div class=\"container-xl\">\n    <div class=\"title mb-4\">Valeurs<\/div>\n    \n    <div class=\"focused\">\n\n            <div class=\"summary mb-3\">Nos valeurs guident ce en quoi nous croyons et sont les principes sur lesquels nous prenons nos d\u00e9cisions.<\/div>\n      \n            <div class=\"description\"><ul>\n<li><strong>Respect mutuel<\/strong> : nous reconnaissons la valeur inh\u00e9rente de chaque personne et la richesse de la diversit\u00e9.<\/li>\n<li><strong>\u00c9quit\u00e9 et justice<\/strong> : nous voulons garantir la r\u00e9alisation de notre vision pour toutes et tous, ind\u00e9pendamment du genre, de l\u2019orientation sexuelle et de l\u2019identit\u00e9 de genre, de la race, de l\u2019origine ethnique, de la caste, de la classe sociale, de l\u2019\u00e2ge, du statut s\u00e9rologique, du handicap, du lieu de vie ou de la religion.<\/li>\n<li><strong>Int\u00e9grit\u00e9<\/strong> : nous voulons \u00eatre honn\u00eates, transparents et responsables \u00e0 tous les niveaux, afin de garantir l\u2019efficacit\u00e9 de nos actions et l\u2019utilisation de nos ressources ; nous souhaitons \u00eatre ouverts dans nos jugements et dans nos communications avec autrui.<\/li>\n<li><strong>Solidarit\u00e9 avec les personnes vivant dans la pauvret\u00e9 et l\u2019exclusion<\/strong> : c\u2019est notre pilier dans la lutte contre la pauvret\u00e9, l\u2019injustice et les in\u00e9galit\u00e9s de genre.<\/li>\n<li><strong>Courage dans nos convictions<\/strong> : cela nous pousse \u00e0 \u00eatre \u00e0 la fois cr\u00e9atifs et radicaux, audacieux et innovants dans la recherche du plus grand impact possible sur les causes de la pauvret\u00e9, de l\u2019injustice et des in\u00e9galit\u00e9s de genre.<\/li>\n<li><strong>Ind\u00e9pendance<\/strong> : nous entendons rester ind\u00e9pendants de toute affiliation politique ou religieuse.<\/li>\n<li><strong>Humilit\u00e9<\/strong> : nous sommes un interlocuteur \u00e0 l\u2019\u00e9coute, conscient de faire partie d\u2019une alliance plus large de forces unies pour combattre la pauvret\u00e9 et l\u2019injustice.<\/li>\n<\/ul>\n<\/div>\n      \n      \n          \n    <\/div>\n  <\/div>\n<\/div>\n\n\n<div class=\"vidiemme-block focused-content  \" >\n  \n  <div class=\"container-xl\">\n    <div class=\"title mb-4\">La strat\u00e9gie 2018-2028 : Action For Global Justice<\/div>\n    \n    <div class=\"focused\">\n\n            <div class=\"summary mb-3\">\u00ab Vaincre la pauvret\u00e9 n\u2019est pas un acte de charit\u00e9, mais un acte de justice \u00bb \u2013 Nelson Mandela<\/div>\n      \n            <div class=\"description\"><p>Avec sa strat\u00e9gie d\u00e9cennale \u00ab Strategy 2028: Action For Global Justice \u00bb, ActionAid s\u2019engage \u00e0 l\u2019\u00e9chelle mondiale \u00e0 renforcer la justice sociale, \u00e0 \u00e9radiquer la pauvret\u00e9 et \u00e0 promouvoir l\u2019\u00e9galit\u00e9 de genre, en travaillant aux c\u00f4t\u00e9s des communaut\u00e9s les plus vuln\u00e9rables et marginalis\u00e9es, ainsi qu\u2019avec des organisations, des militant\u00b7e\u00b7s, des mouvements sociaux et des sympathisant\u00b7e\u00b7s.<\/p>\n<p>Pour atteindre ces objectifs, ActionAid s\u2019engage \u00e0 redistribuer le pouvoir et les ressources, \u00e0 renforcer la r\u00e9silience des communaut\u00e9s et des mouvements sociaux, et \u00e0 d\u00e9fendre les droits des personnes vivant dans des situations d\u2019exclusion.<\/p>\n<\/div>\n      \n      \n          \n    <\/div>\n  <\/div>\n<\/div>\n\n\n\n<div style=\"height:50px\" aria-hidden=\"true\" class=\"wp-block-spacer\"><\/div>\n\n\n<div class=\"vidiemme-block cta-band  \" >\n  \n  <div class=\"container-xl\">\n    <div class=\"row\">\n      \n      <div class=\"col align-content-center\">\n            <div class=\"title mb-4\">Notre travail est bas\u00e9 sur les communaut\u00e9s<\/div>\n      \n            <div class=\"link\">\n        <a href=\"https:\/\/actionaid.ch\/fr\/notre-action\/\" target=\"\" class=\"btn btn-primary btn-lg btn-cta\">En savoir plus sur notre action<\/a>\n      <\/div>\n            <\/div>\n    <\/div>\n  <\/div>\n<\/div>\n\n\n<div class=\"vidiemme-block basic-editor  \" >\n  \n  <div class=\"container-xl\">\n    <h6><em>Photocredits: Uma Bista\/ActionAid<\/em><\/h6>\n  <\/div>\n<\/div>\n","protected":false},"excerpt":{"rendered":"","protected":false},"author":2,"featured_media":0,"parent":2233,"menu_order":19,"comment_status":"closed","ping_status":"closed","template":"","meta":{"_acf_changed":false,"footnotes":""},"class_list":["post-2317","page","type-page","status-publish","hentry"],"acf":[],"yoast_head":"<!-- This site is optimized with the Yoast SEO plugin v25.9 - https:\/\/yoast.com\/wordpress\/plugins\/seo\/ -->\n<title>Mission et Valeurs - ActionAid Suisse<\/title>\n<meta name=\"description\" content=\"ActionaAid Switzerland opere depuis 2013, pour garantir aux personnes une vie digne et juste dans le respect de leurs droits.\" \/>\n<meta name=\"robots\" content=\"index, follow, max-snippet:-1, max-image-preview:large, max-video-preview:-1\" \/>\n<link rel=\"canonical\" href=\"https:\/\/actionaid.ch\/fr\/a-propos-de-nous\/mission-et-valeurs\/\" \/>\n<meta property=\"og:locale\" content=\"fr_FR\" \/>\n<meta property=\"og:type\" content=\"article\" \/>\n<meta property=\"og:title\" content=\"Mission et Valeurs - ActionAid Suisse\" \/>\n<meta property=\"og:description\" content=\"ActionaAid Switzerland opere depuis 2013, pour garantir aux personnes une vie digne et juste dans le respect de leurs droits.\" \/>\n<meta property=\"og:url\" content=\"https:\/\/actionaid.ch\/fr\/a-propos-de-nous\/mission-et-valeurs\/\" \/>\n<meta property=\"og:site_name\" content=\"ActionAid\" \/>\n<meta property=\"article:publisher\" content=\"https:\/\/www.facebook.com\/ActionAidSwitzerland\/?locale=it_IT\" \/>\n<meta property=\"article:modified_time\" content=\"2026-04-15T13:33:54+00:00\" \/>\n<meta name=\"twitter:card\" content=\"summary_large_image\" \/>\n<script type=\"application\/ld+json\" class=\"yoast-schema-graph\">{\"@context\":\"https:\/\/schema.org\",\"@graph\":[{\"@type\":\"WebPage\",\"@id\":\"https:\/\/actionaid.ch\/fr\/a-propos-de-nous\/mission-et-valeurs\/\",\"url\":\"https:\/\/actionaid.ch\/fr\/a-propos-de-nous\/mission-et-valeurs\/\",\"name\":\"Mission et Valeurs - ActionAid Suisse\",\"isPartOf\":{\"@id\":\"https:\/\/actionaid.ch\/fr\/#website\"},\"datePublished\":\"2025-05-21T20:54:23+00:00\",\"dateModified\":\"2026-04-15T13:33:54+00:00\",\"description\":\"ActionaAid Switzerland opere depuis 2013, pour garantir aux personnes une vie digne et juste dans le respect de leurs droits.\",\"breadcrumb\":{\"@id\":\"https:\/\/actionaid.ch\/fr\/a-propos-de-nous\/mission-et-valeurs\/#breadcrumb\"},\"inLanguage\":\"fr-FR\",\"potentialAction\":[{\"@type\":\"ReadAction\",\"target\":[\"https:\/\/actionaid.ch\/fr\/a-propos-de-nous\/mission-et-valeurs\/\"]}]},{\"@type\":\"BreadcrumbList\",\"@id\":\"https:\/\/actionaid.ch\/fr\/a-propos-de-nous\/mission-et-valeurs\/#breadcrumb\",\"itemListElement\":[{\"@type\":\"ListItem\",\"position\":1,\"name\":\"Home\",\"item\":\"https:\/\/actionaid.ch\/fr\/\"},{\"@type\":\"ListItem\",\"position\":2,\"name\":\"\u00c0 propos de nous\",\"item\":\"https:\/\/actionaid.ch\/fr\/a-propos-de-nous\/\"},{\"@type\":\"ListItem\",\"position\":3,\"name\":\"Mission et Valeurs\"}]},{\"@type\":\"WebSite\",\"@id\":\"https:\/\/actionaid.ch\/fr\/#website\",\"url\":\"https:\/\/actionaid.ch\/fr\/\",\"name\":\"ActionAid Svizzera\",\"description\":\"\",\"publisher\":{\"@id\":\"https:\/\/actionaid.ch\/fr\/#organization\"},\"potentialAction\":[{\"@type\":\"SearchAction\",\"target\":{\"@type\":\"EntryPoint\",\"urlTemplate\":\"https:\/\/actionaid.ch\/fr\/?s={search_term_string}\"},\"query-input\":{\"@type\":\"PropertyValueSpecification\",\"valueRequired\":true,\"valueName\":\"search_term_string\"}}],\"inLanguage\":\"fr-FR\"},{\"@type\":\"Organization\",\"@id\":\"https:\/\/actionaid.ch\/fr\/#organization\",\"name\":\"ActionAid Svizzera\",\"url\":\"https:\/\/actionaid.ch\/fr\/\",\"logo\":{\"@type\":\"ImageObject\",\"inLanguage\":\"fr-FR\",\"@id\":\"https:\/\/actionaid.ch\/fr\/#\/schema\/logo\/image\/\",\"url\":\"https:\/\/actionaid.ch\/wp-content\/uploads\/2025\/04\/Logo_rosso.png\",\"contentUrl\":\"https:\/\/actionaid.ch\/wp-content\/uploads\/2025\/04\/Logo_rosso.png\",\"width\":2331,\"height\":407,\"caption\":\"ActionAid Svizzera\"},\"image\":{\"@id\":\"https:\/\/actionaid.ch\/fr\/#\/schema\/logo\/image\/\"},\"sameAs\":[\"https:\/\/www.facebook.com\/ActionAidSwitzerland\/?locale=it_IT\",\"https:\/\/www.instagram.com\/actionaid_international\/?hl=en\"]}]}<\/script>\n<!-- \/ Yoast SEO plugin. -->","yoast_head_json":{"title":"Mission et Valeurs - ActionAid Suisse","description":"ActionaAid Switzerland opere depuis 2013, pour garantir aux personnes une vie digne et juste dans le respect de leurs droits.","robots":{"index":"index","follow":"follow","max-snippet":"max-snippet:-1","max-image-preview":"max-image-preview:large","max-video-preview":"max-video-preview:-1"},"canonical":"https:\/\/actionaid.ch\/fr\/a-propos-de-nous\/mission-et-valeurs\/","og_locale":"fr_FR","og_type":"article","og_title":"Mission et Valeurs - ActionAid Suisse","og_description":"ActionaAid Switzerland opere depuis 2013, pour garantir aux personnes une vie digne et juste dans le respect de leurs droits.","og_url":"https:\/\/actionaid.ch\/fr\/a-propos-de-nous\/mission-et-valeurs\/","og_site_name":"ActionAid","article_publisher":"https:\/\/www.facebook.com\/ActionAidSwitzerland\/?locale=it_IT","article_modified_time":"2026-04-15T13:33:54+00:00","twitter_card":"summary_large_image","schema":{"@context":"https:\/\/schema.org","@graph":[{"@type":"WebPage","@id":"https:\/\/actionaid.ch\/fr\/a-propos-de-nous\/mission-et-valeurs\/","url":"https:\/\/actionaid.ch\/fr\/a-propos-de-nous\/mission-et-valeurs\/","name":"Mission et Valeurs - ActionAid Suisse","isPartOf":{"@id":"https:\/\/actionaid.ch\/fr\/#website"},"datePublished":"2025-05-21T20:54:23+00:00","dateModified":"2026-04-15T13:33:54+00:00","description":"ActionaAid Switzerland opere depuis 2013, pour garantir aux personnes une vie digne et juste dans le respect de leurs droits.","breadcrumb":{"@id":"https:\/\/actionaid.ch\/fr\/a-propos-de-nous\/mission-et-valeurs\/#breadcrumb"},"inLanguage":"fr-FR","potentialAction":[{"@type":"ReadAction","target":["https:\/\/actionaid.ch\/fr\/a-propos-de-nous\/mission-et-valeurs\/"]}]},{"@type":"BreadcrumbList","@id":"https:\/\/actionaid.ch\/fr\/a-propos-de-nous\/mission-et-valeurs\/#breadcrumb","itemListElement":[{"@type":"ListItem","position":1,"name":"Home","item":"https:\/\/actionaid.ch\/fr\/"},{"@type":"ListItem","position":2,"name":"\u00c0 propos de nous","item":"https:\/\/actionaid.ch\/fr\/a-propos-de-nous\/"},{"@type":"ListItem","position":3,"name":"Mission et Valeurs"}]},{"@type":"WebSite","@id":"https:\/\/actionaid.ch\/fr\/#website","url":"https:\/\/actionaid.ch\/fr\/","name":"ActionAid Svizzera","description":"","publisher":{"@id":"https:\/\/actionaid.ch\/fr\/#organization"},"potentialAction":[{"@type":"SearchAction","target":{"@type":"EntryPoint","urlTemplate":"https:\/\/actionaid.ch\/fr\/?s={search_term_string}"},"query-input":{"@type":"PropertyValueSpecification","valueRequired":true,"valueName":"search_term_string"}}],"inLanguage":"fr-FR"},{"@type":"Organization","@id":"https:\/\/actionaid.ch\/fr\/#organization","name":"ActionAid Svizzera","url":"https:\/\/actionaid.ch\/fr\/","logo":{"@type":"ImageObject","inLanguage":"fr-FR","@id":"https:\/\/actionaid.ch\/fr\/#\/schema\/logo\/image\/","url":"https:\/\/actionaid.ch\/wp-content\/uploads\/2025\/04\/Logo_rosso.png","contentUrl":"https:\/\/actionaid.ch\/wp-content\/uploads\/2025\/04\/Logo_rosso.png","width":2331,"height":407,"caption":"ActionAid Svizzera"},"image":{"@id":"https:\/\/actionaid.ch\/fr\/#\/schema\/logo\/image\/"},"sameAs":["https:\/\/www.facebook.com\/ActionAidSwitzerland\/?locale=it_IT","https:\/\/www.instagram.com\/actionaid_international\/?hl=en"]}]}},"_links":{"self":[{"href":"https:\/\/actionaid.ch\/fr\/wp-json\/wp\/v2\/pages\/2317","targetHints":{"allow":["GET"]}}],"collection":[{"href":"https:\/\/actionaid.ch\/fr\/wp-json\/wp\/v2\/pages"}],"about":[{"href":"https:\/\/actionaid.ch\/fr\/wp-json\/wp\/v2\/types\/page"}],"author":[{"embeddable":true,"href":"https:\/\/actionaid.ch\/fr\/wp-json\/wp\/v2\/users\/2"}],"replies":[{"embeddable":true,"href":"https:\/\/actionaid.ch\/fr\/wp-json\/wp\/v2\/comments?post=2317"}],"version-history":[{"count":0,"href":"https:\/\/actionaid.ch\/fr\/wp-json\/wp\/v2\/pages\/2317\/revisions"}],"up":[{"embeddable":true,"href":"https:\/\/actionaid.ch\/fr\/wp-json\/wp\/v2\/pages\/2233"}],"wp:attachment":[{"href":"https:\/\/actionaid.ch\/fr\/wp-json\/wp\/v2\/media?parent=2317"}],"curies":[{"name":"wp","href":"https:\/\/api.w.org\/{rel}","templated":true}]}}