{"id":2283,"date":"2025-04-16T16:25:56","date_gmt":"2025-04-16T14:25:56","guid":{"rendered":"https:\/\/actionaid.ch\/?page_id=2283"},"modified":"2026-03-13T16:47:02","modified_gmt":"2026-03-13T15:47:02","slug":"societes-fondations-et-grands-donateurs","status":"publish","type":"page","link":"https:\/\/actionaid.ch\/fr\/nous-soutenir\/societes-fondations-et-grands-donateurs\/","title":{"rendered":"Soci\u00e9t\u00e9s, Fondations et Grands Donateurs"},"content":{"rendered":"<div class=\"vidiemme-block page-launch  \" >\n  \n  <div class=\"container-xl\">\n    <div class=\"block-container\">\n  \n    <div class=\"container\">\n      <div class=\"row\">\n\n        <div class=\"col-md-6 d-flex align-items-center pb-4 order-0\">\n                          <!-- <img decoding=\"async\" src=\"https:\/\/actionaid.ch\/wp-content\/uploads\/2025\/05\/R278709.jpg\" alt=\"\" class=\"img-fluid rounded block-image\"> -->\n              <img loading=\"lazy\" decoding=\"async\" width=\"1200\" height=\"800\" src=\"https:\/\/actionaid.ch\/wp-content\/uploads\/2025\/05\/R278709.jpg\" class=\"img-fluid rounded block-image\" alt=\"\" srcset=\"https:\/\/actionaid.ch\/wp-content\/uploads\/2025\/05\/R278709.jpg 1200w, https:\/\/actionaid.ch\/wp-content\/uploads\/2025\/05\/R278709-300x200.jpg 300w, https:\/\/actionaid.ch\/wp-content\/uploads\/2025\/05\/R278709-1024x683.jpg 1024w, https:\/\/actionaid.ch\/wp-content\/uploads\/2025\/05\/R278709-768x512.jpg 768w\" sizes=\"auto, (max-width: 1200px) 100vw, 1200px\" \/>\n                    <\/div>\n\n        <div class=\"col-md-6 d-flex align-items-center pb-4 order-1\">\n\n          <div class=\"block-content\">\n                      \n                          <div class=\"block-description mt-4\"><p>Dans le monde entier, ActionAid s\u2019engage \u00e0 promouvoir des projets en faveur des communaut\u00e9s les plus vuln\u00e9rables, avec des programmes centr\u00e9s sur la d\u00e9fense des droits fondamentaux, les droits des femmes, le leadership des jeunes et la r\u00e9ponse aux urgences dans les zones \u00e0 risque.<\/p>\n<p>Collaborer avec ActionAid signifie construire ensemble des <strong>partenariats strat\u00e9giques et durables<\/strong>, capables de g\u00e9n\u00e9rer une valeur partag\u00e9e et de transformer en profondeur les communaut\u00e9s o\u00f9 nous intervenons.<\/p>\n<p>Pour nous, les <strong>soci\u00e9t\u00e9s<\/strong>, les <strong>donateurs<\/strong> <strong>importants<\/strong> et les<strong> fondations<\/strong> sont des alli\u00e9s indispensables dans la lutte contre les in\u00e9galit\u00e9s, la promotion de la justice sociale et la construction d\u2019un monde plus juste, inclusif et r\u00e9silient<\/p>\n<\/div>\n            \n                      <\/div>\n\n        <\/div>\n        \n\n      <\/div>\n    <\/div>\n  \n\n<\/div>\n  <\/div>\n<\/div>\n\n\n\n<div style=\"height:50px\" aria-hidden=\"true\" class=\"wp-block-spacer\"><\/div>\n\n\n<div class=\"vidiemme-block faq-band  \" >\n  \n  <div class=\"container-xl\">\n    <div class=\"title mb-4\">D\u00e9couvrez ce que nous faisons<\/div>\n    \n\n          <div class=\"accordion\" id=\"accordion-69df2dfce83ef\">\n              <div class=\"accordion-item\">\n          <div class=\"accordion-header\">\n            <button class=\"accordion-button collapsed\" type=\"button\" data-bs-toggle=\"collapse\" data-bs-target=\"#accordion-69df2dfce83ef-0\" aria-expanded=\"true\" aria-controls=\"accordion-69df2dfce83ef-0\">\n              <h3>R\u00e9alisation du changement avec les fondations<\/h3>\n            <\/button>\n          <\/div>\n          <div id=\"accordion-69df2dfce83ef-0\" class=\"accordion-collapse collapse\" data-bs-parent=\"#accordion-69df2dfce83ef\">\n            <div class=\"accordion-body\">\n              <p>Les fondations qui croient en notre mission et nos valeurs collaborent avec nous de nombreuses mani\u00e8res : <strong>soutien direct<\/strong> \u00e0 des projets sp\u00e9cifiques, <strong>co-conception<\/strong> d\u2019initiatives, <strong>partage de comp\u00e9tences<\/strong>.<\/p>\n<p>Chaque collaboration vise \u00e0 atteindre des objectifs concrets avec des r\u00e9sultats mesurables, g\u00e9n\u00e9<strong>rant une valeur sociale positive.<\/strong><\/p>\n<p>Au fil des ann\u00e9es, nous avons travaill\u00e9 aux c\u00f4t\u00e9s de fondations locales, nationales et internationales pour cr\u00e9er des partenariats \u00e0 fort impact social. Avec nous, vous trouverez le projet, l\u2019action ou l\u2019initiative qui correspond le mieux \u00e0 vos valeurs et votre mission.<\/p>\n<p>Votre engagement est essentiel tout au long du processus : de l\u2019id\u00e9ation \u00e0 l\u2019impl\u00e9mentation, en passant par l\u2019\u00e9valuation des r\u00e9sultats et de l\u2019impact.<\/p>\n\n            <\/div>\n          <\/div>\n        <\/div>\n\n              <div class=\"accordion-item\">\n          <div class=\"accordion-header\">\n            <button class=\"accordion-button collapsed\" type=\"button\" data-bs-toggle=\"collapse\" data-bs-target=\"#accordion-69df2dfce83ef-1\" aria-expanded=\"true\" aria-controls=\"accordion-69df2dfce83ef-1\">\n              <h3>Solutions en phase avec l\u2019identit\u00e9 et la culture de les soci\u00e9t\u00e9s <\/h3>\n            <\/button>\n          <\/div>\n          <div id=\"accordion-69df2dfce83ef-1\" class=\"accordion-collapse collapse\" data-bs-parent=\"#accordion-69df2dfce83ef\">\n            <div class=\"accordion-body\">\n              <p>En collaboration avec les soci\u00e9t\u00e9s, nous d\u00e9veloppons des solutions personnalis\u00e9es int\u00e9gr\u00e9es aux strat\u00e9gies d\u2019entreprise, valorisant les actions de responsabilit\u00e9 sociale vers l\u2019ext\u00e9rieur, sans oublier l\u2019engagement des collaborateurs et les activit\u00e9s de b\u00e9n\u00e9volat.<\/p>\n<p>De plus en plus d\u2019entreprises reconnaissent la RSE comme un atout strat\u00e9gique \u2014 une valeur reconnue par le public, les employ\u00e9s, les actionnaires, les clients et les fournisseurs.<\/p>\n<p>\u00c0 la base de ces choix \u00e9thiques se trouve la conscience de l\u2019importance de la relation avec toutes les parties prenantes, synergies n\u00e9cessaires pour cr\u00e9er de la valeur partag\u00e9e, une croissance culturelle et sociale, et un changement positif pour tous.<\/p>\n<p>Vous pouvez nous soutenir via :<\/p>\n<ul>\n<li><strong>Adopter un projet<\/strong> \u2013 Choisir d\u2019adopter un projet avec ActionAid, c\u2019est associer le nom de votre entreprise \u00e0 une initiative concr\u00e8te, mesurable et \u00e0 fort impact social. Nous vous accompagnons dans le choix de l\u2019initiative la mieux align\u00e9e avec vos valeurs, vos domaines d\u2019int\u00e9r\u00eat et votre pr\u00e9sence (locale ou internationale).<\/li>\n<li><strong>Dons et contributions en nature<\/strong> \u2013 Votre entreprise peut soutenir ActionAid via des dons financiers, la remise de biens ou de services pro bono, pour soutenir un projet sp\u00e9cifique ou des actions institutionnelles.<\/li>\n<li><strong>No\u00ebl d\u2019entreprise<\/strong> \u2013 \u00c0 No\u00ebl, r\u00e9alisez un r\u00eave avec ActionAid : choisissez parmi nos propositions de v\u0153ux d\u2019entreprise et de cadeaux solidaires, et partagez-les avec vos collaborateurs, clients et fournisseurs !<\/li>\n<\/ul>\n\n            <\/div>\n          <\/div>\n        <\/div>\n\n              <div class=\"accordion-item\">\n          <div class=\"accordion-header\">\n            <button class=\"accordion-button collapsed\" type=\"button\" data-bs-toggle=\"collapse\" data-bs-target=\"#accordion-69df2dfce83ef-2\" aria-expanded=\"true\" aria-controls=\"accordion-69df2dfce83ef-2\">\n              <h3>M\u00e9gadonations<\/h3>\n            <\/button>\n          <\/div>\n          <div id=\"accordion-69df2dfce83ef-2\" class=\"accordion-collapse collapse\" data-bs-parent=\"#accordion-69df2dfce83ef\">\n            <div class=\"accordion-body\">\n              <p>Laissez une empreinte durable en adoptant un projet !<\/p>\n<p>Avec nos projets, nous <strong>luttons contre la pauvret\u00e9 et l\u2019injustice<\/strong> afin que chacun puisse vivre dignement et pleinement. Nous menons des actions diversifi\u00e9es : garantir une <strong>\u00e9ducation<\/strong> de qualit\u00e9, <strong>combattre<\/strong> les <strong>violences<\/strong> faites aux femmes, offrir des alternatives \u00e0 la <strong>pauvret\u00e9<\/strong> et <strong>prot\u00e9ger<\/strong> les plus <strong>vuln\u00e9rables<\/strong>.<\/p>\n<p>Nous y parvenons gr\u00e2ce \u00e0 des alli\u00e9s exceptionnels : des particuliers qui, par leurs donations importantes, nous permettent de faire la diff\u00e9rence, d\u2019avoir un impact significatif et de provoquer un changement concret le plus rapidement possible.<\/p>\n<ul>\n<li><strong>Ce que vous pouvez accomplir avec nous<\/strong> \u2013 Si vous d\u00e9cidez de faire un m\u00e9ga don, vous pouvez soutenir des projets existants ou financer un projet sp\u00e9cifique. Ces projets couvrent divers domaines \u2014 \u00e9ducation, droits des femmes, droit \u00e0 l\u2019alimentation, \u00e0 l\u2019eau, urgences dans plusieurs pays. Leur dur\u00e9e varie de quelques mois \u00e0 plusieurs ann\u00e9es, et leur impact est toujours durable.<\/li>\n<li><strong>Comment votre donation est utilis\u00e9e<\/strong> \u2013 Lorsque vous choisissez d\u2019adopter un projet, nous vous tenons inform\u00e9s de toute l\u2019\u00e9volution des activit\u00e9s, du lancement \u00e0 la finalisation. Si vous le souhaitez, vous pouvez visiter le projet et rencontrer les b\u00e9n\u00e9ficiaires directs de votre donation.<\/li>\n<li><strong>Un m\u00e9ga don en m\u00e9moire<\/strong> \u2013 Honorer la m\u00e9moire d\u2019un \u00eatre cher par un m\u00e9ga don, c\u2019est initier un projet que la personne d\u00e9funte aurait soutenu. C\u2019est une mani\u00e8re de se souvenir, de perp\u00e9tuer ses souhaits et d\u2019offrir de nouvelles opportunit\u00e9s aux personnes d\u00e9favoris\u00e9es. Si vous choisissez de financer un projet entier, vous pourrez le d\u00e9dier \u00e0 la m\u00e9moire d\u2019un \u00eatre cher.<\/li>\n<\/ul>\n\n            <\/div>\n          <\/div>\n        <\/div>\n\n            <\/div>\n  <\/div>\n<\/div>\n\n\n<div class=\"vidiemme-block cta-band  \" >\n  \n  <div class=\"container-xl\">\n    <div class=\"row\">\n      \n      <div class=\"col align-content-center\">\n            <div class=\"title mb-4\">Ensemble, nous pouvons aller encore plus loin<\/div>\n      \n            <div class=\"link\">\n        <a href=\"https:\/\/actionaid.ch\/fr\/notre-action\/projets-specifiques\/\" target=\"_blank\" class=\"btn btn-primary btn-lg btn-cta\">D\u00e9couvrez nos projets<\/a>\n      <\/div>\n            <\/div>\n    <\/div>\n  <\/div>\n<\/div>\n\n\n<div class=\"vidiemme-block focused-content my-5 \" >\n  \n  <div class=\"container-xl\">\n    <div class=\"title mb-4\">Vous souhaitez plus d\u2019informations\u202f? Contactez-nous !\r\n<\/div>\n    \n    <div class=\"focused\">\n\n      \n      \n            <div class=\"footer-rows\">\n                  <div class=\"row mt-4\">   \n            <div class=\"col-md-2 pt-4\">\n              <!-- <img decoding=\"async\"  class=\"img-fluid rounded w-100\" src=\"https:\/\/actionaid.ch\/wp-content\/uploads\/2025\/06\/Ghislandi-1.jpg\" alt=\"\"> -->\n\n              \n              <img loading=\"lazy\" decoding=\"async\" width=\"340\" height=\"340\" src=\"https:\/\/actionaid.ch\/wp-content\/uploads\/2025\/06\/Ghislandi-1.jpg\" class=\"img-fluid rounded w-100\" alt=\"\" srcset=\"https:\/\/actionaid.ch\/wp-content\/uploads\/2025\/06\/Ghislandi-1.jpg 340w, https:\/\/actionaid.ch\/wp-content\/uploads\/2025\/06\/Ghislandi-1-300x300.jpg 300w, https:\/\/actionaid.ch\/wp-content\/uploads\/2025\/06\/Ghislandi-1-150x150.jpg 150w\" sizes=\"auto, (max-width: 340px) 100vw, 340px\" \/>\n            <\/div> \n            <div class=\"col-md-10 pt-4\">\n              <p><strong>Caterina Ghislandi<\/strong><\/p>\n<p>Philanthropy and Partnerships Coordinator<br \/>\n<a href=\"mailto:caterina.ghislandi@actionaid.org\">caterina.ghislandi@actionaid.org<\/a><br \/>\n<a href=\"tel:393311348901\">+39 3311348901<\/a><\/p>\n\n            <\/div> \n          <\/div>\n                  <div class=\"row mt-4\">   \n            <div class=\"col-md-2 pt-4\">\n              <!-- <img decoding=\"async\"  class=\"img-fluid rounded w-100\" src=\"https:\/\/actionaid.ch\/wp-content\/uploads\/2025\/06\/Vitali-1.jpg\" alt=\"\"> -->\n\n              \n              <img loading=\"lazy\" decoding=\"async\" width=\"340\" height=\"340\" src=\"https:\/\/actionaid.ch\/wp-content\/uploads\/2025\/06\/Vitali-1.jpg\" class=\"img-fluid rounded w-100\" alt=\"\" srcset=\"https:\/\/actionaid.ch\/wp-content\/uploads\/2025\/06\/Vitali-1.jpg 340w, https:\/\/actionaid.ch\/wp-content\/uploads\/2025\/06\/Vitali-1-300x300.jpg 300w, https:\/\/actionaid.ch\/wp-content\/uploads\/2025\/06\/Vitali-1-150x150.jpg 150w\" sizes=\"auto, (max-width: 340px) 100vw, 340px\" \/>\n            <\/div> \n            <div class=\"col-md-10 pt-4\">\n              <p><strong>Claudia Vitali<\/strong><\/p>\n<p>Corporate, Major Donor &amp; Philanthropy Officer<br \/>\n<a href=\"mailto:claudia.vitali@actionaid.org\">claudia.vitali@actionaid.org<\/a><br \/>\n<a href=\"tel:+393349836820\">+39 3349836820<\/a><\/p>\n\n            <\/div> \n          <\/div>\n              <\/div>\n      \n          \n    <\/div>\n  <\/div>\n<\/div>\n","protected":false},"excerpt":{"rendered":"","protected":false},"author":2,"featured_media":0,"parent":2271,"menu_order":135,"comment_status":"closed","ping_status":"closed","template":"","meta":{"_acf_changed":false,"footnotes":""},"class_list":["post-2283","page","type-page","status-publish","hentry"],"acf":[],"yoast_head":"<!-- This site is optimized with the Yoast SEO plugin v25.9 - https:\/\/yoast.com\/wordpress\/plugins\/seo\/ -->\n<title>Soci\u00e9t\u00e9s, Fondations et Grands Donateurs - ActionAid<\/title>\n<meta name=\"description\" content=\"ActionAid renforce le dialogue avec les acteurs cl\u00e9s pour soutenir ses projets humanitaires essentiels.\" \/>\n<meta name=\"robots\" content=\"index, follow, max-snippet:-1, max-image-preview:large, max-video-preview:-1\" \/>\n<link rel=\"canonical\" href=\"https:\/\/actionaid.ch\/fr\/nous-soutenir\/societes-fondations-et-grands-donateurs\/\" \/>\n<meta property=\"og:locale\" content=\"fr_FR\" \/>\n<meta property=\"og:type\" content=\"article\" \/>\n<meta property=\"og:title\" content=\"Soci\u00e9t\u00e9s, Fondations et Grands Donateurs - ActionAid\" \/>\n<meta property=\"og:description\" content=\"ActionAid renforce le dialogue avec les acteurs cl\u00e9s pour soutenir ses projets humanitaires essentiels.\" \/>\n<meta property=\"og:url\" content=\"https:\/\/actionaid.ch\/fr\/nous-soutenir\/societes-fondations-et-grands-donateurs\/\" \/>\n<meta property=\"og:site_name\" content=\"ActionAid\" \/>\n<meta property=\"article:publisher\" content=\"https:\/\/www.facebook.com\/ActionAidSwitzerland\/?locale=it_IT\" \/>\n<meta property=\"article:modified_time\" content=\"2026-03-13T15:47:02+00:00\" \/>\n<meta name=\"twitter:card\" content=\"summary_large_image\" \/>\n<script type=\"application\/ld+json\" class=\"yoast-schema-graph\">{\"@context\":\"https:\/\/schema.org\",\"@graph\":[{\"@type\":\"WebPage\",\"@id\":\"https:\/\/actionaid.ch\/fr\/nous-soutenir\/societes-fondations-et-grands-donateurs\/\",\"url\":\"https:\/\/actionaid.ch\/fr\/nous-soutenir\/societes-fondations-et-grands-donateurs\/\",\"name\":\"Soci\u00e9t\u00e9s, Fondations et Grands Donateurs - ActionAid\",\"isPartOf\":{\"@id\":\"https:\/\/actionaid.ch\/fr\/#website\"},\"datePublished\":\"2025-04-16T14:25:56+00:00\",\"dateModified\":\"2026-03-13T15:47:02+00:00\",\"description\":\"ActionAid renforce le dialogue avec les acteurs cl\u00e9s pour soutenir ses projets humanitaires essentiels.\",\"breadcrumb\":{\"@id\":\"https:\/\/actionaid.ch\/fr\/nous-soutenir\/societes-fondations-et-grands-donateurs\/#breadcrumb\"},\"inLanguage\":\"fr-FR\",\"potentialAction\":[{\"@type\":\"ReadAction\",\"target\":[\"https:\/\/actionaid.ch\/fr\/nous-soutenir\/societes-fondations-et-grands-donateurs\/\"]}]},{\"@type\":\"BreadcrumbList\",\"@id\":\"https:\/\/actionaid.ch\/fr\/nous-soutenir\/societes-fondations-et-grands-donateurs\/#breadcrumb\",\"itemListElement\":[{\"@type\":\"ListItem\",\"position\":1,\"name\":\"Home\",\"item\":\"https:\/\/actionaid.ch\/fr\/\"},{\"@type\":\"ListItem\",\"position\":2,\"name\":\"Nous Soutenir\",\"item\":\"https:\/\/actionaid.ch\/fr\/nous-soutenir\/\"},{\"@type\":\"ListItem\",\"position\":3,\"name\":\"Soci\u00e9t\u00e9s, Fondations et Grands Donateurs\"}]},{\"@type\":\"WebSite\",\"@id\":\"https:\/\/actionaid.ch\/fr\/#website\",\"url\":\"https:\/\/actionaid.ch\/fr\/\",\"name\":\"ActionAid Svizzera\",\"description\":\"\",\"publisher\":{\"@id\":\"https:\/\/actionaid.ch\/fr\/#organization\"},\"potentialAction\":[{\"@type\":\"SearchAction\",\"target\":{\"@type\":\"EntryPoint\",\"urlTemplate\":\"https:\/\/actionaid.ch\/fr\/?s={search_term_string}\"},\"query-input\":{\"@type\":\"PropertyValueSpecification\",\"valueRequired\":true,\"valueName\":\"search_term_string\"}}],\"inLanguage\":\"fr-FR\"},{\"@type\":\"Organization\",\"@id\":\"https:\/\/actionaid.ch\/fr\/#organization\",\"name\":\"ActionAid Svizzera\",\"url\":\"https:\/\/actionaid.ch\/fr\/\",\"logo\":{\"@type\":\"ImageObject\",\"inLanguage\":\"fr-FR\",\"@id\":\"https:\/\/actionaid.ch\/fr\/#\/schema\/logo\/image\/\",\"url\":\"https:\/\/actionaid.ch\/wp-content\/uploads\/2025\/04\/Logo_rosso.png\",\"contentUrl\":\"https:\/\/actionaid.ch\/wp-content\/uploads\/2025\/04\/Logo_rosso.png\",\"width\":2331,\"height\":407,\"caption\":\"ActionAid Svizzera\"},\"image\":{\"@id\":\"https:\/\/actionaid.ch\/fr\/#\/schema\/logo\/image\/\"},\"sameAs\":[\"https:\/\/www.facebook.com\/ActionAidSwitzerland\/?locale=it_IT\",\"https:\/\/www.instagram.com\/actionaid_international\/?hl=en\"]}]}<\/script>\n<!-- \/ Yoast SEO plugin. -->","yoast_head_json":{"title":"Soci\u00e9t\u00e9s, Fondations et Grands Donateurs - ActionAid","description":"ActionAid renforce le dialogue avec les acteurs cl\u00e9s pour soutenir ses projets humanitaires essentiels.","robots":{"index":"index","follow":"follow","max-snippet":"max-snippet:-1","max-image-preview":"max-image-preview:large","max-video-preview":"max-video-preview:-1"},"canonical":"https:\/\/actionaid.ch\/fr\/nous-soutenir\/societes-fondations-et-grands-donateurs\/","og_locale":"fr_FR","og_type":"article","og_title":"Soci\u00e9t\u00e9s, Fondations et Grands Donateurs - ActionAid","og_description":"ActionAid renforce le dialogue avec les acteurs cl\u00e9s pour soutenir ses projets humanitaires essentiels.","og_url":"https:\/\/actionaid.ch\/fr\/nous-soutenir\/societes-fondations-et-grands-donateurs\/","og_site_name":"ActionAid","article_publisher":"https:\/\/www.facebook.com\/ActionAidSwitzerland\/?locale=it_IT","article_modified_time":"2026-03-13T15:47:02+00:00","twitter_card":"summary_large_image","schema":{"@context":"https:\/\/schema.org","@graph":[{"@type":"WebPage","@id":"https:\/\/actionaid.ch\/fr\/nous-soutenir\/societes-fondations-et-grands-donateurs\/","url":"https:\/\/actionaid.ch\/fr\/nous-soutenir\/societes-fondations-et-grands-donateurs\/","name":"Soci\u00e9t\u00e9s, Fondations et Grands Donateurs - ActionAid","isPartOf":{"@id":"https:\/\/actionaid.ch\/fr\/#website"},"datePublished":"2025-04-16T14:25:56+00:00","dateModified":"2026-03-13T15:47:02+00:00","description":"ActionAid renforce le dialogue avec les acteurs cl\u00e9s pour soutenir ses projets humanitaires essentiels.","breadcrumb":{"@id":"https:\/\/actionaid.ch\/fr\/nous-soutenir\/societes-fondations-et-grands-donateurs\/#breadcrumb"},"inLanguage":"fr-FR","potentialAction":[{"@type":"ReadAction","target":["https:\/\/actionaid.ch\/fr\/nous-soutenir\/societes-fondations-et-grands-donateurs\/"]}]},{"@type":"BreadcrumbList","@id":"https:\/\/actionaid.ch\/fr\/nous-soutenir\/societes-fondations-et-grands-donateurs\/#breadcrumb","itemListElement":[{"@type":"ListItem","position":1,"name":"Home","item":"https:\/\/actionaid.ch\/fr\/"},{"@type":"ListItem","position":2,"name":"Nous Soutenir","item":"https:\/\/actionaid.ch\/fr\/nous-soutenir\/"},{"@type":"ListItem","position":3,"name":"Soci\u00e9t\u00e9s, Fondations et Grands Donateurs"}]},{"@type":"WebSite","@id":"https:\/\/actionaid.ch\/fr\/#website","url":"https:\/\/actionaid.ch\/fr\/","name":"ActionAid Svizzera","description":"","publisher":{"@id":"https:\/\/actionaid.ch\/fr\/#organization"},"potentialAction":[{"@type":"SearchAction","target":{"@type":"EntryPoint","urlTemplate":"https:\/\/actionaid.ch\/fr\/?s={search_term_string}"},"query-input":{"@type":"PropertyValueSpecification","valueRequired":true,"valueName":"search_term_string"}}],"inLanguage":"fr-FR"},{"@type":"Organization","@id":"https:\/\/actionaid.ch\/fr\/#organization","name":"ActionAid Svizzera","url":"https:\/\/actionaid.ch\/fr\/","logo":{"@type":"ImageObject","inLanguage":"fr-FR","@id":"https:\/\/actionaid.ch\/fr\/#\/schema\/logo\/image\/","url":"https:\/\/actionaid.ch\/wp-content\/uploads\/2025\/04\/Logo_rosso.png","contentUrl":"https:\/\/actionaid.ch\/wp-content\/uploads\/2025\/04\/Logo_rosso.png","width":2331,"height":407,"caption":"ActionAid Svizzera"},"image":{"@id":"https:\/\/actionaid.ch\/fr\/#\/schema\/logo\/image\/"},"sameAs":["https:\/\/www.facebook.com\/ActionAidSwitzerland\/?locale=it_IT","https:\/\/www.instagram.com\/actionaid_international\/?hl=en"]}]}},"_links":{"self":[{"href":"https:\/\/actionaid.ch\/fr\/wp-json\/wp\/v2\/pages\/2283","targetHints":{"allow":["GET"]}}],"collection":[{"href":"https:\/\/actionaid.ch\/fr\/wp-json\/wp\/v2\/pages"}],"about":[{"href":"https:\/\/actionaid.ch\/fr\/wp-json\/wp\/v2\/types\/page"}],"author":[{"embeddable":true,"href":"https:\/\/actionaid.ch\/fr\/wp-json\/wp\/v2\/users\/2"}],"replies":[{"embeddable":true,"href":"https:\/\/actionaid.ch\/fr\/wp-json\/wp\/v2\/comments?post=2283"}],"version-history":[{"count":11,"href":"https:\/\/actionaid.ch\/fr\/wp-json\/wp\/v2\/pages\/2283\/revisions"}],"predecessor-version":[{"id":4088,"href":"https:\/\/actionaid.ch\/fr\/wp-json\/wp\/v2\/pages\/2283\/revisions\/4088"}],"up":[{"embeddable":true,"href":"https:\/\/actionaid.ch\/fr\/wp-json\/wp\/v2\/pages\/2271"}],"wp:attachment":[{"href":"https:\/\/actionaid.ch\/fr\/wp-json\/wp\/v2\/media?parent=2283"}],"curies":[{"name":"wp","href":"https:\/\/api.w.org\/{rel}","templated":true}]}}