{"id":2271,"date":"2025-04-14T21:23:41","date_gmt":"2025-04-14T19:23:41","guid":{"rendered":"https:\/\/actionaid.ch\/?page_id=2271"},"modified":"2026-03-19T17:01:13","modified_gmt":"2026-03-19T16:01:13","slug":"nous-soutenir","status":"publish","type":"page","link":"https:\/\/actionaid.ch\/fr\/nous-soutenir\/","title":{"rendered":"Nous Soutenir"},"content":{"rendered":"<div class=\"vidiemme-block focused-content  \" >\n  \n  <div class=\"container-xl\">\n    <div class=\"title mb-4\"><strong>Quelques r\u00e9sultats<\/strong> obtenus gr\u00e2ce \u00e0 nos projets<\/div>\n    \n    <div class=\"focused\">\n\n      \n            <div class=\"description\"><ul>\n<li>Au <span style=\"color: #ed1c24;\"><strong>Br\u00e9sil<\/strong><\/span> : p<strong>lus de 100 000 femmes<\/strong> mobilis\u00e9es, avec le soutien au R\u00e9seau agro\u00e9cologique des femmes paysannes (RAMA), pour revendiquer des droits, la justice et la reconnaissance du travail des femmes dans l\u2019agriculture.<\/li>\n<li>Au <span style=\"color: #ed1c24;\"><strong>Bangladesh<\/strong><\/span> : <strong>15 000 filles<\/strong> accompagn\u00e9es \u00e0 travers des services m\u00e9dico-sanitaires et<strong> 4 414<\/strong> inform\u00e9es sur les services li\u00e9s \u00e0 la sant\u00e9 sexuelle.<\/li>\n<li>En <span style=\"color: #ed1c24;\"><strong>\u00c9thiopie<\/strong><\/span> : <strong>2<\/strong> <strong>500 femmes<\/strong> issues de diff\u00e9rentes coop\u00e9ratives d\u2019\u00e9pargne et de cr\u00e9dit du pays ont \u00e9t\u00e9 form\u00e9es aux th\u00e9matiques de l\u2019entrepreneuriat f\u00e9minin.<\/li>\n<li>En <span style=\"color: #ed1c24;\"><strong>Ha\u00efti<\/strong><\/span> : <strong>34 580 personnes<\/strong> soutenues dans la lutte contre l\u2019ins\u00e9curit\u00e9 alimentaire.<\/li>\n<li>En <span style=\"color: #ed1c24;\"><strong>Tanzanie<\/strong><\/span> : <strong>345 membres<\/strong> <strong>d\u2019associations<\/strong> form\u00e9s \u00e0 l\u2019importance de l\u2019\u00e9ducation et<strong> 3 000 femmes<\/strong> form\u00e9es aux droits des femmes et \u00e0 la lutte contre la violence, y compris envers les mineur\u00b7e\u00b7s.<\/li>\n<li>Au <span style=\"color: #ed1c24;\"><strong>Vietnam<\/strong><\/span> : <strong>13 902 jeunes<\/strong> impliqu\u00e9\u00b7e\u00b7s dans la promotion d\u2019une citoyennet\u00e9 active, du d\u00e9veloppement durable et dans la r\u00e9ponse au changement climatique.<\/li>\n<\/ul>\n<\/div>\n      \n      \n          \n    <\/div>\n  <\/div>\n<\/div>\n\n\n<div class=\"vidiemme-block contact-boxes py-5 \" >\n  \n  <div class=\"no-container\">\n    <div class=\"contact-box-title h3 mb-4\"><strong>Merci<\/strong> pour votre soutien!<\/div>\n  \n            <div class=\"contact-box mb-4\">\n      <p><strong>D&rsquo;autres fa\u00e7ons de faire un don:<\/strong><\/p>\n<p><strong>T\u00e9l\u00e9phone<br \/>\n<\/strong>+41 91 922 65 42<strong><br \/>\n<\/strong><\/p>\n<p><strong>Virement Bancaire<\/strong><br \/>\nBanca Stato del Canton Ticino<br \/>\nIBAN: CH30007646277427C000C<br \/>\nMotif \u00ab\u00a0Fight for Women\u00a0\u00bb<\/p>\n<p><strong>Bulletin Postal<br \/>\n<\/strong>Associazione ActionAid Switzerland<br \/>\nc\/o Altiqa SA &#8211; Via Nassa 21 &#8211; 6900 Lugano<\/p>\n<p><strong>Postfinance SA<br \/>\n<\/strong>Compte n\u00b0: 65-255503-4<br \/>\nIBAN: CH54 0900 0000 6525 5503 4<br \/>\nMotif \u00ab\u00a0Fight for Women\u00a0\u00bb<\/p>\n\n      <\/div>\n  <\/div>\n<\/div>\n","protected":false},"excerpt":{"rendered":"","protected":false},"author":2,"featured_media":0,"parent":0,"menu_order":119,"comment_status":"closed","ping_status":"closed","template":"template-full-width-boxes.blade.php","meta":{"_acf_changed":false,"footnotes":""},"class_list":["post-2271","page","type-page","status-publish","hentry"],"acf":[],"yoast_head":"<!-- This site is optimized with the Yoast SEO plugin v25.9 - https:\/\/yoast.com\/wordpress\/plugins\/seo\/ -->\n<title>Soutenez les Droits des Femmes - ActionAid Suisse<\/title>\n<meta name=\"description\" content=\"Soutenez les droits des femmes avec ActionAid Suisse. Faites un don contre les violences de genre et les in\u00e9galit\u00e9s.\" \/>\n<meta name=\"robots\" content=\"index, follow, max-snippet:-1, max-image-preview:large, max-video-preview:-1\" \/>\n<link rel=\"canonical\" href=\"https:\/\/actionaid.ch\/fr\/nous-soutenir\/\" \/>\n<meta property=\"og:locale\" content=\"fr_FR\" \/>\n<meta property=\"og:type\" content=\"article\" \/>\n<meta property=\"og:title\" content=\"Soutenez les Droits des Femmes - ActionAid Suisse\" \/>\n<meta property=\"og:description\" content=\"Soutenez les droits des femmes avec ActionAid Suisse. Faites un don contre les violences de genre et les in\u00e9galit\u00e9s.\" \/>\n<meta property=\"og:url\" content=\"https:\/\/actionaid.ch\/fr\/nous-soutenir\/\" \/>\n<meta property=\"og:site_name\" content=\"ActionAid\" \/>\n<meta property=\"article:publisher\" content=\"https:\/\/www.facebook.com\/ActionAidSwitzerland\/?locale=it_IT\" \/>\n<meta property=\"article:modified_time\" content=\"2026-03-19T16:01:13+00:00\" \/>\n<meta name=\"twitter:card\" content=\"summary_large_image\" \/>\n<script type=\"application\/ld+json\" class=\"yoast-schema-graph\">{\"@context\":\"https:\/\/schema.org\",\"@graph\":[{\"@type\":\"WebPage\",\"@id\":\"https:\/\/actionaid.ch\/fr\/nous-soutenir\/\",\"url\":\"https:\/\/actionaid.ch\/fr\/nous-soutenir\/\",\"name\":\"Soutenez les Droits des Femmes - ActionAid Suisse\",\"isPartOf\":{\"@id\":\"https:\/\/actionaid.ch\/fr\/#website\"},\"datePublished\":\"2025-04-14T19:23:41+00:00\",\"dateModified\":\"2026-03-19T16:01:13+00:00\",\"description\":\"Soutenez les droits des femmes avec ActionAid Suisse. Faites un don contre les violences de genre et les in\u00e9galit\u00e9s.\",\"breadcrumb\":{\"@id\":\"https:\/\/actionaid.ch\/fr\/nous-soutenir\/#breadcrumb\"},\"inLanguage\":\"fr-FR\",\"potentialAction\":[{\"@type\":\"ReadAction\",\"target\":[\"https:\/\/actionaid.ch\/fr\/nous-soutenir\/\"]}]},{\"@type\":\"BreadcrumbList\",\"@id\":\"https:\/\/actionaid.ch\/fr\/nous-soutenir\/#breadcrumb\",\"itemListElement\":[{\"@type\":\"ListItem\",\"position\":1,\"name\":\"Home\",\"item\":\"https:\/\/actionaid.ch\/fr\/\"},{\"@type\":\"ListItem\",\"position\":2,\"name\":\"Nous Soutenir\"}]},{\"@type\":\"WebSite\",\"@id\":\"https:\/\/actionaid.ch\/fr\/#website\",\"url\":\"https:\/\/actionaid.ch\/fr\/\",\"name\":\"ActionAid Svizzera\",\"description\":\"\",\"publisher\":{\"@id\":\"https:\/\/actionaid.ch\/fr\/#organization\"},\"potentialAction\":[{\"@type\":\"SearchAction\",\"target\":{\"@type\":\"EntryPoint\",\"urlTemplate\":\"https:\/\/actionaid.ch\/fr\/?s={search_term_string}\"},\"query-input\":{\"@type\":\"PropertyValueSpecification\",\"valueRequired\":true,\"valueName\":\"search_term_string\"}}],\"inLanguage\":\"fr-FR\"},{\"@type\":\"Organization\",\"@id\":\"https:\/\/actionaid.ch\/fr\/#organization\",\"name\":\"ActionAid Svizzera\",\"url\":\"https:\/\/actionaid.ch\/fr\/\",\"logo\":{\"@type\":\"ImageObject\",\"inLanguage\":\"fr-FR\",\"@id\":\"https:\/\/actionaid.ch\/fr\/#\/schema\/logo\/image\/\",\"url\":\"https:\/\/actionaid.ch\/wp-content\/uploads\/2025\/04\/Logo_rosso.png\",\"contentUrl\":\"https:\/\/actionaid.ch\/wp-content\/uploads\/2025\/04\/Logo_rosso.png\",\"width\":2331,\"height\":407,\"caption\":\"ActionAid Svizzera\"},\"image\":{\"@id\":\"https:\/\/actionaid.ch\/fr\/#\/schema\/logo\/image\/\"},\"sameAs\":[\"https:\/\/www.facebook.com\/ActionAidSwitzerland\/?locale=it_IT\",\"https:\/\/www.instagram.com\/actionaid_international\/?hl=en\"]}]}<\/script>\n<!-- \/ Yoast SEO plugin. -->","yoast_head_json":{"title":"Soutenez les Droits des Femmes - ActionAid Suisse","description":"Soutenez les droits des femmes avec ActionAid Suisse. Faites un don contre les violences de genre et les in\u00e9galit\u00e9s.","robots":{"index":"index","follow":"follow","max-snippet":"max-snippet:-1","max-image-preview":"max-image-preview:large","max-video-preview":"max-video-preview:-1"},"canonical":"https:\/\/actionaid.ch\/fr\/nous-soutenir\/","og_locale":"fr_FR","og_type":"article","og_title":"Soutenez les Droits des Femmes - ActionAid Suisse","og_description":"Soutenez les droits des femmes avec ActionAid Suisse. Faites un don contre les violences de genre et les in\u00e9galit\u00e9s.","og_url":"https:\/\/actionaid.ch\/fr\/nous-soutenir\/","og_site_name":"ActionAid","article_publisher":"https:\/\/www.facebook.com\/ActionAidSwitzerland\/?locale=it_IT","article_modified_time":"2026-03-19T16:01:13+00:00","twitter_card":"summary_large_image","schema":{"@context":"https:\/\/schema.org","@graph":[{"@type":"WebPage","@id":"https:\/\/actionaid.ch\/fr\/nous-soutenir\/","url":"https:\/\/actionaid.ch\/fr\/nous-soutenir\/","name":"Soutenez les Droits des Femmes - ActionAid Suisse","isPartOf":{"@id":"https:\/\/actionaid.ch\/fr\/#website"},"datePublished":"2025-04-14T19:23:41+00:00","dateModified":"2026-03-19T16:01:13+00:00","description":"Soutenez les droits des femmes avec ActionAid Suisse. Faites un don contre les violences de genre et les in\u00e9galit\u00e9s.","breadcrumb":{"@id":"https:\/\/actionaid.ch\/fr\/nous-soutenir\/#breadcrumb"},"inLanguage":"fr-FR","potentialAction":[{"@type":"ReadAction","target":["https:\/\/actionaid.ch\/fr\/nous-soutenir\/"]}]},{"@type":"BreadcrumbList","@id":"https:\/\/actionaid.ch\/fr\/nous-soutenir\/#breadcrumb","itemListElement":[{"@type":"ListItem","position":1,"name":"Home","item":"https:\/\/actionaid.ch\/fr\/"},{"@type":"ListItem","position":2,"name":"Nous Soutenir"}]},{"@type":"WebSite","@id":"https:\/\/actionaid.ch\/fr\/#website","url":"https:\/\/actionaid.ch\/fr\/","name":"ActionAid Svizzera","description":"","publisher":{"@id":"https:\/\/actionaid.ch\/fr\/#organization"},"potentialAction":[{"@type":"SearchAction","target":{"@type":"EntryPoint","urlTemplate":"https:\/\/actionaid.ch\/fr\/?s={search_term_string}"},"query-input":{"@type":"PropertyValueSpecification","valueRequired":true,"valueName":"search_term_string"}}],"inLanguage":"fr-FR"},{"@type":"Organization","@id":"https:\/\/actionaid.ch\/fr\/#organization","name":"ActionAid Svizzera","url":"https:\/\/actionaid.ch\/fr\/","logo":{"@type":"ImageObject","inLanguage":"fr-FR","@id":"https:\/\/actionaid.ch\/fr\/#\/schema\/logo\/image\/","url":"https:\/\/actionaid.ch\/wp-content\/uploads\/2025\/04\/Logo_rosso.png","contentUrl":"https:\/\/actionaid.ch\/wp-content\/uploads\/2025\/04\/Logo_rosso.png","width":2331,"height":407,"caption":"ActionAid Svizzera"},"image":{"@id":"https:\/\/actionaid.ch\/fr\/#\/schema\/logo\/image\/"},"sameAs":["https:\/\/www.facebook.com\/ActionAidSwitzerland\/?locale=it_IT","https:\/\/www.instagram.com\/actionaid_international\/?hl=en"]}]}},"_links":{"self":[{"href":"https:\/\/actionaid.ch\/fr\/wp-json\/wp\/v2\/pages\/2271","targetHints":{"allow":["GET"]}}],"collection":[{"href":"https:\/\/actionaid.ch\/fr\/wp-json\/wp\/v2\/pages"}],"about":[{"href":"https:\/\/actionaid.ch\/fr\/wp-json\/wp\/v2\/types\/page"}],"author":[{"embeddable":true,"href":"https:\/\/actionaid.ch\/fr\/wp-json\/wp\/v2\/users\/2"}],"replies":[{"embeddable":true,"href":"https:\/\/actionaid.ch\/fr\/wp-json\/wp\/v2\/comments?post=2271"}],"version-history":[{"count":21,"href":"https:\/\/actionaid.ch\/fr\/wp-json\/wp\/v2\/pages\/2271\/revisions"}],"predecessor-version":[{"id":17080,"href":"https:\/\/actionaid.ch\/fr\/wp-json\/wp\/v2\/pages\/2271\/revisions\/17080"}],"wp:attachment":[{"href":"https:\/\/actionaid.ch\/fr\/wp-json\/wp\/v2\/media?parent=2271"}],"curies":[{"name":"wp","href":"https:\/\/api.w.org\/{rel}","templated":true}]}}