{"id":3821,"date":"2025-06-30T18:57:12","date_gmt":"2025-06-30T16:57:12","guid":{"rendered":"https:\/\/actionaid.ch\/?page_id=3821"},"modified":"2026-03-12T17:56:11","modified_gmt":"2026-03-12T16:56:11","slug":"faq","status":"publish","type":"page","link":"https:\/\/actionaid.ch\/de\/faq\/","title":{"rendered":"H\u00e4ufig gestellte Fragen"},"content":{"rendered":"<div class=\"vidiemme-block faq-band my-5 \" >\n  \n  <div class=\"container-xl\">\n    <div class=\"title mb-4\">H\u00e4ufig gestellte Fragen<\/div>\n    \n\n          <div class=\"accordion\" id=\"accordion-69dfef34165b3\">\n              <div class=\"accordion-item\">\n          <div class=\"accordion-header\">\n            <button class=\"accordion-button collapsed\" type=\"button\" data-bs-toggle=\"collapse\" data-bs-target=\"#accordion-69dfef34165b3-0\" aria-expanded=\"true\" aria-controls=\"accordion-69dfef34165b3-0\">\n              <h3>Wer ist ActionAid?<\/h3>\n            <\/button>\n          <\/div>\n          <div id=\"accordion-69dfef34165b3-0\" class=\"accordion-collapse collapse\" data-bs-parent=\"#accordion-69dfef34165b3\">\n            <div class=\"accordion-body\">\n              <p>ActionAid ist eine <strong>unabh\u00e4ngige Organisation<\/strong>, die <strong>1972<\/strong> in Gro\u00dfbritannien gegr\u00fcndet wurde. Seit \u00fcber 50 Jahren setzen wir uns f\u00fcr den Kampf gegen <strong>Armut, soziale Ausgrenzung, Gewalt gegen Frauen und den Klimawandel<\/strong> <strong>ein<\/strong>. Als F\u00f6deration haben wir 45 B\u00fcros weltweit und sind in 75 L\u00e4ndern vertreten.<\/p>\n<p><strong>ActionAid Switzerland<\/strong> wurde <strong>2013<\/strong> in <strong>Lugano<\/strong> gegr\u00fcndet und ist im Handelsregister des Kantons Tessin eingetragen.<\/p>\n<p><a href=\"https:\/\/actionaid.ch\/de\/wer-wir-sind\/\" target=\"_blank\" rel=\"noopener\">Mehr erfahren<\/a>.<\/p>\n\n            <\/div>\n          <\/div>\n        <\/div>\n\n              <div class=\"accordion-item\">\n          <div class=\"accordion-header\">\n            <button class=\"accordion-button collapsed\" type=\"button\" data-bs-toggle=\"collapse\" data-bs-target=\"#accordion-69dfef34165b3-1\" aria-expanded=\"true\" aria-controls=\"accordion-69dfef34165b3-1\">\n              <h3>Womit besch\u00e4ftigt sich ActionAid Schweiz?<\/h3>\n            <\/button>\n          <\/div>\n          <div id=\"accordion-69dfef34165b3-1\" class=\"accordion-collapse collapse\" data-bs-parent=\"#accordion-69dfef34165b3\">\n            <div class=\"accordion-body\">\n              <p>Wir arbeiten mit den <strong>verletzlichsten<\/strong> und am <strong>st\u00e4rksten ausgegrenzten Gemeinschaften<\/strong> in Afrika, Asien, Amerika und Europa zusammen, um Armut und soziale Ausgrenzung zu \u00fcberwinden. Unser Ansatz basiert auf den Menschenrechten und auf der Beteiligung der betroffenen Gemeinschaften. Wir setzen uns daf\u00fcr ein, die <strong>Rechte der Menschen<\/strong> h\u00f6rbar zu machen.<\/p>\n<p><a href=\"https:\/\/actionaid.ch\/de\/was-wir-tun\/\" target=\"_blank\" rel=\"noopener\">Mehr erfahren<\/a><\/p>\n\n            <\/div>\n          <\/div>\n        <\/div>\n\n              <div class=\"accordion-item\">\n          <div class=\"accordion-header\">\n            <button class=\"accordion-button collapsed\" type=\"button\" data-bs-toggle=\"collapse\" data-bs-target=\"#accordion-69dfef34165b3-2\" aria-expanded=\"true\" aria-controls=\"accordion-69dfef34165b3-2\">\n              <h3>Wie kann ich Ihre Arbeit unterst\u00fctzen?<\/h3>\n            <\/button>\n          <\/div>\n          <div id=\"accordion-69dfef34165b3-2\" class=\"accordion-collapse collapse\" data-bs-parent=\"#accordion-69dfef34165b3\">\n            <div class=\"accordion-body\">\n              <p>Sie k\u00f6nnen unser <strong>Projekt Fight For Women<\/strong> mit einer regelm\u00e4\u00dfigen oder einmaligen Spende unterst\u00fctzen und sich an die Seite von Frauen weltweit stellen. Schon 1 CHF pro Tag reicht aus, um gemeinsam gegen jegliche Form von geschlechtsspezifischer Gewalt zu k\u00e4mpfen \u2013 von k\u00f6rperlicher Gewalt bis hin zu versteckten, psychologischen Formen.<\/p>\n<p>Wenn Sie ein <strong>Unternehmen<\/strong>, eine <strong>Stiftung<\/strong> oder ein <strong>Gro\u00dfspender<\/strong> sind, k\u00f6nnen Sie einen bedeutenden Beitrag leisten, indem Sie eine langfristige Partnerschaft mit uns eingehen \u2013 f\u00fcr mehr Gerechtigkeit, Inklusion und die F\u00f6rderung von Menschenrechten weltweit.<\/p>\n<p><a href=\"https:\/\/actionaid.ch\/de\/deine-unterstuetzung\/\" target=\"_blank\" rel=\"noopener\">Mehr erfahren<\/a><\/p>\n\n            <\/div>\n          <\/div>\n        <\/div>\n\n              <div class=\"accordion-item\">\n          <div class=\"accordion-header\">\n            <button class=\"accordion-button collapsed\" type=\"button\" data-bs-toggle=\"collapse\" data-bs-target=\"#accordion-69dfef34165b3-3\" aria-expanded=\"true\" aria-controls=\"accordion-69dfef34165b3-3\">\n              <h3>Wie kann ich sicher sein, dass ich vertrauen kann?<\/h3>\n            <\/button>\n          <\/div>\n          <div id=\"accordion-69dfef34165b3-3\" class=\"accordion-collapse collapse\" data-bs-parent=\"#accordion-69dfef34165b3\">\n            <div class=\"accordion-body\">\n              <p>ActionAid Switzerland wurde am 18. Februar 2013 in Lugano mit dem Ziel gegr\u00fcndet, weltweit Armut und soziale Ausgrenzung zu bek\u00e4mpfen. Seither haben wir zahlreiche Projekte und Menschen auf der ganzen Welt unterst\u00fctzt. <strong>Unser Jahresbericht mit allen Details zu unseren Aktivit\u00e4ten ist jederzeit einsehbar.<\/strong><\/p>\n<p><a href=\"https:\/\/actionaid.ch\/de\/wer-wir-sind\/transparenz\/\" target=\"_blank\" rel=\"noopener\">Mehr erfahren<\/a><\/p>\n\n            <\/div>\n          <\/div>\n        <\/div>\n\n              <div class=\"accordion-item\">\n          <div class=\"accordion-header\">\n            <button class=\"accordion-button collapsed\" type=\"button\" data-bs-toggle=\"collapse\" data-bs-target=\"#accordion-69dfef34165b3-4\" aria-expanded=\"true\" aria-controls=\"accordion-69dfef34165b3-4\">\n              <h3>Wie werden die Spenden verwendet?<\/h3>\n            <\/button>\n          <\/div>\n          <div id=\"accordion-69dfef34165b3-4\" class=\"accordion-collapse collapse\" data-bs-parent=\"#accordion-69dfef34165b3\">\n            <div class=\"accordion-body\">\n              <p>Ihre Spende wird gezielt f\u00fcr <strong>Projekte<\/strong> eingesetzt, deren <strong>Priorit\u00e4ten<\/strong> von unseren lokalen Teams festgelegt werden.<\/p>\n<p><strong>Auf Ebene der F\u00f6deration flie\u00dfen 70\u202f% der gesammelten Mittel direkt in die L\u00e4nder und Gemeinschaften, mit denen wir arbeiten<\/strong>. Die verbleibenden 30\u202f% verwenden wir f\u00fcr Sensibilisierungskampagnen und Verwaltungskosten<\/p>\n\n            <\/div>\n          <\/div>\n        <\/div>\n\n              <div class=\"accordion-item\">\n          <div class=\"accordion-header\">\n            <button class=\"accordion-button collapsed\" type=\"button\" data-bs-toggle=\"collapse\" data-bs-target=\"#accordion-69dfef34165b3-5\" aria-expanded=\"true\" aria-controls=\"accordion-69dfef34165b3-5\">\n              <h3>Sind meine Spenden steuerlich absetzbar?<\/h3>\n            <\/button>\n          <\/div>\n          <div id=\"accordion-69dfef34165b3-5\" class=\"accordion-collapse collapse\" data-bs-parent=\"#accordion-69dfef34165b3\">\n            <div class=\"accordion-body\">\n              <p><strong>Ja!<\/strong> In vielen Schweizer Kantonen k\u00f6nnen Spenden an ActionAid steuerlich abgesetzt werden. Sie erhalten von uns jedes Jahr eine Spendenbescheinigung zur Vorlage bei der Steuererkl\u00e4rung.<\/p>\n\n            <\/div>\n          <\/div>\n        <\/div>\n\n              <div class=\"accordion-item\">\n          <div class=\"accordion-header\">\n            <button class=\"accordion-button collapsed\" type=\"button\" data-bs-toggle=\"collapse\" data-bs-target=\"#accordion-69dfef34165b3-6\" aria-expanded=\"true\" aria-controls=\"accordion-69dfef34165b3-6\">\n              <h3>Wie kann ich sicher spenden?<\/h3>\n            <\/button>\n          <\/div>\n          <div id=\"accordion-69dfef34165b3-6\" class=\"accordion-collapse collapse\" data-bs-parent=\"#accordion-69dfef34165b3\">\n            <div class=\"accordion-body\">\n              <p>Spenden Sie nur \u00fcber unsere <strong>offiziellen Webseiten<\/strong> und nutzen Sie <strong>sichere, nachvollziehbare Zahlungsmethoden<\/strong>. Bei Zweifeln schreiben Sie uns unter: <a href=\"mailto:foerderer.ch@actionaid.org\">foerderer.ch@actionaid.org<\/a> oder rufen Sie uns an unter +41 91 922 65 42.<\/p>\n\n            <\/div>\n          <\/div>\n        <\/div>\n\n              <div class=\"accordion-item\">\n          <div class=\"accordion-header\">\n            <button class=\"accordion-button collapsed\" type=\"button\" data-bs-toggle=\"collapse\" data-bs-target=\"#accordion-69dfef34165b3-7\" aria-expanded=\"true\" aria-controls=\"accordion-69dfef34165b3-7\">\n              <h3>Wie kann ich Sie kontaktieren?<\/h3>\n            <\/button>\n          <\/div>\n          <div id=\"accordion-69dfef34165b3-7\" class=\"accordion-collapse collapse\" data-bs-parent=\"#accordion-69dfef34165b3\">\n            <div class=\"accordion-body\">\n              <p><strong>Wir sind immer f\u00fcr Sie da. <\/strong>Wenn Sie uns etwas mitteilen m\u00f6chten oder weitere Informationen w\u00fcnschen, schreiben Sie uns an <strong><a href=\"mailto:foerderer.ch@actionaid.org\">foerderer.ch@actionaid.org<\/a><\/strong> oder rufen Sie uns an unter <strong>+41 91 922 65 42.<\/strong><\/p>\n\n            <\/div>\n          <\/div>\n        <\/div>\n\n            <\/div>\n  <\/div>\n<\/div>\n","protected":false},"excerpt":{"rendered":"","protected":false},"author":2,"featured_media":0,"parent":0,"menu_order":164,"comment_status":"closed","ping_status":"closed","template":"","meta":{"_acf_changed":false,"footnotes":""},"class_list":["post-3821","page","type-page","status-publish","hentry"],"acf":[],"yoast_head":"<!-- This site is optimized with the Yoast SEO plugin v25.9 - https:\/\/yoast.com\/wordpress\/plugins\/seo\/ -->\n<title>H\u00e4ufig gestellte Fragen - ActionAid<\/title>\n<meta name=\"description\" content=\"Antworten auf h\u00e4ufig gestellte Fragen zu ActionAid Schweiz.\" \/>\n<meta name=\"robots\" content=\"index, follow, max-snippet:-1, max-image-preview:large, max-video-preview:-1\" \/>\n<link rel=\"canonical\" href=\"https:\/\/actionaid.ch\/de\/faq\/\" \/>\n<meta property=\"og:locale\" content=\"de_DE\" \/>\n<meta property=\"og:type\" content=\"article\" \/>\n<meta property=\"og:title\" content=\"H\u00e4ufig gestellte Fragen - ActionAid\" \/>\n<meta property=\"og:description\" content=\"Antworten auf h\u00e4ufig gestellte Fragen zu ActionAid Schweiz.\" \/>\n<meta property=\"og:url\" content=\"https:\/\/actionaid.ch\/de\/faq\/\" \/>\n<meta property=\"og:site_name\" content=\"ActionAid\" \/>\n<meta property=\"article:publisher\" content=\"https:\/\/www.facebook.com\/ActionAidSwitzerland\/?locale=it_IT\" \/>\n<meta property=\"article:modified_time\" content=\"2026-03-12T16:56:11+00:00\" \/>\n<meta name=\"twitter:card\" content=\"summary_large_image\" \/>\n<script type=\"application\/ld+json\" class=\"yoast-schema-graph\">{\"@context\":\"https:\/\/schema.org\",\"@graph\":[{\"@type\":\"WebPage\",\"@id\":\"https:\/\/actionaid.ch\/de\/faq\/\",\"url\":\"https:\/\/actionaid.ch\/de\/faq\/\",\"name\":\"H\u00e4ufig gestellte Fragen - ActionAid\",\"isPartOf\":{\"@id\":\"https:\/\/actionaid.ch\/de\/#website\"},\"datePublished\":\"2025-06-30T16:57:12+00:00\",\"dateModified\":\"2026-03-12T16:56:11+00:00\",\"description\":\"Antworten auf h\u00e4ufig gestellte Fragen zu ActionAid Schweiz.\",\"breadcrumb\":{\"@id\":\"https:\/\/actionaid.ch\/de\/faq\/#breadcrumb\"},\"inLanguage\":\"de\",\"potentialAction\":[{\"@type\":\"ReadAction\",\"target\":[\"https:\/\/actionaid.ch\/de\/faq\/\"]}]},{\"@type\":\"BreadcrumbList\",\"@id\":\"https:\/\/actionaid.ch\/de\/faq\/#breadcrumb\",\"itemListElement\":[{\"@type\":\"ListItem\",\"position\":1,\"name\":\"Home\",\"item\":\"https:\/\/actionaid.ch\/de\/\"},{\"@type\":\"ListItem\",\"position\":2,\"name\":\"H\u00e4ufig gestellte Fragen\"}]},{\"@type\":\"WebSite\",\"@id\":\"https:\/\/actionaid.ch\/de\/#website\",\"url\":\"https:\/\/actionaid.ch\/de\/\",\"name\":\"ActionAid Svizzera\",\"description\":\"\",\"publisher\":{\"@id\":\"https:\/\/actionaid.ch\/de\/#organization\"},\"potentialAction\":[{\"@type\":\"SearchAction\",\"target\":{\"@type\":\"EntryPoint\",\"urlTemplate\":\"https:\/\/actionaid.ch\/de\/?s={search_term_string}\"},\"query-input\":{\"@type\":\"PropertyValueSpecification\",\"valueRequired\":true,\"valueName\":\"search_term_string\"}}],\"inLanguage\":\"de\"},{\"@type\":\"Organization\",\"@id\":\"https:\/\/actionaid.ch\/de\/#organization\",\"name\":\"ActionAid Svizzera\",\"url\":\"https:\/\/actionaid.ch\/de\/\",\"logo\":{\"@type\":\"ImageObject\",\"inLanguage\":\"de\",\"@id\":\"https:\/\/actionaid.ch\/de\/#\/schema\/logo\/image\/\",\"url\":\"https:\/\/actionaid.ch\/wp-content\/uploads\/2025\/04\/Logo_rosso.png\",\"contentUrl\":\"https:\/\/actionaid.ch\/wp-content\/uploads\/2025\/04\/Logo_rosso.png\",\"width\":2331,\"height\":407,\"caption\":\"ActionAid Svizzera\"},\"image\":{\"@id\":\"https:\/\/actionaid.ch\/de\/#\/schema\/logo\/image\/\"},\"sameAs\":[\"https:\/\/www.facebook.com\/ActionAidSwitzerland\/?locale=it_IT\",\"https:\/\/www.instagram.com\/actionaid_international\/?hl=en\"]}]}<\/script>\n<!-- \/ Yoast SEO plugin. -->","yoast_head_json":{"title":"H\u00e4ufig gestellte Fragen - ActionAid","description":"Antworten auf h\u00e4ufig gestellte Fragen zu ActionAid Schweiz.","robots":{"index":"index","follow":"follow","max-snippet":"max-snippet:-1","max-image-preview":"max-image-preview:large","max-video-preview":"max-video-preview:-1"},"canonical":"https:\/\/actionaid.ch\/de\/faq\/","og_locale":"de_DE","og_type":"article","og_title":"H\u00e4ufig gestellte Fragen - ActionAid","og_description":"Antworten auf h\u00e4ufig gestellte Fragen zu ActionAid Schweiz.","og_url":"https:\/\/actionaid.ch\/de\/faq\/","og_site_name":"ActionAid","article_publisher":"https:\/\/www.facebook.com\/ActionAidSwitzerland\/?locale=it_IT","article_modified_time":"2026-03-12T16:56:11+00:00","twitter_card":"summary_large_image","schema":{"@context":"https:\/\/schema.org","@graph":[{"@type":"WebPage","@id":"https:\/\/actionaid.ch\/de\/faq\/","url":"https:\/\/actionaid.ch\/de\/faq\/","name":"H\u00e4ufig gestellte Fragen - ActionAid","isPartOf":{"@id":"https:\/\/actionaid.ch\/de\/#website"},"datePublished":"2025-06-30T16:57:12+00:00","dateModified":"2026-03-12T16:56:11+00:00","description":"Antworten auf h\u00e4ufig gestellte Fragen zu ActionAid Schweiz.","breadcrumb":{"@id":"https:\/\/actionaid.ch\/de\/faq\/#breadcrumb"},"inLanguage":"de","potentialAction":[{"@type":"ReadAction","target":["https:\/\/actionaid.ch\/de\/faq\/"]}]},{"@type":"BreadcrumbList","@id":"https:\/\/actionaid.ch\/de\/faq\/#breadcrumb","itemListElement":[{"@type":"ListItem","position":1,"name":"Home","item":"https:\/\/actionaid.ch\/de\/"},{"@type":"ListItem","position":2,"name":"H\u00e4ufig gestellte Fragen"}]},{"@type":"WebSite","@id":"https:\/\/actionaid.ch\/de\/#website","url":"https:\/\/actionaid.ch\/de\/","name":"ActionAid Svizzera","description":"","publisher":{"@id":"https:\/\/actionaid.ch\/de\/#organization"},"potentialAction":[{"@type":"SearchAction","target":{"@type":"EntryPoint","urlTemplate":"https:\/\/actionaid.ch\/de\/?s={search_term_string}"},"query-input":{"@type":"PropertyValueSpecification","valueRequired":true,"valueName":"search_term_string"}}],"inLanguage":"de"},{"@type":"Organization","@id":"https:\/\/actionaid.ch\/de\/#organization","name":"ActionAid Svizzera","url":"https:\/\/actionaid.ch\/de\/","logo":{"@type":"ImageObject","inLanguage":"de","@id":"https:\/\/actionaid.ch\/de\/#\/schema\/logo\/image\/","url":"https:\/\/actionaid.ch\/wp-content\/uploads\/2025\/04\/Logo_rosso.png","contentUrl":"https:\/\/actionaid.ch\/wp-content\/uploads\/2025\/04\/Logo_rosso.png","width":2331,"height":407,"caption":"ActionAid Svizzera"},"image":{"@id":"https:\/\/actionaid.ch\/de\/#\/schema\/logo\/image\/"},"sameAs":["https:\/\/www.facebook.com\/ActionAidSwitzerland\/?locale=it_IT","https:\/\/www.instagram.com\/actionaid_international\/?hl=en"]}]}},"_links":{"self":[{"href":"https:\/\/actionaid.ch\/de\/wp-json\/wp\/v2\/pages\/3821","targetHints":{"allow":["GET"]}}],"collection":[{"href":"https:\/\/actionaid.ch\/de\/wp-json\/wp\/v2\/pages"}],"about":[{"href":"https:\/\/actionaid.ch\/de\/wp-json\/wp\/v2\/types\/page"}],"author":[{"embeddable":true,"href":"https:\/\/actionaid.ch\/de\/wp-json\/wp\/v2\/users\/2"}],"replies":[{"embeddable":true,"href":"https:\/\/actionaid.ch\/de\/wp-json\/wp\/v2\/comments?post=3821"}],"version-history":[{"count":8,"href":"https:\/\/actionaid.ch\/de\/wp-json\/wp\/v2\/pages\/3821\/revisions"}],"predecessor-version":[{"id":16305,"href":"https:\/\/actionaid.ch\/de\/wp-json\/wp\/v2\/pages\/3821\/revisions\/16305"}],"wp:attachment":[{"href":"https:\/\/actionaid.ch\/de\/wp-json\/wp\/v2\/media?parent=3821"}],"curies":[{"name":"wp","href":"https:\/\/api.w.org\/{rel}","templated":true}]}}