{"id":3627,"date":"2025-05-24T21:21:59","date_gmt":"2025-05-24T19:21:59","guid":{"rendered":"https:\/\/actionaid.ch\/wer-wir-sind\/transparenz\/bilanz-2021\/"},"modified":"2025-07-08T17:42:18","modified_gmt":"2025-07-08T15:42:18","slug":"jahresbericht-2021","status":"publish","type":"page","link":"https:\/\/actionaid.ch\/de\/wer-wir-sind\/transparenz\/jahresbericht-2021\/","title":{"rendered":"Jahresbericht 2021"},"content":{"rendered":"<div class=\"vidiemme-block focused-content  \" >\n  \n  <div class=\"container-xl\">\n    <div class=\"focused\">\n\n            <div class=\"summary mb-3\">2021 war f\u00fcr uns alle ein herausforderndes Jahr: Noch immer ist es nicht einfach, zur\u00fcckzublicken und die Komplexit\u00e4t dessen, was wir aufgrund der Covid 19-Pandemie zu bew\u00e4ltigen hatten, vollst\u00e4ndig zu erfassen. In diesem Jahr bekr\u00e4ftigte ActionAid &#8211; angesichts und trotz der anhaltenden Pandemie-Notlage und weiterer Konflikte in der Welt &#8211; seinen Ansatz zur Bek\u00e4mpfung von sozialer Ausgrenzung und Armut, zum Schutz der Rechte und zur Umverteilung von Ressourcen und Chancen auf lokaler, nationaler und internationaler Ebene.<\/div>\n      \n            <div class=\"description\"><p>Als ActionAid haben wir zusammengearbeitet, um dort einzugreifen, wo es am n\u00f6tigsten ist, denn wir wissen, dass in Krisensituationen oft die Schw\u00e4chsten den h\u00f6chsten Preis zahlen. Auch im Jahr 2021 best\u00e4tigten viele Schweizerinnen und Schweizer ihre Grossz\u00fcgigkeit, indem sie unsere Projekte f\u00fcr Frauen und M\u00e4dchen, Jugendliche und bed\u00fcrftige Gemeinschaften unterst\u00fctzten.<\/p>\n<p><strong><em>Unsere Ressourcen<\/em><\/strong><\/p>\n<p>Im Jahr 2021 waren wir\u00a0<strong>weltweit in 45 L\u00e4ndern vertreten und konnten mehr als 77 Millionen Menschen erreichen<\/strong>.\u00a0Diese unglaublichen Ergebnisse wurden durch die Arbeit von\u00a0<strong>mehr als 2.300 Mitarbeitern<\/strong>\u00a0erm\u00f6glicht, von denen \u00fcbrigens mehr als die H\u00e4lfte Frauen sind. Dar\u00fcber hinaus konnten wir mit\u00a0<strong>702 lokalen Verantwortlichen, 171 sozialen Organisationen und 374 Netzwerken<\/strong>\u00a0in den von uns betreuten Regionen zusammenarbeiten.<\/p>\n<p>Erm\u00f6glicht wurde dies auch durch den Beitrag von mehr als\u00a0<strong>6.700 Schweizer Unterst\u00fctzern<\/strong>, die sich trotz grosser Unsicherheiten und Schwierigkeiten im Jahr 2021 daf\u00fcr entschieden haben, ActionAid zu unterst\u00fctzen oder ihr Vertrauen in uns zu erneuern und weiterhin Projekte an der Seite der am meisten gef\u00e4hrdeten Gemeinschaften mitzufinanzieren.<\/p>\n<p>Il 2021 \u00e8 stato un anno impegnativo per tutte e tutti: ancora oggi non \u00e8 facile guardarsi indietro e cogliere integralmente la complessit\u00e0 di ci\u00f2 che abbiamo affrontato per via della pandemia covid. Durante il 2021 ActionAid \u2013\u00a0nel perdurare dell\u2019emergenza pandemica e con l\u2019evolversi di ulteriori emergenze di conflitto nel mondo &#8211; ha riaffermato il proprio approccio nella lotta all\u2019esclusione sociale e alla povert\u00e0, nella tutela dei diritti, la redistribuzione di risorse e opportunit\u00e0, a livello locale, nazionale e internazionale.<\/p>\n<p>Come ActionAid abbiamo collaborato per intervenire dove ce n\u2019era pi\u00f9 bisogno, consci del fatto che nelle situazioni di crisi sono spesso i pi\u00f9 fragili a pagare il prezzo pi\u00f9 alto. Nel 2021 tante svizzere e svizzeri hanno confermato la loro grande generosit\u00e0, supportando i nostri progetti a favore di donne e ragazze, dei giovani e delle comunit\u00e0 pi\u00f9 in difficolt\u00e0.<\/p>\n<\/div>\n      \n      \n            <div class=\"attachments\">\n                  <div class=\"attachment mb-4\">   \n            <a href=\"https:\/\/actionaid.ch\/wp-content\/uploads\/2025\/06\/AA_CH_Conto_annuale_2021.pdf\" target=\"_blank\">\n              <img decoding=\"async\" class=\"img-fluid me-1 icon-download\" src=\"https:\/\/actionaid.ch\/wp-content\/themes\/actionaid\/public\/build\/assets\/icon-download-hKxZcR7I.svg\" alt=\"Scariere die Datei\">\n              \n              Bilanz 2021\n            <\/a>\n          <\/div>\n                  <div class=\"attachment mb-4\">   \n            <a href=\"https:\/\/actionaid.ch\/wp-content\/uploads\/2025\/06\/Jahresbericht_2021.pdf\" target=\"_blank\">\n              <img decoding=\"async\" class=\"img-fluid me-1 icon-download\" src=\"https:\/\/actionaid.ch\/wp-content\/themes\/actionaid\/public\/build\/assets\/icon-download-hKxZcR7I.svg\" alt=\"Scariere die Datei\">\n              \n              Jahresbericht 2021\n            <\/a>\n          <\/div>\n              <\/div>\n          \n    <\/div>\n  <\/div>\n<\/div>\n","protected":false},"excerpt":{"rendered":"","protected":false},"author":1,"featured_media":0,"parent":1961,"menu_order":45,"comment_status":"closed","ping_status":"closed","template":"","meta":{"_acf_changed":false,"footnotes":""},"class_list":["post-3627","page","type-page","status-publish","hentry"],"acf":[],"yoast_head":"<!-- This site is optimized with the Yoast SEO plugin v25.9 - https:\/\/yoast.com\/wordpress\/plugins\/seo\/ -->\n<title>Jahresbericht 2021 - ActionAid<\/title>\n<meta name=\"description\" content=\"Laden Sie den Jahresbericht 2021 herunter und erfahren Sie die wichtigsten Ergebnisse von ActionAid.\" \/>\n<meta name=\"robots\" content=\"index, follow, max-snippet:-1, max-image-preview:large, max-video-preview:-1\" \/>\n<link rel=\"canonical\" href=\"https:\/\/actionaid.ch\/de\/wer-wir-sind\/transparenz\/jahresbericht-2021\/\" \/>\n<meta property=\"og:locale\" content=\"de_DE\" \/>\n<meta property=\"og:type\" content=\"article\" \/>\n<meta property=\"og:title\" content=\"Jahresbericht 2021 - ActionAid\" \/>\n<meta property=\"og:description\" content=\"Laden Sie den Jahresbericht 2021 herunter und erfahren Sie die wichtigsten Ergebnisse von ActionAid.\" \/>\n<meta property=\"og:url\" content=\"https:\/\/actionaid.ch\/de\/wer-wir-sind\/transparenz\/jahresbericht-2021\/\" \/>\n<meta property=\"og:site_name\" content=\"ActionAid\" \/>\n<meta property=\"article:publisher\" content=\"https:\/\/www.facebook.com\/ActionAidSwitzerland\/?locale=it_IT\" \/>\n<meta property=\"article:modified_time\" content=\"2025-07-08T15:42:18+00:00\" \/>\n<meta name=\"twitter:card\" content=\"summary_large_image\" \/>\n<script type=\"application\/ld+json\" class=\"yoast-schema-graph\">{\"@context\":\"https:\/\/schema.org\",\"@graph\":[{\"@type\":\"WebPage\",\"@id\":\"https:\/\/actionaid.ch\/de\/wer-wir-sind\/transparenz\/jahresbericht-2021\/\",\"url\":\"https:\/\/actionaid.ch\/de\/wer-wir-sind\/transparenz\/jahresbericht-2021\/\",\"name\":\"Jahresbericht 2021 - ActionAid\",\"isPartOf\":{\"@id\":\"https:\/\/actionaid.ch\/de\/#website\"},\"datePublished\":\"2025-05-24T19:21:59+00:00\",\"dateModified\":\"2025-07-08T15:42:18+00:00\",\"description\":\"Laden Sie den Jahresbericht 2021 herunter und erfahren Sie die wichtigsten Ergebnisse von ActionAid.\",\"breadcrumb\":{\"@id\":\"https:\/\/actionaid.ch\/de\/wer-wir-sind\/transparenz\/jahresbericht-2021\/#breadcrumb\"},\"inLanguage\":\"de\",\"potentialAction\":[{\"@type\":\"ReadAction\",\"target\":[\"https:\/\/actionaid.ch\/de\/wer-wir-sind\/transparenz\/jahresbericht-2021\/\"]}]},{\"@type\":\"BreadcrumbList\",\"@id\":\"https:\/\/actionaid.ch\/de\/wer-wir-sind\/transparenz\/jahresbericht-2021\/#breadcrumb\",\"itemListElement\":[{\"@type\":\"ListItem\",\"position\":1,\"name\":\"Home\",\"item\":\"https:\/\/actionaid.ch\/de\/\"},{\"@type\":\"ListItem\",\"position\":2,\"name\":\"Wer wir sind\",\"item\":\"https:\/\/actionaid.ch\/de\/wer-wir-sind\/\"},{\"@type\":\"ListItem\",\"position\":3,\"name\":\"Transparenz\",\"item\":\"https:\/\/actionaid.ch\/de\/wer-wir-sind\/transparenz\/\"},{\"@type\":\"ListItem\",\"position\":4,\"name\":\"Jahresbericht 2021\"}]},{\"@type\":\"WebSite\",\"@id\":\"https:\/\/actionaid.ch\/de\/#website\",\"url\":\"https:\/\/actionaid.ch\/de\/\",\"name\":\"ActionAid Svizzera\",\"description\":\"\",\"publisher\":{\"@id\":\"https:\/\/actionaid.ch\/de\/#organization\"},\"potentialAction\":[{\"@type\":\"SearchAction\",\"target\":{\"@type\":\"EntryPoint\",\"urlTemplate\":\"https:\/\/actionaid.ch\/de\/?s={search_term_string}\"},\"query-input\":{\"@type\":\"PropertyValueSpecification\",\"valueRequired\":true,\"valueName\":\"search_term_string\"}}],\"inLanguage\":\"de\"},{\"@type\":\"Organization\",\"@id\":\"https:\/\/actionaid.ch\/de\/#organization\",\"name\":\"ActionAid Svizzera\",\"url\":\"https:\/\/actionaid.ch\/de\/\",\"logo\":{\"@type\":\"ImageObject\",\"inLanguage\":\"de\",\"@id\":\"https:\/\/actionaid.ch\/de\/#\/schema\/logo\/image\/\",\"url\":\"https:\/\/actionaid.ch\/wp-content\/uploads\/2025\/04\/Logo_rosso.png\",\"contentUrl\":\"https:\/\/actionaid.ch\/wp-content\/uploads\/2025\/04\/Logo_rosso.png\",\"width\":2331,\"height\":407,\"caption\":\"ActionAid Svizzera\"},\"image\":{\"@id\":\"https:\/\/actionaid.ch\/de\/#\/schema\/logo\/image\/\"},\"sameAs\":[\"https:\/\/www.facebook.com\/ActionAidSwitzerland\/?locale=it_IT\",\"https:\/\/www.instagram.com\/actionaid_international\/?hl=en\"]}]}<\/script>\n<!-- \/ Yoast SEO plugin. -->","yoast_head_json":{"title":"Jahresbericht 2021 - ActionAid","description":"Laden Sie den Jahresbericht 2021 herunter und erfahren Sie die wichtigsten Ergebnisse von ActionAid.","robots":{"index":"index","follow":"follow","max-snippet":"max-snippet:-1","max-image-preview":"max-image-preview:large","max-video-preview":"max-video-preview:-1"},"canonical":"https:\/\/actionaid.ch\/de\/wer-wir-sind\/transparenz\/jahresbericht-2021\/","og_locale":"de_DE","og_type":"article","og_title":"Jahresbericht 2021 - ActionAid","og_description":"Laden Sie den Jahresbericht 2021 herunter und erfahren Sie die wichtigsten Ergebnisse von ActionAid.","og_url":"https:\/\/actionaid.ch\/de\/wer-wir-sind\/transparenz\/jahresbericht-2021\/","og_site_name":"ActionAid","article_publisher":"https:\/\/www.facebook.com\/ActionAidSwitzerland\/?locale=it_IT","article_modified_time":"2025-07-08T15:42:18+00:00","twitter_card":"summary_large_image","schema":{"@context":"https:\/\/schema.org","@graph":[{"@type":"WebPage","@id":"https:\/\/actionaid.ch\/de\/wer-wir-sind\/transparenz\/jahresbericht-2021\/","url":"https:\/\/actionaid.ch\/de\/wer-wir-sind\/transparenz\/jahresbericht-2021\/","name":"Jahresbericht 2021 - ActionAid","isPartOf":{"@id":"https:\/\/actionaid.ch\/de\/#website"},"datePublished":"2025-05-24T19:21:59+00:00","dateModified":"2025-07-08T15:42:18+00:00","description":"Laden Sie den Jahresbericht 2021 herunter und erfahren Sie die wichtigsten Ergebnisse von ActionAid.","breadcrumb":{"@id":"https:\/\/actionaid.ch\/de\/wer-wir-sind\/transparenz\/jahresbericht-2021\/#breadcrumb"},"inLanguage":"de","potentialAction":[{"@type":"ReadAction","target":["https:\/\/actionaid.ch\/de\/wer-wir-sind\/transparenz\/jahresbericht-2021\/"]}]},{"@type":"BreadcrumbList","@id":"https:\/\/actionaid.ch\/de\/wer-wir-sind\/transparenz\/jahresbericht-2021\/#breadcrumb","itemListElement":[{"@type":"ListItem","position":1,"name":"Home","item":"https:\/\/actionaid.ch\/de\/"},{"@type":"ListItem","position":2,"name":"Wer wir sind","item":"https:\/\/actionaid.ch\/de\/wer-wir-sind\/"},{"@type":"ListItem","position":3,"name":"Transparenz","item":"https:\/\/actionaid.ch\/de\/wer-wir-sind\/transparenz\/"},{"@type":"ListItem","position":4,"name":"Jahresbericht 2021"}]},{"@type":"WebSite","@id":"https:\/\/actionaid.ch\/de\/#website","url":"https:\/\/actionaid.ch\/de\/","name":"ActionAid Svizzera","description":"","publisher":{"@id":"https:\/\/actionaid.ch\/de\/#organization"},"potentialAction":[{"@type":"SearchAction","target":{"@type":"EntryPoint","urlTemplate":"https:\/\/actionaid.ch\/de\/?s={search_term_string}"},"query-input":{"@type":"PropertyValueSpecification","valueRequired":true,"valueName":"search_term_string"}}],"inLanguage":"de"},{"@type":"Organization","@id":"https:\/\/actionaid.ch\/de\/#organization","name":"ActionAid Svizzera","url":"https:\/\/actionaid.ch\/de\/","logo":{"@type":"ImageObject","inLanguage":"de","@id":"https:\/\/actionaid.ch\/de\/#\/schema\/logo\/image\/","url":"https:\/\/actionaid.ch\/wp-content\/uploads\/2025\/04\/Logo_rosso.png","contentUrl":"https:\/\/actionaid.ch\/wp-content\/uploads\/2025\/04\/Logo_rosso.png","width":2331,"height":407,"caption":"ActionAid Svizzera"},"image":{"@id":"https:\/\/actionaid.ch\/de\/#\/schema\/logo\/image\/"},"sameAs":["https:\/\/www.facebook.com\/ActionAidSwitzerland\/?locale=it_IT","https:\/\/www.instagram.com\/actionaid_international\/?hl=en"]}]}},"_links":{"self":[{"href":"https:\/\/actionaid.ch\/de\/wp-json\/wp\/v2\/pages\/3627","targetHints":{"allow":["GET"]}}],"collection":[{"href":"https:\/\/actionaid.ch\/de\/wp-json\/wp\/v2\/pages"}],"about":[{"href":"https:\/\/actionaid.ch\/de\/wp-json\/wp\/v2\/types\/page"}],"author":[{"embeddable":true,"href":"https:\/\/actionaid.ch\/de\/wp-json\/wp\/v2\/users\/1"}],"replies":[{"embeddable":true,"href":"https:\/\/actionaid.ch\/de\/wp-json\/wp\/v2\/comments?post=3627"}],"version-history":[{"count":4,"href":"https:\/\/actionaid.ch\/de\/wp-json\/wp\/v2\/pages\/3627\/revisions"}],"predecessor-version":[{"id":3747,"href":"https:\/\/actionaid.ch\/de\/wp-json\/wp\/v2\/pages\/3627\/revisions\/3747"}],"up":[{"embeddable":true,"href":"https:\/\/actionaid.ch\/de\/wp-json\/wp\/v2\/pages\/1961"}],"wp:attachment":[{"href":"https:\/\/actionaid.ch\/de\/wp-json\/wp\/v2\/media?parent=3627"}],"curies":[{"name":"wp","href":"https:\/\/api.w.org\/{rel}","templated":true}]}}