{"id":3622,"date":"2025-05-24T21:18:09","date_gmt":"2025-05-24T19:18:09","guid":{"rendered":"https:\/\/actionaid.ch\/wer-wir-sind\/transparenz\/bilanz-und-jahresbericht-2020\/"},"modified":"2025-07-08T17:42:30","modified_gmt":"2025-07-08T15:42:30","slug":"jahresbericht-2020","status":"publish","type":"page","link":"https:\/\/actionaid.ch\/de\/wer-wir-sind\/transparenz\/jahresbericht-2020\/","title":{"rendered":"Jahresbericht 2020"},"content":{"rendered":"<div class=\"vidiemme-block video-player mb-5 \" >\n  \n  <div class=\"container-xl\">\n    <div class=\"ratio ratio-16x9\">\n  <iframe src=\"https:\/\/www.youtube.com\/embed\/xFqgWDHUng0?rel=0\"  allowfullscreen><\/iframe>\n<\/div>\n  <\/div>\n<\/div>\n\n\n<div class=\"vidiemme-block focused-content  \" >\n  \n  <div class=\"container-xl\">\n    <div class=\"focused\">\n\n            <div class=\"summary mb-3\">2020 war ein Jahr, das von einer globalen Gesundheitskrise gekennzeichnet war: um weiterhin gegen die Ursachen von Armut sozialer Ungerechtigkeit zu k\u00e4mpfen, mussten wir uns neu erfinden, indem wir unsere Programme den neuen sanit\u00e4ren Bedingungen angepasst haben.<br><br>Es war aber ein Jahr, das von einer grossen Solidarit\u00e4tswelle gezeichnet war, auch und insbesondere von unseren Schweizer Spender und all diejenigen, die sich mobilisiert haben, um den durch die Pandemie am meisten betroffenen Menschen Hilfe zu leisten.<\/div>\n      \n            <div class=\"description\"><p>La crisi pandemica ha senza dubbio contribuito ad amplificare le diseguaglianze<\/p>\n<p>Die Pandemie hat zweifellos dazu beigetragen, dass die wirtschaftlichen und geschlechterbezogenen Ungleichheiten noch st\u00e4rker wurden. Diejenigen, die am meisten daran gelitten haben, sind die hilfsbed\u00fcrftigen Menschen und Gemeinschaften.<\/p>\n<p>Seit je setzen wir uns von ActionAid daf\u00fcr ein, die Macht unter den Menschen zu verteilen, damit alle ihre Rechte voll wahrnehmen k\u00f6nnen, sie einfordern und Vorschl\u00e4ge f\u00fcr Ver\u00e4nderungen zu Gunsten ihrer Gemeinschaft machen k\u00f6nnen.<\/p>\n<h4><strong>Unsere Ressourcen<\/strong><\/h4>\n<p>Weltweit\u00a0<strong>waren wir 2020 in 45 L\u00e4ndern pr\u00e4sent und haben mehr als 25 Millionen Menschen erreicht.\u00a0<\/strong>Diese erstaunlichen Resultate waren m\u00f6glich dank der Arbeit von \u00fcber\u00a0<strong>5&#8217;000 Mitarbeiter<\/strong>, von denen mehr als die H\u00e4lfte Frauen waren. Ausserdem haben wir mit\u00a0<strong>283 lokalen Leadern und 850 Partnern vor Ort zusammengearbeitet.\u00a0<\/strong><\/p>\n<p>All dies war m\u00f6glich auch dank der Unterst\u00fctzung von\u00a0<strong>6.609 Spenderinnen und Spender aus der Schweiz,\u00a0<\/strong>die uns erlaubt haben,\u00a0<strong>1,177 Millionen Franken zu sammeln.<\/strong><\/p>\n<div class=\"text-center py-4\"><!--<a href=\"\/wp-content\/uploads\/2025\/05\/2020-Bilancio-1.jpg\">--><br \/>\n<img decoding=\"async\" class=\"img-fluid w-100\" src=\"\/wp-content\/uploads\/2025\/06\/2020DE-CHART7-deu.jpeg\" alt=\"Bilanz 2020\" \/><br \/>\n<!--<\/a>--><\/div>\n<p><\/p>\n<div>Von den gesammelten Spenden<strong>, wurde 70% den Programmen\u00a0<\/strong>des internationalen Verbands von ActionAid in der Welt bestimmt.<\/div>\n<p><\/p>\n<div class=\"text-center py-4\"><!--<a href=\"\/wp-content\/uploads\/2025\/05\/2020-Bilancio-2.jpg\">--><br \/>\n<img decoding=\"async\" class=\"img-fluid w-100\" src=\"\/wp-content\/uploads\/2025\/06\/2020DE-CHART9-deu.jpeg\" alt=\"Bilanz 2020\" \/><br \/>\n<!--<\/a>--><\/div>\n<p>&nbsp;<\/p>\n<p>Dieses Jahr\u00a0<strong>gilt unser Dank insbesondere den Schweizer Spendern,\u00a0<\/strong>die trotz den grossen Unsicherheiten und Schwierigkeiten entschieden haben, ihr Vertrauen uns gegen\u00fcber zu erneuern und weiterhin unsere Projekte an der Seite der hilfsbed\u00fcrftigen Gemeinschaften zu unterst\u00fctzen.<\/p>\n<p>Um mehr \u00fcber die im Laufe des Jahres erreichten Resultate, unsere Geschichte und die Einsetzung der Ressourcen zu erfahren,\u00a0<strong>bl\u00e4ttern Sie unseren Jahresbericht\u00a02020 durch.<\/strong><\/p>\n<\/div>\n      \n      \n            <div class=\"attachments\">\n                  <div class=\"attachment mb-4\">   \n            <a href=\"https:\/\/actionaid.ch\/wp-content\/uploads\/2025\/05\/AA_SWISS_Bilancio-2020.pdf\" target=\"_blank\">\n              <img decoding=\"async\" class=\"img-fluid me-1 icon-download\" src=\"https:\/\/actionaid.ch\/wp-content\/themes\/actionaid\/public\/build\/assets\/icon-download-hKxZcR7I.svg\" alt=\"Scariere die Datei\">\n              \n              Bilanz 2020\n            <\/a>\n          <\/div>\n                  <div class=\"attachment mb-4\">   \n            <a href=\"https:\/\/actionaid.ch\/wp-content\/uploads\/2025\/06\/Annual_report_ch_20_de.pdf\" target=\"_blank\">\n              <img decoding=\"async\" class=\"img-fluid me-1 icon-download\" src=\"https:\/\/actionaid.ch\/wp-content\/themes\/actionaid\/public\/build\/assets\/icon-download-hKxZcR7I.svg\" alt=\"Scariere die Datei\">\n              \n              Jahresbericht 2020\n            <\/a>\n          <\/div>\n              <\/div>\n          \n    <\/div>\n  <\/div>\n<\/div>\n","protected":false},"excerpt":{"rendered":"","protected":false},"author":1,"featured_media":0,"parent":1961,"menu_order":49,"comment_status":"closed","ping_status":"closed","template":"","meta":{"_acf_changed":false,"footnotes":""},"class_list":["post-3622","page","type-page","status-publish","hentry"],"acf":[],"yoast_head":"<!-- This site is optimized with the Yoast SEO plugin v25.9 - https:\/\/yoast.com\/wordpress\/plugins\/seo\/ -->\n<title>Jahresbericht 2020 - ActionAid<\/title>\n<meta name=\"description\" content=\"Laden Sie den Jahresbericht 2020 herunter und erfahren Sie die wichtigsten Ergebnisse von ActionAid.\" \/>\n<meta name=\"robots\" content=\"index, follow, max-snippet:-1, max-image-preview:large, max-video-preview:-1\" \/>\n<link rel=\"canonical\" href=\"https:\/\/actionaid.ch\/de\/wer-wir-sind\/transparenz\/jahresbericht-2020\/\" \/>\n<meta property=\"og:locale\" content=\"de_DE\" \/>\n<meta property=\"og:type\" content=\"article\" \/>\n<meta property=\"og:title\" content=\"Jahresbericht 2020 - ActionAid\" \/>\n<meta property=\"og:description\" content=\"Laden Sie den Jahresbericht 2020 herunter und erfahren Sie die wichtigsten Ergebnisse von ActionAid.\" \/>\n<meta property=\"og:url\" content=\"https:\/\/actionaid.ch\/de\/wer-wir-sind\/transparenz\/jahresbericht-2020\/\" \/>\n<meta property=\"og:site_name\" content=\"ActionAid\" \/>\n<meta property=\"article:publisher\" content=\"https:\/\/www.facebook.com\/ActionAidSwitzerland\/?locale=it_IT\" \/>\n<meta property=\"article:modified_time\" content=\"2025-07-08T15:42:30+00:00\" \/>\n<meta name=\"twitter:card\" content=\"summary_large_image\" \/>\n<script type=\"application\/ld+json\" class=\"yoast-schema-graph\">{\"@context\":\"https:\/\/schema.org\",\"@graph\":[{\"@type\":\"WebPage\",\"@id\":\"https:\/\/actionaid.ch\/de\/wer-wir-sind\/transparenz\/jahresbericht-2020\/\",\"url\":\"https:\/\/actionaid.ch\/de\/wer-wir-sind\/transparenz\/jahresbericht-2020\/\",\"name\":\"Jahresbericht 2020 - ActionAid\",\"isPartOf\":{\"@id\":\"https:\/\/actionaid.ch\/de\/#website\"},\"datePublished\":\"2025-05-24T19:18:09+00:00\",\"dateModified\":\"2025-07-08T15:42:30+00:00\",\"description\":\"Laden Sie den Jahresbericht 2020 herunter und erfahren Sie die wichtigsten Ergebnisse von ActionAid.\",\"breadcrumb\":{\"@id\":\"https:\/\/actionaid.ch\/de\/wer-wir-sind\/transparenz\/jahresbericht-2020\/#breadcrumb\"},\"inLanguage\":\"de\",\"potentialAction\":[{\"@type\":\"ReadAction\",\"target\":[\"https:\/\/actionaid.ch\/de\/wer-wir-sind\/transparenz\/jahresbericht-2020\/\"]}]},{\"@type\":\"BreadcrumbList\",\"@id\":\"https:\/\/actionaid.ch\/de\/wer-wir-sind\/transparenz\/jahresbericht-2020\/#breadcrumb\",\"itemListElement\":[{\"@type\":\"ListItem\",\"position\":1,\"name\":\"Home\",\"item\":\"https:\/\/actionaid.ch\/de\/\"},{\"@type\":\"ListItem\",\"position\":2,\"name\":\"Wer wir sind\",\"item\":\"https:\/\/actionaid.ch\/de\/wer-wir-sind\/\"},{\"@type\":\"ListItem\",\"position\":3,\"name\":\"Transparenz\",\"item\":\"https:\/\/actionaid.ch\/de\/wer-wir-sind\/transparenz\/\"},{\"@type\":\"ListItem\",\"position\":4,\"name\":\"Jahresbericht 2020\"}]},{\"@type\":\"WebSite\",\"@id\":\"https:\/\/actionaid.ch\/de\/#website\",\"url\":\"https:\/\/actionaid.ch\/de\/\",\"name\":\"ActionAid Svizzera\",\"description\":\"\",\"publisher\":{\"@id\":\"https:\/\/actionaid.ch\/de\/#organization\"},\"potentialAction\":[{\"@type\":\"SearchAction\",\"target\":{\"@type\":\"EntryPoint\",\"urlTemplate\":\"https:\/\/actionaid.ch\/de\/?s={search_term_string}\"},\"query-input\":{\"@type\":\"PropertyValueSpecification\",\"valueRequired\":true,\"valueName\":\"search_term_string\"}}],\"inLanguage\":\"de\"},{\"@type\":\"Organization\",\"@id\":\"https:\/\/actionaid.ch\/de\/#organization\",\"name\":\"ActionAid Svizzera\",\"url\":\"https:\/\/actionaid.ch\/de\/\",\"logo\":{\"@type\":\"ImageObject\",\"inLanguage\":\"de\",\"@id\":\"https:\/\/actionaid.ch\/de\/#\/schema\/logo\/image\/\",\"url\":\"https:\/\/actionaid.ch\/wp-content\/uploads\/2025\/04\/Logo_rosso.png\",\"contentUrl\":\"https:\/\/actionaid.ch\/wp-content\/uploads\/2025\/04\/Logo_rosso.png\",\"width\":2331,\"height\":407,\"caption\":\"ActionAid Svizzera\"},\"image\":{\"@id\":\"https:\/\/actionaid.ch\/de\/#\/schema\/logo\/image\/\"},\"sameAs\":[\"https:\/\/www.facebook.com\/ActionAidSwitzerland\/?locale=it_IT\",\"https:\/\/www.instagram.com\/actionaid_international\/?hl=en\"]}]}<\/script>\n<!-- \/ Yoast SEO plugin. -->","yoast_head_json":{"title":"Jahresbericht 2020 - ActionAid","description":"Laden Sie den Jahresbericht 2020 herunter und erfahren Sie die wichtigsten Ergebnisse von ActionAid.","robots":{"index":"index","follow":"follow","max-snippet":"max-snippet:-1","max-image-preview":"max-image-preview:large","max-video-preview":"max-video-preview:-1"},"canonical":"https:\/\/actionaid.ch\/de\/wer-wir-sind\/transparenz\/jahresbericht-2020\/","og_locale":"de_DE","og_type":"article","og_title":"Jahresbericht 2020 - ActionAid","og_description":"Laden Sie den Jahresbericht 2020 herunter und erfahren Sie die wichtigsten Ergebnisse von ActionAid.","og_url":"https:\/\/actionaid.ch\/de\/wer-wir-sind\/transparenz\/jahresbericht-2020\/","og_site_name":"ActionAid","article_publisher":"https:\/\/www.facebook.com\/ActionAidSwitzerland\/?locale=it_IT","article_modified_time":"2025-07-08T15:42:30+00:00","twitter_card":"summary_large_image","schema":{"@context":"https:\/\/schema.org","@graph":[{"@type":"WebPage","@id":"https:\/\/actionaid.ch\/de\/wer-wir-sind\/transparenz\/jahresbericht-2020\/","url":"https:\/\/actionaid.ch\/de\/wer-wir-sind\/transparenz\/jahresbericht-2020\/","name":"Jahresbericht 2020 - ActionAid","isPartOf":{"@id":"https:\/\/actionaid.ch\/de\/#website"},"datePublished":"2025-05-24T19:18:09+00:00","dateModified":"2025-07-08T15:42:30+00:00","description":"Laden Sie den Jahresbericht 2020 herunter und erfahren Sie die wichtigsten Ergebnisse von ActionAid.","breadcrumb":{"@id":"https:\/\/actionaid.ch\/de\/wer-wir-sind\/transparenz\/jahresbericht-2020\/#breadcrumb"},"inLanguage":"de","potentialAction":[{"@type":"ReadAction","target":["https:\/\/actionaid.ch\/de\/wer-wir-sind\/transparenz\/jahresbericht-2020\/"]}]},{"@type":"BreadcrumbList","@id":"https:\/\/actionaid.ch\/de\/wer-wir-sind\/transparenz\/jahresbericht-2020\/#breadcrumb","itemListElement":[{"@type":"ListItem","position":1,"name":"Home","item":"https:\/\/actionaid.ch\/de\/"},{"@type":"ListItem","position":2,"name":"Wer wir sind","item":"https:\/\/actionaid.ch\/de\/wer-wir-sind\/"},{"@type":"ListItem","position":3,"name":"Transparenz","item":"https:\/\/actionaid.ch\/de\/wer-wir-sind\/transparenz\/"},{"@type":"ListItem","position":4,"name":"Jahresbericht 2020"}]},{"@type":"WebSite","@id":"https:\/\/actionaid.ch\/de\/#website","url":"https:\/\/actionaid.ch\/de\/","name":"ActionAid Svizzera","description":"","publisher":{"@id":"https:\/\/actionaid.ch\/de\/#organization"},"potentialAction":[{"@type":"SearchAction","target":{"@type":"EntryPoint","urlTemplate":"https:\/\/actionaid.ch\/de\/?s={search_term_string}"},"query-input":{"@type":"PropertyValueSpecification","valueRequired":true,"valueName":"search_term_string"}}],"inLanguage":"de"},{"@type":"Organization","@id":"https:\/\/actionaid.ch\/de\/#organization","name":"ActionAid Svizzera","url":"https:\/\/actionaid.ch\/de\/","logo":{"@type":"ImageObject","inLanguage":"de","@id":"https:\/\/actionaid.ch\/de\/#\/schema\/logo\/image\/","url":"https:\/\/actionaid.ch\/wp-content\/uploads\/2025\/04\/Logo_rosso.png","contentUrl":"https:\/\/actionaid.ch\/wp-content\/uploads\/2025\/04\/Logo_rosso.png","width":2331,"height":407,"caption":"ActionAid Svizzera"},"image":{"@id":"https:\/\/actionaid.ch\/de\/#\/schema\/logo\/image\/"},"sameAs":["https:\/\/www.facebook.com\/ActionAidSwitzerland\/?locale=it_IT","https:\/\/www.instagram.com\/actionaid_international\/?hl=en"]}]}},"_links":{"self":[{"href":"https:\/\/actionaid.ch\/de\/wp-json\/wp\/v2\/pages\/3622","targetHints":{"allow":["GET"]}}],"collection":[{"href":"https:\/\/actionaid.ch\/de\/wp-json\/wp\/v2\/pages"}],"about":[{"href":"https:\/\/actionaid.ch\/de\/wp-json\/wp\/v2\/types\/page"}],"author":[{"embeddable":true,"href":"https:\/\/actionaid.ch\/de\/wp-json\/wp\/v2\/users\/1"}],"replies":[{"embeddable":true,"href":"https:\/\/actionaid.ch\/de\/wp-json\/wp\/v2\/comments?post=3622"}],"version-history":[{"count":4,"href":"https:\/\/actionaid.ch\/de\/wp-json\/wp\/v2\/pages\/3622\/revisions"}],"predecessor-version":[{"id":3748,"href":"https:\/\/actionaid.ch\/de\/wp-json\/wp\/v2\/pages\/3622\/revisions\/3748"}],"up":[{"embeddable":true,"href":"https:\/\/actionaid.ch\/de\/wp-json\/wp\/v2\/pages\/1961"}],"wp:attachment":[{"href":"https:\/\/actionaid.ch\/de\/wp-json\/wp\/v2\/media?parent=3622"}],"curies":[{"name":"wp","href":"https:\/\/api.w.org\/{rel}","templated":true}]}}