{"id":3606,"date":"2025-05-24T14:23:39","date_gmt":"2025-05-24T12:23:39","guid":{"rendered":"https:\/\/actionaid.ch\/wer-wir-sind\/transparenz\/bilanz-2019\/"},"modified":"2025-07-08T17:42:42","modified_gmt":"2025-07-08T15:42:42","slug":"jahresbericht-2019","status":"publish","type":"page","link":"https:\/\/actionaid.ch\/de\/wer-wir-sind\/transparenz\/jahresbericht-2019\/","title":{"rendered":"Jahresbericht 2019"},"content":{"rendered":"<div class=\"vidiemme-block focused-content  \" >\n  \n  <div class=\"container-xl\">\n    <div class=\"focused\">\n\n            <div class=\"summary mb-3\">Jedes Jahr sind das Gesch\u00e4ftsergebnis und der Jahresbericht ein wichtiger Moment des R\u00fcckblicks f\u00fcr uns auf das, was getan wurde und auch ein wichtiger Moment f\u00fcr den Dialog mit unseren F\u00f6rderern. Auf diesen Seiten berichten wir in der Tat \u00fcber die Ver\u00e4nderung, die wir dank der Unterst\u00fctzung unser F\u00f6rderer in der Welt bewirken konnten.<\/div>\n      \n            <div class=\"description\"><p>2019 haben\u00a0<strong>7\u2019189 Spender<\/strong>\u00a0die Mission von ActionAid unterst\u00fctzt und haben dadurch zur Schaffung einer Welt ohne Armut beigetragen.<\/p>\n<p>Basierend auf der \u00abStrategie 2018-2028: Action for Global Justice\u00bb haben wir an der Seite der Personen und Gemeinschaften, in welchen wir t\u00e4tig sind, viele grossartige Resultate erzielt, indem wir uns kontinuierlich daf\u00fcr einsetzen, eine globale, nachhaltige und umfassende Ver\u00e4nderung zu sehen. Dies geschieht durch die Garantie, dass jede einzelne Person auf ihre eigenen Rechte Anspruch erheben kann, einer gerechten Neuverteilung der Ressourcen und der Macht, und dem Formen von Widerstandsf\u00e4higkeit innerhalb der Gemeinschaften, in denen wir aktiv sind.<\/p>\n<p>Weltweit haben wir 2019\u00a0<strong>926 Projekte<\/strong>\u00a0in\u00a0<strong>44 verschiedenen L\u00e4ndern<\/strong>\u00a0umgesetzt und mit beinahe\u00a0<strong>1400 lokalen Partnern<\/strong>\u00a0und Verb\u00e4nden zusammengearbeitet.<\/p>\n<div class=\"text-center py-4\"><!--<a href=\"\/wp-content\/uploads\/2025\/05\/2019-bilancio-1.jpg\">--><br \/>\n<img decoding=\"async\" class=\"img-fluid w-100\" src=\"\/wp-content\/uploads\/2025\/06\/2019DE-CHART7-SWI.jpg\" alt=\"Bilanz 2019\" \/><br \/>\n<!--<\/a>--><\/div>\n<h4>Unser Einsatz wurde in verschiedenen Teilen der Welt konkretisiert:<\/h4>\n<ul>\n<li>In\u00a0<strong>Europa<\/strong>\u00a0haben wir in Zusammenarbeit mit\u00a0<strong>385 lokalen Partnern 125 Projekte.<\/strong><\/li>\n<li>In\u00a0<strong>Afrika<\/strong>\u00a0haben wir mit\u00a0<strong>481 Partnern vor Ort 204 Projekte.<\/strong><\/li>\n<li>In\u00a0<strong>Nord- und S\u00fcdamerika<\/strong>\u00a0haben wir uns mit der Hilfe von\u00a0<strong>70 lokalen Partnern in 122 Projekten.<\/strong><\/li>\n<li>In\u00a0<strong>Asien<\/strong>, dem\u00a0<strong>Mittleren Osten<\/strong>\u00a0und\u00a0<strong>Ozeanien<\/strong>\u00a0haben wir in Zusammenarbeit mit\u00a0<strong>438 lokalen Partnern 475 Projekte.<\/strong><\/li>\n<\/ul>\n<p>&nbsp;<\/p>\n<div class=\"text-center py-4\"><!--<a href=\"\/wp-content\/uploads\/2025\/05\/2019-bilancio-2.jpg\">--><br \/>\n<img decoding=\"async\" class=\"img-fluid w-100\" src=\"\/wp-content\/uploads\/2025\/06\/2019DE-CHART9-SWI.jpg\" alt=\"Bilanz 2019\" \/><br \/>\n<!--<\/a>--><\/div>\n<p>\u00dcber das ganze Jahr hinweg haben wir auch auf <strong>37 Krisensituationen<\/strong>\u00a0reagiert und konnten weltweit\u00a0<strong>880\u2019010 betroffene Personen erreichen<\/strong>.<\/p>\n<p>In Anbetracht dieser und auch vieler weiterer Ergebnisse, gilt unser Dank insbesondere den Schweizer Spendern, die einmal mehr gezeigt haben, dass Solidarit\u00e4t jegliche Grenzen und Distanzen \u00fcberwinden kann.<\/p>\n<p>Um mehr \u00fcber die erzielten Ergebnisse des ganzen Jahres, unsere Geschichte und die Verwendung unserer Ressourcen zu erfahren, bl\u00e4ttern sie durch unsere \u00abJahresbericht 2019\u00bb<\/p>\n<\/div>\n      \n      \n            <div class=\"attachments\">\n                  <div class=\"attachment mb-4\">   \n            <a href=\"https:\/\/actionaid.ch\/wp-content\/uploads\/2025\/05\/Bilancio_-annuale-2019_ACTIONAID.pdf\" target=\"_blank\">\n              <img decoding=\"async\" class=\"img-fluid me-1 icon-download\" src=\"https:\/\/actionaid.ch\/wp-content\/themes\/actionaid\/public\/build\/assets\/icon-download-hKxZcR7I.svg\" alt=\"Scariere die Datei\">\n              \n              Bilanz 2019\n            <\/a>\n          <\/div>\n                  <div class=\"attachment mb-4\">   \n            <a href=\"https:\/\/actionaid.ch\/wp-content\/uploads\/2025\/06\/Annual_Report_2019_de.pdf\" target=\"_blank\">\n              <img decoding=\"async\" class=\"img-fluid me-1 icon-download\" src=\"https:\/\/actionaid.ch\/wp-content\/themes\/actionaid\/public\/build\/assets\/icon-download-hKxZcR7I.svg\" alt=\"Scariere die Datei\">\n              \n              Jahresbericht 2019\n            <\/a>\n          <\/div>\n              <\/div>\n          \n    <\/div>\n  <\/div>\n<\/div>\n","protected":false},"excerpt":{"rendered":"","protected":false},"author":1,"featured_media":0,"parent":1961,"menu_order":53,"comment_status":"closed","ping_status":"closed","template":"","meta":{"_acf_changed":false,"footnotes":""},"class_list":["post-3606","page","type-page","status-publish","hentry"],"acf":[],"yoast_head":"<!-- This site is optimized with the Yoast SEO plugin v25.9 - https:\/\/yoast.com\/wordpress\/plugins\/seo\/ -->\n<title>Jahresbericht 2019 - ActionAid<\/title>\n<meta name=\"description\" content=\"Laden Sie den Jahresbericht 2019 herunter und erfahren Sie die wichtigsten Ergebnisse von ActionAid.\" \/>\n<meta name=\"robots\" content=\"index, follow, max-snippet:-1, max-image-preview:large, max-video-preview:-1\" \/>\n<link rel=\"canonical\" href=\"https:\/\/actionaid.ch\/de\/wer-wir-sind\/transparenz\/jahresbericht-2019\/\" \/>\n<meta property=\"og:locale\" content=\"de_DE\" \/>\n<meta property=\"og:type\" content=\"article\" \/>\n<meta property=\"og:title\" content=\"Jahresbericht 2019 - ActionAid\" \/>\n<meta property=\"og:description\" content=\"Laden Sie den Jahresbericht 2019 herunter und erfahren Sie die wichtigsten Ergebnisse von ActionAid.\" \/>\n<meta property=\"og:url\" content=\"https:\/\/actionaid.ch\/de\/wer-wir-sind\/transparenz\/jahresbericht-2019\/\" \/>\n<meta property=\"og:site_name\" content=\"ActionAid\" \/>\n<meta property=\"article:publisher\" content=\"https:\/\/www.facebook.com\/ActionAidSwitzerland\/?locale=it_IT\" \/>\n<meta property=\"article:modified_time\" content=\"2025-07-08T15:42:42+00:00\" \/>\n<meta name=\"twitter:card\" content=\"summary_large_image\" \/>\n<script type=\"application\/ld+json\" class=\"yoast-schema-graph\">{\"@context\":\"https:\/\/schema.org\",\"@graph\":[{\"@type\":\"WebPage\",\"@id\":\"https:\/\/actionaid.ch\/de\/wer-wir-sind\/transparenz\/jahresbericht-2019\/\",\"url\":\"https:\/\/actionaid.ch\/de\/wer-wir-sind\/transparenz\/jahresbericht-2019\/\",\"name\":\"Jahresbericht 2019 - ActionAid\",\"isPartOf\":{\"@id\":\"https:\/\/actionaid.ch\/de\/#website\"},\"datePublished\":\"2025-05-24T12:23:39+00:00\",\"dateModified\":\"2025-07-08T15:42:42+00:00\",\"description\":\"Laden Sie den Jahresbericht 2019 herunter und erfahren Sie die wichtigsten Ergebnisse von ActionAid.\",\"breadcrumb\":{\"@id\":\"https:\/\/actionaid.ch\/de\/wer-wir-sind\/transparenz\/jahresbericht-2019\/#breadcrumb\"},\"inLanguage\":\"de\",\"potentialAction\":[{\"@type\":\"ReadAction\",\"target\":[\"https:\/\/actionaid.ch\/de\/wer-wir-sind\/transparenz\/jahresbericht-2019\/\"]}]},{\"@type\":\"BreadcrumbList\",\"@id\":\"https:\/\/actionaid.ch\/de\/wer-wir-sind\/transparenz\/jahresbericht-2019\/#breadcrumb\",\"itemListElement\":[{\"@type\":\"ListItem\",\"position\":1,\"name\":\"Home\",\"item\":\"https:\/\/actionaid.ch\/de\/\"},{\"@type\":\"ListItem\",\"position\":2,\"name\":\"Wer wir sind\",\"item\":\"https:\/\/actionaid.ch\/de\/wer-wir-sind\/\"},{\"@type\":\"ListItem\",\"position\":3,\"name\":\"Transparenz\",\"item\":\"https:\/\/actionaid.ch\/de\/wer-wir-sind\/transparenz\/\"},{\"@type\":\"ListItem\",\"position\":4,\"name\":\"Jahresbericht 2019\"}]},{\"@type\":\"WebSite\",\"@id\":\"https:\/\/actionaid.ch\/de\/#website\",\"url\":\"https:\/\/actionaid.ch\/de\/\",\"name\":\"ActionAid Svizzera\",\"description\":\"\",\"publisher\":{\"@id\":\"https:\/\/actionaid.ch\/de\/#organization\"},\"potentialAction\":[{\"@type\":\"SearchAction\",\"target\":{\"@type\":\"EntryPoint\",\"urlTemplate\":\"https:\/\/actionaid.ch\/de\/?s={search_term_string}\"},\"query-input\":{\"@type\":\"PropertyValueSpecification\",\"valueRequired\":true,\"valueName\":\"search_term_string\"}}],\"inLanguage\":\"de\"},{\"@type\":\"Organization\",\"@id\":\"https:\/\/actionaid.ch\/de\/#organization\",\"name\":\"ActionAid Svizzera\",\"url\":\"https:\/\/actionaid.ch\/de\/\",\"logo\":{\"@type\":\"ImageObject\",\"inLanguage\":\"de\",\"@id\":\"https:\/\/actionaid.ch\/de\/#\/schema\/logo\/image\/\",\"url\":\"https:\/\/actionaid.ch\/wp-content\/uploads\/2025\/04\/Logo_rosso.png\",\"contentUrl\":\"https:\/\/actionaid.ch\/wp-content\/uploads\/2025\/04\/Logo_rosso.png\",\"width\":2331,\"height\":407,\"caption\":\"ActionAid Svizzera\"},\"image\":{\"@id\":\"https:\/\/actionaid.ch\/de\/#\/schema\/logo\/image\/\"},\"sameAs\":[\"https:\/\/www.facebook.com\/ActionAidSwitzerland\/?locale=it_IT\",\"https:\/\/www.instagram.com\/actionaid_international\/?hl=en\"]}]}<\/script>\n<!-- \/ Yoast SEO plugin. -->","yoast_head_json":{"title":"Jahresbericht 2019 - ActionAid","description":"Laden Sie den Jahresbericht 2019 herunter und erfahren Sie die wichtigsten Ergebnisse von ActionAid.","robots":{"index":"index","follow":"follow","max-snippet":"max-snippet:-1","max-image-preview":"max-image-preview:large","max-video-preview":"max-video-preview:-1"},"canonical":"https:\/\/actionaid.ch\/de\/wer-wir-sind\/transparenz\/jahresbericht-2019\/","og_locale":"de_DE","og_type":"article","og_title":"Jahresbericht 2019 - ActionAid","og_description":"Laden Sie den Jahresbericht 2019 herunter und erfahren Sie die wichtigsten Ergebnisse von ActionAid.","og_url":"https:\/\/actionaid.ch\/de\/wer-wir-sind\/transparenz\/jahresbericht-2019\/","og_site_name":"ActionAid","article_publisher":"https:\/\/www.facebook.com\/ActionAidSwitzerland\/?locale=it_IT","article_modified_time":"2025-07-08T15:42:42+00:00","twitter_card":"summary_large_image","schema":{"@context":"https:\/\/schema.org","@graph":[{"@type":"WebPage","@id":"https:\/\/actionaid.ch\/de\/wer-wir-sind\/transparenz\/jahresbericht-2019\/","url":"https:\/\/actionaid.ch\/de\/wer-wir-sind\/transparenz\/jahresbericht-2019\/","name":"Jahresbericht 2019 - ActionAid","isPartOf":{"@id":"https:\/\/actionaid.ch\/de\/#website"},"datePublished":"2025-05-24T12:23:39+00:00","dateModified":"2025-07-08T15:42:42+00:00","description":"Laden Sie den Jahresbericht 2019 herunter und erfahren Sie die wichtigsten Ergebnisse von ActionAid.","breadcrumb":{"@id":"https:\/\/actionaid.ch\/de\/wer-wir-sind\/transparenz\/jahresbericht-2019\/#breadcrumb"},"inLanguage":"de","potentialAction":[{"@type":"ReadAction","target":["https:\/\/actionaid.ch\/de\/wer-wir-sind\/transparenz\/jahresbericht-2019\/"]}]},{"@type":"BreadcrumbList","@id":"https:\/\/actionaid.ch\/de\/wer-wir-sind\/transparenz\/jahresbericht-2019\/#breadcrumb","itemListElement":[{"@type":"ListItem","position":1,"name":"Home","item":"https:\/\/actionaid.ch\/de\/"},{"@type":"ListItem","position":2,"name":"Wer wir sind","item":"https:\/\/actionaid.ch\/de\/wer-wir-sind\/"},{"@type":"ListItem","position":3,"name":"Transparenz","item":"https:\/\/actionaid.ch\/de\/wer-wir-sind\/transparenz\/"},{"@type":"ListItem","position":4,"name":"Jahresbericht 2019"}]},{"@type":"WebSite","@id":"https:\/\/actionaid.ch\/de\/#website","url":"https:\/\/actionaid.ch\/de\/","name":"ActionAid Svizzera","description":"","publisher":{"@id":"https:\/\/actionaid.ch\/de\/#organization"},"potentialAction":[{"@type":"SearchAction","target":{"@type":"EntryPoint","urlTemplate":"https:\/\/actionaid.ch\/de\/?s={search_term_string}"},"query-input":{"@type":"PropertyValueSpecification","valueRequired":true,"valueName":"search_term_string"}}],"inLanguage":"de"},{"@type":"Organization","@id":"https:\/\/actionaid.ch\/de\/#organization","name":"ActionAid Svizzera","url":"https:\/\/actionaid.ch\/de\/","logo":{"@type":"ImageObject","inLanguage":"de","@id":"https:\/\/actionaid.ch\/de\/#\/schema\/logo\/image\/","url":"https:\/\/actionaid.ch\/wp-content\/uploads\/2025\/04\/Logo_rosso.png","contentUrl":"https:\/\/actionaid.ch\/wp-content\/uploads\/2025\/04\/Logo_rosso.png","width":2331,"height":407,"caption":"ActionAid Svizzera"},"image":{"@id":"https:\/\/actionaid.ch\/de\/#\/schema\/logo\/image\/"},"sameAs":["https:\/\/www.facebook.com\/ActionAidSwitzerland\/?locale=it_IT","https:\/\/www.instagram.com\/actionaid_international\/?hl=en"]}]}},"_links":{"self":[{"href":"https:\/\/actionaid.ch\/de\/wp-json\/wp\/v2\/pages\/3606","targetHints":{"allow":["GET"]}}],"collection":[{"href":"https:\/\/actionaid.ch\/de\/wp-json\/wp\/v2\/pages"}],"about":[{"href":"https:\/\/actionaid.ch\/de\/wp-json\/wp\/v2\/types\/page"}],"author":[{"embeddable":true,"href":"https:\/\/actionaid.ch\/de\/wp-json\/wp\/v2\/users\/1"}],"replies":[{"embeddable":true,"href":"https:\/\/actionaid.ch\/de\/wp-json\/wp\/v2\/comments?post=3606"}],"version-history":[{"count":0,"href":"https:\/\/actionaid.ch\/de\/wp-json\/wp\/v2\/pages\/3606\/revisions"}],"up":[{"embeddable":true,"href":"https:\/\/actionaid.ch\/de\/wp-json\/wp\/v2\/pages\/1961"}],"wp:attachment":[{"href":"https:\/\/actionaid.ch\/de\/wp-json\/wp\/v2\/media?parent=3606"}],"curies":[{"name":"wp","href":"https:\/\/api.w.org\/{rel}","templated":true}]}}