{"id":3586,"date":"2025-05-24T14:14:59","date_gmt":"2025-05-24T12:14:59","guid":{"rendered":"https:\/\/actionaid.ch\/wer-wir-sind\/transparenz\/bilanz-2018\/"},"modified":"2025-07-08T17:45:11","modified_gmt":"2025-07-08T15:45:11","slug":"jahresbericht-2018","status":"publish","type":"page","link":"https:\/\/actionaid.ch\/de\/wer-wir-sind\/transparenz\/jahresbericht-2018\/","title":{"rendered":"Jahresbericht 2018"},"content":{"rendered":"<div class=\"vidiemme-block focused-content  \" >\n  \n  <div class=\"container-xl\">\n    <div class=\"focused\">\n\n            <div class=\"summary mb-3\">Der Jahresbericht und die Bilanz sind eine Gelegenheit, die Welt von ActionAid und die im Laufe des Jahres erzielten Ergebnisse sowie die Ziele zu erl\u00e4utern, die dank der unsch\u00e4tzbaren Unterst\u00fctzung der \u00fcber 8&#8217;000 Schweizer Spender, mit denen wir Schritt f\u00fcr Schritt vorgehen, um den ehrgeizigen Wandel zu verwirklichen, m\u00f6glich wurden.<\/div>\n      \n            <div class=\"description\"><p>Mit der neuen, auf zehn Jahre ausgelegten Strategie (2018-2028), engagiert sich die Organisation weltweit f\u00fcr die\u00a0<strong>St\u00e4rkung sozialer Gerechtigkeit, die Bek\u00e4mpfung von Armut und die F\u00f6rderung der Geschlechtergleichstellung in Zusammenarbeit mit den verwundbarsten und am st\u00e4rksten ausgegrenzten Gemeinschaften sowie mit Organisationen, Aktivisten, sozialen Bewegungen und F\u00f6rderern<\/strong>.<\/p>\n<p>Um diese Ziele zu erreichen, wird sich ActionAid f\u00fcr die\u00a0<strong>Umverteilung von Macht und Ressourcen<\/strong>\u00a0einsetzen, die\u00a0<strong>St\u00e4rkung der Resilienz von Gemeinschaften und sozialen Bewegungen f\u00f6rdern<\/strong>\u00a0und die\u00a0<strong>Rechte von ausgegrenzten Menschen verteidigen<\/strong>.<\/p>\n<p>Insgesamt hat ActionAid\u00a0<strong>2018<\/strong>\u00a0mit lokalen, nationalen und internationalen Aktionen\u00a0<strong>weltweit<\/strong>\u00a0<strong>5.711.394 Menschen erreicht,\u00a0<\/strong>davon<strong>\u00a03.152.966 Frauen\u00a0<\/strong>und<strong>\u00a02.558.428 M\u00e4nne<\/strong>r.<\/p>\n<p>Diese Personen standen im Mittelpunkt des von ActionAid verfolgten Wandels und waren in \u00dcbereinstimmung mit den vier programmatischen Priorit\u00e4ten der Organisation an gezielten Programmen und Projekten beteiligt:<\/p>\n<ul>\n<li>Bek\u00e4mpfen der strukturellen Ursachen der Gewalt gegen Frauen und Kinder und Gew\u00e4hrleistung der wirtschaftlichen Gerechtigkeit der Frauen.<\/li>\n<li>Gew\u00e4hrleistung einer steigenden B\u00fcrgerbeteiligung und einer gr\u00f6\u00dferen Verantwortung des Staates f\u00fcr die Umverteilung der Ressourcen und die Erbringung \u00f6ffentlicher Dienstleistungen, die die Geschlechterdimension ber\u00fccksichtigen.<\/li>\n<li>St\u00e4rken der Verwendung resilienter Lebensgrundlagen und der Gew\u00e4hrleistung der Klimagerechtigkeit<\/li>\n<li>Durchf\u00fchrung von Initiativen zur Vorbereitung und Reaktion auf und Vorbeugung von Notf\u00e4llen unter der Leitung von Frauen, die in der Lage sind, einen Wandel in der Gesellschaft zu bewirken.<\/li>\n<\/ul>\n<p>Vor einem aktuell sehr unsicheren gesellschaftlichen und politischen Hintergrund best\u00e4rkt ActionAid seine Entschlossenheit,<strong>\u00a0soziale Ungerechtigkeit und Ungleichheit weltweit zu bek\u00e4mpfen<\/strong>.<\/p>\n<p>Dieses Engagement erneuern wir t\u00e4glich in den \u00fcber 45 L\u00e4ndern, in denen ActionAid vertreten ist, dank des konstanten Vertrauens und der Unterst\u00fctzung zahlreicher F\u00f6rderer.<\/p>\n<\/div>\n      \n      \n            <div class=\"attachments\">\n                  <div class=\"attachment mb-4\">   \n            <a href=\"https:\/\/actionaid.ch\/wp-content\/uploads\/2025\/05\/bilancio-2018.pdf\" target=\"_blank\">\n              <img decoding=\"async\" class=\"img-fluid me-1 icon-download\" src=\"https:\/\/actionaid.ch\/wp-content\/themes\/actionaid\/public\/build\/assets\/icon-download-hKxZcR7I.svg\" alt=\"Scariere die Datei\">\n              \n              Bilanz 2018\n            <\/a>\n          <\/div>\n                  <div class=\"attachment mb-4\">   \n            <a href=\"https:\/\/actionaid.ch\/wp-content\/uploads\/2025\/06\/AnnualreportCH2018-TEDESCO_web.pdf\" target=\"_blank\">\n              <img decoding=\"async\" class=\"img-fluid me-1 icon-download\" src=\"https:\/\/actionaid.ch\/wp-content\/themes\/actionaid\/public\/build\/assets\/icon-download-hKxZcR7I.svg\" alt=\"Scariere die Datei\">\n              \n              Jahresbericht 2018\n            <\/a>\n          <\/div>\n              <\/div>\n          \n    <\/div>\n  <\/div>\n<\/div>\n","protected":false},"excerpt":{"rendered":"","protected":false},"author":1,"featured_media":0,"parent":1961,"menu_order":57,"comment_status":"closed","ping_status":"closed","template":"","meta":{"_acf_changed":false,"footnotes":""},"class_list":["post-3586","page","type-page","status-publish","hentry"],"acf":[],"yoast_head":"<!-- This site is optimized with the Yoast SEO plugin v25.9 - https:\/\/yoast.com\/wordpress\/plugins\/seo\/ -->\n<title>Jahresbericht 2018 - ActionAid<\/title>\n<meta name=\"description\" content=\"Laden Sie den Jahresbericht 2018 herunter und sehen Sie die wichtigsten Ergebnisse von ActionAid.\" \/>\n<meta name=\"robots\" content=\"index, follow, max-snippet:-1, max-image-preview:large, max-video-preview:-1\" \/>\n<link rel=\"canonical\" href=\"https:\/\/actionaid.ch\/de\/wer-wir-sind\/transparenz\/jahresbericht-2018\/\" \/>\n<meta property=\"og:locale\" content=\"de_DE\" \/>\n<meta property=\"og:type\" content=\"article\" \/>\n<meta property=\"og:title\" content=\"Jahresbericht 2018 - ActionAid\" \/>\n<meta property=\"og:description\" content=\"Laden Sie den Jahresbericht 2018 herunter und sehen Sie die wichtigsten Ergebnisse von ActionAid.\" \/>\n<meta property=\"og:url\" content=\"https:\/\/actionaid.ch\/de\/wer-wir-sind\/transparenz\/jahresbericht-2018\/\" \/>\n<meta property=\"og:site_name\" content=\"ActionAid\" \/>\n<meta property=\"article:publisher\" content=\"https:\/\/www.facebook.com\/ActionAidSwitzerland\/?locale=it_IT\" \/>\n<meta property=\"article:modified_time\" content=\"2025-07-08T15:45:11+00:00\" \/>\n<meta name=\"twitter:card\" content=\"summary_large_image\" \/>\n<script type=\"application\/ld+json\" class=\"yoast-schema-graph\">{\"@context\":\"https:\/\/schema.org\",\"@graph\":[{\"@type\":\"WebPage\",\"@id\":\"https:\/\/actionaid.ch\/de\/wer-wir-sind\/transparenz\/jahresbericht-2018\/\",\"url\":\"https:\/\/actionaid.ch\/de\/wer-wir-sind\/transparenz\/jahresbericht-2018\/\",\"name\":\"Jahresbericht 2018 - ActionAid\",\"isPartOf\":{\"@id\":\"https:\/\/actionaid.ch\/de\/#website\"},\"datePublished\":\"2025-05-24T12:14:59+00:00\",\"dateModified\":\"2025-07-08T15:45:11+00:00\",\"description\":\"Laden Sie den Jahresbericht 2018 herunter und sehen Sie die wichtigsten Ergebnisse von ActionAid.\",\"breadcrumb\":{\"@id\":\"https:\/\/actionaid.ch\/de\/wer-wir-sind\/transparenz\/jahresbericht-2018\/#breadcrumb\"},\"inLanguage\":\"de\",\"potentialAction\":[{\"@type\":\"ReadAction\",\"target\":[\"https:\/\/actionaid.ch\/de\/wer-wir-sind\/transparenz\/jahresbericht-2018\/\"]}]},{\"@type\":\"BreadcrumbList\",\"@id\":\"https:\/\/actionaid.ch\/de\/wer-wir-sind\/transparenz\/jahresbericht-2018\/#breadcrumb\",\"itemListElement\":[{\"@type\":\"ListItem\",\"position\":1,\"name\":\"Home\",\"item\":\"https:\/\/actionaid.ch\/de\/\"},{\"@type\":\"ListItem\",\"position\":2,\"name\":\"Wer wir sind\",\"item\":\"https:\/\/actionaid.ch\/de\/wer-wir-sind\/\"},{\"@type\":\"ListItem\",\"position\":3,\"name\":\"Transparenz\",\"item\":\"https:\/\/actionaid.ch\/de\/wer-wir-sind\/transparenz\/\"},{\"@type\":\"ListItem\",\"position\":4,\"name\":\"Jahresbericht 2018\"}]},{\"@type\":\"WebSite\",\"@id\":\"https:\/\/actionaid.ch\/de\/#website\",\"url\":\"https:\/\/actionaid.ch\/de\/\",\"name\":\"ActionAid Svizzera\",\"description\":\"\",\"publisher\":{\"@id\":\"https:\/\/actionaid.ch\/de\/#organization\"},\"potentialAction\":[{\"@type\":\"SearchAction\",\"target\":{\"@type\":\"EntryPoint\",\"urlTemplate\":\"https:\/\/actionaid.ch\/de\/?s={search_term_string}\"},\"query-input\":{\"@type\":\"PropertyValueSpecification\",\"valueRequired\":true,\"valueName\":\"search_term_string\"}}],\"inLanguage\":\"de\"},{\"@type\":\"Organization\",\"@id\":\"https:\/\/actionaid.ch\/de\/#organization\",\"name\":\"ActionAid Svizzera\",\"url\":\"https:\/\/actionaid.ch\/de\/\",\"logo\":{\"@type\":\"ImageObject\",\"inLanguage\":\"de\",\"@id\":\"https:\/\/actionaid.ch\/de\/#\/schema\/logo\/image\/\",\"url\":\"https:\/\/actionaid.ch\/wp-content\/uploads\/2025\/04\/Logo_rosso.png\",\"contentUrl\":\"https:\/\/actionaid.ch\/wp-content\/uploads\/2025\/04\/Logo_rosso.png\",\"width\":2331,\"height\":407,\"caption\":\"ActionAid Svizzera\"},\"image\":{\"@id\":\"https:\/\/actionaid.ch\/de\/#\/schema\/logo\/image\/\"},\"sameAs\":[\"https:\/\/www.facebook.com\/ActionAidSwitzerland\/?locale=it_IT\",\"https:\/\/www.instagram.com\/actionaid_international\/?hl=en\"]}]}<\/script>\n<!-- \/ Yoast SEO plugin. -->","yoast_head_json":{"title":"Jahresbericht 2018 - ActionAid","description":"Laden Sie den Jahresbericht 2018 herunter und sehen Sie die wichtigsten Ergebnisse von ActionAid.","robots":{"index":"index","follow":"follow","max-snippet":"max-snippet:-1","max-image-preview":"max-image-preview:large","max-video-preview":"max-video-preview:-1"},"canonical":"https:\/\/actionaid.ch\/de\/wer-wir-sind\/transparenz\/jahresbericht-2018\/","og_locale":"de_DE","og_type":"article","og_title":"Jahresbericht 2018 - ActionAid","og_description":"Laden Sie den Jahresbericht 2018 herunter und sehen Sie die wichtigsten Ergebnisse von ActionAid.","og_url":"https:\/\/actionaid.ch\/de\/wer-wir-sind\/transparenz\/jahresbericht-2018\/","og_site_name":"ActionAid","article_publisher":"https:\/\/www.facebook.com\/ActionAidSwitzerland\/?locale=it_IT","article_modified_time":"2025-07-08T15:45:11+00:00","twitter_card":"summary_large_image","schema":{"@context":"https:\/\/schema.org","@graph":[{"@type":"WebPage","@id":"https:\/\/actionaid.ch\/de\/wer-wir-sind\/transparenz\/jahresbericht-2018\/","url":"https:\/\/actionaid.ch\/de\/wer-wir-sind\/transparenz\/jahresbericht-2018\/","name":"Jahresbericht 2018 - ActionAid","isPartOf":{"@id":"https:\/\/actionaid.ch\/de\/#website"},"datePublished":"2025-05-24T12:14:59+00:00","dateModified":"2025-07-08T15:45:11+00:00","description":"Laden Sie den Jahresbericht 2018 herunter und sehen Sie die wichtigsten Ergebnisse von ActionAid.","breadcrumb":{"@id":"https:\/\/actionaid.ch\/de\/wer-wir-sind\/transparenz\/jahresbericht-2018\/#breadcrumb"},"inLanguage":"de","potentialAction":[{"@type":"ReadAction","target":["https:\/\/actionaid.ch\/de\/wer-wir-sind\/transparenz\/jahresbericht-2018\/"]}]},{"@type":"BreadcrumbList","@id":"https:\/\/actionaid.ch\/de\/wer-wir-sind\/transparenz\/jahresbericht-2018\/#breadcrumb","itemListElement":[{"@type":"ListItem","position":1,"name":"Home","item":"https:\/\/actionaid.ch\/de\/"},{"@type":"ListItem","position":2,"name":"Wer wir sind","item":"https:\/\/actionaid.ch\/de\/wer-wir-sind\/"},{"@type":"ListItem","position":3,"name":"Transparenz","item":"https:\/\/actionaid.ch\/de\/wer-wir-sind\/transparenz\/"},{"@type":"ListItem","position":4,"name":"Jahresbericht 2018"}]},{"@type":"WebSite","@id":"https:\/\/actionaid.ch\/de\/#website","url":"https:\/\/actionaid.ch\/de\/","name":"ActionAid Svizzera","description":"","publisher":{"@id":"https:\/\/actionaid.ch\/de\/#organization"},"potentialAction":[{"@type":"SearchAction","target":{"@type":"EntryPoint","urlTemplate":"https:\/\/actionaid.ch\/de\/?s={search_term_string}"},"query-input":{"@type":"PropertyValueSpecification","valueRequired":true,"valueName":"search_term_string"}}],"inLanguage":"de"},{"@type":"Organization","@id":"https:\/\/actionaid.ch\/de\/#organization","name":"ActionAid Svizzera","url":"https:\/\/actionaid.ch\/de\/","logo":{"@type":"ImageObject","inLanguage":"de","@id":"https:\/\/actionaid.ch\/de\/#\/schema\/logo\/image\/","url":"https:\/\/actionaid.ch\/wp-content\/uploads\/2025\/04\/Logo_rosso.png","contentUrl":"https:\/\/actionaid.ch\/wp-content\/uploads\/2025\/04\/Logo_rosso.png","width":2331,"height":407,"caption":"ActionAid Svizzera"},"image":{"@id":"https:\/\/actionaid.ch\/de\/#\/schema\/logo\/image\/"},"sameAs":["https:\/\/www.facebook.com\/ActionAidSwitzerland\/?locale=it_IT","https:\/\/www.instagram.com\/actionaid_international\/?hl=en"]}]}},"_links":{"self":[{"href":"https:\/\/actionaid.ch\/de\/wp-json\/wp\/v2\/pages\/3586","targetHints":{"allow":["GET"]}}],"collection":[{"href":"https:\/\/actionaid.ch\/de\/wp-json\/wp\/v2\/pages"}],"about":[{"href":"https:\/\/actionaid.ch\/de\/wp-json\/wp\/v2\/types\/page"}],"author":[{"embeddable":true,"href":"https:\/\/actionaid.ch\/de\/wp-json\/wp\/v2\/users\/1"}],"replies":[{"embeddable":true,"href":"https:\/\/actionaid.ch\/de\/wp-json\/wp\/v2\/comments?post=3586"}],"version-history":[{"count":4,"href":"https:\/\/actionaid.ch\/de\/wp-json\/wp\/v2\/pages\/3586\/revisions"}],"predecessor-version":[{"id":3749,"href":"https:\/\/actionaid.ch\/de\/wp-json\/wp\/v2\/pages\/3586\/revisions\/3749"}],"up":[{"embeddable":true,"href":"https:\/\/actionaid.ch\/de\/wp-json\/wp\/v2\/pages\/1961"}],"wp:attachment":[{"href":"https:\/\/actionaid.ch\/de\/wp-json\/wp\/v2\/media?parent=3586"}],"curies":[{"name":"wp","href":"https:\/\/api.w.org\/{rel}","templated":true}]}}