{"id":3574,"date":"2025-05-24T14:12:26","date_gmt":"2025-05-24T12:12:26","guid":{"rendered":"https:\/\/actionaid.ch\/wer-wir-sind\/transparenz\/bilanz-2017\/"},"modified":"2025-07-08T17:45:13","modified_gmt":"2025-07-08T15:45:13","slug":"jahresbericht-2017","status":"publish","type":"page","link":"https:\/\/actionaid.ch\/de\/wer-wir-sind\/transparenz\/jahresbericht-2017\/","title":{"rendered":"Jahresbericht 2017"},"content":{"rendered":"<div class=\"vidiemme-block focused-content  \" >\n  \n  <div class=\"container-xl\">\n    <div class=\"focused\">\n\n            <div class=\"summary mb-3\">Im Jahr 2017 haben sich mehr als 7\u2018500 Personen daf\u00fcr entschieden unsere Programme auf globaler Ebene zu unterst\u00fctzen, zur Bek\u00e4mpfung der Armut und der sozialen Ausgrenzung, um den ausgegrenzten und ausgeschlossenen Menschen in den \u00e4rmsten L\u00e4ndern der Welt ein menschenw\u00fcrdiges Leben zur\u00fcckzugeben.<\/div>\n      \n            <div class=\"description\"><p><strong><em>Die wichtigsten Ergebnisse, die wir auf globaler Ebene erreicht haben, unterteilt nach Aktionsbereichen, sind:<\/em><\/strong><\/p>\n<h4><em>Zum Thema des Rechts auf Nahrung:<\/em><\/h4>\n<p><\/p>\n<ul>\n<li><strong>103&#8217;300 Menschen<\/strong>\u00a0konnten ihre Kontrolle \u00fcber das Land oder die nat\u00fcrlichen Ressourcen ausbauen.<\/li>\n<li>Mehr als\u00a0<strong>110&#8217;000 Landwirte<\/strong>\u00a0begonnen, nachhaltige Anbaumethoden in Indien einzusetzen.<\/li>\n<\/ul>\n<p><\/p>\n<h4><strong><em>F\u00fcr eine demokratische Beteiligung und Accountability:<\/em><\/strong><\/h4>\n<p><\/p>\n<ul>\n<li><strong>90 lokale Regierungen<\/strong>\u00a0haben deren\u00a0<em>Accountability<\/em>\u00a0gegen\u00fcber ihren Gemeinschaften verbessert;<\/li>\n<li>Dar\u00fcber hinaus sind\u00a0<strong>150 Koalitionen<\/strong>\u00a0organisiert und Kampagnen zur St\u00e4rkung der Steuergerechtigkeit durchgef\u00fchrt worden.<\/li>\n<\/ul>\n<p><\/p>\n<h4><em>Im Bereich des Rechts auf Bildung:<\/em><\/h4>\n<p><\/p>\n<ul>\n<li>Die geforderten Aktivit\u00e4ten erm\u00f6glichten den Schulen von 4&#8217;650 Gemeinden, bedeutende Fortschritte in Bezug auf das Recht auf Bildung zu erzielen;<\/li>\n<li>Dar\u00fcber hinaus ist in 68&#8217;000 Menschen das Bewusstsein \u00fcber die Bedeutung des Rechts auf Bildung gewachsen.<\/li>\n<\/ul>\n<p><\/p>\n<h4><em>Als Reaktion auf Notf\u00e4lle:<\/em><\/h4>\n<p><\/p>\n<ul>\n<li>ActionAid ist eingeschritten, um die Folgen von\u00a0<strong>30 Notsituationen in 30 L\u00e4ndern<\/strong>\u00a0einzud\u00e4mmen. Dabei wurden Massnahmen zur Pr\u00e4vention, Ausbildung und als Antwort auf Naturkatastrophen und Konflikte durchgef\u00fchrt.<\/li>\n<li><strong>555&#8217;000 Menschen<\/strong>\u00a0habe humanit\u00e4re Hilfe unter Einhaltung der Menschenrechte bezogen. Davon sind heute\u00a0<strong>45&#8217;500 Frauen und M\u00e4nner<\/strong>\u00a0in 17 L\u00e4ndern in der Lage, einen Plan zur Risikominderung und -pr\u00e4vention zu erstellen.<\/li>\n<\/ul>\n<p><\/p>\n<h4><em>Zu den Rechten der Frauen:<\/em><\/h4>\n<p><\/p>\n<ul>\n<li>32&#8217;000 Frauen habe sich gegen geschlechtsspezifische Gewalt mobilisiert;<\/li>\n<li>1&#8217;080 Gemeinden sch\u00fctzen Frauen und M\u00e4dchen heute vor sch\u00e4dlichen traditionellen Praktiken;<\/li>\n<li>55&#8217;200 Frauen geben an, \u00fcber mehr Kontrolle ihres Einkommens zu verf\u00fcgen sowie eine gr\u00f6ssere Verhandlungsmacht in ihrer Familie zu haben.<\/li>\n<\/ul>\n<p>Der gr\u00f6\u00dfte Dank geht an alle unsere Schweizer Spender und Aktivisten, die sich daf\u00fcr entschieden haben an unserer Seite gegen Armut und soziale Ungerechtigkeit zu k\u00e4mpfen, zusammen mit Tausenden von Spendern und Aktivisten in \u00fcber 40 L\u00e4ndern der Welt.<\/p>\n<\/div>\n      \n      \n            <div class=\"attachments\">\n                  <div class=\"attachment mb-4\">   \n            <a href=\"https:\/\/actionaid.ch\/wp-content\/uploads\/2025\/06\/Bilanz-2017_ch_German.pdf\" target=\"_blank\">\n              <img decoding=\"async\" class=\"img-fluid me-1 icon-download\" src=\"https:\/\/actionaid.ch\/wp-content\/themes\/actionaid\/public\/build\/assets\/icon-download-hKxZcR7I.svg\" alt=\"Scariere die Datei\">\n              \n              Bilanz 2017\n            <\/a>\n          <\/div>\n                  <div class=\"attachment mb-4\">   \n            <a href=\"https:\/\/actionaid.ch\/wp-content\/uploads\/2025\/06\/Annual_Report_2017-ch_DE.pdf\" target=\"_blank\">\n              <img decoding=\"async\" class=\"img-fluid me-1 icon-download\" src=\"https:\/\/actionaid.ch\/wp-content\/themes\/actionaid\/public\/build\/assets\/icon-download-hKxZcR7I.svg\" alt=\"Scariere die Datei\">\n              \n              Jahresbericht 2017\n            <\/a>\n          <\/div>\n              <\/div>\n          \n    <\/div>\n  <\/div>\n<\/div>\n","protected":false},"excerpt":{"rendered":"","protected":false},"author":1,"featured_media":0,"parent":1961,"menu_order":61,"comment_status":"closed","ping_status":"closed","template":"","meta":{"_acf_changed":false,"footnotes":""},"class_list":["post-3574","page","type-page","status-publish","hentry"],"acf":[],"yoast_head":"<!-- This site is optimized with the Yoast SEO plugin v25.9 - https:\/\/yoast.com\/wordpress\/plugins\/seo\/ -->\n<title>Jahresbericht 2017 - ActionAid<\/title>\n<meta name=\"description\" content=\"Laden Sie den Jahresbericht 2017 herunter und sehen Sie die wichtigsten Ergebnisse von ActionAid.\" \/>\n<meta name=\"robots\" content=\"index, follow, max-snippet:-1, max-image-preview:large, max-video-preview:-1\" \/>\n<link rel=\"canonical\" href=\"https:\/\/actionaid.ch\/de\/wer-wir-sind\/transparenz\/jahresbericht-2017\/\" \/>\n<meta property=\"og:locale\" content=\"de_DE\" \/>\n<meta property=\"og:type\" content=\"article\" \/>\n<meta property=\"og:title\" content=\"Jahresbericht 2017 - ActionAid\" \/>\n<meta property=\"og:description\" content=\"Laden Sie den Jahresbericht 2017 herunter und sehen Sie die wichtigsten Ergebnisse von ActionAid.\" \/>\n<meta property=\"og:url\" content=\"https:\/\/actionaid.ch\/de\/wer-wir-sind\/transparenz\/jahresbericht-2017\/\" \/>\n<meta property=\"og:site_name\" content=\"ActionAid\" \/>\n<meta property=\"article:publisher\" content=\"https:\/\/www.facebook.com\/ActionAidSwitzerland\/?locale=it_IT\" \/>\n<meta property=\"article:modified_time\" content=\"2025-07-08T15:45:13+00:00\" \/>\n<meta name=\"twitter:card\" content=\"summary_large_image\" \/>\n<script type=\"application\/ld+json\" class=\"yoast-schema-graph\">{\"@context\":\"https:\/\/schema.org\",\"@graph\":[{\"@type\":\"WebPage\",\"@id\":\"https:\/\/actionaid.ch\/de\/wer-wir-sind\/transparenz\/jahresbericht-2017\/\",\"url\":\"https:\/\/actionaid.ch\/de\/wer-wir-sind\/transparenz\/jahresbericht-2017\/\",\"name\":\"Jahresbericht 2017 - ActionAid\",\"isPartOf\":{\"@id\":\"https:\/\/actionaid.ch\/de\/#website\"},\"datePublished\":\"2025-05-24T12:12:26+00:00\",\"dateModified\":\"2025-07-08T15:45:13+00:00\",\"description\":\"Laden Sie den Jahresbericht 2017 herunter und sehen Sie die wichtigsten Ergebnisse von ActionAid.\",\"breadcrumb\":{\"@id\":\"https:\/\/actionaid.ch\/de\/wer-wir-sind\/transparenz\/jahresbericht-2017\/#breadcrumb\"},\"inLanguage\":\"de\",\"potentialAction\":[{\"@type\":\"ReadAction\",\"target\":[\"https:\/\/actionaid.ch\/de\/wer-wir-sind\/transparenz\/jahresbericht-2017\/\"]}]},{\"@type\":\"BreadcrumbList\",\"@id\":\"https:\/\/actionaid.ch\/de\/wer-wir-sind\/transparenz\/jahresbericht-2017\/#breadcrumb\",\"itemListElement\":[{\"@type\":\"ListItem\",\"position\":1,\"name\":\"Home\",\"item\":\"https:\/\/actionaid.ch\/de\/\"},{\"@type\":\"ListItem\",\"position\":2,\"name\":\"Wer wir sind\",\"item\":\"https:\/\/actionaid.ch\/de\/wer-wir-sind\/\"},{\"@type\":\"ListItem\",\"position\":3,\"name\":\"Transparenz\",\"item\":\"https:\/\/actionaid.ch\/de\/wer-wir-sind\/transparenz\/\"},{\"@type\":\"ListItem\",\"position\":4,\"name\":\"Jahresbericht 2017\"}]},{\"@type\":\"WebSite\",\"@id\":\"https:\/\/actionaid.ch\/de\/#website\",\"url\":\"https:\/\/actionaid.ch\/de\/\",\"name\":\"ActionAid Svizzera\",\"description\":\"\",\"publisher\":{\"@id\":\"https:\/\/actionaid.ch\/de\/#organization\"},\"potentialAction\":[{\"@type\":\"SearchAction\",\"target\":{\"@type\":\"EntryPoint\",\"urlTemplate\":\"https:\/\/actionaid.ch\/de\/?s={search_term_string}\"},\"query-input\":{\"@type\":\"PropertyValueSpecification\",\"valueRequired\":true,\"valueName\":\"search_term_string\"}}],\"inLanguage\":\"de\"},{\"@type\":\"Organization\",\"@id\":\"https:\/\/actionaid.ch\/de\/#organization\",\"name\":\"ActionAid Svizzera\",\"url\":\"https:\/\/actionaid.ch\/de\/\",\"logo\":{\"@type\":\"ImageObject\",\"inLanguage\":\"de\",\"@id\":\"https:\/\/actionaid.ch\/de\/#\/schema\/logo\/image\/\",\"url\":\"https:\/\/actionaid.ch\/wp-content\/uploads\/2025\/04\/Logo_rosso.png\",\"contentUrl\":\"https:\/\/actionaid.ch\/wp-content\/uploads\/2025\/04\/Logo_rosso.png\",\"width\":2331,\"height\":407,\"caption\":\"ActionAid Svizzera\"},\"image\":{\"@id\":\"https:\/\/actionaid.ch\/de\/#\/schema\/logo\/image\/\"},\"sameAs\":[\"https:\/\/www.facebook.com\/ActionAidSwitzerland\/?locale=it_IT\",\"https:\/\/www.instagram.com\/actionaid_international\/?hl=en\"]}]}<\/script>\n<!-- \/ Yoast SEO plugin. -->","yoast_head_json":{"title":"Jahresbericht 2017 - ActionAid","description":"Laden Sie den Jahresbericht 2017 herunter und sehen Sie die wichtigsten Ergebnisse von ActionAid.","robots":{"index":"index","follow":"follow","max-snippet":"max-snippet:-1","max-image-preview":"max-image-preview:large","max-video-preview":"max-video-preview:-1"},"canonical":"https:\/\/actionaid.ch\/de\/wer-wir-sind\/transparenz\/jahresbericht-2017\/","og_locale":"de_DE","og_type":"article","og_title":"Jahresbericht 2017 - ActionAid","og_description":"Laden Sie den Jahresbericht 2017 herunter und sehen Sie die wichtigsten Ergebnisse von ActionAid.","og_url":"https:\/\/actionaid.ch\/de\/wer-wir-sind\/transparenz\/jahresbericht-2017\/","og_site_name":"ActionAid","article_publisher":"https:\/\/www.facebook.com\/ActionAidSwitzerland\/?locale=it_IT","article_modified_time":"2025-07-08T15:45:13+00:00","twitter_card":"summary_large_image","schema":{"@context":"https:\/\/schema.org","@graph":[{"@type":"WebPage","@id":"https:\/\/actionaid.ch\/de\/wer-wir-sind\/transparenz\/jahresbericht-2017\/","url":"https:\/\/actionaid.ch\/de\/wer-wir-sind\/transparenz\/jahresbericht-2017\/","name":"Jahresbericht 2017 - ActionAid","isPartOf":{"@id":"https:\/\/actionaid.ch\/de\/#website"},"datePublished":"2025-05-24T12:12:26+00:00","dateModified":"2025-07-08T15:45:13+00:00","description":"Laden Sie den Jahresbericht 2017 herunter und sehen Sie die wichtigsten Ergebnisse von ActionAid.","breadcrumb":{"@id":"https:\/\/actionaid.ch\/de\/wer-wir-sind\/transparenz\/jahresbericht-2017\/#breadcrumb"},"inLanguage":"de","potentialAction":[{"@type":"ReadAction","target":["https:\/\/actionaid.ch\/de\/wer-wir-sind\/transparenz\/jahresbericht-2017\/"]}]},{"@type":"BreadcrumbList","@id":"https:\/\/actionaid.ch\/de\/wer-wir-sind\/transparenz\/jahresbericht-2017\/#breadcrumb","itemListElement":[{"@type":"ListItem","position":1,"name":"Home","item":"https:\/\/actionaid.ch\/de\/"},{"@type":"ListItem","position":2,"name":"Wer wir sind","item":"https:\/\/actionaid.ch\/de\/wer-wir-sind\/"},{"@type":"ListItem","position":3,"name":"Transparenz","item":"https:\/\/actionaid.ch\/de\/wer-wir-sind\/transparenz\/"},{"@type":"ListItem","position":4,"name":"Jahresbericht 2017"}]},{"@type":"WebSite","@id":"https:\/\/actionaid.ch\/de\/#website","url":"https:\/\/actionaid.ch\/de\/","name":"ActionAid Svizzera","description":"","publisher":{"@id":"https:\/\/actionaid.ch\/de\/#organization"},"potentialAction":[{"@type":"SearchAction","target":{"@type":"EntryPoint","urlTemplate":"https:\/\/actionaid.ch\/de\/?s={search_term_string}"},"query-input":{"@type":"PropertyValueSpecification","valueRequired":true,"valueName":"search_term_string"}}],"inLanguage":"de"},{"@type":"Organization","@id":"https:\/\/actionaid.ch\/de\/#organization","name":"ActionAid Svizzera","url":"https:\/\/actionaid.ch\/de\/","logo":{"@type":"ImageObject","inLanguage":"de","@id":"https:\/\/actionaid.ch\/de\/#\/schema\/logo\/image\/","url":"https:\/\/actionaid.ch\/wp-content\/uploads\/2025\/04\/Logo_rosso.png","contentUrl":"https:\/\/actionaid.ch\/wp-content\/uploads\/2025\/04\/Logo_rosso.png","width":2331,"height":407,"caption":"ActionAid Svizzera"},"image":{"@id":"https:\/\/actionaid.ch\/de\/#\/schema\/logo\/image\/"},"sameAs":["https:\/\/www.facebook.com\/ActionAidSwitzerland\/?locale=it_IT","https:\/\/www.instagram.com\/actionaid_international\/?hl=en"]}]}},"_links":{"self":[{"href":"https:\/\/actionaid.ch\/de\/wp-json\/wp\/v2\/pages\/3574","targetHints":{"allow":["GET"]}}],"collection":[{"href":"https:\/\/actionaid.ch\/de\/wp-json\/wp\/v2\/pages"}],"about":[{"href":"https:\/\/actionaid.ch\/de\/wp-json\/wp\/v2\/types\/page"}],"author":[{"embeddable":true,"href":"https:\/\/actionaid.ch\/de\/wp-json\/wp\/v2\/users\/1"}],"replies":[{"embeddable":true,"href":"https:\/\/actionaid.ch\/de\/wp-json\/wp\/v2\/comments?post=3574"}],"version-history":[{"count":4,"href":"https:\/\/actionaid.ch\/de\/wp-json\/wp\/v2\/pages\/3574\/revisions"}],"predecessor-version":[{"id":3753,"href":"https:\/\/actionaid.ch\/de\/wp-json\/wp\/v2\/pages\/3574\/revisions\/3753"}],"up":[{"embeddable":true,"href":"https:\/\/actionaid.ch\/de\/wp-json\/wp\/v2\/pages\/1961"}],"wp:attachment":[{"href":"https:\/\/actionaid.ch\/de\/wp-json\/wp\/v2\/media?parent=3574"}],"curies":[{"name":"wp","href":"https:\/\/api.w.org\/{rel}","templated":true}]}}