{"id":3561,"date":"2025-05-23T18:44:40","date_gmt":"2025-05-23T16:44:40","guid":{"rendered":"https:\/\/actionaid.ch\/wer-wir-sind\/transparenz\/bilanz-2016\/"},"modified":"2025-07-08T17:44:23","modified_gmt":"2025-07-08T15:44:23","slug":"jahresbericht-2016","status":"publish","type":"page","link":"https:\/\/actionaid.ch\/de\/wer-wir-sind\/transparenz\/jahresbericht-2016\/","title":{"rendered":"Jahresbericht 2016"},"content":{"rendered":"<div class=\"vidiemme-block focused-content  \" >\n  \n  <div class=\"container-xl\">\n    <div class=\"focused\">\n\n            <div class=\"summary mb-3\">Im Jahr 2016 haben sich mehr als 6.500 Personen daf\u00fcr entschieden unsere Programme auf globaler Ebene zu unterst\u00fctzen, zur Bek\u00e4mpfung der Armut und der sozialen Ausgrenzung, um den ausgegrenzten und ausgeschlossenen Menschen in den \u00e4rmsten L\u00e4ndern der Welt ein menschenw\u00fcrdiges Leben zur\u00fcckzugeben.<\/div>\n      \n            <div class=\"description\"><p><strong>Die wichtigsten Ergebnisse, die wir auf globaler Ebene erreicht haben, unterteilt nach Aktionsbereichen, sind:<\/strong><\/p>\n<h4>Als Reaktion auf Notf\u00e4lle:<\/h4>\n<p><\/p>\n<ul>\n<li><strong>555&#8217;000 Personen<\/strong>\u00a0haben humanit\u00e4re Hilfe zur Beachtung der Menschenrechte erhalten;<\/li>\n<li><strong>30 Notf\u00e4lle und Konflikte<\/strong>, bei den ActionAid interveniert hat, um humanit\u00e4re Hilfe zu leisten.<\/li>\n<\/ul>\n<p><\/p>\n<h4>Zu den Rechten der Frauen:<\/h4>\n<p><\/p>\n<ul>\n<li><strong>200 Frauen<\/strong>\u00a0zeigen eine gr\u00f6\u00dfere Kontrolle \u00fcber ihr eigenes Einkommen und mehr Befugnisse bei Verhandlungen innerhalb der eigenen Familie auf.<\/li>\n<\/ul>\n<p><\/p>\n<h4>Im Bereich des Rechts auf Bildung:<\/h4>\n<p><\/p>\n<ul>\n<li><strong>468&#8217;000 Personen<\/strong>\u00a0haben ein gr\u00f6\u00dferes Bewusstsein f\u00fcr die Wichtigkeit des Rechts auf Bildung erlangt.<\/li>\n<\/ul>\n<p><\/p>\n<h4>Zum Thema des Rechts auf Nahrung:<\/h4>\n<p><\/p>\n<ul>\n<li><strong>300 Frauen<\/strong>\u00a0besitzen eine gr\u00f6\u00dfere Kontrolle \u00fcber Land und nat\u00fcrliche Ressourcen;<\/li>\n<\/ul>\n<p><\/p>\n<ul>\n<li><strong>450 Frauengruppen<\/strong>\u00a0haben sich mobilisiert, um die eigenen Eigentumsrechte zu verteidigen.<\/li>\n<\/ul>\n<p><\/p>\n<h4>F\u00fcr eine demokratische Beteiligung und Accountability:<\/h4>\n<p><\/p>\n<ul>\n<li><strong>790 lokale Regierungen<\/strong>\u00a0haben die Transparenz, Verantwortung und Beteiligung gegen\u00fcber den eigenen B\u00fcrgern verbessert.<\/li>\n<\/ul>\n<p>Der gr\u00f6\u00dfte Dank geht an alle unsere Schweizer Spender und Aktivisten, die sich daf\u00fcr entschieden haben an unserer Seite gegen Armut und soziale Ungerechtigkeit zu k\u00e4mpfen, zusammen mit Tausenden von Spendern und Aktivisten in \u00fcber 40 L\u00e4ndern der Welt.<\/p>\n<\/div>\n      \n      \n            <div class=\"attachments\">\n                  <div class=\"attachment mb-4\">   \n            <a href=\"https:\/\/actionaid.ch\/wp-content\/uploads\/2025\/06\/Bilanz_2016.pdf\" target=\"_blank\">\n              <img decoding=\"async\" class=\"img-fluid me-1 icon-download\" src=\"https:\/\/actionaid.ch\/wp-content\/themes\/actionaid\/public\/build\/assets\/icon-download-hKxZcR7I.svg\" alt=\"Scariere die Datei\">\n              \n              Bilanz 2016\n            <\/a>\n          <\/div>\n                  <div class=\"attachment mb-4\">   \n            <a href=\"https:\/\/actionaid.ch\/wp-content\/uploads\/2025\/06\/JahresberichtCH_2016-LQ.pdf\" target=\"_blank\">\n              <img decoding=\"async\" class=\"img-fluid me-1 icon-download\" src=\"https:\/\/actionaid.ch\/wp-content\/themes\/actionaid\/public\/build\/assets\/icon-download-hKxZcR7I.svg\" alt=\"Scariere die Datei\">\n              \n              Jahresbericht 2016\n            <\/a>\n          <\/div>\n              <\/div>\n          \n    <\/div>\n  <\/div>\n<\/div>\n","protected":false},"excerpt":{"rendered":"","protected":false},"author":1,"featured_media":0,"parent":1961,"menu_order":65,"comment_status":"closed","ping_status":"closed","template":"","meta":{"_acf_changed":false,"footnotes":""},"class_list":["post-3561","page","type-page","status-publish","hentry"],"acf":[],"yoast_head":"<!-- This site is optimized with the Yoast SEO plugin v25.9 - https:\/\/yoast.com\/wordpress\/plugins\/seo\/ -->\n<title>Jahresbericht 2016 - ActionAid<\/title>\n<meta name=\"description\" content=\"Laden Sie den Jahresbericht 2016 herunter und sehen Sie die wichtigsten Ergebnisse von ActionAid.\" \/>\n<meta name=\"robots\" content=\"index, follow, max-snippet:-1, max-image-preview:large, max-video-preview:-1\" \/>\n<link rel=\"canonical\" href=\"https:\/\/actionaid.ch\/de\/wer-wir-sind\/transparenz\/jahresbericht-2016\/\" \/>\n<meta property=\"og:locale\" content=\"de_DE\" \/>\n<meta property=\"og:type\" content=\"article\" \/>\n<meta property=\"og:title\" content=\"Jahresbericht 2016 - ActionAid\" \/>\n<meta property=\"og:description\" content=\"Laden Sie den Jahresbericht 2016 herunter und sehen Sie die wichtigsten Ergebnisse von ActionAid.\" \/>\n<meta property=\"og:url\" content=\"https:\/\/actionaid.ch\/de\/wer-wir-sind\/transparenz\/jahresbericht-2016\/\" \/>\n<meta property=\"og:site_name\" content=\"ActionAid\" \/>\n<meta property=\"article:publisher\" content=\"https:\/\/www.facebook.com\/ActionAidSwitzerland\/?locale=it_IT\" \/>\n<meta property=\"article:modified_time\" content=\"2025-07-08T15:44:23+00:00\" \/>\n<meta name=\"twitter:card\" content=\"summary_large_image\" \/>\n<script type=\"application\/ld+json\" class=\"yoast-schema-graph\">{\"@context\":\"https:\/\/schema.org\",\"@graph\":[{\"@type\":\"WebPage\",\"@id\":\"https:\/\/actionaid.ch\/de\/wer-wir-sind\/transparenz\/jahresbericht-2016\/\",\"url\":\"https:\/\/actionaid.ch\/de\/wer-wir-sind\/transparenz\/jahresbericht-2016\/\",\"name\":\"Jahresbericht 2016 - ActionAid\",\"isPartOf\":{\"@id\":\"https:\/\/actionaid.ch\/de\/#website\"},\"datePublished\":\"2025-05-23T16:44:40+00:00\",\"dateModified\":\"2025-07-08T15:44:23+00:00\",\"description\":\"Laden Sie den Jahresbericht 2016 herunter und sehen Sie die wichtigsten Ergebnisse von ActionAid.\",\"breadcrumb\":{\"@id\":\"https:\/\/actionaid.ch\/de\/wer-wir-sind\/transparenz\/jahresbericht-2016\/#breadcrumb\"},\"inLanguage\":\"de\",\"potentialAction\":[{\"@type\":\"ReadAction\",\"target\":[\"https:\/\/actionaid.ch\/de\/wer-wir-sind\/transparenz\/jahresbericht-2016\/\"]}]},{\"@type\":\"BreadcrumbList\",\"@id\":\"https:\/\/actionaid.ch\/de\/wer-wir-sind\/transparenz\/jahresbericht-2016\/#breadcrumb\",\"itemListElement\":[{\"@type\":\"ListItem\",\"position\":1,\"name\":\"Home\",\"item\":\"https:\/\/actionaid.ch\/de\/\"},{\"@type\":\"ListItem\",\"position\":2,\"name\":\"Wer wir sind\",\"item\":\"https:\/\/actionaid.ch\/de\/wer-wir-sind\/\"},{\"@type\":\"ListItem\",\"position\":3,\"name\":\"Transparenz\",\"item\":\"https:\/\/actionaid.ch\/de\/wer-wir-sind\/transparenz\/\"},{\"@type\":\"ListItem\",\"position\":4,\"name\":\"Jahresbericht 2016\"}]},{\"@type\":\"WebSite\",\"@id\":\"https:\/\/actionaid.ch\/de\/#website\",\"url\":\"https:\/\/actionaid.ch\/de\/\",\"name\":\"ActionAid Svizzera\",\"description\":\"\",\"publisher\":{\"@id\":\"https:\/\/actionaid.ch\/de\/#organization\"},\"potentialAction\":[{\"@type\":\"SearchAction\",\"target\":{\"@type\":\"EntryPoint\",\"urlTemplate\":\"https:\/\/actionaid.ch\/de\/?s={search_term_string}\"},\"query-input\":{\"@type\":\"PropertyValueSpecification\",\"valueRequired\":true,\"valueName\":\"search_term_string\"}}],\"inLanguage\":\"de\"},{\"@type\":\"Organization\",\"@id\":\"https:\/\/actionaid.ch\/de\/#organization\",\"name\":\"ActionAid Svizzera\",\"url\":\"https:\/\/actionaid.ch\/de\/\",\"logo\":{\"@type\":\"ImageObject\",\"inLanguage\":\"de\",\"@id\":\"https:\/\/actionaid.ch\/de\/#\/schema\/logo\/image\/\",\"url\":\"https:\/\/actionaid.ch\/wp-content\/uploads\/2025\/04\/Logo_rosso.png\",\"contentUrl\":\"https:\/\/actionaid.ch\/wp-content\/uploads\/2025\/04\/Logo_rosso.png\",\"width\":2331,\"height\":407,\"caption\":\"ActionAid Svizzera\"},\"image\":{\"@id\":\"https:\/\/actionaid.ch\/de\/#\/schema\/logo\/image\/\"},\"sameAs\":[\"https:\/\/www.facebook.com\/ActionAidSwitzerland\/?locale=it_IT\",\"https:\/\/www.instagram.com\/actionaid_international\/?hl=en\"]}]}<\/script>\n<!-- \/ Yoast SEO plugin. -->","yoast_head_json":{"title":"Jahresbericht 2016 - ActionAid","description":"Laden Sie den Jahresbericht 2016 herunter und sehen Sie die wichtigsten Ergebnisse von ActionAid.","robots":{"index":"index","follow":"follow","max-snippet":"max-snippet:-1","max-image-preview":"max-image-preview:large","max-video-preview":"max-video-preview:-1"},"canonical":"https:\/\/actionaid.ch\/de\/wer-wir-sind\/transparenz\/jahresbericht-2016\/","og_locale":"de_DE","og_type":"article","og_title":"Jahresbericht 2016 - ActionAid","og_description":"Laden Sie den Jahresbericht 2016 herunter und sehen Sie die wichtigsten Ergebnisse von ActionAid.","og_url":"https:\/\/actionaid.ch\/de\/wer-wir-sind\/transparenz\/jahresbericht-2016\/","og_site_name":"ActionAid","article_publisher":"https:\/\/www.facebook.com\/ActionAidSwitzerland\/?locale=it_IT","article_modified_time":"2025-07-08T15:44:23+00:00","twitter_card":"summary_large_image","schema":{"@context":"https:\/\/schema.org","@graph":[{"@type":"WebPage","@id":"https:\/\/actionaid.ch\/de\/wer-wir-sind\/transparenz\/jahresbericht-2016\/","url":"https:\/\/actionaid.ch\/de\/wer-wir-sind\/transparenz\/jahresbericht-2016\/","name":"Jahresbericht 2016 - ActionAid","isPartOf":{"@id":"https:\/\/actionaid.ch\/de\/#website"},"datePublished":"2025-05-23T16:44:40+00:00","dateModified":"2025-07-08T15:44:23+00:00","description":"Laden Sie den Jahresbericht 2016 herunter und sehen Sie die wichtigsten Ergebnisse von ActionAid.","breadcrumb":{"@id":"https:\/\/actionaid.ch\/de\/wer-wir-sind\/transparenz\/jahresbericht-2016\/#breadcrumb"},"inLanguage":"de","potentialAction":[{"@type":"ReadAction","target":["https:\/\/actionaid.ch\/de\/wer-wir-sind\/transparenz\/jahresbericht-2016\/"]}]},{"@type":"BreadcrumbList","@id":"https:\/\/actionaid.ch\/de\/wer-wir-sind\/transparenz\/jahresbericht-2016\/#breadcrumb","itemListElement":[{"@type":"ListItem","position":1,"name":"Home","item":"https:\/\/actionaid.ch\/de\/"},{"@type":"ListItem","position":2,"name":"Wer wir sind","item":"https:\/\/actionaid.ch\/de\/wer-wir-sind\/"},{"@type":"ListItem","position":3,"name":"Transparenz","item":"https:\/\/actionaid.ch\/de\/wer-wir-sind\/transparenz\/"},{"@type":"ListItem","position":4,"name":"Jahresbericht 2016"}]},{"@type":"WebSite","@id":"https:\/\/actionaid.ch\/de\/#website","url":"https:\/\/actionaid.ch\/de\/","name":"ActionAid Svizzera","description":"","publisher":{"@id":"https:\/\/actionaid.ch\/de\/#organization"},"potentialAction":[{"@type":"SearchAction","target":{"@type":"EntryPoint","urlTemplate":"https:\/\/actionaid.ch\/de\/?s={search_term_string}"},"query-input":{"@type":"PropertyValueSpecification","valueRequired":true,"valueName":"search_term_string"}}],"inLanguage":"de"},{"@type":"Organization","@id":"https:\/\/actionaid.ch\/de\/#organization","name":"ActionAid Svizzera","url":"https:\/\/actionaid.ch\/de\/","logo":{"@type":"ImageObject","inLanguage":"de","@id":"https:\/\/actionaid.ch\/de\/#\/schema\/logo\/image\/","url":"https:\/\/actionaid.ch\/wp-content\/uploads\/2025\/04\/Logo_rosso.png","contentUrl":"https:\/\/actionaid.ch\/wp-content\/uploads\/2025\/04\/Logo_rosso.png","width":2331,"height":407,"caption":"ActionAid Svizzera"},"image":{"@id":"https:\/\/actionaid.ch\/de\/#\/schema\/logo\/image\/"},"sameAs":["https:\/\/www.facebook.com\/ActionAidSwitzerland\/?locale=it_IT","https:\/\/www.instagram.com\/actionaid_international\/?hl=en"]}]}},"_links":{"self":[{"href":"https:\/\/actionaid.ch\/de\/wp-json\/wp\/v2\/pages\/3561","targetHints":{"allow":["GET"]}}],"collection":[{"href":"https:\/\/actionaid.ch\/de\/wp-json\/wp\/v2\/pages"}],"about":[{"href":"https:\/\/actionaid.ch\/de\/wp-json\/wp\/v2\/types\/page"}],"author":[{"embeddable":true,"href":"https:\/\/actionaid.ch\/de\/wp-json\/wp\/v2\/users\/1"}],"replies":[{"embeddable":true,"href":"https:\/\/actionaid.ch\/de\/wp-json\/wp\/v2\/comments?post=3561"}],"version-history":[{"count":4,"href":"https:\/\/actionaid.ch\/de\/wp-json\/wp\/v2\/pages\/3561\/revisions"}],"predecessor-version":[{"id":3745,"href":"https:\/\/actionaid.ch\/de\/wp-json\/wp\/v2\/pages\/3561\/revisions\/3745"}],"up":[{"embeddable":true,"href":"https:\/\/actionaid.ch\/de\/wp-json\/wp\/v2\/pages\/1961"}],"wp:attachment":[{"href":"https:\/\/actionaid.ch\/de\/wp-json\/wp\/v2\/media?parent=3561"}],"curies":[{"name":"wp","href":"https:\/\/api.w.org\/{rel}","templated":true}]}}