{"id":3549,"date":"2025-05-23T18:40:34","date_gmt":"2025-05-23T16:40:34","guid":{"rendered":"https:\/\/actionaid.ch\/wer-wir-sind\/transparenz\/bilanz-2015\/"},"modified":"2025-07-08T17:45:06","modified_gmt":"2025-07-08T15:45:06","slug":"jahresbericht-2015","status":"publish","type":"page","link":"https:\/\/actionaid.ch\/de\/wer-wir-sind\/transparenz\/jahresbericht-2015\/","title":{"rendered":"Jahresbericht 2015"},"content":{"rendered":"<div class=\"vidiemme-block focused-content  \" >\n  \n  <div class=\"container-xl\">\n    <div class=\"focused\">\n\n            <div class=\"summary mb-3\">W\u00e4hrend des dritten Jahres ihres Bestehens hat ActionAid Switzerland die eigene Marktposition sowohl in der Schweiz, als auch innerhalb des internationalen Verbands von ActionAid gefestigt. Ihre T\u00e4tigkeit hat dank des Beitrags von 5.023 Anh\u00e4ngern im ganzen Land die t\u00e4glichen Aktionst\u00e4tigkeit von ActionAid gegen die Ungerechtigkeiten sowie die globale Armut unterst\u00fctzt.<\/div>\n      \n            <div class=\"description\"><p>Wie bereits in den Vorjahren wurde neben dem\u00a0<strong>Haushalt\u00a0<\/strong>der Organisation ein\u00a0<strong>Jahresbericht<\/strong>\u00a0ver\u00f6ffentlicht, in welchem die im Jahre 2015 erlangten die Zielsetzungen, Geschichten und Erfolge von ActionAid Switzerland dargestellt werden: Dies soll die Wichtigkeit jedes ver\u00e4nderten Menschenlebens, jedes hervorgerufenen L\u00e4chelns, jeder beendeten Ungerechtigkeit sowie jeder heute von den eigenen Rechten bewussten Gemeinschaft hervorheben und verbreiten. F\u00fcr diese\u00a0<strong>kleinen, aber bedeutenden Zielsetzungen\u00a0<\/strong>ist ActionAid t\u00e4glich zum Handeln bereit.<\/p>\n<p><strong>Zu den im Jahre 2015 auf globaler Ebene auch dank der Schweizer Anh\u00e4nger erlangten Erfolge z\u00e4hlen u. a.<\/strong>:<\/p>\n<ul>\n<li><strong>172.095 Personen<\/strong>\u00a0waren imstande, die eigene Nahrungsmittelsicherheit zu verbessern;<\/li>\n<li><strong>343.371 Bauern<\/strong>\u00a0erfuhren \u00fcber klimaresistente landwirtschaftliche Techniken und verwenden diese;<\/li>\n<li><strong>167.257 Frauen\u00a0<\/strong>\u00fcben wirtschaftliche T\u00e4tigkeiten auf individueller Basis oder auf Genossenschaftsebene aus und verf\u00fcgen auf selbstst\u00e4ndige Weise \u00fcber die eigenen Ersparnisse.<\/li>\n<li><strong>1.002.303 Menschen<\/strong>, welche in Armutsverh\u00e4ltnissen leben, haben eine wesentliche Verbesserung in der Qualit\u00e4t der \u00f6ffentlichen Dienstleistungen erfahren;<\/li>\n<li><strong>57.570 Jugendliche<\/strong>\u00a0haben sich gegen Ungerechtigkeit und Armut engagiert;<\/li>\n<li>Die Qualit\u00e4t der \u00f6ffentlichen Ausbildung wurde in\u00a0<strong>3.232 Gemeinschaften\u00a0<\/strong>verbessert;<\/li>\n<li><strong>605.699 Menschen<\/strong>\u00a0wurde eine humanit\u00e4re Hilfe bei Einhaltung der Menschenrechte entsprechend dem von ActionAid gef\u00f6rderten Zugang geleistet;<\/li>\n<li><strong>209.916 Frauen<\/strong>\u00a0haben sich gegen Gewalt allgemein sowie gegen die verletzenden traditionellen Br\u00e4uchen engagiert (z. B. gegen die Genitalverst\u00fcmmelung bei Frauen);<\/li>\n<\/ul>\n<p>Dies sind nur einige Beispiele von Ver\u00e4nderungen, welche dank des Beitrags durch ActionAid Switzerland m\u00f6glich waren, und sicherlich werden diese durch die stetig steigende Anzahl von Anh\u00e4ngern in Zukunft<strong>\u00a0immer tiefgreifender und bedeutender\u00a0<\/strong>sein.<\/p>\n<\/div>\n      \n      \n            <div class=\"attachments\">\n                  <div class=\"attachment mb-4\">   \n            <a href=\"https:\/\/actionaid.ch\/wp-content\/uploads\/2025\/06\/Bilanz_2015.pdf\" target=\"_blank\">\n              <img decoding=\"async\" class=\"img-fluid me-1 icon-download\" src=\"https:\/\/actionaid.ch\/wp-content\/themes\/actionaid\/public\/build\/assets\/icon-download-hKxZcR7I.svg\" alt=\"Scariere die Datei\">\n              \n              Bilanz 2015\n            <\/a>\n          <\/div>\n                  <div class=\"attachment mb-4\">   \n            <a href=\"https:\/\/actionaid.ch\/wp-content\/uploads\/2025\/06\/Jahresbericht_2015_CH.pdf\" target=\"_blank\">\n              <img decoding=\"async\" class=\"img-fluid me-1 icon-download\" src=\"https:\/\/actionaid.ch\/wp-content\/themes\/actionaid\/public\/build\/assets\/icon-download-hKxZcR7I.svg\" alt=\"Scariere die Datei\">\n              \n              Jahresbericht 2015\n            <\/a>\n          <\/div>\n              <\/div>\n          \n    <\/div>\n  <\/div>\n<\/div>\n","protected":false},"excerpt":{"rendered":"","protected":false},"author":1,"featured_media":0,"parent":1961,"menu_order":69,"comment_status":"closed","ping_status":"closed","template":"","meta":{"_acf_changed":false,"footnotes":""},"class_list":["post-3549","page","type-page","status-publish","hentry"],"acf":[],"yoast_head":"<!-- This site is optimized with the Yoast SEO plugin v25.9 - https:\/\/yoast.com\/wordpress\/plugins\/seo\/ -->\n<title>Jahresbericht 2015 - ActionAid<\/title>\n<meta name=\"description\" content=\"Laden Sie den Jahresbericht 2015 herunter und sehen Sie die wichtigsten Ergebnisse von ActionAid.\" \/>\n<meta name=\"robots\" content=\"index, follow, max-snippet:-1, max-image-preview:large, max-video-preview:-1\" \/>\n<link rel=\"canonical\" href=\"https:\/\/actionaid.ch\/de\/wer-wir-sind\/transparenz\/jahresbericht-2015\/\" \/>\n<meta property=\"og:locale\" content=\"de_DE\" \/>\n<meta property=\"og:type\" content=\"article\" \/>\n<meta property=\"og:title\" content=\"Jahresbericht 2015 - ActionAid\" \/>\n<meta property=\"og:description\" content=\"Laden Sie den Jahresbericht 2015 herunter und sehen Sie die wichtigsten Ergebnisse von ActionAid.\" \/>\n<meta property=\"og:url\" content=\"https:\/\/actionaid.ch\/de\/wer-wir-sind\/transparenz\/jahresbericht-2015\/\" \/>\n<meta property=\"og:site_name\" content=\"ActionAid\" \/>\n<meta property=\"article:publisher\" content=\"https:\/\/www.facebook.com\/ActionAidSwitzerland\/?locale=it_IT\" \/>\n<meta property=\"article:modified_time\" content=\"2025-07-08T15:45:06+00:00\" \/>\n<meta name=\"twitter:card\" content=\"summary_large_image\" \/>\n<script type=\"application\/ld+json\" class=\"yoast-schema-graph\">{\"@context\":\"https:\/\/schema.org\",\"@graph\":[{\"@type\":\"WebPage\",\"@id\":\"https:\/\/actionaid.ch\/de\/wer-wir-sind\/transparenz\/jahresbericht-2015\/\",\"url\":\"https:\/\/actionaid.ch\/de\/wer-wir-sind\/transparenz\/jahresbericht-2015\/\",\"name\":\"Jahresbericht 2015 - ActionAid\",\"isPartOf\":{\"@id\":\"https:\/\/actionaid.ch\/de\/#website\"},\"datePublished\":\"2025-05-23T16:40:34+00:00\",\"dateModified\":\"2025-07-08T15:45:06+00:00\",\"description\":\"Laden Sie den Jahresbericht 2015 herunter und sehen Sie die wichtigsten Ergebnisse von ActionAid.\",\"breadcrumb\":{\"@id\":\"https:\/\/actionaid.ch\/de\/wer-wir-sind\/transparenz\/jahresbericht-2015\/#breadcrumb\"},\"inLanguage\":\"de\",\"potentialAction\":[{\"@type\":\"ReadAction\",\"target\":[\"https:\/\/actionaid.ch\/de\/wer-wir-sind\/transparenz\/jahresbericht-2015\/\"]}]},{\"@type\":\"BreadcrumbList\",\"@id\":\"https:\/\/actionaid.ch\/de\/wer-wir-sind\/transparenz\/jahresbericht-2015\/#breadcrumb\",\"itemListElement\":[{\"@type\":\"ListItem\",\"position\":1,\"name\":\"Home\",\"item\":\"https:\/\/actionaid.ch\/de\/\"},{\"@type\":\"ListItem\",\"position\":2,\"name\":\"Wer wir sind\",\"item\":\"https:\/\/actionaid.ch\/de\/wer-wir-sind\/\"},{\"@type\":\"ListItem\",\"position\":3,\"name\":\"Transparenz\",\"item\":\"https:\/\/actionaid.ch\/de\/wer-wir-sind\/transparenz\/\"},{\"@type\":\"ListItem\",\"position\":4,\"name\":\"Jahresbericht 2015\"}]},{\"@type\":\"WebSite\",\"@id\":\"https:\/\/actionaid.ch\/de\/#website\",\"url\":\"https:\/\/actionaid.ch\/de\/\",\"name\":\"ActionAid Svizzera\",\"description\":\"\",\"publisher\":{\"@id\":\"https:\/\/actionaid.ch\/de\/#organization\"},\"potentialAction\":[{\"@type\":\"SearchAction\",\"target\":{\"@type\":\"EntryPoint\",\"urlTemplate\":\"https:\/\/actionaid.ch\/de\/?s={search_term_string}\"},\"query-input\":{\"@type\":\"PropertyValueSpecification\",\"valueRequired\":true,\"valueName\":\"search_term_string\"}}],\"inLanguage\":\"de\"},{\"@type\":\"Organization\",\"@id\":\"https:\/\/actionaid.ch\/de\/#organization\",\"name\":\"ActionAid Svizzera\",\"url\":\"https:\/\/actionaid.ch\/de\/\",\"logo\":{\"@type\":\"ImageObject\",\"inLanguage\":\"de\",\"@id\":\"https:\/\/actionaid.ch\/de\/#\/schema\/logo\/image\/\",\"url\":\"https:\/\/actionaid.ch\/wp-content\/uploads\/2025\/04\/Logo_rosso.png\",\"contentUrl\":\"https:\/\/actionaid.ch\/wp-content\/uploads\/2025\/04\/Logo_rosso.png\",\"width\":2331,\"height\":407,\"caption\":\"ActionAid Svizzera\"},\"image\":{\"@id\":\"https:\/\/actionaid.ch\/de\/#\/schema\/logo\/image\/\"},\"sameAs\":[\"https:\/\/www.facebook.com\/ActionAidSwitzerland\/?locale=it_IT\",\"https:\/\/www.instagram.com\/actionaid_international\/?hl=en\"]}]}<\/script>\n<!-- \/ Yoast SEO plugin. -->","yoast_head_json":{"title":"Jahresbericht 2015 - ActionAid","description":"Laden Sie den Jahresbericht 2015 herunter und sehen Sie die wichtigsten Ergebnisse von ActionAid.","robots":{"index":"index","follow":"follow","max-snippet":"max-snippet:-1","max-image-preview":"max-image-preview:large","max-video-preview":"max-video-preview:-1"},"canonical":"https:\/\/actionaid.ch\/de\/wer-wir-sind\/transparenz\/jahresbericht-2015\/","og_locale":"de_DE","og_type":"article","og_title":"Jahresbericht 2015 - ActionAid","og_description":"Laden Sie den Jahresbericht 2015 herunter und sehen Sie die wichtigsten Ergebnisse von ActionAid.","og_url":"https:\/\/actionaid.ch\/de\/wer-wir-sind\/transparenz\/jahresbericht-2015\/","og_site_name":"ActionAid","article_publisher":"https:\/\/www.facebook.com\/ActionAidSwitzerland\/?locale=it_IT","article_modified_time":"2025-07-08T15:45:06+00:00","twitter_card":"summary_large_image","schema":{"@context":"https:\/\/schema.org","@graph":[{"@type":"WebPage","@id":"https:\/\/actionaid.ch\/de\/wer-wir-sind\/transparenz\/jahresbericht-2015\/","url":"https:\/\/actionaid.ch\/de\/wer-wir-sind\/transparenz\/jahresbericht-2015\/","name":"Jahresbericht 2015 - ActionAid","isPartOf":{"@id":"https:\/\/actionaid.ch\/de\/#website"},"datePublished":"2025-05-23T16:40:34+00:00","dateModified":"2025-07-08T15:45:06+00:00","description":"Laden Sie den Jahresbericht 2015 herunter und sehen Sie die wichtigsten Ergebnisse von ActionAid.","breadcrumb":{"@id":"https:\/\/actionaid.ch\/de\/wer-wir-sind\/transparenz\/jahresbericht-2015\/#breadcrumb"},"inLanguage":"de","potentialAction":[{"@type":"ReadAction","target":["https:\/\/actionaid.ch\/de\/wer-wir-sind\/transparenz\/jahresbericht-2015\/"]}]},{"@type":"BreadcrumbList","@id":"https:\/\/actionaid.ch\/de\/wer-wir-sind\/transparenz\/jahresbericht-2015\/#breadcrumb","itemListElement":[{"@type":"ListItem","position":1,"name":"Home","item":"https:\/\/actionaid.ch\/de\/"},{"@type":"ListItem","position":2,"name":"Wer wir sind","item":"https:\/\/actionaid.ch\/de\/wer-wir-sind\/"},{"@type":"ListItem","position":3,"name":"Transparenz","item":"https:\/\/actionaid.ch\/de\/wer-wir-sind\/transparenz\/"},{"@type":"ListItem","position":4,"name":"Jahresbericht 2015"}]},{"@type":"WebSite","@id":"https:\/\/actionaid.ch\/de\/#website","url":"https:\/\/actionaid.ch\/de\/","name":"ActionAid Svizzera","description":"","publisher":{"@id":"https:\/\/actionaid.ch\/de\/#organization"},"potentialAction":[{"@type":"SearchAction","target":{"@type":"EntryPoint","urlTemplate":"https:\/\/actionaid.ch\/de\/?s={search_term_string}"},"query-input":{"@type":"PropertyValueSpecification","valueRequired":true,"valueName":"search_term_string"}}],"inLanguage":"de"},{"@type":"Organization","@id":"https:\/\/actionaid.ch\/de\/#organization","name":"ActionAid Svizzera","url":"https:\/\/actionaid.ch\/de\/","logo":{"@type":"ImageObject","inLanguage":"de","@id":"https:\/\/actionaid.ch\/de\/#\/schema\/logo\/image\/","url":"https:\/\/actionaid.ch\/wp-content\/uploads\/2025\/04\/Logo_rosso.png","contentUrl":"https:\/\/actionaid.ch\/wp-content\/uploads\/2025\/04\/Logo_rosso.png","width":2331,"height":407,"caption":"ActionAid Svizzera"},"image":{"@id":"https:\/\/actionaid.ch\/de\/#\/schema\/logo\/image\/"},"sameAs":["https:\/\/www.facebook.com\/ActionAidSwitzerland\/?locale=it_IT","https:\/\/www.instagram.com\/actionaid_international\/?hl=en"]}]}},"_links":{"self":[{"href":"https:\/\/actionaid.ch\/de\/wp-json\/wp\/v2\/pages\/3549","targetHints":{"allow":["GET"]}}],"collection":[{"href":"https:\/\/actionaid.ch\/de\/wp-json\/wp\/v2\/pages"}],"about":[{"href":"https:\/\/actionaid.ch\/de\/wp-json\/wp\/v2\/types\/page"}],"author":[{"embeddable":true,"href":"https:\/\/actionaid.ch\/de\/wp-json\/wp\/v2\/users\/1"}],"replies":[{"embeddable":true,"href":"https:\/\/actionaid.ch\/de\/wp-json\/wp\/v2\/comments?post=3549"}],"version-history":[{"count":4,"href":"https:\/\/actionaid.ch\/de\/wp-json\/wp\/v2\/pages\/3549\/revisions"}],"predecessor-version":[{"id":3751,"href":"https:\/\/actionaid.ch\/de\/wp-json\/wp\/v2\/pages\/3549\/revisions\/3751"}],"up":[{"embeddable":true,"href":"https:\/\/actionaid.ch\/de\/wp-json\/wp\/v2\/pages\/1961"}],"wp:attachment":[{"href":"https:\/\/actionaid.ch\/de\/wp-json\/wp\/v2\/media?parent=3549"}],"curies":[{"name":"wp","href":"https:\/\/api.w.org\/{rel}","templated":true}]}}