{"id":3537,"date":"2025-05-23T18:34:10","date_gmt":"2025-05-23T16:34:10","guid":{"rendered":"https:\/\/actionaid.ch\/wer-wir-sind\/transparenz\/bilanz-2014\/"},"modified":"2025-07-08T17:45:28","modified_gmt":"2025-07-08T15:45:28","slug":"jahresbericht-2014","status":"publish","type":"page","link":"https:\/\/actionaid.ch\/de\/wer-wir-sind\/transparenz\/jahresbericht-2014\/","title":{"rendered":"Jahresbericht 2014"},"content":{"rendered":"<div class=\"vidiemme-block focused-content  \" >\n  \n  <div class=\"container-xl\">\n    <div class=\"focused\">\n\n            <div class=\"summary mb-3\">Das zweite Jahr von ActionAid Switzerland war gepr\u00e4gt von kleinen, aber wichtigen Schritten im Kampf gegen die Ursachen von Armut, Ungleichheit und sozialer Ausgrenzung.<\/div>\n      \n            <div class=\"description\"><p>Der Bilanz 2014 liegt ein Jahresbericht \u00fcber die Aktivit\u00e4ten und Ergebnisse in den L\u00e4ndern, in denen ActionAid t\u00e4tig ist, bei. Hinter den Zahlen verbergen sich die Geschichten \u00fcber die Ver\u00e4nderungen, die dank der Unterst\u00fctzung unserer F\u00f6rderer verwirklicht werden konnten.<\/p>\n<p><strong>3&#8217;192 F\u00f6rderer<\/strong>\u00a0haben mit ihrer Unterst\u00fctzung wesentlich dazu beigetragen, dass allen Menschen ihre Grundrechte gew\u00e4hrt werden.<\/p>\n<p><strong>Einige Beispiele, was wir 2014 dank der Schweizer F\u00f6rderer weltweit erreicht haben:<\/strong><\/p>\n<ul>\n<li><strong>22&#8217;400 M\u00e4dchen<\/strong>\u00a0und\u00a0<strong>27&#8217;350 Knaben<\/strong>\u00a0haben die Primarschule besucht und sich f\u00fcr die Sekundarschule angemeldet. In neun L\u00e4ndern konnte eine Zunahme der Schulanmeldungen von M\u00e4dchen verzeichnet werden.<\/li>\n<li><strong>270&#8217;000 Bauern<\/strong>\u00a0wurden bis heute von ActionAid im Umgang mit neuen nachhaltigen Agrartechniken geschult.<\/li>\n<li><strong>86&#8217;000 Frauen\u00a0<\/strong>haben berichtet, dass sie heute mehr Kontrolle \u00fcber Grund und Boden und andere nat\u00fcrliche Ressourcen haben.<\/li>\n<li><strong>150&#8217;000 Frauen und M\u00e4dchen<\/strong>\u00a0haben mobil gemacht, um gegen die traditionellen, kulturellen und religi\u00f6sen Praktiken, die ihnen ihre Rechte vollst\u00e4ndig oder teilweise verwehren, zu k\u00e4mpfen und von den nationalen und lokalen Regierungen Transparenz und Verantwortung zu verlangen.<\/li>\n<li><strong>2&#8217;000 Frauengruppen<\/strong>\u00a0haben sich organisiert, um gleiche Rechte einzufordern.<\/li>\n<li>Rund\u00a0<strong>600&#8217;000 Personen<\/strong>\u00a0wurden in die Pr\u00e4vention und Reaktion auf\u00a0<strong>Notf\u00e4lle<\/strong>\u00a0einbezogen.<\/li>\n<li>\u00dcber\u00a0<strong>1 Million Menschen<\/strong>\u00a0haben\u00a0 humanit\u00e4re Hilfe unter Wahrung ihrer Rechte erhalten.<\/li>\n<\/ul>\n<p>\u2026 und vieles mehr im Jahresbericht 2014.<\/p>\n<\/div>\n      \n      \n            <div class=\"attachments\">\n                  <div class=\"attachment mb-4\">   \n            <a href=\"https:\/\/actionaid.ch\/wp-content\/uploads\/2025\/06\/bilanz_2014.pdf\" target=\"_blank\">\n              <img decoding=\"async\" class=\"img-fluid me-1 icon-download\" src=\"https:\/\/actionaid.ch\/wp-content\/themes\/actionaid\/public\/build\/assets\/icon-download-hKxZcR7I.svg\" alt=\"Scariere die Datei\">\n              \n              Bilanz 2014\n            <\/a>\n          <\/div>\n                  <div class=\"attachment mb-4\">   \n            <a href=\"https:\/\/actionaid.ch\/wp-content\/uploads\/2025\/06\/jahresbericht_2014_de.pdf\" target=\"_blank\">\n              <img decoding=\"async\" class=\"img-fluid me-1 icon-download\" src=\"https:\/\/actionaid.ch\/wp-content\/themes\/actionaid\/public\/build\/assets\/icon-download-hKxZcR7I.svg\" alt=\"Scariere die Datei\">\n              \n              Jahresbericht 2014\n            <\/a>\n          <\/div>\n              <\/div>\n          \n    <\/div>\n  <\/div>\n<\/div>\n","protected":false},"excerpt":{"rendered":"","protected":false},"author":1,"featured_media":0,"parent":1961,"menu_order":73,"comment_status":"closed","ping_status":"closed","template":"","meta":{"_acf_changed":false,"footnotes":""},"class_list":["post-3537","page","type-page","status-publish","hentry"],"acf":[],"yoast_head":"<!-- This site is optimized with the Yoast SEO plugin v25.9 - https:\/\/yoast.com\/wordpress\/plugins\/seo\/ -->\n<title>Jahresbericht 2014 - ActionAid<\/title>\n<meta name=\"description\" content=\"Laden Sie den Jahresbericht 2014 herunter und sehen Sie die wichtigsten Ergebnisse von ActionAid.\" \/>\n<meta name=\"robots\" content=\"index, follow, max-snippet:-1, max-image-preview:large, max-video-preview:-1\" \/>\n<link rel=\"canonical\" href=\"https:\/\/actionaid.ch\/de\/wer-wir-sind\/transparenz\/jahresbericht-2014\/\" \/>\n<meta property=\"og:locale\" content=\"de_DE\" \/>\n<meta property=\"og:type\" content=\"article\" \/>\n<meta property=\"og:title\" content=\"Jahresbericht 2014 - ActionAid\" \/>\n<meta property=\"og:description\" content=\"Laden Sie den Jahresbericht 2014 herunter und sehen Sie die wichtigsten Ergebnisse von ActionAid.\" \/>\n<meta property=\"og:url\" content=\"https:\/\/actionaid.ch\/de\/wer-wir-sind\/transparenz\/jahresbericht-2014\/\" \/>\n<meta property=\"og:site_name\" content=\"ActionAid\" \/>\n<meta property=\"article:publisher\" content=\"https:\/\/www.facebook.com\/ActionAidSwitzerland\/?locale=it_IT\" \/>\n<meta property=\"article:modified_time\" content=\"2025-07-08T15:45:28+00:00\" \/>\n<meta name=\"twitter:card\" content=\"summary_large_image\" \/>\n<script type=\"application\/ld+json\" class=\"yoast-schema-graph\">{\"@context\":\"https:\/\/schema.org\",\"@graph\":[{\"@type\":\"WebPage\",\"@id\":\"https:\/\/actionaid.ch\/de\/wer-wir-sind\/transparenz\/jahresbericht-2014\/\",\"url\":\"https:\/\/actionaid.ch\/de\/wer-wir-sind\/transparenz\/jahresbericht-2014\/\",\"name\":\"Jahresbericht 2014 - ActionAid\",\"isPartOf\":{\"@id\":\"https:\/\/actionaid.ch\/de\/#website\"},\"datePublished\":\"2025-05-23T16:34:10+00:00\",\"dateModified\":\"2025-07-08T15:45:28+00:00\",\"description\":\"Laden Sie den Jahresbericht 2014 herunter und sehen Sie die wichtigsten Ergebnisse von ActionAid.\",\"breadcrumb\":{\"@id\":\"https:\/\/actionaid.ch\/de\/wer-wir-sind\/transparenz\/jahresbericht-2014\/#breadcrumb\"},\"inLanguage\":\"de\",\"potentialAction\":[{\"@type\":\"ReadAction\",\"target\":[\"https:\/\/actionaid.ch\/de\/wer-wir-sind\/transparenz\/jahresbericht-2014\/\"]}]},{\"@type\":\"BreadcrumbList\",\"@id\":\"https:\/\/actionaid.ch\/de\/wer-wir-sind\/transparenz\/jahresbericht-2014\/#breadcrumb\",\"itemListElement\":[{\"@type\":\"ListItem\",\"position\":1,\"name\":\"Home\",\"item\":\"https:\/\/actionaid.ch\/de\/\"},{\"@type\":\"ListItem\",\"position\":2,\"name\":\"Wer wir sind\",\"item\":\"https:\/\/actionaid.ch\/de\/wer-wir-sind\/\"},{\"@type\":\"ListItem\",\"position\":3,\"name\":\"Transparenz\",\"item\":\"https:\/\/actionaid.ch\/de\/wer-wir-sind\/transparenz\/\"},{\"@type\":\"ListItem\",\"position\":4,\"name\":\"Jahresbericht 2014\"}]},{\"@type\":\"WebSite\",\"@id\":\"https:\/\/actionaid.ch\/de\/#website\",\"url\":\"https:\/\/actionaid.ch\/de\/\",\"name\":\"ActionAid Svizzera\",\"description\":\"\",\"publisher\":{\"@id\":\"https:\/\/actionaid.ch\/de\/#organization\"},\"potentialAction\":[{\"@type\":\"SearchAction\",\"target\":{\"@type\":\"EntryPoint\",\"urlTemplate\":\"https:\/\/actionaid.ch\/de\/?s={search_term_string}\"},\"query-input\":{\"@type\":\"PropertyValueSpecification\",\"valueRequired\":true,\"valueName\":\"search_term_string\"}}],\"inLanguage\":\"de\"},{\"@type\":\"Organization\",\"@id\":\"https:\/\/actionaid.ch\/de\/#organization\",\"name\":\"ActionAid Svizzera\",\"url\":\"https:\/\/actionaid.ch\/de\/\",\"logo\":{\"@type\":\"ImageObject\",\"inLanguage\":\"de\",\"@id\":\"https:\/\/actionaid.ch\/de\/#\/schema\/logo\/image\/\",\"url\":\"https:\/\/actionaid.ch\/wp-content\/uploads\/2025\/04\/Logo_rosso.png\",\"contentUrl\":\"https:\/\/actionaid.ch\/wp-content\/uploads\/2025\/04\/Logo_rosso.png\",\"width\":2331,\"height\":407,\"caption\":\"ActionAid Svizzera\"},\"image\":{\"@id\":\"https:\/\/actionaid.ch\/de\/#\/schema\/logo\/image\/\"},\"sameAs\":[\"https:\/\/www.facebook.com\/ActionAidSwitzerland\/?locale=it_IT\",\"https:\/\/www.instagram.com\/actionaid_international\/?hl=en\"]}]}<\/script>\n<!-- \/ Yoast SEO plugin. -->","yoast_head_json":{"title":"Jahresbericht 2014 - ActionAid","description":"Laden Sie den Jahresbericht 2014 herunter und sehen Sie die wichtigsten Ergebnisse von ActionAid.","robots":{"index":"index","follow":"follow","max-snippet":"max-snippet:-1","max-image-preview":"max-image-preview:large","max-video-preview":"max-video-preview:-1"},"canonical":"https:\/\/actionaid.ch\/de\/wer-wir-sind\/transparenz\/jahresbericht-2014\/","og_locale":"de_DE","og_type":"article","og_title":"Jahresbericht 2014 - ActionAid","og_description":"Laden Sie den Jahresbericht 2014 herunter und sehen Sie die wichtigsten Ergebnisse von ActionAid.","og_url":"https:\/\/actionaid.ch\/de\/wer-wir-sind\/transparenz\/jahresbericht-2014\/","og_site_name":"ActionAid","article_publisher":"https:\/\/www.facebook.com\/ActionAidSwitzerland\/?locale=it_IT","article_modified_time":"2025-07-08T15:45:28+00:00","twitter_card":"summary_large_image","schema":{"@context":"https:\/\/schema.org","@graph":[{"@type":"WebPage","@id":"https:\/\/actionaid.ch\/de\/wer-wir-sind\/transparenz\/jahresbericht-2014\/","url":"https:\/\/actionaid.ch\/de\/wer-wir-sind\/transparenz\/jahresbericht-2014\/","name":"Jahresbericht 2014 - ActionAid","isPartOf":{"@id":"https:\/\/actionaid.ch\/de\/#website"},"datePublished":"2025-05-23T16:34:10+00:00","dateModified":"2025-07-08T15:45:28+00:00","description":"Laden Sie den Jahresbericht 2014 herunter und sehen Sie die wichtigsten Ergebnisse von ActionAid.","breadcrumb":{"@id":"https:\/\/actionaid.ch\/de\/wer-wir-sind\/transparenz\/jahresbericht-2014\/#breadcrumb"},"inLanguage":"de","potentialAction":[{"@type":"ReadAction","target":["https:\/\/actionaid.ch\/de\/wer-wir-sind\/transparenz\/jahresbericht-2014\/"]}]},{"@type":"BreadcrumbList","@id":"https:\/\/actionaid.ch\/de\/wer-wir-sind\/transparenz\/jahresbericht-2014\/#breadcrumb","itemListElement":[{"@type":"ListItem","position":1,"name":"Home","item":"https:\/\/actionaid.ch\/de\/"},{"@type":"ListItem","position":2,"name":"Wer wir sind","item":"https:\/\/actionaid.ch\/de\/wer-wir-sind\/"},{"@type":"ListItem","position":3,"name":"Transparenz","item":"https:\/\/actionaid.ch\/de\/wer-wir-sind\/transparenz\/"},{"@type":"ListItem","position":4,"name":"Jahresbericht 2014"}]},{"@type":"WebSite","@id":"https:\/\/actionaid.ch\/de\/#website","url":"https:\/\/actionaid.ch\/de\/","name":"ActionAid Svizzera","description":"","publisher":{"@id":"https:\/\/actionaid.ch\/de\/#organization"},"potentialAction":[{"@type":"SearchAction","target":{"@type":"EntryPoint","urlTemplate":"https:\/\/actionaid.ch\/de\/?s={search_term_string}"},"query-input":{"@type":"PropertyValueSpecification","valueRequired":true,"valueName":"search_term_string"}}],"inLanguage":"de"},{"@type":"Organization","@id":"https:\/\/actionaid.ch\/de\/#organization","name":"ActionAid Svizzera","url":"https:\/\/actionaid.ch\/de\/","logo":{"@type":"ImageObject","inLanguage":"de","@id":"https:\/\/actionaid.ch\/de\/#\/schema\/logo\/image\/","url":"https:\/\/actionaid.ch\/wp-content\/uploads\/2025\/04\/Logo_rosso.png","contentUrl":"https:\/\/actionaid.ch\/wp-content\/uploads\/2025\/04\/Logo_rosso.png","width":2331,"height":407,"caption":"ActionAid Svizzera"},"image":{"@id":"https:\/\/actionaid.ch\/de\/#\/schema\/logo\/image\/"},"sameAs":["https:\/\/www.facebook.com\/ActionAidSwitzerland\/?locale=it_IT","https:\/\/www.instagram.com\/actionaid_international\/?hl=en"]}]}},"_links":{"self":[{"href":"https:\/\/actionaid.ch\/de\/wp-json\/wp\/v2\/pages\/3537","targetHints":{"allow":["GET"]}}],"collection":[{"href":"https:\/\/actionaid.ch\/de\/wp-json\/wp\/v2\/pages"}],"about":[{"href":"https:\/\/actionaid.ch\/de\/wp-json\/wp\/v2\/types\/page"}],"author":[{"embeddable":true,"href":"https:\/\/actionaid.ch\/de\/wp-json\/wp\/v2\/users\/1"}],"replies":[{"embeddable":true,"href":"https:\/\/actionaid.ch\/de\/wp-json\/wp\/v2\/comments?post=3537"}],"version-history":[{"count":0,"href":"https:\/\/actionaid.ch\/de\/wp-json\/wp\/v2\/pages\/3537\/revisions"}],"up":[{"embeddable":true,"href":"https:\/\/actionaid.ch\/de\/wp-json\/wp\/v2\/pages\/1961"}],"wp:attachment":[{"href":"https:\/\/actionaid.ch\/de\/wp-json\/wp\/v2\/media?parent=3537"}],"curies":[{"name":"wp","href":"https:\/\/api.w.org\/{rel}","templated":true}]}}