{"id":3007,"date":"2025-05-22T09:24:15","date_gmt":"2025-05-22T07:24:15","guid":{"rendered":"https:\/\/actionaid.ch\/?page_id=3007"},"modified":"2026-03-18T17:42:16","modified_gmt":"2026-03-18T16:42:16","slug":"cookie-policy","status":"publish","type":"page","link":"https:\/\/actionaid.ch\/de\/cookie-policy\/","title":{"rendered":"Cookie Policy"},"content":{"rendered":"<div class=\"vidiemme-block basic-editor  \" >\n  \n  <div class=\"container-xl\">\n    <p>Diese Website ist im Besitz von Associazione ActionAid Switzerland \u2013 c\/o Altiqa Via Nassa\u202f21, Lugano \u2013 6900, +41\u202f91\u202f922\u202f65\u202f42, welche als f\u00fcr die Datenverarbeitung Verantwortlicher im Sinne und f\u00fcr die Zwecke der Verordnung (EU)\u202f2016\/679 des Europ\u00e4ischen Parlaments und des Rates vom 27.\u202fApril\u202f2016 \u00fcber den Schutz nat\u00fcrlicher Personen bei der Verarbeitung personenbezogener Daten und \u00fcber den freien Datenverkehr sowie zur Aufhebung der Richtlinie 95\/46\/EG (Datenschutz-Grundverordnung, \u201eDSGVO\u201c) fungiert.<\/p>\n<p>Diese Website verwendet Cookies und \u00e4hnliche Technologien. Die nachfolgenden Informationen erl\u00e4utern, wie Cookies verwendet werden und wie Nutzer diese kontrollieren k\u00f6nnen.<\/p>\n<p>Durch die Nutzung dieser Website (und aller von uns betriebenen Websites) stimmt der Nutzer der Verwendung von Cookies (und \u00e4hnlichen Technologien) gem\u00e4\u00df dieser Informationen zu.<\/p>\n<p>&nbsp;<\/p>\n<p><strong>Was sind Cookies<\/strong><\/p>\n<p>Cookies sind Informationen, die auf der Festplatte des Nutzerger\u00e4ts gespeichert und vom Browser des Nutzers an einen Webserver gesendet werden. Sie erm\u00f6glichen es, Dienste, besuchte Websites und gew\u00e4hlte Optionen w\u00e4hrend der Nutzung zu erkennen. Anders gesagt: Cookies sind kleine Dateien mit Buchstaben und Zahlen, die beim Besuch einer Website auf dem Computer oder mobilen Ger\u00e4t des Nutzers gespeichert werden. Bei einem sp\u00e4teren Besuch werden sie an die Ursprungsseite oder andere Websites gesendet, die diese Cookies erkennen. Cookies sind n\u00fctzlich, da sie einer Website erm\u00f6glichen, das Nutzerger\u00e4t wiederzuerkennen.<\/p>\n<p>Diese Daten werden somit nicht direkt und freiwillig vom Nutzer bereitgestellt, sondern entstehen durch die Webnutzung.<\/p>\n<p>Cookies erf\u00fcllen verschiedene Funktionen und erm\u00f6glichen eine effiziente Navigation zwischen Seiten, merken sich die Pr\u00e4ferenzen des Nutzers und verbessern im Allgemeinen dessen Erlebnis. Sie tragen auch dazu bei, dass Werbung relevant ist und Marketingaktivit\u00e4ten den Pr\u00e4ferenzen des Nutzers entsprechen, wodurch unerw\u00fcnschte oder nicht zutreffende Promotionen vermieden werden.<\/p>\n<p>W\u00e4hrend des Besuchs dieser Website kann der Nutzer auch Cookies von Drittanbietern (\u201eThird-Party-Cookies\u201c) erhalten, die von anderen Sites oder Servern stammen und z.\u202fB. Bilder, Karten, Sounds oder Links zu anderen Domains enthalten. Dementsprechend unterscheidet man:<\/p>\n<ol>\n<li><strong>Erstanbieter-Cookies<\/strong>: direkt von dieser Website an das Ger\u00e4t des Nutzers gesendet<\/li>\n<li><strong>Drittanbieter-Cookies<\/strong>: von Dritten in unserem Auftrag gesendet. Diese Website verwendet Drittanbieter-Cookies zur Analyse der Website-Nutzung (wie nachfolgend beschrieben).<\/li>\n<\/ol>\n<p>Cookies lassen sich auch nach ihrem Zweck einteilen:<\/p>\n<ul>\n<li><strong>Technische Cookies<\/strong>: Erm\u00f6glichen die Kommunikation \u00fcber ein elektronisches Netzwerk oder die Bereitstellung eines vom Nutzer ausdr\u00fccklich angeforderten Dienstes. Sie werden zu keinen anderen Zwecken verwendet. F\u00fcr technische Cookies ist keine Zustimmung erforderlich. Folgende Typen:\n<ul>\n<li><strong>Navigations- oder Session-Cookies<\/strong>: gew\u00e4hrleisten die normale Nutzung der Website (z.\u202fB. Anmeldung in gesch\u00fctzten Bereichen). Diese Cookies werden nicht dauerhaft auf dem Ger\u00e4t gespeichert und beim Schlie\u00dfen des Browsers automatisch gel\u00f6scht. Sie dienen der \u00dcbertragung von Sitzungskennungen (zuf\u00e4llig vom Server generierte Nummern), die f\u00fcr eine sichere und effiziente Nutzung erforderlich sind.<\/li>\n<li><strong>Analytics-Cookies<\/strong>: sofern sie ausschlie\u00dflich zur Sammlung aggregierter Nutzerstatistiken eingesetzt werden.<\/li>\n<li><strong>Funktionalit\u00e4ts-Cookies<\/strong>: erm\u00f6glichen die Nutzung auf Grundlage ausgew\u00e4hlter Einstellungen (z.\u202fB. Sprache oder genutzte Dienste), um den Nutzerkomfort zu erh\u00f6hen.<\/li>\n<\/ul>\n<\/li>\n<li><strong>Profiling-Cookies<\/strong>: Dienen der Erstellung von Nutzerprofilen und der geb\u00fcndelten Zustellung zielgerichteter Werbung gem\u00e4\u00df den beim Browsen ge\u00e4u\u00dferten Vorlieben. Eine derartige Verwendung ist nur mit ausdr\u00fccklicher Zustimmung des Nutzers zul\u00e4ssig.<\/li>\n<\/ul>\n<p>Diese Website verwendet keine Profiling-Cookies.<\/p>\n<p>&nbsp;<\/p>\n<p><strong>Verwendung der Cookies auf dieser Website<\/strong><\/p>\n<p>Die folgende Tabelle fasst die Nutzung von Cookies auf dieser Website zusammen:<\/p>\n<ol>\n<li>Erfassung der Gesamtzahl der Besucher sowie der verwendeten Browser (z.\u202fB. Firefox, Chrome, Safari, Internet Explorer \/ Microsoft Edge) und Betriebssysteme (z.\u202fB. Windows, macOS);<\/li>\n<li>\u00dcberwachung der Website-Leistung und Verbesserung der Funktionalit\u00e4t;<\/li>\n<li>Personalisierung und Optimierung des Online-Erlebnisses f\u00fcr den Nutzer.<\/li>\n<\/ol>\n<p>&nbsp;<\/p>\n<p><strong>Kategorien von Cookies und deren Verwaltung<\/strong><\/p>\n<p>Die verwendeten Cookie-Arten k\u00f6nnen in eine der unten in der Tabelle aufgef\u00fchrten Kategorien eingeteilt werden. Die Tabelle erm\u00f6glicht es dem Nutzer, seine Einwilligung zu erteilen oder zu \u00e4ndern (sofern zuvor bereits erteilt), um die verschiedenen Arten von Cookies zu akzeptieren.<\/p>\n<table border=\"1\" width=\"100%\">\n<colgroup>\n<col \/>\n<col \/>\n<col \/><\/colgroup>\n<tbody>\n<tr>\n<td style=\"text-align: center;\"><strong>Cookie-Typ<\/strong><\/td>\n<td style=\"text-align: center;\"><strong>Zweck des Cookies <\/strong><\/td>\n<td style=\"text-align: center;\"><strong>Quelle und Blockierungsm\u00f6glichkeit <\/strong><\/td>\n<\/tr>\n<tr>\n<td>Essenzielle Website-Cookies (Session &amp; Navigations-Cookies)<\/td>\n<td>Notwendig f\u00fcr die ordnungsgem\u00e4\u00dfe Nutzung und Funktionen der Website. Sammeln keine personenbezogenen Daten zu Marketingzwecken oder besuchten Websites. Werden nicht dauerhaft gespeichert und beim Browser-Schlie\u00dfen gel\u00f6scht. Diese Kategorie kann nicht deaktiviert werden.<\/td>\n<td>(<span class=\"TextRun SCXW259274719 BCX8\" lang=\"IT-IT\" xml:lang=\"IT-IT\" data-contrast=\"auto\"><span class=\"NormalTextRun SpellingErrorV2Themed SCXW259274719 BCX8\">Erstanbieter<\/span><\/span>)<\/td>\n<\/tr>\n<tr>\n<td>Funktions-Cookies<\/td>\n<td>Merken sich Auswahl (z.\u202fB. Nutzername, Sprache, Standort) und erm\u00f6glichen erweiterte Funktionen. Gesammelte Daten k\u00f6nnen anonymisiert werden und verfolgen keine externe Nutzung. Diese Kategorie kann nicht deaktiviert werden.<\/td>\n<td>(<span class=\"TextRun SCXW259274719 BCX8\" lang=\"IT-IT\" xml:lang=\"IT-IT\" data-contrast=\"auto\"><span class=\"NormalTextRun SpellingErrorV2Themed SCXW259274719 BCX8\">Erstanbieter<\/span><\/span>)<\/td>\n<\/tr>\n<tr>\n<td>Analytics- und Werbe-Cookies<\/td>\n<td>Auch Caching-Cookies genannt, werden von Dritten gesetzt, um Informationen \u00fcber Website-Nutzung (Besucherzahl, Herkunft, besuchte Seiten) zu sammeln. Helfen bei Fehlererkennung und der Verbesserung der Navigation. Bleiben bis zur L\u00f6schung auf dem Ger\u00e4t. Dritte k\u00f6nnen diese Daten mit Zustimmung des Nutzers f\u00fcr weitere Zwecke nutzen.<\/td>\n<td>Google Analytics<\/p>\n<p><a href=\"http:\/\/www.google.com\/intl\/it\/policies\/privacy\/\" target=\"_blank\" rel=\"noopener\">http:\/\/www.google.com\/intl\/it\/policies\/privacy\/<\/a><\/p>\n<p>&nbsp;<\/td>\n<\/tr>\n<\/tbody>\n<\/table>\n<p>&nbsp;<\/p>\n<p><strong>IP-Adresse<\/strong><\/p>\n<p>Unsere Server erfassen automatisch die IP-Adresse des Nutzers, um lediglich die Cookie-Zustimmung beim Seitenaufruf zu verfolgen.<\/p>\n<p>&nbsp;<\/p>\n<p><strong>\u00c4hnliche Technologien zu Cookies<\/strong><\/p>\n<p>Wie viele Websites nutzen wir auch Technologien wie lokale Shared Objects (\u201eFlash-Cookies\u201c), Browser-Verlaufsanalyse, Browser-Fingerprinting und Pixel-Tags (\u201eWeb Beacons\u201c). Diese liefern uns und unseren Dienstleistern Informationen dar\u00fcber, wie die Website verwendet wird und ob das Ger\u00e4t diesen oder andere Websites zuvor besucht hat.<\/p>\n<p>Unsere Server k\u00f6nnen IP-Adressen dem Domainnamen oder Internetanbieter zuordnen. Wir erfassen auch Clickstream-Daten wie Ger\u00e4te\u2011\/Browser-Infos, Einstellungen, verweisende Seiten, angesehene oder geklickte Inhalte, Dauer und Art dieser Vorg\u00e4nge, heruntergeladene Inhalte, folgende besuchte Websites und Suchbegriffe.<\/p>\n<p>&nbsp;<\/p>\n<p><strong>Steuerung oder L\u00f6schung von Cookies<\/strong><\/p>\n<p>Der Nutzer kann w\u00e4hlen, ob er Cookies akzeptiert. Ein Verzicht kann jedoch die Funktionalit\u00e4t einschr\u00e4nken. Werden Pr\u00e4ferenzen verwaltet, wird ein technischer Cookie gesetzt, um diese umzusetzen. Das L\u00f6schen der Cookies entfernt auch diesen Pr\u00e4ferenz-Cookie und erfordert neue Auswahl.<\/p>\n<p>Cookies k\u00f6nnen \u00fcber die Selektionslinks in der obigen Tabelle oder \u00fcber Browsereinstellungen blockiert werden (Men\u00fcs \u201eHilfe\u201c, \u201eExtras\u201c oder \u201eBearbeiten\u201c). Das Deaktivieren l\u00f6scht Cookies allerdings nicht \u2013 dies muss im Browser erfolgen.<\/p>\n<p>Weitere Browser-spezifische Anleitungen:<\/p>\n<ul>\n<li><strong>Chrome<\/strong> &#8211;<a href=\"https:\/\/support.google.com\/chrome\/answer\/95647?hl=en&amp;topic=14666&amp;ctx=topic\">\u202fhttps:\/\/support.google.com\/chrome\/answer\/95647?hl=en&amp;topic=14666&amp;ctx=topic<\/a><\/li>\n<li><strong>Firefox<\/strong> &#8211;<a href=\"https:\/\/support.mozilla.org\/en-US\/kb\/cookies-information-websites-store-on-your-computer\">\u202fhttps:\/\/support.mozilla.org\/en-US\/kb\/cookies-information-websites-store-on-your-computer<\/a><\/li>\n<li><strong>Internet Explorer<\/strong> &#8211;<a href=\"http:\/\/windows.microsoft.com\/en-US\/internet-explorer\/delete-manage-cookies#ie=ie-11\">\u202fhttp:\/\/windows.microsoft.com\/en-US\/internet-explorer\/delete-manage-cookies#ie=ie-11<\/a><\/li>\n<li><strong>Microsoft<\/strong> <strong>Edge<\/strong> &#8211; <a href=\"https:\/\/privacy.microsoft.com\/it-IT\/windows-10-microsoft-edge-and-privacy\">https:\/\/privacy.microsoft.com\/it-IT\/windows-10-microsoft-edge-and-privacy<\/a><\/li>\n<li><strong>Opera<\/strong> &#8211; <a href=\"https:\/\/help.opera.com\/en\/latest\/security-and-privacy\/#tracking\">https:\/\/help.opera.com\/en\/latest\/security-and-privacy\/#tracking<\/a><\/li>\n<li><strong>Safari<\/strong> -\u202f<a href=\"https:\/\/support.apple.com\/kb\/PH17191?viewlocale=en_US&amp;locale=en_GB\">https:\/\/support.apple.com\/kb\/PH17191?viewlocale=en_US&amp;locale=en_GB<\/a><\/li>\n<\/ul>\n<p>F\u00fcr Mobilger\u00e4te, siehe Handbuch:<\/p>\n<ul>\n<li>Apple [guida:\u00a0<a href=\"https:\/\/support.apple.com\/it-it\/HT201265\" target=\"_blank\" rel=\"noopener\">https:\/\/support.apple.com\/it-it\/HT201265<\/a>];<\/li>\n<li>Android [guida:\u00a0<a href=\"https:\/\/support.google.com\/chrome\/answer\/95647?hl=it\" target=\"_blank\" rel=\"noopener\">https:\/\/support.google.com\/chrome\/answer\/95647?hl=it<\/a>].<\/li>\n<\/ul>\n<p>Weitere Informationen zu Cookies unter: <a href=\"http:\/\/www.allaboutcookies.org\/\" target=\"_blank\" rel=\"noopener\">www.allaboutcookies.org<\/a>\u00a0oppure\u00a0<a href=\"http:\/\/www.youronlinechoices.com\/it\/le-tue-scelte\" target=\"_blank\" rel=\"noopener\">http:\/\/www.youronlinechoices.com\/it\/le-tue-scelte<\/a>.<\/p>\n<p><span data-ccp-props=\"{}\">\u00a0<\/span><\/p>\n<p><strong>Bereits gesetzte Cookies<\/strong><\/p>\n<p>Hat der Nutzer ein oder mehrere Cookies deaktiviert, k\u00f6nnen wir Daten verwenden, die davor gesammelt wurden, h\u00f6ren jedoch auf, die deaktivierten Cookies f\u00fcr weitere Erfassungen zu verwenden.<\/p>\n  <\/div>\n<\/div>\n","protected":false},"excerpt":{"rendered":"","protected":false},"author":2,"featured_media":0,"parent":0,"menu_order":153,"comment_status":"closed","ping_status":"closed","template":"","meta":{"_acf_changed":false,"footnotes":""},"class_list":["post-3007","page","type-page","status-publish","hentry"],"acf":[],"yoast_head":"<!-- This site is optimized with the Yoast SEO plugin v25.9 - https:\/\/yoast.com\/wordpress\/plugins\/seo\/ -->\n<title>Cookie Policy - ActionAid<\/title>\n<meta name=\"description\" content=\"Informationen zur Nutzung und Kontrolle von Cookies auf unserer Website.\" \/>\n<meta name=\"robots\" content=\"index, follow, max-snippet:-1, max-image-preview:large, max-video-preview:-1\" \/>\n<link rel=\"canonical\" href=\"https:\/\/actionaid.ch\/de\/cookie-policy\/\" \/>\n<meta property=\"og:locale\" content=\"de_DE\" \/>\n<meta property=\"og:type\" content=\"article\" \/>\n<meta property=\"og:title\" content=\"Cookie Policy - ActionAid\" \/>\n<meta property=\"og:description\" content=\"Informationen zur Nutzung und Kontrolle von Cookies auf unserer Website.\" \/>\n<meta property=\"og:url\" content=\"https:\/\/actionaid.ch\/de\/cookie-policy\/\" \/>\n<meta property=\"og:site_name\" content=\"ActionAid\" \/>\n<meta property=\"article:publisher\" content=\"https:\/\/www.facebook.com\/ActionAidSwitzerland\/?locale=it_IT\" \/>\n<meta property=\"article:modified_time\" content=\"2026-03-18T16:42:16+00:00\" \/>\n<meta name=\"twitter:card\" content=\"summary_large_image\" \/>\n<script type=\"application\/ld+json\" class=\"yoast-schema-graph\">{\"@context\":\"https:\/\/schema.org\",\"@graph\":[{\"@type\":\"WebPage\",\"@id\":\"https:\/\/actionaid.ch\/de\/cookie-policy\/\",\"url\":\"https:\/\/actionaid.ch\/de\/cookie-policy\/\",\"name\":\"Cookie Policy - ActionAid\",\"isPartOf\":{\"@id\":\"https:\/\/actionaid.ch\/de\/#website\"},\"datePublished\":\"2025-05-22T07:24:15+00:00\",\"dateModified\":\"2026-03-18T16:42:16+00:00\",\"description\":\"Informationen zur Nutzung und Kontrolle von Cookies auf unserer Website.\",\"breadcrumb\":{\"@id\":\"https:\/\/actionaid.ch\/de\/cookie-policy\/#breadcrumb\"},\"inLanguage\":\"de\",\"potentialAction\":[{\"@type\":\"ReadAction\",\"target\":[\"https:\/\/actionaid.ch\/de\/cookie-policy\/\"]}]},{\"@type\":\"BreadcrumbList\",\"@id\":\"https:\/\/actionaid.ch\/de\/cookie-policy\/#breadcrumb\",\"itemListElement\":[{\"@type\":\"ListItem\",\"position\":1,\"name\":\"Home\",\"item\":\"https:\/\/actionaid.ch\/de\/\"},{\"@type\":\"ListItem\",\"position\":2,\"name\":\"Cookie Policy\"}]},{\"@type\":\"WebSite\",\"@id\":\"https:\/\/actionaid.ch\/de\/#website\",\"url\":\"https:\/\/actionaid.ch\/de\/\",\"name\":\"ActionAid Svizzera\",\"description\":\"\",\"publisher\":{\"@id\":\"https:\/\/actionaid.ch\/de\/#organization\"},\"potentialAction\":[{\"@type\":\"SearchAction\",\"target\":{\"@type\":\"EntryPoint\",\"urlTemplate\":\"https:\/\/actionaid.ch\/de\/?s={search_term_string}\"},\"query-input\":{\"@type\":\"PropertyValueSpecification\",\"valueRequired\":true,\"valueName\":\"search_term_string\"}}],\"inLanguage\":\"de\"},{\"@type\":\"Organization\",\"@id\":\"https:\/\/actionaid.ch\/de\/#organization\",\"name\":\"ActionAid Svizzera\",\"url\":\"https:\/\/actionaid.ch\/de\/\",\"logo\":{\"@type\":\"ImageObject\",\"inLanguage\":\"de\",\"@id\":\"https:\/\/actionaid.ch\/de\/#\/schema\/logo\/image\/\",\"url\":\"https:\/\/actionaid.ch\/wp-content\/uploads\/2025\/04\/Logo_rosso.png\",\"contentUrl\":\"https:\/\/actionaid.ch\/wp-content\/uploads\/2025\/04\/Logo_rosso.png\",\"width\":2331,\"height\":407,\"caption\":\"ActionAid Svizzera\"},\"image\":{\"@id\":\"https:\/\/actionaid.ch\/de\/#\/schema\/logo\/image\/\"},\"sameAs\":[\"https:\/\/www.facebook.com\/ActionAidSwitzerland\/?locale=it_IT\",\"https:\/\/www.instagram.com\/actionaid_international\/?hl=en\"]}]}<\/script>\n<!-- \/ Yoast SEO plugin. -->","yoast_head_json":{"title":"Cookie Policy - ActionAid","description":"Informationen zur Nutzung und Kontrolle von Cookies auf unserer Website.","robots":{"index":"index","follow":"follow","max-snippet":"max-snippet:-1","max-image-preview":"max-image-preview:large","max-video-preview":"max-video-preview:-1"},"canonical":"https:\/\/actionaid.ch\/de\/cookie-policy\/","og_locale":"de_DE","og_type":"article","og_title":"Cookie Policy - ActionAid","og_description":"Informationen zur Nutzung und Kontrolle von Cookies auf unserer Website.","og_url":"https:\/\/actionaid.ch\/de\/cookie-policy\/","og_site_name":"ActionAid","article_publisher":"https:\/\/www.facebook.com\/ActionAidSwitzerland\/?locale=it_IT","article_modified_time":"2026-03-18T16:42:16+00:00","twitter_card":"summary_large_image","schema":{"@context":"https:\/\/schema.org","@graph":[{"@type":"WebPage","@id":"https:\/\/actionaid.ch\/de\/cookie-policy\/","url":"https:\/\/actionaid.ch\/de\/cookie-policy\/","name":"Cookie Policy - ActionAid","isPartOf":{"@id":"https:\/\/actionaid.ch\/de\/#website"},"datePublished":"2025-05-22T07:24:15+00:00","dateModified":"2026-03-18T16:42:16+00:00","description":"Informationen zur Nutzung und Kontrolle von Cookies auf unserer Website.","breadcrumb":{"@id":"https:\/\/actionaid.ch\/de\/cookie-policy\/#breadcrumb"},"inLanguage":"de","potentialAction":[{"@type":"ReadAction","target":["https:\/\/actionaid.ch\/de\/cookie-policy\/"]}]},{"@type":"BreadcrumbList","@id":"https:\/\/actionaid.ch\/de\/cookie-policy\/#breadcrumb","itemListElement":[{"@type":"ListItem","position":1,"name":"Home","item":"https:\/\/actionaid.ch\/de\/"},{"@type":"ListItem","position":2,"name":"Cookie Policy"}]},{"@type":"WebSite","@id":"https:\/\/actionaid.ch\/de\/#website","url":"https:\/\/actionaid.ch\/de\/","name":"ActionAid Svizzera","description":"","publisher":{"@id":"https:\/\/actionaid.ch\/de\/#organization"},"potentialAction":[{"@type":"SearchAction","target":{"@type":"EntryPoint","urlTemplate":"https:\/\/actionaid.ch\/de\/?s={search_term_string}"},"query-input":{"@type":"PropertyValueSpecification","valueRequired":true,"valueName":"search_term_string"}}],"inLanguage":"de"},{"@type":"Organization","@id":"https:\/\/actionaid.ch\/de\/#organization","name":"ActionAid Svizzera","url":"https:\/\/actionaid.ch\/de\/","logo":{"@type":"ImageObject","inLanguage":"de","@id":"https:\/\/actionaid.ch\/de\/#\/schema\/logo\/image\/","url":"https:\/\/actionaid.ch\/wp-content\/uploads\/2025\/04\/Logo_rosso.png","contentUrl":"https:\/\/actionaid.ch\/wp-content\/uploads\/2025\/04\/Logo_rosso.png","width":2331,"height":407,"caption":"ActionAid Svizzera"},"image":{"@id":"https:\/\/actionaid.ch\/de\/#\/schema\/logo\/image\/"},"sameAs":["https:\/\/www.facebook.com\/ActionAidSwitzerland\/?locale=it_IT","https:\/\/www.instagram.com\/actionaid_international\/?hl=en"]}]}},"_links":{"self":[{"href":"https:\/\/actionaid.ch\/de\/wp-json\/wp\/v2\/pages\/3007","targetHints":{"allow":["GET"]}}],"collection":[{"href":"https:\/\/actionaid.ch\/de\/wp-json\/wp\/v2\/pages"}],"about":[{"href":"https:\/\/actionaid.ch\/de\/wp-json\/wp\/v2\/types\/page"}],"author":[{"embeddable":true,"href":"https:\/\/actionaid.ch\/de\/wp-json\/wp\/v2\/users\/2"}],"replies":[{"embeddable":true,"href":"https:\/\/actionaid.ch\/de\/wp-json\/wp\/v2\/comments?post=3007"}],"version-history":[{"count":4,"href":"https:\/\/actionaid.ch\/de\/wp-json\/wp\/v2\/pages\/3007\/revisions"}],"predecessor-version":[{"id":3911,"href":"https:\/\/actionaid.ch\/de\/wp-json\/wp\/v2\/pages\/3007\/revisions\/3911"}],"wp:attachment":[{"href":"https:\/\/actionaid.ch\/de\/wp-json\/wp\/v2\/media?parent=3007"}],"curies":[{"name":"wp","href":"https:\/\/api.w.org\/{rel}","templated":true}]}}