{"id":2542,"date":"2025-05-22T08:57:59","date_gmt":"2025-05-22T06:57:59","guid":{"rendered":"https:\/\/actionaid.ch\/?page_id=2542"},"modified":"2026-03-25T12:40:54","modified_gmt":"2026-03-25T11:40:54","slug":"nepal","status":"publish","type":"page","link":"https:\/\/actionaid.ch\/de\/was-wir-tun\/spezifische-projekte\/nepal\/","title":{"rendered":"Nepal"},"content":{"rendered":"<div class=\"vidiemme-block basic-editor  \" >\n  \n  <div class=\"container-xl\">\n    <p>In Nepal stellen <strong>Frauen rund 70\u202f% der landwirtschaftlichen Arbeitskr\u00e4fte<\/strong> und tragen ma\u00dfgeblich zur Lebensmittelproduktion und zur Ern\u00e4hrungssicherheit der Familien bei. Trotz ihrer zentralen Rolle stehen sie jedoch vor erheblichen Herausforderungen beim Zugang zu M\u00e4rkten, beim Schutz vor geschlechtsspezifischer Gewalt und bei der Wahrnehmung ihrer wirtschaftlichen und sozialen Rechte.<\/p>\n<p>Nepalesische Frauen sto\u00dfen auf zahlreiche Hindernisse bei der vollen Teilnahme am Marktgeschehen:<\/p>\n<ul>\n<li><strong>Geschlechtsspezifische Gewalt und Bel\u00e4stigung<\/strong>: Viele Frauen erleben sexuelle \u00dcbergriffe und Ausbeutung durch K\u00e4ufer, Verk\u00e4ufer oder andere Landwirte.<\/li>\n<li><strong>Mangel an geeigneter Infrastruktur<\/strong>: M\u00e4rkte verf\u00fcgen h\u00e4ufig nicht \u00fcber getrennte sanit\u00e4re Einrichtungen, sichere Spielbereiche f\u00fcr Kinder oder gesch\u00fctzte R\u00e4ume f\u00fcr Frauen.<\/li>\n<li><strong>Eingeschr\u00e4nkter Zugang zu Ressourcen und Schulungen<\/strong>: Frauen haben oft Schwierigkeiten, Land, Kredite, Ausbildung oder moderne landwirtschaftliche Technologien zu erhalten.<\/li>\n<li><strong>Diskriminierung bei Entscheidungsprozessen<\/strong>: Obwohl Frauen den Gro\u00dfteil der landwirtschaftlichen Produktion leisten, sind sie in F\u00fchrungspositionen von Genossenschaften und Marktgremien unterrepr\u00e4sentiert.<\/li>\n<\/ul>\n  <\/div>\n<\/div>\n\n\n<div class=\"vidiemme-block focused-content  \" >\n  \n  <div class=\"container-xl\">\n    <div class=\"title mb-4\">Was macht ActionAid?<\/div>\n    \n    <div class=\"focused\">\n\n      \n            <div class=\"description\"><p>Seit 2021 ist ActionAid in den Gebieten <strong>Khasa Bazzar und Dhangadhi Mae Hat Bazzar<\/strong> im Kathmandutal aktiv mit dem Ziel:<\/p>\n<ul>\n<li><strong>Lokale B\u00e4uerinnen durch Berufsberatung<\/strong> und technische sowie unternehmerische Schulungen zu unterst\u00fctzen.<\/li>\n<li><strong>Mit lokalen Marktakteuren<\/strong> zusammenzuarbeiten, um ein inklusiveres und frauenfreundlicheres Umfeld zu schaffen.<\/li>\n<li><strong>Geschlechtergetrennte sanit\u00e4re Anlagen<\/strong> und sichere Kinderbereiche zu errichten, um die Lebens- und Arbeitsbedingungen zu verbessern.<\/li>\n<li>Die <strong>Beteiligung von Frauen in Marktgremien<\/strong> zu erh\u00f6hen und ihre Stimme bei kollektiven Entscheidungen zu st\u00e4rken.<\/li>\n<\/ul>\n<\/div>\n      \n      \n          \n    <\/div>\n  <\/div>\n<\/div>\n\n\n<div class=\"vidiemme-block focused-content  \" >\n  \n  <div class=\"container-xl\">\n    <div class=\"title mb-4\">Erreichte Ergebnisse<\/div>\n    \n    <div class=\"focused\">\n\n      \n            <div class=\"description\"><ul>\n<li><strong>\u00dcber 1.000 Menschen<\/strong> haben direkt von den Ma\u00dfnahmen zur Marktentwicklung profitiert.<\/li>\n<li><strong>Die beteiligten Frauen konnten durch den<\/strong> Direktverkauf ihrer Produkte <strong>h\u00f6here Einkommen erzielen<\/strong> und die Abh\u00e4ngigkeit von Zwischenh\u00e4ndlern verringern.<\/li>\n<li>In den <strong>lokalen Gemeinschaften<\/strong> kam es zu mehr <strong>sozialem Zusammenhalt<\/strong> und <strong>gr\u00f6\u00dferer Geschlechtergerechtigkeit<\/strong>, mit zunehmender Anerkennung der wirtschaftlichen Rolle von Frauen.<\/li>\n<\/ul>\n<p>Um die Wirkung unserer Arbeit weiter zu verst\u00e4rken, setzen wir uns daf\u00fcr ein:<\/p>\n<ul>\n<li>Den Zugang von Frauen zu <strong>Finanzdienstleistungen<\/strong> und <strong>technischer Ausbildung<\/strong> zu erweitern.<\/li>\n<li><strong>Dauerhafte Marktinfrastrukturen<\/strong> wie \u00dcberdachungen und sichere Verkaufsfl\u00e4chen zu schaffen.<\/li>\n<li><strong>\u00d6ffentliche Politiken zu f\u00f6rdern<\/strong>, die die wirtschaftliche Teilhabe von Frauen st\u00e4rken und geschlechtsspezifische Gewalt bek\u00e4mpfen.<\/li>\n<\/ul>\n<\/div>\n      \n      \n          \n    <\/div>\n  <\/div>\n<\/div>\n\n\n<div class=\"vidiemme-block focused-content my-5 \" >\n  \n  <div class=\"container-xl\">\n    <div class=\"title mb-4\">Sind Sie ein Unternehmen, eine Stiftung oder ein Gro\u00dfspender?<\/div>\n    \n    <div class=\"focused\">\n\n      \n            <div class=\"description\"><p>Wenn Sie unsere Projekte unterst\u00fctzen m\u00f6chten oder weitere Informationen w\u00fcnschen, nehmen Sie bitte Kontakt mit uns auf:<\/p>\n<\/div>\n      \n            <div class=\"footer-rows\">\n                  <div class=\"row mt-4\">   \n            <div class=\"col-md-2 pt-4\">\n              <!-- <img decoding=\"async\"  class=\"img-fluid rounded w-100\" src=\"https:\/\/actionaid.ch\/wp-content\/uploads\/2025\/06\/Vitali-1.jpg\" alt=\"\"> -->\n\n              \n              <img loading=\"lazy\" decoding=\"async\" width=\"340\" height=\"340\" src=\"https:\/\/actionaid.ch\/wp-content\/uploads\/2025\/06\/Vitali-1.jpg\" class=\"img-fluid rounded w-100\" alt=\"\" srcset=\"https:\/\/actionaid.ch\/wp-content\/uploads\/2025\/06\/Vitali-1.jpg 340w, https:\/\/actionaid.ch\/wp-content\/uploads\/2025\/06\/Vitali-1-300x300.jpg 300w, https:\/\/actionaid.ch\/wp-content\/uploads\/2025\/06\/Vitali-1-150x150.jpg 150w\" sizes=\"auto, (max-width: 340px) 100vw, 340px\" \/>\n            <\/div> \n            <div class=\"col-md-10 pt-4\">\n              <p><strong>Claudia Vitali<\/strong><br \/>\nCorporate, Major Donor &amp; Philanthropy Officer ActionAid Switzerland<br \/>\n<a href=\"mailto:claudia.vitali@actionaid.org\">claudia.vitali@actionaid.org<\/a><\/p>\n<p><a href=\"tel:+393349836820\">+39 3349836820<\/a><\/p>\n\n            <\/div> \n          <\/div>\n              <\/div>\n      \n          \n    <\/div>\n  <\/div>\n<\/div>\n\n\n<div class=\"vidiemme-block basic-editor  \" >\n  \n  <div class=\"container-xl\">\n    <h6><em>Photocredits: ActionAid<\/em><\/h6>\n  <\/div>\n<\/div>\n","protected":false},"excerpt":{"rendered":"","protected":false},"author":2,"featured_media":2007,"parent":2357,"menu_order":111,"comment_status":"closed","ping_status":"closed","template":"","meta":{"_acf_changed":false,"footnotes":""},"class_list":["post-2542","page","type-page","status-publish","has-post-thumbnail","hentry"],"acf":[],"yoast_head":"<!-- This site is optimized with the Yoast SEO plugin v25.9 - https:\/\/yoast.com\/wordpress\/plugins\/seo\/ -->\n<title>Projekt Nepal - ActionAid Schweiz<\/title>\n<meta name=\"description\" content=\"Unser Projekt in Nepal hat den Frauen eine gr\u00f6\u00dfere Teilnahme am wirtschaftlichen Leben der Gemeinschaft erm\u00f6glicht.\" \/>\n<meta name=\"robots\" content=\"index, follow, max-snippet:-1, max-image-preview:large, max-video-preview:-1\" \/>\n<link rel=\"canonical\" href=\"https:\/\/actionaid.ch\/de\/was-wir-tun\/spezifische-projekte\/nepal\/\" \/>\n<meta property=\"og:locale\" content=\"de_DE\" \/>\n<meta property=\"og:type\" content=\"article\" \/>\n<meta property=\"og:title\" content=\"Projekt Nepal - ActionAid Schweiz\" \/>\n<meta property=\"og:description\" content=\"Unser Projekt in Nepal hat den Frauen eine gr\u00f6\u00dfere Teilnahme am wirtschaftlichen Leben der Gemeinschaft erm\u00f6glicht.\" \/>\n<meta property=\"og:url\" content=\"https:\/\/actionaid.ch\/de\/was-wir-tun\/spezifische-projekte\/nepal\/\" \/>\n<meta property=\"og:site_name\" content=\"ActionAid\" \/>\n<meta property=\"article:publisher\" content=\"https:\/\/www.facebook.com\/ActionAidSwitzerland\/?locale=it_IT\" \/>\n<meta property=\"article:modified_time\" content=\"2026-03-25T11:40:54+00:00\" \/>\n<meta property=\"og:image\" content=\"https:\/\/actionaid.ch\/wp-content\/uploads\/2025\/05\/Donne_Nepal_Header.jpg\" \/>\n\t<meta property=\"og:image:width\" content=\"2014\" \/>\n\t<meta property=\"og:image:height\" content=\"924\" \/>\n\t<meta property=\"og:image:type\" content=\"image\/jpeg\" \/>\n<meta name=\"twitter:card\" content=\"summary_large_image\" \/>\n<meta name=\"twitter:label1\" content=\"Gesch\u00e4tzte Lesezeit\" \/>\n\t<meta name=\"twitter:data1\" content=\"1\u00a0Minute\" \/>\n<script type=\"application\/ld+json\" class=\"yoast-schema-graph\">{\"@context\":\"https:\/\/schema.org\",\"@graph\":[{\"@type\":\"WebPage\",\"@id\":\"https:\/\/actionaid.ch\/de\/was-wir-tun\/spezifische-projekte\/nepal\/\",\"url\":\"https:\/\/actionaid.ch\/de\/was-wir-tun\/spezifische-projekte\/nepal\/\",\"name\":\"Projekt Nepal - ActionAid Schweiz\",\"isPartOf\":{\"@id\":\"https:\/\/actionaid.ch\/de\/#website\"},\"primaryImageOfPage\":{\"@id\":\"https:\/\/actionaid.ch\/de\/was-wir-tun\/spezifische-projekte\/nepal\/#primaryimage\"},\"image\":{\"@id\":\"https:\/\/actionaid.ch\/de\/was-wir-tun\/spezifische-projekte\/nepal\/#primaryimage\"},\"thumbnailUrl\":\"https:\/\/actionaid.ch\/wp-content\/uploads\/2025\/05\/Donne_Nepal_Header.jpg\",\"datePublished\":\"2025-05-22T06:57:59+00:00\",\"dateModified\":\"2026-03-25T11:40:54+00:00\",\"description\":\"Unser Projekt in Nepal hat den Frauen eine gr\u00f6\u00dfere Teilnahme am wirtschaftlichen Leben der Gemeinschaft erm\u00f6glicht.\",\"breadcrumb\":{\"@id\":\"https:\/\/actionaid.ch\/de\/was-wir-tun\/spezifische-projekte\/nepal\/#breadcrumb\"},\"inLanguage\":\"de\",\"potentialAction\":[{\"@type\":\"ReadAction\",\"target\":[\"https:\/\/actionaid.ch\/de\/was-wir-tun\/spezifische-projekte\/nepal\/\"]}]},{\"@type\":\"ImageObject\",\"inLanguage\":\"de\",\"@id\":\"https:\/\/actionaid.ch\/de\/was-wir-tun\/spezifische-projekte\/nepal\/#primaryimage\",\"url\":\"https:\/\/actionaid.ch\/wp-content\/uploads\/2025\/05\/Donne_Nepal_Header.jpg\",\"contentUrl\":\"https:\/\/actionaid.ch\/wp-content\/uploads\/2025\/05\/Donne_Nepal_Header.jpg\",\"width\":2014,\"height\":924},{\"@type\":\"BreadcrumbList\",\"@id\":\"https:\/\/actionaid.ch\/de\/was-wir-tun\/spezifische-projekte\/nepal\/#breadcrumb\",\"itemListElement\":[{\"@type\":\"ListItem\",\"position\":1,\"name\":\"Home\",\"item\":\"https:\/\/actionaid.ch\/de\/\"},{\"@type\":\"ListItem\",\"position\":2,\"name\":\"Was wir tun\",\"item\":\"https:\/\/actionaid.ch\/de\/was-wir-tun\/\"},{\"@type\":\"ListItem\",\"position\":3,\"name\":\"Projekte\",\"item\":\"https:\/\/actionaid.ch\/de\/was-wir-tun\/spezifische-projekte\/\"},{\"@type\":\"ListItem\",\"position\":4,\"name\":\"Nepal\"}]},{\"@type\":\"WebSite\",\"@id\":\"https:\/\/actionaid.ch\/de\/#website\",\"url\":\"https:\/\/actionaid.ch\/de\/\",\"name\":\"ActionAid Svizzera\",\"description\":\"\",\"publisher\":{\"@id\":\"https:\/\/actionaid.ch\/de\/#organization\"},\"potentialAction\":[{\"@type\":\"SearchAction\",\"target\":{\"@type\":\"EntryPoint\",\"urlTemplate\":\"https:\/\/actionaid.ch\/de\/?s={search_term_string}\"},\"query-input\":{\"@type\":\"PropertyValueSpecification\",\"valueRequired\":true,\"valueName\":\"search_term_string\"}}],\"inLanguage\":\"de\"},{\"@type\":\"Organization\",\"@id\":\"https:\/\/actionaid.ch\/de\/#organization\",\"name\":\"ActionAid Svizzera\",\"url\":\"https:\/\/actionaid.ch\/de\/\",\"logo\":{\"@type\":\"ImageObject\",\"inLanguage\":\"de\",\"@id\":\"https:\/\/actionaid.ch\/de\/#\/schema\/logo\/image\/\",\"url\":\"https:\/\/actionaid.ch\/wp-content\/uploads\/2025\/04\/Logo_rosso.png\",\"contentUrl\":\"https:\/\/actionaid.ch\/wp-content\/uploads\/2025\/04\/Logo_rosso.png\",\"width\":2331,\"height\":407,\"caption\":\"ActionAid Svizzera\"},\"image\":{\"@id\":\"https:\/\/actionaid.ch\/de\/#\/schema\/logo\/image\/\"},\"sameAs\":[\"https:\/\/www.facebook.com\/ActionAidSwitzerland\/?locale=it_IT\",\"https:\/\/www.instagram.com\/actionaid_international\/?hl=en\"]}]}<\/script>\n<!-- \/ Yoast SEO plugin. -->","yoast_head_json":{"title":"Projekt Nepal - ActionAid Schweiz","description":"Unser Projekt in Nepal hat den Frauen eine gr\u00f6\u00dfere Teilnahme am wirtschaftlichen Leben der Gemeinschaft erm\u00f6glicht.","robots":{"index":"index","follow":"follow","max-snippet":"max-snippet:-1","max-image-preview":"max-image-preview:large","max-video-preview":"max-video-preview:-1"},"canonical":"https:\/\/actionaid.ch\/de\/was-wir-tun\/spezifische-projekte\/nepal\/","og_locale":"de_DE","og_type":"article","og_title":"Projekt Nepal - ActionAid Schweiz","og_description":"Unser Projekt in Nepal hat den Frauen eine gr\u00f6\u00dfere Teilnahme am wirtschaftlichen Leben der Gemeinschaft erm\u00f6glicht.","og_url":"https:\/\/actionaid.ch\/de\/was-wir-tun\/spezifische-projekte\/nepal\/","og_site_name":"ActionAid","article_publisher":"https:\/\/www.facebook.com\/ActionAidSwitzerland\/?locale=it_IT","article_modified_time":"2026-03-25T11:40:54+00:00","og_image":[{"width":2014,"height":924,"url":"https:\/\/actionaid.ch\/wp-content\/uploads\/2025\/05\/Donne_Nepal_Header.jpg","type":"image\/jpeg"}],"twitter_card":"summary_large_image","twitter_misc":{"Gesch\u00e4tzte Lesezeit":"1\u00a0Minute"},"schema":{"@context":"https:\/\/schema.org","@graph":[{"@type":"WebPage","@id":"https:\/\/actionaid.ch\/de\/was-wir-tun\/spezifische-projekte\/nepal\/","url":"https:\/\/actionaid.ch\/de\/was-wir-tun\/spezifische-projekte\/nepal\/","name":"Projekt Nepal - ActionAid Schweiz","isPartOf":{"@id":"https:\/\/actionaid.ch\/de\/#website"},"primaryImageOfPage":{"@id":"https:\/\/actionaid.ch\/de\/was-wir-tun\/spezifische-projekte\/nepal\/#primaryimage"},"image":{"@id":"https:\/\/actionaid.ch\/de\/was-wir-tun\/spezifische-projekte\/nepal\/#primaryimage"},"thumbnailUrl":"https:\/\/actionaid.ch\/wp-content\/uploads\/2025\/05\/Donne_Nepal_Header.jpg","datePublished":"2025-05-22T06:57:59+00:00","dateModified":"2026-03-25T11:40:54+00:00","description":"Unser Projekt in Nepal hat den Frauen eine gr\u00f6\u00dfere Teilnahme am wirtschaftlichen Leben der Gemeinschaft erm\u00f6glicht.","breadcrumb":{"@id":"https:\/\/actionaid.ch\/de\/was-wir-tun\/spezifische-projekte\/nepal\/#breadcrumb"},"inLanguage":"de","potentialAction":[{"@type":"ReadAction","target":["https:\/\/actionaid.ch\/de\/was-wir-tun\/spezifische-projekte\/nepal\/"]}]},{"@type":"ImageObject","inLanguage":"de","@id":"https:\/\/actionaid.ch\/de\/was-wir-tun\/spezifische-projekte\/nepal\/#primaryimage","url":"https:\/\/actionaid.ch\/wp-content\/uploads\/2025\/05\/Donne_Nepal_Header.jpg","contentUrl":"https:\/\/actionaid.ch\/wp-content\/uploads\/2025\/05\/Donne_Nepal_Header.jpg","width":2014,"height":924},{"@type":"BreadcrumbList","@id":"https:\/\/actionaid.ch\/de\/was-wir-tun\/spezifische-projekte\/nepal\/#breadcrumb","itemListElement":[{"@type":"ListItem","position":1,"name":"Home","item":"https:\/\/actionaid.ch\/de\/"},{"@type":"ListItem","position":2,"name":"Was wir tun","item":"https:\/\/actionaid.ch\/de\/was-wir-tun\/"},{"@type":"ListItem","position":3,"name":"Projekte","item":"https:\/\/actionaid.ch\/de\/was-wir-tun\/spezifische-projekte\/"},{"@type":"ListItem","position":4,"name":"Nepal"}]},{"@type":"WebSite","@id":"https:\/\/actionaid.ch\/de\/#website","url":"https:\/\/actionaid.ch\/de\/","name":"ActionAid Svizzera","description":"","publisher":{"@id":"https:\/\/actionaid.ch\/de\/#organization"},"potentialAction":[{"@type":"SearchAction","target":{"@type":"EntryPoint","urlTemplate":"https:\/\/actionaid.ch\/de\/?s={search_term_string}"},"query-input":{"@type":"PropertyValueSpecification","valueRequired":true,"valueName":"search_term_string"}}],"inLanguage":"de"},{"@type":"Organization","@id":"https:\/\/actionaid.ch\/de\/#organization","name":"ActionAid Svizzera","url":"https:\/\/actionaid.ch\/de\/","logo":{"@type":"ImageObject","inLanguage":"de","@id":"https:\/\/actionaid.ch\/de\/#\/schema\/logo\/image\/","url":"https:\/\/actionaid.ch\/wp-content\/uploads\/2025\/04\/Logo_rosso.png","contentUrl":"https:\/\/actionaid.ch\/wp-content\/uploads\/2025\/04\/Logo_rosso.png","width":2331,"height":407,"caption":"ActionAid Svizzera"},"image":{"@id":"https:\/\/actionaid.ch\/de\/#\/schema\/logo\/image\/"},"sameAs":["https:\/\/www.facebook.com\/ActionAidSwitzerland\/?locale=it_IT","https:\/\/www.instagram.com\/actionaid_international\/?hl=en"]}]}},"_links":{"self":[{"href":"https:\/\/actionaid.ch\/de\/wp-json\/wp\/v2\/pages\/2542","targetHints":{"allow":["GET"]}}],"collection":[{"href":"https:\/\/actionaid.ch\/de\/wp-json\/wp\/v2\/pages"}],"about":[{"href":"https:\/\/actionaid.ch\/de\/wp-json\/wp\/v2\/types\/page"}],"author":[{"embeddable":true,"href":"https:\/\/actionaid.ch\/de\/wp-json\/wp\/v2\/users\/2"}],"replies":[{"embeddable":true,"href":"https:\/\/actionaid.ch\/de\/wp-json\/wp\/v2\/comments?post=2542"}],"version-history":[{"count":7,"href":"https:\/\/actionaid.ch\/de\/wp-json\/wp\/v2\/pages\/2542\/revisions"}],"predecessor-version":[{"id":17224,"href":"https:\/\/actionaid.ch\/de\/wp-json\/wp\/v2\/pages\/2542\/revisions\/17224"}],"up":[{"embeddable":true,"href":"https:\/\/actionaid.ch\/de\/wp-json\/wp\/v2\/pages\/2357"}],"wp:featuredmedia":[{"embeddable":true,"href":"https:\/\/actionaid.ch\/de\/wp-json\/wp\/v2\/media\/2007"}],"wp:attachment":[{"href":"https:\/\/actionaid.ch\/de\/wp-json\/wp\/v2\/media?parent=2542"}],"curies":[{"name":"wp","href":"https:\/\/api.w.org\/{rel}","templated":true}]}}