{"id":2524,"date":"2025-05-22T08:54:18","date_gmt":"2025-05-22T06:54:18","guid":{"rendered":"https:\/\/actionaid.ch\/?page_id=2524"},"modified":"2026-03-25T12:40:00","modified_gmt":"2026-03-25T11:40:00","slug":"jordanien","status":"publish","type":"page","link":"https:\/\/actionaid.ch\/de\/was-wir-tun\/spezifische-projekte\/jordanien\/","title":{"rendered":"Jordanien"},"content":{"rendered":"<div class=\"vidiemme-block basic-editor  \" >\n  \n  <div class=\"container-xl\">\n    <p>In Jordanien sind <strong>Frauen und M\u00e4dchen<\/strong> sowohl aus Fl\u00fcchtlings- als auch Aufnahmegemeinschaften t\u00e4glich der Gefahr von Bel\u00e4stigung, <strong>Missbrauch und sexueller Gewalt ausgesetzt<\/strong>. Oft isoliert, ohne Informationen oder M\u00f6glichkeiten zur Anzeige, ohne Zugang zu psychosozialer Unterst\u00fctzung oder rechtlicher Hilfe, sind sie in einem System gefangen, das sie nicht sch\u00fctzt.<\/p>\n  <\/div>\n<\/div>\n\n\n<div class=\"vidiemme-block focused-content  \" >\n  \n  <div class=\"container-xl\">\n    <div class=\"title mb-4\">Was macht ActionAid?<\/div>\n    \n    <div class=\"focused\">\n\n      \n            <div class=\"description\"><p>Um auf diesen unsichtbaren Notstand zu reagieren, hat <strong>ActionAid seit 2019 ein konkretes und innovatives Instrument entwickelt:<\/strong> eine <strong>digitale Plattform<\/strong>, die einen einfachen und sicheren Zugang zu grundlegenden Diensten erm\u00f6glicht \u2013 auch f\u00fcr Personen mit geringen digitalen Kenntnissen.<\/p>\n<p>Im November 2019 wurde ein benutzerfreundlicher <strong>Chatbot auf den wichtigsten sozialen Apps gestartet<\/strong>. Er bietet praktische Informationen zu folgenden Themen:<\/p>\n<ul>\n<li>wie man Gewalt und Missbrauch melden kann,<\/li>\n<li>n\u00fctzliche Kontaktnummern f\u00fcr Gesundheits-, Rechts- und Schutzdienste,<\/li>\n<li>Aufkl\u00e4rungsmaterialien \u00fcber geschlechtsspezifische Gewalt.<\/li>\n<\/ul>\n<p>Diese Plattform hat sich schnell weiterentwickelt, ihre geografische Reichweite, die Anzahl der angebotenen Dienste und die Zielgruppen erweitert \u2013 darunter auch Jugendliche, M\u00fctter und andere gef\u00e4hrdete Gruppen.<\/p>\n<p>In Zusammenarbeit mit den Nutzerinnen entstand \u201e<strong>Darb Alaman<\/strong>\u201c \u2013 <strong>Sicherer Weg<\/strong>, eine klare und erkennbare visuelle Identit\u00e4t, um die Wirkung des Projekts zu verst\u00e4rken und die Zusammenarbeit mit anderen Dienstanbietern zu erleichtern. Auch die technische Infrastruktur wurde verbessert, um mehr <strong>Sicherheit, Benutzerfreundlichkeit und Systemstabilit\u00e4t zu gew\u00e4hrleisten.<\/strong><\/p>\n<p>Heute ist Darb Alaman in mehreren Sprachen verf\u00fcgbar, um auch nicht-arabischsprachige Frauen in Jordanien zu unterst\u00fctzen, und funktioniert auch \u00fcber <strong>WhatsApp<\/strong> \u2013 mit Tausenden Nutzerinnen im ganzen Land.<\/p>\n<p>Parallel dazu f\u00f6rdert ActionAid weiterhin <strong>Offline-Aktivit\u00e4ten<\/strong>, wie:<\/p>\n<ul>\n<li>Sensibilisierungskampagnen in lokalen Gemeinschaften,<\/li>\n<li>Schulungen f\u00fcr Beh\u00f6rden und zivilgesellschaftliche Organisationen,<\/li>\n<li>Kapazit\u00e4tsaufbau lokaler Gruppen, durch Community-Leader und Peer-to-Peer-Trainings mit leicht reproduzierbaren Materialien,<\/li>\n<li>Schaffung und St\u00e4rkung sicherer R\u00e4ume, haupts\u00e4chlich f\u00fcr M\u00e4dchen und Frauen, betreut von Fachkr\u00e4ften und den Jugendlichen selbst.<\/li>\n<\/ul>\n<p>Schlie\u00dflich hat die Zusammenarbeit mit <strong>lokalen Influencer<\/strong>: innen die Verbreitung der Plattform zus\u00e4tzlich beschleunigt \u2013 mehr Frauen erfahren nun, dass sie nicht allein sind.<\/p>\n<\/div>\n      \n      \n          \n    <\/div>\n  <\/div>\n<\/div>\n\n\n<div class=\"vidiemme-block focused-content my-5 \" >\n  \n  <div class=\"container-xl\">\n    <div class=\"title mb-4\">Sind Sie ein Unternehmen, eine Stiftung oder ein Gro\u00dfspender?<\/div>\n    \n    <div class=\"focused\">\n\n      \n            <div class=\"description\"><p>Wenn Sie unsere Projekte unterst\u00fctzen m\u00f6chten oder weitere Informationen w\u00fcnschen, nehmen Sie bitte Kontakt mit uns auf:<\/p>\n<\/div>\n      \n            <div class=\"footer-rows\">\n                  <div class=\"row mt-4\">   \n            <div class=\"col-md-2 pt-4\">\n              <!-- <img decoding=\"async\"  class=\"img-fluid rounded w-100\" src=\"https:\/\/actionaid.ch\/wp-content\/uploads\/2025\/06\/Vitali-1.jpg\" alt=\"\"> -->\n\n              \n              <img loading=\"lazy\" decoding=\"async\" width=\"340\" height=\"340\" src=\"https:\/\/actionaid.ch\/wp-content\/uploads\/2025\/06\/Vitali-1.jpg\" class=\"img-fluid rounded w-100\" alt=\"\" srcset=\"https:\/\/actionaid.ch\/wp-content\/uploads\/2025\/06\/Vitali-1.jpg 340w, https:\/\/actionaid.ch\/wp-content\/uploads\/2025\/06\/Vitali-1-300x300.jpg 300w, https:\/\/actionaid.ch\/wp-content\/uploads\/2025\/06\/Vitali-1-150x150.jpg 150w\" sizes=\"auto, (max-width: 340px) 100vw, 340px\" \/>\n            <\/div> \n            <div class=\"col-md-10 pt-4\">\n              <p><strong>Claudia Vitali<\/strong><br \/>\nCorporate, Major Donor &amp; Philanthropy Officer ActionAid Switzerland<br \/>\n<a href=\"mailto:claudia.vitali@actionaid.org\">claudia.vitali@actionaid.org<\/a><\/p>\n<p><a href=\"tel:+393349836820\">+39 3349836820<\/a><\/p>\n\n            <\/div> \n          <\/div>\n              <\/div>\n      \n          \n    <\/div>\n  <\/div>\n<\/div>\n\n\n<div class=\"vidiemme-block basic-editor  \" >\n  \n  <div class=\"container-xl\">\n    <h6><em>Photocredits: ActionAid<\/em><\/h6>\n  <\/div>\n<\/div>\n","protected":false},"excerpt":{"rendered":"","protected":false},"author":2,"featured_media":2003,"parent":2357,"menu_order":107,"comment_status":"closed","ping_status":"closed","template":"","meta":{"_acf_changed":false,"footnotes":""},"class_list":["post-2524","page","type-page","status-publish","has-post-thumbnail","hentry"],"acf":[],"yoast_head":"<!-- This site is optimized with the Yoast SEO plugin v25.9 - https:\/\/yoast.com\/wordpress\/plugins\/seo\/ -->\n<title>Projekt Jordanien - ActionAid Schweiz<\/title>\n<meta name=\"description\" content=\"ActionAid hat ein Projekt entwickelt, um Frauen, die Opfer von Bel\u00e4stigung, Missbrauch und Gewalt sind, konkret zu unterst\u00fctzen.\" \/>\n<meta name=\"robots\" content=\"index, follow, max-snippet:-1, max-image-preview:large, max-video-preview:-1\" \/>\n<link rel=\"canonical\" href=\"https:\/\/actionaid.ch\/de\/was-wir-tun\/spezifische-projekte\/jordanien\/\" \/>\n<meta property=\"og:locale\" content=\"de_DE\" \/>\n<meta property=\"og:type\" content=\"article\" \/>\n<meta property=\"og:title\" content=\"Projekt Jordanien - ActionAid Schweiz\" \/>\n<meta property=\"og:description\" content=\"ActionAid hat ein Projekt entwickelt, um Frauen, die Opfer von Bel\u00e4stigung, Missbrauch und Gewalt sind, konkret zu unterst\u00fctzen.\" \/>\n<meta property=\"og:url\" content=\"https:\/\/actionaid.ch\/de\/was-wir-tun\/spezifische-projekte\/jordanien\/\" \/>\n<meta property=\"og:site_name\" content=\"ActionAid\" \/>\n<meta property=\"article:publisher\" content=\"https:\/\/www.facebook.com\/ActionAidSwitzerland\/?locale=it_IT\" \/>\n<meta property=\"article:modified_time\" content=\"2026-03-25T11:40:00+00:00\" \/>\n<meta property=\"og:image\" content=\"https:\/\/actionaid.ch\/wp-content\/uploads\/2025\/05\/Donne_Giordania_Header.jpg\" \/>\n\t<meta property=\"og:image:width\" content=\"2014\" \/>\n\t<meta property=\"og:image:height\" content=\"924\" \/>\n\t<meta property=\"og:image:type\" content=\"image\/jpeg\" \/>\n<meta name=\"twitter:card\" content=\"summary_large_image\" \/>\n<meta name=\"twitter:label1\" content=\"Gesch\u00e4tzte Lesezeit\" \/>\n\t<meta name=\"twitter:data1\" content=\"1\u00a0Minute\" \/>\n<script type=\"application\/ld+json\" class=\"yoast-schema-graph\">{\"@context\":\"https:\/\/schema.org\",\"@graph\":[{\"@type\":\"WebPage\",\"@id\":\"https:\/\/actionaid.ch\/de\/was-wir-tun\/spezifische-projekte\/jordanien\/\",\"url\":\"https:\/\/actionaid.ch\/de\/was-wir-tun\/spezifische-projekte\/jordanien\/\",\"name\":\"Projekt Jordanien - ActionAid Schweiz\",\"isPartOf\":{\"@id\":\"https:\/\/actionaid.ch\/de\/#website\"},\"primaryImageOfPage\":{\"@id\":\"https:\/\/actionaid.ch\/de\/was-wir-tun\/spezifische-projekte\/jordanien\/#primaryimage\"},\"image\":{\"@id\":\"https:\/\/actionaid.ch\/de\/was-wir-tun\/spezifische-projekte\/jordanien\/#primaryimage\"},\"thumbnailUrl\":\"https:\/\/actionaid.ch\/wp-content\/uploads\/2025\/05\/Donne_Giordania_Header.jpg\",\"datePublished\":\"2025-05-22T06:54:18+00:00\",\"dateModified\":\"2026-03-25T11:40:00+00:00\",\"description\":\"ActionAid hat ein Projekt entwickelt, um Frauen, die Opfer von Bel\u00e4stigung, Missbrauch und Gewalt sind, konkret zu unterst\u00fctzen.\",\"breadcrumb\":{\"@id\":\"https:\/\/actionaid.ch\/de\/was-wir-tun\/spezifische-projekte\/jordanien\/#breadcrumb\"},\"inLanguage\":\"de\",\"potentialAction\":[{\"@type\":\"ReadAction\",\"target\":[\"https:\/\/actionaid.ch\/de\/was-wir-tun\/spezifische-projekte\/jordanien\/\"]}]},{\"@type\":\"ImageObject\",\"inLanguage\":\"de\",\"@id\":\"https:\/\/actionaid.ch\/de\/was-wir-tun\/spezifische-projekte\/jordanien\/#primaryimage\",\"url\":\"https:\/\/actionaid.ch\/wp-content\/uploads\/2025\/05\/Donne_Giordania_Header.jpg\",\"contentUrl\":\"https:\/\/actionaid.ch\/wp-content\/uploads\/2025\/05\/Donne_Giordania_Header.jpg\",\"width\":2014,\"height\":924},{\"@type\":\"BreadcrumbList\",\"@id\":\"https:\/\/actionaid.ch\/de\/was-wir-tun\/spezifische-projekte\/jordanien\/#breadcrumb\",\"itemListElement\":[{\"@type\":\"ListItem\",\"position\":1,\"name\":\"Home\",\"item\":\"https:\/\/actionaid.ch\/de\/\"},{\"@type\":\"ListItem\",\"position\":2,\"name\":\"Was wir tun\",\"item\":\"https:\/\/actionaid.ch\/de\/was-wir-tun\/\"},{\"@type\":\"ListItem\",\"position\":3,\"name\":\"Projekte\",\"item\":\"https:\/\/actionaid.ch\/de\/was-wir-tun\/spezifische-projekte\/\"},{\"@type\":\"ListItem\",\"position\":4,\"name\":\"Jordanien\"}]},{\"@type\":\"WebSite\",\"@id\":\"https:\/\/actionaid.ch\/de\/#website\",\"url\":\"https:\/\/actionaid.ch\/de\/\",\"name\":\"ActionAid Svizzera\",\"description\":\"\",\"publisher\":{\"@id\":\"https:\/\/actionaid.ch\/de\/#organization\"},\"potentialAction\":[{\"@type\":\"SearchAction\",\"target\":{\"@type\":\"EntryPoint\",\"urlTemplate\":\"https:\/\/actionaid.ch\/de\/?s={search_term_string}\"},\"query-input\":{\"@type\":\"PropertyValueSpecification\",\"valueRequired\":true,\"valueName\":\"search_term_string\"}}],\"inLanguage\":\"de\"},{\"@type\":\"Organization\",\"@id\":\"https:\/\/actionaid.ch\/de\/#organization\",\"name\":\"ActionAid Svizzera\",\"url\":\"https:\/\/actionaid.ch\/de\/\",\"logo\":{\"@type\":\"ImageObject\",\"inLanguage\":\"de\",\"@id\":\"https:\/\/actionaid.ch\/de\/#\/schema\/logo\/image\/\",\"url\":\"https:\/\/actionaid.ch\/wp-content\/uploads\/2025\/04\/Logo_rosso.png\",\"contentUrl\":\"https:\/\/actionaid.ch\/wp-content\/uploads\/2025\/04\/Logo_rosso.png\",\"width\":2331,\"height\":407,\"caption\":\"ActionAid Svizzera\"},\"image\":{\"@id\":\"https:\/\/actionaid.ch\/de\/#\/schema\/logo\/image\/\"},\"sameAs\":[\"https:\/\/www.facebook.com\/ActionAidSwitzerland\/?locale=it_IT\",\"https:\/\/www.instagram.com\/actionaid_international\/?hl=en\"]}]}<\/script>\n<!-- \/ Yoast SEO plugin. -->","yoast_head_json":{"title":"Projekt Jordanien - ActionAid Schweiz","description":"ActionAid hat ein Projekt entwickelt, um Frauen, die Opfer von Bel\u00e4stigung, Missbrauch und Gewalt sind, konkret zu unterst\u00fctzen.","robots":{"index":"index","follow":"follow","max-snippet":"max-snippet:-1","max-image-preview":"max-image-preview:large","max-video-preview":"max-video-preview:-1"},"canonical":"https:\/\/actionaid.ch\/de\/was-wir-tun\/spezifische-projekte\/jordanien\/","og_locale":"de_DE","og_type":"article","og_title":"Projekt Jordanien - ActionAid Schweiz","og_description":"ActionAid hat ein Projekt entwickelt, um Frauen, die Opfer von Bel\u00e4stigung, Missbrauch und Gewalt sind, konkret zu unterst\u00fctzen.","og_url":"https:\/\/actionaid.ch\/de\/was-wir-tun\/spezifische-projekte\/jordanien\/","og_site_name":"ActionAid","article_publisher":"https:\/\/www.facebook.com\/ActionAidSwitzerland\/?locale=it_IT","article_modified_time":"2026-03-25T11:40:00+00:00","og_image":[{"width":2014,"height":924,"url":"https:\/\/actionaid.ch\/wp-content\/uploads\/2025\/05\/Donne_Giordania_Header.jpg","type":"image\/jpeg"}],"twitter_card":"summary_large_image","twitter_misc":{"Gesch\u00e4tzte Lesezeit":"1\u00a0Minute"},"schema":{"@context":"https:\/\/schema.org","@graph":[{"@type":"WebPage","@id":"https:\/\/actionaid.ch\/de\/was-wir-tun\/spezifische-projekte\/jordanien\/","url":"https:\/\/actionaid.ch\/de\/was-wir-tun\/spezifische-projekte\/jordanien\/","name":"Projekt Jordanien - ActionAid Schweiz","isPartOf":{"@id":"https:\/\/actionaid.ch\/de\/#website"},"primaryImageOfPage":{"@id":"https:\/\/actionaid.ch\/de\/was-wir-tun\/spezifische-projekte\/jordanien\/#primaryimage"},"image":{"@id":"https:\/\/actionaid.ch\/de\/was-wir-tun\/spezifische-projekte\/jordanien\/#primaryimage"},"thumbnailUrl":"https:\/\/actionaid.ch\/wp-content\/uploads\/2025\/05\/Donne_Giordania_Header.jpg","datePublished":"2025-05-22T06:54:18+00:00","dateModified":"2026-03-25T11:40:00+00:00","description":"ActionAid hat ein Projekt entwickelt, um Frauen, die Opfer von Bel\u00e4stigung, Missbrauch und Gewalt sind, konkret zu unterst\u00fctzen.","breadcrumb":{"@id":"https:\/\/actionaid.ch\/de\/was-wir-tun\/spezifische-projekte\/jordanien\/#breadcrumb"},"inLanguage":"de","potentialAction":[{"@type":"ReadAction","target":["https:\/\/actionaid.ch\/de\/was-wir-tun\/spezifische-projekte\/jordanien\/"]}]},{"@type":"ImageObject","inLanguage":"de","@id":"https:\/\/actionaid.ch\/de\/was-wir-tun\/spezifische-projekte\/jordanien\/#primaryimage","url":"https:\/\/actionaid.ch\/wp-content\/uploads\/2025\/05\/Donne_Giordania_Header.jpg","contentUrl":"https:\/\/actionaid.ch\/wp-content\/uploads\/2025\/05\/Donne_Giordania_Header.jpg","width":2014,"height":924},{"@type":"BreadcrumbList","@id":"https:\/\/actionaid.ch\/de\/was-wir-tun\/spezifische-projekte\/jordanien\/#breadcrumb","itemListElement":[{"@type":"ListItem","position":1,"name":"Home","item":"https:\/\/actionaid.ch\/de\/"},{"@type":"ListItem","position":2,"name":"Was wir tun","item":"https:\/\/actionaid.ch\/de\/was-wir-tun\/"},{"@type":"ListItem","position":3,"name":"Projekte","item":"https:\/\/actionaid.ch\/de\/was-wir-tun\/spezifische-projekte\/"},{"@type":"ListItem","position":4,"name":"Jordanien"}]},{"@type":"WebSite","@id":"https:\/\/actionaid.ch\/de\/#website","url":"https:\/\/actionaid.ch\/de\/","name":"ActionAid Svizzera","description":"","publisher":{"@id":"https:\/\/actionaid.ch\/de\/#organization"},"potentialAction":[{"@type":"SearchAction","target":{"@type":"EntryPoint","urlTemplate":"https:\/\/actionaid.ch\/de\/?s={search_term_string}"},"query-input":{"@type":"PropertyValueSpecification","valueRequired":true,"valueName":"search_term_string"}}],"inLanguage":"de"},{"@type":"Organization","@id":"https:\/\/actionaid.ch\/de\/#organization","name":"ActionAid Svizzera","url":"https:\/\/actionaid.ch\/de\/","logo":{"@type":"ImageObject","inLanguage":"de","@id":"https:\/\/actionaid.ch\/de\/#\/schema\/logo\/image\/","url":"https:\/\/actionaid.ch\/wp-content\/uploads\/2025\/04\/Logo_rosso.png","contentUrl":"https:\/\/actionaid.ch\/wp-content\/uploads\/2025\/04\/Logo_rosso.png","width":2331,"height":407,"caption":"ActionAid Svizzera"},"image":{"@id":"https:\/\/actionaid.ch\/de\/#\/schema\/logo\/image\/"},"sameAs":["https:\/\/www.facebook.com\/ActionAidSwitzerland\/?locale=it_IT","https:\/\/www.instagram.com\/actionaid_international\/?hl=en"]}]}},"_links":{"self":[{"href":"https:\/\/actionaid.ch\/de\/wp-json\/wp\/v2\/pages\/2524","targetHints":{"allow":["GET"]}}],"collection":[{"href":"https:\/\/actionaid.ch\/de\/wp-json\/wp\/v2\/pages"}],"about":[{"href":"https:\/\/actionaid.ch\/de\/wp-json\/wp\/v2\/types\/page"}],"author":[{"embeddable":true,"href":"https:\/\/actionaid.ch\/de\/wp-json\/wp\/v2\/users\/2"}],"replies":[{"embeddable":true,"href":"https:\/\/actionaid.ch\/de\/wp-json\/wp\/v2\/comments?post=2524"}],"version-history":[{"count":7,"href":"https:\/\/actionaid.ch\/de\/wp-json\/wp\/v2\/pages\/2524\/revisions"}],"predecessor-version":[{"id":17220,"href":"https:\/\/actionaid.ch\/de\/wp-json\/wp\/v2\/pages\/2524\/revisions\/17220"}],"up":[{"embeddable":true,"href":"https:\/\/actionaid.ch\/de\/wp-json\/wp\/v2\/pages\/2357"}],"wp:featuredmedia":[{"embeddable":true,"href":"https:\/\/actionaid.ch\/de\/wp-json\/wp\/v2\/media\/2003"}],"wp:attachment":[{"href":"https:\/\/actionaid.ch\/de\/wp-json\/wp\/v2\/media?parent=2524"}],"curies":[{"name":"wp","href":"https:\/\/api.w.org\/{rel}","templated":true}]}}