{"id":2507,"date":"2025-05-22T09:03:02","date_gmt":"2025-05-22T07:03:02","guid":{"rendered":"https:\/\/actionaid.ch\/?page_id=2507"},"modified":"2026-03-25T12:39:13","modified_gmt":"2026-03-25T11:39:13","slug":"demokratische-republik-kongo","status":"publish","type":"page","link":"https:\/\/actionaid.ch\/de\/was-wir-tun\/spezifische-projekte\/demokratische-republik-kongo\/","title":{"rendered":"Demokratische Republik Kongo"},"content":{"rendered":"<div class=\"vidiemme-block basic-editor  \" >\n  \n  <div class=\"container-xl\">\n    <p>Die Demokratische Republik Kongo (DRK) ist heute Schauplatz einer der weltweit schwersten, komplexesten und langanhaltendsten humanit\u00e4ren Krisen. Wiederkehrende bewaffnete Konflikte, weitverbreitete Gewalt und Naturkatastrophen zerst\u00f6ren das Leben von Millionen von Menschen, f\u00fchren zu massenhaften Vertreibungen und versch\u00e4rfen die ohnehin schwierigen \u00dcberlebensbedingungen dramatisch.<\/p>\n<p><strong>\u00dcber 7 Millionen Menschen<\/strong> <strong>sind innerhalb des Landes vertrieben<\/strong>, davon mehr als 5,6 Millionen in den \u00f6stlichen Provinzen Nord-Kivu, S\u00fcd-Kivu, Ituri und Tanganjika, Regionen, die besonders stark von Gewalt betroffen sind.<\/p>\n<p><strong>Etwa 26 Millionen Menschen<\/strong> \u2013 fast ein Viertel der Bev\u00f6lkerung \u2013 leiden unter akuter Nahrungsmittelunsicherheit, w\u00e4hrend 4,5 Millionen Kinder sowie schwangere oder stillende Frauen von akuter Mangelern\u00e4hrung betroffen sind.<\/p>\n<p><strong>795.000 Kinder k\u00f6nnen derzeit nicht zur Schule gehen<\/strong>, da \u00fcber 2.500 Schulen in den \u00f6stlichen Provinzen geschlossen wurden \u2013 oft zerst\u00f6rt, besch\u00e4digt oder als Notunterk\u00fcnfte f\u00fcr Vertriebene genutzt.<\/p>\n<p><strong>37\u202f% der M\u00e4dchen werden vor ihrem 18<\/strong>. Geburtstag verheiratet, jedes zehnte sogar vor dem 15. Lebensjahr \u2013 ein gravierender Versto\u00df gegen ihr Recht auf Bildung, Gesundheit und ein gewaltfreies Leben.<\/p>\n<p>Im Kontext eines Konflikts, der die Bedrohungen vervielfacht \u2013 <strong>darunter sexualisierte Gewalt, Zwangsrekrutierung von Minderj\u00e4hrigen sowie Angriffe auf Schulen und Gesundheitseinrichtungen<\/strong> \u2013 ist der Zugang zu sicherer Bildung nicht nur ein Recht, sondern eine lebenswichtige Form des Schutzes.<\/p>\n<p>&nbsp;<\/p>\n  <\/div>\n<\/div>\n\n\n<div class=\"vidiemme-block focused-content  \" >\n  \n  <div class=\"container-xl\">\n    <div class=\"title mb-4\">Was macht ActionAid?<\/div>\n    \n    <div class=\"focused\">\n\n      \n            <div class=\"description\"><p><strong>Seit 2003 ist ActionAid in der DRK<\/strong> aktiv und steht den am st\u00e4rksten betroffenen Gemeinschaften in den \u00f6stlichen Landesteilen zur Seite. Heute setzen wir ein umfangreiches Schutzprogramm in 40 <strong>Gemeinden der<\/strong> <strong>Provinz Maniema (S\u00fcd-Kivu<\/strong>) um, in denen Tausende Vertriebene leben \u2013 ohne Zugang zu grundlegenden Dienstleistungen oder humanit\u00e4rer Hilfe.<\/p>\n<p><strong>Bildung hat in unserem Einsatz h\u00f6chste Priorit\u00e4t<\/strong>: Wir wollen Kindern eine sichere, inklusive und qualitativ hochwertige Schulbildung erm\u00f6glichen und gleichzeitig ein gesch\u00fctztes Umfeld schaffen, das das Risiko von Missbrauch, Fr\u00fchverheiratung und Zwangsrekrutierung verringert.<\/p>\n<p>Um die zahlreichen Hindernisse zu \u00fcberwinden, die dem Recht auf Bildung im Wege stehen, setzen wir uns daf\u00fcr ein:<\/p>\n<ul>\n<li>die Schulinfrastruktur zu renovieren,<\/li>\n<li>wirtschaftliche Unterst\u00fctzung f\u00fcr die \u00e4rmsten Familien bereitzustellen,<\/li>\n<li>Lehrerinnen und Lehrer zu qualifizieren und<\/li>\n<li>einen kulturellen Wandel zu f\u00f6rdern, der M\u00e4dchen und ihre Rechte in den Mittelpunkt stellt.<\/li>\n<\/ul>\n<p>Nur so lassen sich widerstandsf\u00e4higere Gemeinschaften aufbauen und eine w\u00fcrdevolle, freie Zukunft f\u00fcr alle erm\u00f6glichen.<\/p>\n<\/div>\n      \n      \n          \n    <\/div>\n  <\/div>\n<\/div>\n\n\n<div class=\"vidiemme-block focused-content my-5 \" >\n  \n  <div class=\"container-xl\">\n    <div class=\"title mb-4\">Sind Sie ein Unternehmen, eine Stiftung oder ein Gro\u00dfspender?<\/div>\n    \n    <div class=\"focused\">\n\n      \n            <div class=\"description\"><p>Wenn Sie unsere Projekte unterst\u00fctzen m\u00f6chten oder weitere Informationen w\u00fcnschen, nehmen Sie bitte Kontakt mit uns auf:<\/p>\n<\/div>\n      \n            <div class=\"footer-rows\">\n                  <div class=\"row mt-4\">   \n            <div class=\"col-md-2 pt-4\">\n              <!-- <img decoding=\"async\"  class=\"img-fluid rounded w-100\" src=\"https:\/\/actionaid.ch\/wp-content\/uploads\/2025\/06\/Vitali-1.jpg\" alt=\"\"> -->\n\n              \n              <img loading=\"lazy\" decoding=\"async\" width=\"340\" height=\"340\" src=\"https:\/\/actionaid.ch\/wp-content\/uploads\/2025\/06\/Vitali-1.jpg\" class=\"img-fluid rounded w-100\" alt=\"\" srcset=\"https:\/\/actionaid.ch\/wp-content\/uploads\/2025\/06\/Vitali-1.jpg 340w, https:\/\/actionaid.ch\/wp-content\/uploads\/2025\/06\/Vitali-1-300x300.jpg 300w, https:\/\/actionaid.ch\/wp-content\/uploads\/2025\/06\/Vitali-1-150x150.jpg 150w\" sizes=\"auto, (max-width: 340px) 100vw, 340px\" \/>\n            <\/div> \n            <div class=\"col-md-10 pt-4\">\n              <p><strong>Claudia Vitali<\/strong><br \/>\nCorporate, Major Donor &amp; Philanthropy Officer ActionAid Switzerland<br \/>\n<a href=\"mailto:claudia.vitali@actionaid.org\">claudia.vitali@actionaid.org<\/a><\/p>\n<p><a href=\"tel:+393349836820\">+39 3349836820<\/a><\/p>\n\n            <\/div> \n          <\/div>\n              <\/div>\n      \n          \n    <\/div>\n  <\/div>\n<\/div>\n\n\n<div class=\"vidiemme-block basic-editor  \" >\n  \n  <div class=\"container-xl\">\n    <h6><em>Photocredits: \u00a0ActionAid<\/em><\/h6>\n  <\/div>\n<\/div>\n","protected":false},"excerpt":{"rendered":"","protected":false},"author":2,"featured_media":1999,"parent":2357,"menu_order":103,"comment_status":"closed","ping_status":"closed","template":"","meta":{"_acf_changed":false,"footnotes":""},"class_list":["post-2507","page","type-page","status-publish","has-post-thumbnail","hentry"],"acf":[],"yoast_head":"<!-- This site is optimized with the Yoast SEO plugin v25.9 - https:\/\/yoast.com\/wordpress\/plugins\/seo\/ -->\n<title>Projekt Demokratische Republik Kongo - ActionAid Schweiz<\/title>\n<meta name=\"description\" content=\"Seit 2003 f\u00fchren wir ein Schutzprogramm in 40 Gemeinden der Provinz Maniema (S\u00fcd-Kivu) durch: Bildung hat oberste Priorit\u00e4t.\" \/>\n<meta name=\"robots\" content=\"index, follow, max-snippet:-1, max-image-preview:large, max-video-preview:-1\" \/>\n<link rel=\"canonical\" href=\"https:\/\/actionaid.ch\/de\/was-wir-tun\/spezifische-projekte\/demokratische-republik-kongo\/\" \/>\n<meta property=\"og:locale\" content=\"de_DE\" \/>\n<meta property=\"og:type\" content=\"article\" \/>\n<meta property=\"og:title\" content=\"Projekt Demokratische Republik Kongo - ActionAid Schweiz\" \/>\n<meta property=\"og:description\" content=\"Seit 2003 f\u00fchren wir ein Schutzprogramm in 40 Gemeinden der Provinz Maniema (S\u00fcd-Kivu) durch: Bildung hat oberste Priorit\u00e4t.\" \/>\n<meta property=\"og:url\" content=\"https:\/\/actionaid.ch\/de\/was-wir-tun\/spezifische-projekte\/demokratische-republik-kongo\/\" \/>\n<meta property=\"og:site_name\" content=\"ActionAid\" \/>\n<meta property=\"article:publisher\" content=\"https:\/\/www.facebook.com\/ActionAidSwitzerland\/?locale=it_IT\" \/>\n<meta property=\"article:modified_time\" content=\"2026-03-25T11:39:13+00:00\" \/>\n<meta property=\"og:image\" content=\"https:\/\/actionaid.ch\/wp-content\/uploads\/2025\/05\/RPCongo_Header.jpg\" \/>\n\t<meta property=\"og:image:width\" content=\"2014\" \/>\n\t<meta property=\"og:image:height\" content=\"924\" \/>\n\t<meta property=\"og:image:type\" content=\"image\/jpeg\" \/>\n<meta name=\"twitter:card\" content=\"summary_large_image\" \/>\n<meta name=\"twitter:label1\" content=\"Gesch\u00e4tzte Lesezeit\" \/>\n\t<meta name=\"twitter:data1\" content=\"1\u00a0Minute\" \/>\n<script type=\"application\/ld+json\" class=\"yoast-schema-graph\">{\"@context\":\"https:\/\/schema.org\",\"@graph\":[{\"@type\":\"WebPage\",\"@id\":\"https:\/\/actionaid.ch\/de\/was-wir-tun\/spezifische-projekte\/demokratische-republik-kongo\/\",\"url\":\"https:\/\/actionaid.ch\/de\/was-wir-tun\/spezifische-projekte\/demokratische-republik-kongo\/\",\"name\":\"Projekt Demokratische Republik Kongo - ActionAid Schweiz\",\"isPartOf\":{\"@id\":\"https:\/\/actionaid.ch\/de\/#website\"},\"primaryImageOfPage\":{\"@id\":\"https:\/\/actionaid.ch\/de\/was-wir-tun\/spezifische-projekte\/demokratische-republik-kongo\/#primaryimage\"},\"image\":{\"@id\":\"https:\/\/actionaid.ch\/de\/was-wir-tun\/spezifische-projekte\/demokratische-republik-kongo\/#primaryimage\"},\"thumbnailUrl\":\"https:\/\/actionaid.ch\/wp-content\/uploads\/2025\/05\/RPCongo_Header.jpg\",\"datePublished\":\"2025-05-22T07:03:02+00:00\",\"dateModified\":\"2026-03-25T11:39:13+00:00\",\"description\":\"Seit 2003 f\u00fchren wir ein Schutzprogramm in 40 Gemeinden der Provinz Maniema (S\u00fcd-Kivu) durch: Bildung hat oberste Priorit\u00e4t.\",\"breadcrumb\":{\"@id\":\"https:\/\/actionaid.ch\/de\/was-wir-tun\/spezifische-projekte\/demokratische-republik-kongo\/#breadcrumb\"},\"inLanguage\":\"de\",\"potentialAction\":[{\"@type\":\"ReadAction\",\"target\":[\"https:\/\/actionaid.ch\/de\/was-wir-tun\/spezifische-projekte\/demokratische-republik-kongo\/\"]}]},{\"@type\":\"ImageObject\",\"inLanguage\":\"de\",\"@id\":\"https:\/\/actionaid.ch\/de\/was-wir-tun\/spezifische-projekte\/demokratische-republik-kongo\/#primaryimage\",\"url\":\"https:\/\/actionaid.ch\/wp-content\/uploads\/2025\/05\/RPCongo_Header.jpg\",\"contentUrl\":\"https:\/\/actionaid.ch\/wp-content\/uploads\/2025\/05\/RPCongo_Header.jpg\",\"width\":2014,\"height\":924},{\"@type\":\"BreadcrumbList\",\"@id\":\"https:\/\/actionaid.ch\/de\/was-wir-tun\/spezifische-projekte\/demokratische-republik-kongo\/#breadcrumb\",\"itemListElement\":[{\"@type\":\"ListItem\",\"position\":1,\"name\":\"Home\",\"item\":\"https:\/\/actionaid.ch\/de\/\"},{\"@type\":\"ListItem\",\"position\":2,\"name\":\"Was wir tun\",\"item\":\"https:\/\/actionaid.ch\/de\/was-wir-tun\/\"},{\"@type\":\"ListItem\",\"position\":3,\"name\":\"Projekte\",\"item\":\"https:\/\/actionaid.ch\/de\/was-wir-tun\/spezifische-projekte\/\"},{\"@type\":\"ListItem\",\"position\":4,\"name\":\"Demokratische Republik Kongo\"}]},{\"@type\":\"WebSite\",\"@id\":\"https:\/\/actionaid.ch\/de\/#website\",\"url\":\"https:\/\/actionaid.ch\/de\/\",\"name\":\"ActionAid Svizzera\",\"description\":\"\",\"publisher\":{\"@id\":\"https:\/\/actionaid.ch\/de\/#organization\"},\"potentialAction\":[{\"@type\":\"SearchAction\",\"target\":{\"@type\":\"EntryPoint\",\"urlTemplate\":\"https:\/\/actionaid.ch\/de\/?s={search_term_string}\"},\"query-input\":{\"@type\":\"PropertyValueSpecification\",\"valueRequired\":true,\"valueName\":\"search_term_string\"}}],\"inLanguage\":\"de\"},{\"@type\":\"Organization\",\"@id\":\"https:\/\/actionaid.ch\/de\/#organization\",\"name\":\"ActionAid Svizzera\",\"url\":\"https:\/\/actionaid.ch\/de\/\",\"logo\":{\"@type\":\"ImageObject\",\"inLanguage\":\"de\",\"@id\":\"https:\/\/actionaid.ch\/de\/#\/schema\/logo\/image\/\",\"url\":\"https:\/\/actionaid.ch\/wp-content\/uploads\/2025\/04\/Logo_rosso.png\",\"contentUrl\":\"https:\/\/actionaid.ch\/wp-content\/uploads\/2025\/04\/Logo_rosso.png\",\"width\":2331,\"height\":407,\"caption\":\"ActionAid Svizzera\"},\"image\":{\"@id\":\"https:\/\/actionaid.ch\/de\/#\/schema\/logo\/image\/\"},\"sameAs\":[\"https:\/\/www.facebook.com\/ActionAidSwitzerland\/?locale=it_IT\",\"https:\/\/www.instagram.com\/actionaid_international\/?hl=en\"]}]}<\/script>\n<!-- \/ Yoast SEO plugin. -->","yoast_head_json":{"title":"Projekt Demokratische Republik Kongo - ActionAid Schweiz","description":"Seit 2003 f\u00fchren wir ein Schutzprogramm in 40 Gemeinden der Provinz Maniema (S\u00fcd-Kivu) durch: Bildung hat oberste Priorit\u00e4t.","robots":{"index":"index","follow":"follow","max-snippet":"max-snippet:-1","max-image-preview":"max-image-preview:large","max-video-preview":"max-video-preview:-1"},"canonical":"https:\/\/actionaid.ch\/de\/was-wir-tun\/spezifische-projekte\/demokratische-republik-kongo\/","og_locale":"de_DE","og_type":"article","og_title":"Projekt Demokratische Republik Kongo - ActionAid Schweiz","og_description":"Seit 2003 f\u00fchren wir ein Schutzprogramm in 40 Gemeinden der Provinz Maniema (S\u00fcd-Kivu) durch: Bildung hat oberste Priorit\u00e4t.","og_url":"https:\/\/actionaid.ch\/de\/was-wir-tun\/spezifische-projekte\/demokratische-republik-kongo\/","og_site_name":"ActionAid","article_publisher":"https:\/\/www.facebook.com\/ActionAidSwitzerland\/?locale=it_IT","article_modified_time":"2026-03-25T11:39:13+00:00","og_image":[{"width":2014,"height":924,"url":"https:\/\/actionaid.ch\/wp-content\/uploads\/2025\/05\/RPCongo_Header.jpg","type":"image\/jpeg"}],"twitter_card":"summary_large_image","twitter_misc":{"Gesch\u00e4tzte Lesezeit":"1\u00a0Minute"},"schema":{"@context":"https:\/\/schema.org","@graph":[{"@type":"WebPage","@id":"https:\/\/actionaid.ch\/de\/was-wir-tun\/spezifische-projekte\/demokratische-republik-kongo\/","url":"https:\/\/actionaid.ch\/de\/was-wir-tun\/spezifische-projekte\/demokratische-republik-kongo\/","name":"Projekt Demokratische Republik Kongo - ActionAid Schweiz","isPartOf":{"@id":"https:\/\/actionaid.ch\/de\/#website"},"primaryImageOfPage":{"@id":"https:\/\/actionaid.ch\/de\/was-wir-tun\/spezifische-projekte\/demokratische-republik-kongo\/#primaryimage"},"image":{"@id":"https:\/\/actionaid.ch\/de\/was-wir-tun\/spezifische-projekte\/demokratische-republik-kongo\/#primaryimage"},"thumbnailUrl":"https:\/\/actionaid.ch\/wp-content\/uploads\/2025\/05\/RPCongo_Header.jpg","datePublished":"2025-05-22T07:03:02+00:00","dateModified":"2026-03-25T11:39:13+00:00","description":"Seit 2003 f\u00fchren wir ein Schutzprogramm in 40 Gemeinden der Provinz Maniema (S\u00fcd-Kivu) durch: Bildung hat oberste Priorit\u00e4t.","breadcrumb":{"@id":"https:\/\/actionaid.ch\/de\/was-wir-tun\/spezifische-projekte\/demokratische-republik-kongo\/#breadcrumb"},"inLanguage":"de","potentialAction":[{"@type":"ReadAction","target":["https:\/\/actionaid.ch\/de\/was-wir-tun\/spezifische-projekte\/demokratische-republik-kongo\/"]}]},{"@type":"ImageObject","inLanguage":"de","@id":"https:\/\/actionaid.ch\/de\/was-wir-tun\/spezifische-projekte\/demokratische-republik-kongo\/#primaryimage","url":"https:\/\/actionaid.ch\/wp-content\/uploads\/2025\/05\/RPCongo_Header.jpg","contentUrl":"https:\/\/actionaid.ch\/wp-content\/uploads\/2025\/05\/RPCongo_Header.jpg","width":2014,"height":924},{"@type":"BreadcrumbList","@id":"https:\/\/actionaid.ch\/de\/was-wir-tun\/spezifische-projekte\/demokratische-republik-kongo\/#breadcrumb","itemListElement":[{"@type":"ListItem","position":1,"name":"Home","item":"https:\/\/actionaid.ch\/de\/"},{"@type":"ListItem","position":2,"name":"Was wir tun","item":"https:\/\/actionaid.ch\/de\/was-wir-tun\/"},{"@type":"ListItem","position":3,"name":"Projekte","item":"https:\/\/actionaid.ch\/de\/was-wir-tun\/spezifische-projekte\/"},{"@type":"ListItem","position":4,"name":"Demokratische Republik Kongo"}]},{"@type":"WebSite","@id":"https:\/\/actionaid.ch\/de\/#website","url":"https:\/\/actionaid.ch\/de\/","name":"ActionAid Svizzera","description":"","publisher":{"@id":"https:\/\/actionaid.ch\/de\/#organization"},"potentialAction":[{"@type":"SearchAction","target":{"@type":"EntryPoint","urlTemplate":"https:\/\/actionaid.ch\/de\/?s={search_term_string}"},"query-input":{"@type":"PropertyValueSpecification","valueRequired":true,"valueName":"search_term_string"}}],"inLanguage":"de"},{"@type":"Organization","@id":"https:\/\/actionaid.ch\/de\/#organization","name":"ActionAid Svizzera","url":"https:\/\/actionaid.ch\/de\/","logo":{"@type":"ImageObject","inLanguage":"de","@id":"https:\/\/actionaid.ch\/de\/#\/schema\/logo\/image\/","url":"https:\/\/actionaid.ch\/wp-content\/uploads\/2025\/04\/Logo_rosso.png","contentUrl":"https:\/\/actionaid.ch\/wp-content\/uploads\/2025\/04\/Logo_rosso.png","width":2331,"height":407,"caption":"ActionAid Svizzera"},"image":{"@id":"https:\/\/actionaid.ch\/de\/#\/schema\/logo\/image\/"},"sameAs":["https:\/\/www.facebook.com\/ActionAidSwitzerland\/?locale=it_IT","https:\/\/www.instagram.com\/actionaid_international\/?hl=en"]}]}},"_links":{"self":[{"href":"https:\/\/actionaid.ch\/de\/wp-json\/wp\/v2\/pages\/2507","targetHints":{"allow":["GET"]}}],"collection":[{"href":"https:\/\/actionaid.ch\/de\/wp-json\/wp\/v2\/pages"}],"about":[{"href":"https:\/\/actionaid.ch\/de\/wp-json\/wp\/v2\/types\/page"}],"author":[{"embeddable":true,"href":"https:\/\/actionaid.ch\/de\/wp-json\/wp\/v2\/users\/2"}],"replies":[{"embeddable":true,"href":"https:\/\/actionaid.ch\/de\/wp-json\/wp\/v2\/comments?post=2507"}],"version-history":[{"count":8,"href":"https:\/\/actionaid.ch\/de\/wp-json\/wp\/v2\/pages\/2507\/revisions"}],"predecessor-version":[{"id":17217,"href":"https:\/\/actionaid.ch\/de\/wp-json\/wp\/v2\/pages\/2507\/revisions\/17217"}],"up":[{"embeddable":true,"href":"https:\/\/actionaid.ch\/de\/wp-json\/wp\/v2\/pages\/2357"}],"wp:featuredmedia":[{"embeddable":true,"href":"https:\/\/actionaid.ch\/de\/wp-json\/wp\/v2\/media\/1999"}],"wp:attachment":[{"href":"https:\/\/actionaid.ch\/de\/wp-json\/wp\/v2\/media?parent=2507"}],"curies":[{"name":"wp","href":"https:\/\/api.w.org\/{rel}","templated":true}]}}