{"id":2363,"date":"2025-05-22T23:40:40","date_gmt":"2025-05-22T21:40:40","guid":{"rendered":"https:\/\/actionaid.ch\/?page_id=2363"},"modified":"2026-03-19T14:33:51","modified_gmt":"2026-03-19T13:33:51","slug":"katastrophenhilfe","status":"publish","type":"page","link":"https:\/\/actionaid.ch\/de\/was-wir-tun\/katastrophenhilfe\/","title":{"rendered":"Katastrophenhilfe"},"content":{"rendered":"<div class=\"vidiemme-block page-launch  \" >\n  \n  <div class=\"container-xl\">\n    <div class=\"block-container\">\n  \n    <div class=\"container\">\n      <div class=\"row\">\n\n        <div class=\"col-md-6 d-flex align-items-center pb-4 order-0\">\n                          <!-- <img decoding=\"async\" src=\"https:\/\/actionaid.ch\/wp-content\/uploads\/2025\/06\/R297841.jpg\" alt=\"\" class=\"img-fluid rounded block-image\"> -->\n              <img loading=\"lazy\" decoding=\"async\" width=\"1067\" height=\"800\" src=\"https:\/\/actionaid.ch\/wp-content\/uploads\/2025\/06\/R297841.jpg\" class=\"img-fluid rounded block-image\" alt=\"\" srcset=\"https:\/\/actionaid.ch\/wp-content\/uploads\/2025\/06\/R297841.jpg 1067w, https:\/\/actionaid.ch\/wp-content\/uploads\/2025\/06\/R297841-300x225.jpg 300w, https:\/\/actionaid.ch\/wp-content\/uploads\/2025\/06\/R297841-1024x768.jpg 1024w, https:\/\/actionaid.ch\/wp-content\/uploads\/2025\/06\/R297841-768x576.jpg 768w\" sizes=\"auto, (max-width: 1067px) 100vw, 1067px\" \/>\n                    <\/div>\n\n        <div class=\"col-md-6 d-flex align-items-center pb-4 order-1\">\n\n          <div class=\"block-content\">\n                          <h2 class=\"block-title\">Jedes Jahr sind \u00fcber 300 Millionen Menschen von Naturkatastrophen oder Konflikten betroffen.<\/h2>\n                      \n                          <div class=\"block-description mt-4\"><div class=\"field field-intro\">\n<p>Viele L\u00e4nder, in denen ActionAid arbeitet, wie Ruanda, Sierra Leone, Liberia, Afghanistan, Haiti, Pakistan, Indien, der Gaza-Streifen und Syrien, sind oder waren k\u00fcrzlich Schaupl\u00e4tze von Kriegen oder Naturkatastrophen.<\/p>\n<\/div>\n<div class=\"field field-body\">Bei all diesen Gelegenheiten <strong>arbeitet ActionAid mit langfristiger Orientierung<\/strong> und dem Ziel, den sozialen und wirtschaftlichen Wiederaufbau zu f\u00f6rdern. Wir beschr\u00e4nken uns nicht auf die humanit\u00e4re Hilfe, sondern setzen bei den Ursachen an, die die Katastrophe oder den Konflikt ausgel\u00f6st oder so verheerend gemacht haben.<\/div>\n<\/div>\n            \n                      <\/div>\n\n        <\/div>\n        \n\n      <\/div>\n    <\/div>\n  \n\n<\/div>\n  <\/div>\n<\/div>\n\n\n\n<div style=\"height:30px\" aria-hidden=\"true\" class=\"wp-block-spacer\"><\/div>\n\n\n<div class=\"vidiemme-block basic-editor  \" >\n  \n  <div class=\"container-xl\">\n    <div>Wir setzen uns also daf\u00fcr ein, den Opfern mehr Sicherheit zu geben, indem wir sie direkt am Wiederaufbau beteiligen und gemeinsam mit ihnen nachhaltige Entwicklungswege definieren, unabh\u00e4ngig von Identit\u00e4t, Geschlecht oder Religion.<\/div>\n<div><\/div>\n<div>Das Thema <strong>humanit\u00e4re Sicherheit<\/strong> wird in drei Bereiche unterteilt:<\/div>\n<div>\n<ul>\n<li>Reduzieren der Katastrophengefahr<\/li>\n<li>Hilfe bei Notf\u00e4llen<\/li>\n<li>Konflikte<\/li>\n<\/ul>\n<\/div>\n  <\/div>\n<\/div>\n\n\n\n<div style=\"height:30px\" aria-hidden=\"true\" class=\"wp-block-spacer\"><\/div>\n\n\n<div class=\"vidiemme-block focused-content  \" >\n  \n  <div class=\"container-xl\">\n    <div class=\"title mb-4\">Bei Katastrophenhilfe sch\u00fctzt ActionAid die Rechte der besonders verletzlichen Menschen durch Einwirken auf:<\/div>\n    \n    <div class=\"focused\">\n\n      \n            <div class=\"description\"><ul>\n<li>die nationale und globale Politik, um die strukturellen Ursachen der nat\u00fcrlichen und der durch Menschen verursachten Katastrophen zu bek\u00e4mpfen,<\/li>\n<li>die Notfallpr\u00e4vention, um die F\u00e4higkeit der Gemeinschaft zur Erholung nach einer Katastrophe zu st\u00e4rken,<\/li>\n<li>Hilfe, Wiederaufbau und Wiederherstellung.<\/li>\n<\/ul>\n<\/div>\n      \n      \n          \n    <\/div>\n  <\/div>\n<\/div>\n\n\n\n<div style=\"height:30px\" aria-hidden=\"true\" class=\"wp-block-spacer\"><\/div>\n\n\n<div class=\"vidiemme-block basic-editor  \" >\n  \n  <div class=\"container-xl\">\n    <p>Wir wissen, dass wir nicht verhindern k\u00f6nnen, dass Naturkatastrophen stattfinden, aber <strong>wir k\u00f6nnen darauf achten, dass die Menschen, die am st\u00e4rksten gef\u00e4hrdet sind, bereit sind zu reagieren<\/strong>.<\/p>\n<p>Unser Ansatz st\u00fctzt sich auf drei Grunds\u00e4tze:<\/p>\n  <\/div>\n<\/div>\n\n\n<div class=\"vidiemme-block icons-list  \" >\n  \n  <div class=\"container-xl\">\n    <div class=\"icons-list-wrapper\">\n              <div class=\"item pb-4 row\">\n                      <div class=\"col-3 col-md-2\">\n              <img decoding=\"async\" src=\"https:\/\/actionaid.ch\/wp-content\/uploads\/2025\/06\/icon_mappa.png\" alt=\"\" class=\"item-icon img-fluid\" \/>\n            <\/div>\n          \n          <div class=\"col\">\n                        <div class=\"item-title mb-2\">Wir bevorzugen eine Reaktion auf lokaler Ebene<\/div>\n            \n             \n            <div class=\"item-description\"><p>Wir arbeiten mit den lokalen Gemeinschaften zusammen, um umfassende, dauerhafte und angemessene L\u00f6sungen zu finden.<\/p>\n<\/div>\n                      <\/div>\n\n        <\/div>\n              <div class=\"item pb-4 row\">\n                      <div class=\"col-3 col-md-2\">\n              <img decoding=\"async\" src=\"https:\/\/actionaid.ch\/wp-content\/uploads\/2025\/06\/icon_donna.png\" alt=\"\" class=\"item-icon img-fluid\" \/>\n            <\/div>\n          \n          <div class=\"col\">\n                        <div class=\"item-title mb-2\">Wir unterst\u00fctzen die Frauen-Leadership <\/div>\n            \n             \n            <div class=\"item-description\"><p>Wir m\u00f6chten, dass die Frauen die Chance haben, bei der humanit\u00e4ren Hilfe eine aktive Rolle zu \u00fcbernehmen.<\/p>\n<\/div>\n                      <\/div>\n\n        <\/div>\n              <div class=\"item pb-4 row\">\n                      <div class=\"col-3 col-md-2\">\n              <img decoding=\"async\" src=\"https:\/\/actionaid.ch\/wp-content\/uploads\/2025\/06\/icon_megafono.png\" alt=\"\" class=\"item-icon img-fluid\" \/>\n            <\/div>\n          \n          <div class=\"col\">\n                        <div class=\"item-title mb-2\">Wir arbeiten, um den Gemeinschaften Geh\u00f6r zu verschaffen<\/div>\n            \n             \n            <div class=\"item-description\"><p>Wir setzten uns vor, w\u00e4hrend und nach den Krisen daf\u00fcr ein, damit die Beh\u00f6rden auf die Stimme der Gemeinschaften, die am st\u00e4rksten gef\u00e4hrdet sind, h\u00f6ren.<\/p>\n<\/div>\n                      <\/div>\n\n        <\/div>\n          <\/div>\n  <\/div>\n<\/div>\n\n\n<div class=\"vidiemme-block cta-band  \" >\n  \n  <div class=\"container-xl\">\n    <div class=\"row\">\n      \n      <div class=\"col align-content-center\">\n            <div class=\"title mb-4\">Trage zum Notfallfonds bei<\/div>\n      \n            <div class=\"link\">\n        <a href=\"https:\/\/actionaid.ch\/de\/donation-forms\/notfallfond\/\" target=\"_blank\" class=\"btn btn-primary btn-lg btn-cta\">Jetzt Spenden<\/a>\n      <\/div>\n            <\/div>\n    <\/div>\n  <\/div>\n<\/div>\n\n\n<div class=\"vidiemme-block basic-editor  \" >\n  \n  <div class=\"container-xl\">\n    <h6><em>Photocredits: ActionAid<\/em><\/h6>\n  <\/div>\n<\/div>\n","protected":false},"excerpt":{"rendered":"","protected":false},"author":2,"featured_media":0,"parent":1966,"menu_order":115,"comment_status":"closed","ping_status":"closed","template":"","meta":{"_acf_changed":false,"footnotes":""},"class_list":["post-2363","page","type-page","status-publish","hentry"],"acf":[],"yoast_head":"<!-- This site is optimized with the Yoast SEO plugin v25.9 - https:\/\/yoast.com\/wordpress\/plugins\/seo\/ -->\n<title>Katastrophenhilfe - ActionAid Schweiz<\/title>\n<meta name=\"description\" content=\"Jedes Jahr sind \u00fcber 300 Millionen Menschen von Naturkatastrophen oder Konflikten betroffen. ActionAid arbeitet langfristig.\" \/>\n<meta name=\"robots\" content=\"index, follow, max-snippet:-1, max-image-preview:large, max-video-preview:-1\" \/>\n<link rel=\"canonical\" href=\"https:\/\/actionaid.ch\/de\/was-wir-tun\/katastrophenhilfe\/\" \/>\n<meta property=\"og:locale\" content=\"de_DE\" \/>\n<meta property=\"og:type\" content=\"article\" \/>\n<meta property=\"og:title\" content=\"Katastrophenhilfe - ActionAid Schweiz\" \/>\n<meta property=\"og:description\" content=\"Jedes Jahr sind \u00fcber 300 Millionen Menschen von Naturkatastrophen oder Konflikten betroffen. ActionAid arbeitet langfristig.\" \/>\n<meta property=\"og:url\" content=\"https:\/\/actionaid.ch\/de\/was-wir-tun\/katastrophenhilfe\/\" \/>\n<meta property=\"og:site_name\" content=\"ActionAid\" \/>\n<meta property=\"article:publisher\" content=\"https:\/\/www.facebook.com\/ActionAidSwitzerland\/?locale=it_IT\" \/>\n<meta property=\"article:modified_time\" content=\"2026-03-19T13:33:51+00:00\" \/>\n<meta name=\"twitter:card\" content=\"summary_large_image\" \/>\n<script type=\"application\/ld+json\" class=\"yoast-schema-graph\">{\"@context\":\"https:\/\/schema.org\",\"@graph\":[{\"@type\":\"WebPage\",\"@id\":\"https:\/\/actionaid.ch\/de\/was-wir-tun\/katastrophenhilfe\/\",\"url\":\"https:\/\/actionaid.ch\/de\/was-wir-tun\/katastrophenhilfe\/\",\"name\":\"Katastrophenhilfe - ActionAid Schweiz\",\"isPartOf\":{\"@id\":\"https:\/\/actionaid.ch\/de\/#website\"},\"datePublished\":\"2025-05-22T21:40:40+00:00\",\"dateModified\":\"2026-03-19T13:33:51+00:00\",\"description\":\"Jedes Jahr sind \u00fcber 300 Millionen Menschen von Naturkatastrophen oder Konflikten betroffen. ActionAid arbeitet langfristig.\",\"breadcrumb\":{\"@id\":\"https:\/\/actionaid.ch\/de\/was-wir-tun\/katastrophenhilfe\/#breadcrumb\"},\"inLanguage\":\"de\",\"potentialAction\":[{\"@type\":\"ReadAction\",\"target\":[\"https:\/\/actionaid.ch\/de\/was-wir-tun\/katastrophenhilfe\/\"]}]},{\"@type\":\"BreadcrumbList\",\"@id\":\"https:\/\/actionaid.ch\/de\/was-wir-tun\/katastrophenhilfe\/#breadcrumb\",\"itemListElement\":[{\"@type\":\"ListItem\",\"position\":1,\"name\":\"Home\",\"item\":\"https:\/\/actionaid.ch\/de\/\"},{\"@type\":\"ListItem\",\"position\":2,\"name\":\"Was wir tun\",\"item\":\"https:\/\/actionaid.ch\/de\/was-wir-tun\/\"},{\"@type\":\"ListItem\",\"position\":3,\"name\":\"Katastrophenhilfe\"}]},{\"@type\":\"WebSite\",\"@id\":\"https:\/\/actionaid.ch\/de\/#website\",\"url\":\"https:\/\/actionaid.ch\/de\/\",\"name\":\"ActionAid Svizzera\",\"description\":\"\",\"publisher\":{\"@id\":\"https:\/\/actionaid.ch\/de\/#organization\"},\"potentialAction\":[{\"@type\":\"SearchAction\",\"target\":{\"@type\":\"EntryPoint\",\"urlTemplate\":\"https:\/\/actionaid.ch\/de\/?s={search_term_string}\"},\"query-input\":{\"@type\":\"PropertyValueSpecification\",\"valueRequired\":true,\"valueName\":\"search_term_string\"}}],\"inLanguage\":\"de\"},{\"@type\":\"Organization\",\"@id\":\"https:\/\/actionaid.ch\/de\/#organization\",\"name\":\"ActionAid Svizzera\",\"url\":\"https:\/\/actionaid.ch\/de\/\",\"logo\":{\"@type\":\"ImageObject\",\"inLanguage\":\"de\",\"@id\":\"https:\/\/actionaid.ch\/de\/#\/schema\/logo\/image\/\",\"url\":\"https:\/\/actionaid.ch\/wp-content\/uploads\/2025\/04\/Logo_rosso.png\",\"contentUrl\":\"https:\/\/actionaid.ch\/wp-content\/uploads\/2025\/04\/Logo_rosso.png\",\"width\":2331,\"height\":407,\"caption\":\"ActionAid Svizzera\"},\"image\":{\"@id\":\"https:\/\/actionaid.ch\/de\/#\/schema\/logo\/image\/\"},\"sameAs\":[\"https:\/\/www.facebook.com\/ActionAidSwitzerland\/?locale=it_IT\",\"https:\/\/www.instagram.com\/actionaid_international\/?hl=en\"]}]}<\/script>\n<!-- \/ Yoast SEO plugin. -->","yoast_head_json":{"title":"Katastrophenhilfe - ActionAid Schweiz","description":"Jedes Jahr sind \u00fcber 300 Millionen Menschen von Naturkatastrophen oder Konflikten betroffen. ActionAid arbeitet langfristig.","robots":{"index":"index","follow":"follow","max-snippet":"max-snippet:-1","max-image-preview":"max-image-preview:large","max-video-preview":"max-video-preview:-1"},"canonical":"https:\/\/actionaid.ch\/de\/was-wir-tun\/katastrophenhilfe\/","og_locale":"de_DE","og_type":"article","og_title":"Katastrophenhilfe - ActionAid Schweiz","og_description":"Jedes Jahr sind \u00fcber 300 Millionen Menschen von Naturkatastrophen oder Konflikten betroffen. ActionAid arbeitet langfristig.","og_url":"https:\/\/actionaid.ch\/de\/was-wir-tun\/katastrophenhilfe\/","og_site_name":"ActionAid","article_publisher":"https:\/\/www.facebook.com\/ActionAidSwitzerland\/?locale=it_IT","article_modified_time":"2026-03-19T13:33:51+00:00","twitter_card":"summary_large_image","schema":{"@context":"https:\/\/schema.org","@graph":[{"@type":"WebPage","@id":"https:\/\/actionaid.ch\/de\/was-wir-tun\/katastrophenhilfe\/","url":"https:\/\/actionaid.ch\/de\/was-wir-tun\/katastrophenhilfe\/","name":"Katastrophenhilfe - ActionAid Schweiz","isPartOf":{"@id":"https:\/\/actionaid.ch\/de\/#website"},"datePublished":"2025-05-22T21:40:40+00:00","dateModified":"2026-03-19T13:33:51+00:00","description":"Jedes Jahr sind \u00fcber 300 Millionen Menschen von Naturkatastrophen oder Konflikten betroffen. ActionAid arbeitet langfristig.","breadcrumb":{"@id":"https:\/\/actionaid.ch\/de\/was-wir-tun\/katastrophenhilfe\/#breadcrumb"},"inLanguage":"de","potentialAction":[{"@type":"ReadAction","target":["https:\/\/actionaid.ch\/de\/was-wir-tun\/katastrophenhilfe\/"]}]},{"@type":"BreadcrumbList","@id":"https:\/\/actionaid.ch\/de\/was-wir-tun\/katastrophenhilfe\/#breadcrumb","itemListElement":[{"@type":"ListItem","position":1,"name":"Home","item":"https:\/\/actionaid.ch\/de\/"},{"@type":"ListItem","position":2,"name":"Was wir tun","item":"https:\/\/actionaid.ch\/de\/was-wir-tun\/"},{"@type":"ListItem","position":3,"name":"Katastrophenhilfe"}]},{"@type":"WebSite","@id":"https:\/\/actionaid.ch\/de\/#website","url":"https:\/\/actionaid.ch\/de\/","name":"ActionAid Svizzera","description":"","publisher":{"@id":"https:\/\/actionaid.ch\/de\/#organization"},"potentialAction":[{"@type":"SearchAction","target":{"@type":"EntryPoint","urlTemplate":"https:\/\/actionaid.ch\/de\/?s={search_term_string}"},"query-input":{"@type":"PropertyValueSpecification","valueRequired":true,"valueName":"search_term_string"}}],"inLanguage":"de"},{"@type":"Organization","@id":"https:\/\/actionaid.ch\/de\/#organization","name":"ActionAid Svizzera","url":"https:\/\/actionaid.ch\/de\/","logo":{"@type":"ImageObject","inLanguage":"de","@id":"https:\/\/actionaid.ch\/de\/#\/schema\/logo\/image\/","url":"https:\/\/actionaid.ch\/wp-content\/uploads\/2025\/04\/Logo_rosso.png","contentUrl":"https:\/\/actionaid.ch\/wp-content\/uploads\/2025\/04\/Logo_rosso.png","width":2331,"height":407,"caption":"ActionAid Svizzera"},"image":{"@id":"https:\/\/actionaid.ch\/de\/#\/schema\/logo\/image\/"},"sameAs":["https:\/\/www.facebook.com\/ActionAidSwitzerland\/?locale=it_IT","https:\/\/www.instagram.com\/actionaid_international\/?hl=en"]}]}},"_links":{"self":[{"href":"https:\/\/actionaid.ch\/de\/wp-json\/wp\/v2\/pages\/2363","targetHints":{"allow":["GET"]}}],"collection":[{"href":"https:\/\/actionaid.ch\/de\/wp-json\/wp\/v2\/pages"}],"about":[{"href":"https:\/\/actionaid.ch\/de\/wp-json\/wp\/v2\/types\/page"}],"author":[{"embeddable":true,"href":"https:\/\/actionaid.ch\/de\/wp-json\/wp\/v2\/users\/2"}],"replies":[{"embeddable":true,"href":"https:\/\/actionaid.ch\/de\/wp-json\/wp\/v2\/comments?post=2363"}],"version-history":[{"count":6,"href":"https:\/\/actionaid.ch\/de\/wp-json\/wp\/v2\/pages\/2363\/revisions"}],"predecessor-version":[{"id":16986,"href":"https:\/\/actionaid.ch\/de\/wp-json\/wp\/v2\/pages\/2363\/revisions\/16986"}],"up":[{"embeddable":true,"href":"https:\/\/actionaid.ch\/de\/wp-json\/wp\/v2\/pages\/1966"}],"wp:attachment":[{"href":"https:\/\/actionaid.ch\/de\/wp-json\/wp\/v2\/media?parent=2363"}],"curies":[{"name":"wp","href":"https:\/\/api.w.org\/{rel}","templated":true}]}}