{"id":2349,"date":"2025-05-22T23:43:45","date_gmt":"2025-05-22T21:43:45","guid":{"rendered":"https:\/\/actionaid.ch\/?page_id=2349"},"modified":"2026-03-19T17:50:10","modified_gmt":"2026-03-19T16:50:10","slug":"wo-wir-taetig-sind","status":"publish","type":"page","link":"https:\/\/actionaid.ch\/de\/was-wir-tun\/wo-wir-taetig-sind\/","title":{"rendered":"Wo wir t\u00e4tig sind"},"content":{"rendered":"<div class=\"vidiemme-block basic-editor  \" >\n  \n  <div class=\"container-xl\">\n    <h1><span style=\"color: #ed1c24;\">Wir sind in 75 L\u00e4ndern weltweit t\u00e4tig.<\/span><\/h1>\n<p>Seit 1972 arbeiten wir an der Seite der am st\u00e4rksten benachteiligten Gemeinschaften in Afrika, Asien, Lateinamerika und im Nahen Osten, um ihre Rechte zu st\u00e4rken und Armut sowie Ungleichheit zu bek\u00e4mpfen.<\/p>\n<p>Im Jahr 2024 haben wir mehr als 45 Millionen Menschen erreicht und dabei insbesondere Frauen und M\u00e4dchen auf ihrem Weg zu Autonomie und W\u00fcrde unterst\u00fctzt.<\/p>\n<p><strong>Als Teil eines internationalen Netzwerks k\u00f6nnen wir auf lokaler, nationaler und globaler Ebene handeln \u2013 mit gezielten Ma\u00dfnahmen, die in den jeweiligen Kontexten verankert sind.<\/strong><\/p>\n<p>Wir verfolgen einen menschenrechtsbasierten und partizipativen Ansatz: Wir bringen keine L\u00f6sungen von au\u00dfen, sondern arbeiten gemeinsam mit den Gemeinschaften und st\u00e4rken ihre F\u00e4higkeit, selbst zu handeln und ihre Rechte einzufordern. Wir beziehen die gesamte Gemeinschaft ein (M\u00e4nner, Frauen, Kinder, Familien, Institutionen und religi\u00f6se F\u00fchrungspersonen), denn nur gemeinsames Handeln kann die Ursachen von Ungerechtigkeit bek\u00e4mpfen und nachhaltige Ver\u00e4nderungen bewirken.<\/p>\n<p><span style=\"color: #ed1c24;\"><strong>Unser oberstes Ziel? <\/strong><\/span><strong>\u00dcberfl\u00fcssig zu werden in den L\u00e4ndern<\/strong>, in denen wir t\u00e4tig sind. Denn das bedeutet, dass die Gemeinschaften selbstst\u00e4ndig geworden sind und ihre Zukunft eigenst\u00e4ndig gestalten k\u00f6nnen.<\/p>\n<h2><\/h2>\n<h2>Wo wir weltweit t\u00e4tig sind<\/h2>\n  <\/div>\n<\/div>\n\n\n\n<figure class=\"wp-block-image size-full\"><img loading=\"lazy\" decoding=\"async\" width=\"1920\" height=\"1080\" src=\"https:\/\/actionaid.ch\/wp-content\/uploads\/2025\/10\/AA-Federation-Map-DE-small.png\" alt=\"ActionAid International Federation map - de\" class=\"wp-image-15290\" srcset=\"https:\/\/actionaid.ch\/wp-content\/uploads\/2025\/10\/AA-Federation-Map-DE-small.png 1920w, https:\/\/actionaid.ch\/wp-content\/uploads\/2025\/10\/AA-Federation-Map-DE-small-300x169.png 300w, https:\/\/actionaid.ch\/wp-content\/uploads\/2025\/10\/AA-Federation-Map-DE-small-1024x576.png 1024w, https:\/\/actionaid.ch\/wp-content\/uploads\/2025\/10\/AA-Federation-Map-DE-small-768x432.png 768w, https:\/\/actionaid.ch\/wp-content\/uploads\/2025\/10\/AA-Federation-Map-DE-small-1536x864.png 1536w\" sizes=\"auto, (max-width: 1920px) 100vw, 1920px\" \/><\/figure>\n","protected":false},"excerpt":{"rendered":"","protected":false},"author":2,"featured_media":0,"parent":1966,"menu_order":87,"comment_status":"closed","ping_status":"closed","template":"","meta":{"_acf_changed":false,"footnotes":""},"class_list":["post-2349","page","type-page","status-publish","hentry"],"acf":[],"yoast_head":"<!-- This site is optimized with the Yoast SEO plugin v25.9 - https:\/\/yoast.com\/wordpress\/plugins\/seo\/ -->\n<title>Wo wir t\u00e4tig sind - ActionAid Schweiz<\/title>\n<meta name=\"description\" content=\"Wir sind in 75 L\u00e4ndern t\u00e4tig und arbeiten mit Gemeinschaften, um Rechte zu st\u00e4rken und Armut sowie Ungleichheit zu bek\u00e4mpfen.\" \/>\n<meta name=\"robots\" content=\"index, follow, max-snippet:-1, max-image-preview:large, max-video-preview:-1\" \/>\n<link rel=\"canonical\" href=\"https:\/\/actionaid.ch\/de\/was-wir-tun\/wo-wir-taetig-sind\/\" \/>\n<meta property=\"og:locale\" content=\"de_DE\" \/>\n<meta property=\"og:type\" content=\"article\" \/>\n<meta property=\"og:title\" content=\"Wo wir t\u00e4tig sind - ActionAid Schweiz\" \/>\n<meta property=\"og:description\" content=\"Wir sind in 75 L\u00e4ndern t\u00e4tig und arbeiten mit Gemeinschaften, um Rechte zu st\u00e4rken und Armut sowie Ungleichheit zu bek\u00e4mpfen.\" \/>\n<meta property=\"og:url\" content=\"https:\/\/actionaid.ch\/de\/was-wir-tun\/wo-wir-taetig-sind\/\" \/>\n<meta property=\"og:site_name\" content=\"ActionAid\" \/>\n<meta property=\"article:publisher\" content=\"https:\/\/www.facebook.com\/ActionAidSwitzerland\/?locale=it_IT\" \/>\n<meta property=\"article:modified_time\" content=\"2026-03-19T16:50:10+00:00\" \/>\n<meta property=\"og:image\" content=\"https:\/\/actionaid.ch\/wp-content\/uploads\/2025\/10\/AA-Federation-Map-DE-small.png\" \/>\n\t<meta property=\"og:image:width\" content=\"1920\" \/>\n\t<meta property=\"og:image:height\" content=\"1080\" \/>\n\t<meta property=\"og:image:type\" content=\"image\/png\" \/>\n<meta name=\"twitter:card\" content=\"summary_large_image\" \/>\n<meta name=\"twitter:label1\" content=\"Gesch\u00e4tzte Lesezeit\" \/>\n\t<meta name=\"twitter:data1\" content=\"1\u00a0Minute\" \/>\n<script type=\"application\/ld+json\" class=\"yoast-schema-graph\">{\"@context\":\"https:\/\/schema.org\",\"@graph\":[{\"@type\":\"WebPage\",\"@id\":\"https:\/\/actionaid.ch\/de\/was-wir-tun\/wo-wir-taetig-sind\/\",\"url\":\"https:\/\/actionaid.ch\/de\/was-wir-tun\/wo-wir-taetig-sind\/\",\"name\":\"Wo wir t\u00e4tig sind - ActionAid Schweiz\",\"isPartOf\":{\"@id\":\"https:\/\/actionaid.ch\/de\/#website\"},\"primaryImageOfPage\":{\"@id\":\"https:\/\/actionaid.ch\/de\/was-wir-tun\/wo-wir-taetig-sind\/#primaryimage\"},\"image\":{\"@id\":\"https:\/\/actionaid.ch\/de\/was-wir-tun\/wo-wir-taetig-sind\/#primaryimage\"},\"thumbnailUrl\":\"https:\/\/actionaid.ch\/wp-content\/uploads\/2025\/10\/AA-Federation-Map-DE-small.png\",\"datePublished\":\"2025-05-22T21:43:45+00:00\",\"dateModified\":\"2026-03-19T16:50:10+00:00\",\"description\":\"Wir sind in 75 L\u00e4ndern t\u00e4tig und arbeiten mit Gemeinschaften, um Rechte zu st\u00e4rken und Armut sowie Ungleichheit zu bek\u00e4mpfen.\",\"breadcrumb\":{\"@id\":\"https:\/\/actionaid.ch\/de\/was-wir-tun\/wo-wir-taetig-sind\/#breadcrumb\"},\"inLanguage\":\"de\",\"potentialAction\":[{\"@type\":\"ReadAction\",\"target\":[\"https:\/\/actionaid.ch\/de\/was-wir-tun\/wo-wir-taetig-sind\/\"]}]},{\"@type\":\"ImageObject\",\"inLanguage\":\"de\",\"@id\":\"https:\/\/actionaid.ch\/de\/was-wir-tun\/wo-wir-taetig-sind\/#primaryimage\",\"url\":\"https:\/\/actionaid.ch\/wp-content\/uploads\/2025\/10\/AA-Federation-Map-DE-small.png\",\"contentUrl\":\"https:\/\/actionaid.ch\/wp-content\/uploads\/2025\/10\/AA-Federation-Map-DE-small.png\"},{\"@type\":\"BreadcrumbList\",\"@id\":\"https:\/\/actionaid.ch\/de\/was-wir-tun\/wo-wir-taetig-sind\/#breadcrumb\",\"itemListElement\":[{\"@type\":\"ListItem\",\"position\":1,\"name\":\"Home\",\"item\":\"https:\/\/actionaid.ch\/de\/\"},{\"@type\":\"ListItem\",\"position\":2,\"name\":\"Was wir tun\",\"item\":\"https:\/\/actionaid.ch\/de\/was-wir-tun\/\"},{\"@type\":\"ListItem\",\"position\":3,\"name\":\"Wo wir t\u00e4tig sind\"}]},{\"@type\":\"WebSite\",\"@id\":\"https:\/\/actionaid.ch\/de\/#website\",\"url\":\"https:\/\/actionaid.ch\/de\/\",\"name\":\"ActionAid Svizzera\",\"description\":\"\",\"publisher\":{\"@id\":\"https:\/\/actionaid.ch\/de\/#organization\"},\"potentialAction\":[{\"@type\":\"SearchAction\",\"target\":{\"@type\":\"EntryPoint\",\"urlTemplate\":\"https:\/\/actionaid.ch\/de\/?s={search_term_string}\"},\"query-input\":{\"@type\":\"PropertyValueSpecification\",\"valueRequired\":true,\"valueName\":\"search_term_string\"}}],\"inLanguage\":\"de\"},{\"@type\":\"Organization\",\"@id\":\"https:\/\/actionaid.ch\/de\/#organization\",\"name\":\"ActionAid Svizzera\",\"url\":\"https:\/\/actionaid.ch\/de\/\",\"logo\":{\"@type\":\"ImageObject\",\"inLanguage\":\"de\",\"@id\":\"https:\/\/actionaid.ch\/de\/#\/schema\/logo\/image\/\",\"url\":\"https:\/\/actionaid.ch\/wp-content\/uploads\/2025\/04\/Logo_rosso.png\",\"contentUrl\":\"https:\/\/actionaid.ch\/wp-content\/uploads\/2025\/04\/Logo_rosso.png\",\"width\":2331,\"height\":407,\"caption\":\"ActionAid Svizzera\"},\"image\":{\"@id\":\"https:\/\/actionaid.ch\/de\/#\/schema\/logo\/image\/\"},\"sameAs\":[\"https:\/\/www.facebook.com\/ActionAidSwitzerland\/?locale=it_IT\",\"https:\/\/www.instagram.com\/actionaid_international\/?hl=en\"]}]}<\/script>\n<!-- \/ Yoast SEO plugin. -->","yoast_head_json":{"title":"Wo wir t\u00e4tig sind - ActionAid Schweiz","description":"Wir sind in 75 L\u00e4ndern t\u00e4tig und arbeiten mit Gemeinschaften, um Rechte zu st\u00e4rken und Armut sowie Ungleichheit zu bek\u00e4mpfen.","robots":{"index":"index","follow":"follow","max-snippet":"max-snippet:-1","max-image-preview":"max-image-preview:large","max-video-preview":"max-video-preview:-1"},"canonical":"https:\/\/actionaid.ch\/de\/was-wir-tun\/wo-wir-taetig-sind\/","og_locale":"de_DE","og_type":"article","og_title":"Wo wir t\u00e4tig sind - ActionAid Schweiz","og_description":"Wir sind in 75 L\u00e4ndern t\u00e4tig und arbeiten mit Gemeinschaften, um Rechte zu st\u00e4rken und Armut sowie Ungleichheit zu bek\u00e4mpfen.","og_url":"https:\/\/actionaid.ch\/de\/was-wir-tun\/wo-wir-taetig-sind\/","og_site_name":"ActionAid","article_publisher":"https:\/\/www.facebook.com\/ActionAidSwitzerland\/?locale=it_IT","article_modified_time":"2026-03-19T16:50:10+00:00","og_image":[{"width":1920,"height":1080,"url":"https:\/\/actionaid.ch\/wp-content\/uploads\/2025\/10\/AA-Federation-Map-DE-small.png","type":"image\/png"}],"twitter_card":"summary_large_image","twitter_misc":{"Gesch\u00e4tzte Lesezeit":"1\u00a0Minute"},"schema":{"@context":"https:\/\/schema.org","@graph":[{"@type":"WebPage","@id":"https:\/\/actionaid.ch\/de\/was-wir-tun\/wo-wir-taetig-sind\/","url":"https:\/\/actionaid.ch\/de\/was-wir-tun\/wo-wir-taetig-sind\/","name":"Wo wir t\u00e4tig sind - ActionAid Schweiz","isPartOf":{"@id":"https:\/\/actionaid.ch\/de\/#website"},"primaryImageOfPage":{"@id":"https:\/\/actionaid.ch\/de\/was-wir-tun\/wo-wir-taetig-sind\/#primaryimage"},"image":{"@id":"https:\/\/actionaid.ch\/de\/was-wir-tun\/wo-wir-taetig-sind\/#primaryimage"},"thumbnailUrl":"https:\/\/actionaid.ch\/wp-content\/uploads\/2025\/10\/AA-Federation-Map-DE-small.png","datePublished":"2025-05-22T21:43:45+00:00","dateModified":"2026-03-19T16:50:10+00:00","description":"Wir sind in 75 L\u00e4ndern t\u00e4tig und arbeiten mit Gemeinschaften, um Rechte zu st\u00e4rken und Armut sowie Ungleichheit zu bek\u00e4mpfen.","breadcrumb":{"@id":"https:\/\/actionaid.ch\/de\/was-wir-tun\/wo-wir-taetig-sind\/#breadcrumb"},"inLanguage":"de","potentialAction":[{"@type":"ReadAction","target":["https:\/\/actionaid.ch\/de\/was-wir-tun\/wo-wir-taetig-sind\/"]}]},{"@type":"ImageObject","inLanguage":"de","@id":"https:\/\/actionaid.ch\/de\/was-wir-tun\/wo-wir-taetig-sind\/#primaryimage","url":"https:\/\/actionaid.ch\/wp-content\/uploads\/2025\/10\/AA-Federation-Map-DE-small.png","contentUrl":"https:\/\/actionaid.ch\/wp-content\/uploads\/2025\/10\/AA-Federation-Map-DE-small.png"},{"@type":"BreadcrumbList","@id":"https:\/\/actionaid.ch\/de\/was-wir-tun\/wo-wir-taetig-sind\/#breadcrumb","itemListElement":[{"@type":"ListItem","position":1,"name":"Home","item":"https:\/\/actionaid.ch\/de\/"},{"@type":"ListItem","position":2,"name":"Was wir tun","item":"https:\/\/actionaid.ch\/de\/was-wir-tun\/"},{"@type":"ListItem","position":3,"name":"Wo wir t\u00e4tig sind"}]},{"@type":"WebSite","@id":"https:\/\/actionaid.ch\/de\/#website","url":"https:\/\/actionaid.ch\/de\/","name":"ActionAid Svizzera","description":"","publisher":{"@id":"https:\/\/actionaid.ch\/de\/#organization"},"potentialAction":[{"@type":"SearchAction","target":{"@type":"EntryPoint","urlTemplate":"https:\/\/actionaid.ch\/de\/?s={search_term_string}"},"query-input":{"@type":"PropertyValueSpecification","valueRequired":true,"valueName":"search_term_string"}}],"inLanguage":"de"},{"@type":"Organization","@id":"https:\/\/actionaid.ch\/de\/#organization","name":"ActionAid Svizzera","url":"https:\/\/actionaid.ch\/de\/","logo":{"@type":"ImageObject","inLanguage":"de","@id":"https:\/\/actionaid.ch\/de\/#\/schema\/logo\/image\/","url":"https:\/\/actionaid.ch\/wp-content\/uploads\/2025\/04\/Logo_rosso.png","contentUrl":"https:\/\/actionaid.ch\/wp-content\/uploads\/2025\/04\/Logo_rosso.png","width":2331,"height":407,"caption":"ActionAid Svizzera"},"image":{"@id":"https:\/\/actionaid.ch\/de\/#\/schema\/logo\/image\/"},"sameAs":["https:\/\/www.facebook.com\/ActionAidSwitzerland\/?locale=it_IT","https:\/\/www.instagram.com\/actionaid_international\/?hl=en"]}]}},"_links":{"self":[{"href":"https:\/\/actionaid.ch\/de\/wp-json\/wp\/v2\/pages\/2349","targetHints":{"allow":["GET"]}}],"collection":[{"href":"https:\/\/actionaid.ch\/de\/wp-json\/wp\/v2\/pages"}],"about":[{"href":"https:\/\/actionaid.ch\/de\/wp-json\/wp\/v2\/types\/page"}],"author":[{"embeddable":true,"href":"https:\/\/actionaid.ch\/de\/wp-json\/wp\/v2\/users\/2"}],"replies":[{"embeddable":true,"href":"https:\/\/actionaid.ch\/de\/wp-json\/wp\/v2\/comments?post=2349"}],"version-history":[{"count":8,"href":"https:\/\/actionaid.ch\/de\/wp-json\/wp\/v2\/pages\/2349\/revisions"}],"predecessor-version":[{"id":17105,"href":"https:\/\/actionaid.ch\/de\/wp-json\/wp\/v2\/pages\/2349\/revisions\/17105"}],"up":[{"embeddable":true,"href":"https:\/\/actionaid.ch\/de\/wp-json\/wp\/v2\/pages\/1966"}],"wp:attachment":[{"href":"https:\/\/actionaid.ch\/de\/wp-json\/wp\/v2\/media?parent=2349"}],"curies":[{"name":"wp","href":"https:\/\/api.w.org\/{rel}","templated":true}]}}