{"id":2284,"date":"2025-04-16T16:25:56","date_gmt":"2025-04-16T14:25:56","guid":{"rendered":"https:\/\/actionaid.ch\/?page_id=2284"},"modified":"2026-03-13T16:47:01","modified_gmt":"2026-03-13T15:47:01","slug":"bedeutende-spender","status":"publish","type":"page","link":"https:\/\/actionaid.ch\/de\/deine-unterstuetzung\/bedeutende-spender\/","title":{"rendered":"Bedeutende Spender und Stiftungen"},"content":{"rendered":"<div class=\"vidiemme-block page-launch  \" >\n  \n  <div class=\"container-xl\">\n    <div class=\"block-container\">\n  \n    <div class=\"container\">\n      <div class=\"row\">\n\n        <div class=\"col-md-6 d-flex align-items-center pb-4 order-0\">\n                          <!-- <img decoding=\"async\" src=\"https:\/\/actionaid.ch\/wp-content\/uploads\/2025\/05\/R278709.jpg\" alt=\"\" class=\"img-fluid rounded block-image\"> -->\n              <img loading=\"lazy\" decoding=\"async\" width=\"1200\" height=\"800\" src=\"https:\/\/actionaid.ch\/wp-content\/uploads\/2025\/05\/R278709.jpg\" class=\"img-fluid rounded block-image\" alt=\"\" srcset=\"https:\/\/actionaid.ch\/wp-content\/uploads\/2025\/05\/R278709.jpg 1200w, https:\/\/actionaid.ch\/wp-content\/uploads\/2025\/05\/R278709-300x200.jpg 300w, https:\/\/actionaid.ch\/wp-content\/uploads\/2025\/05\/R278709-1024x683.jpg 1024w, https:\/\/actionaid.ch\/wp-content\/uploads\/2025\/05\/R278709-768x512.jpg 768w\" sizes=\"auto, (max-width: 1200px) 100vw, 1200px\" \/>\n                    <\/div>\n\n        <div class=\"col-md-6 d-flex align-items-center pb-4 order-1\">\n\n          <div class=\"block-content\">\n                      \n                          <div class=\"block-description mt-4\"><p>Weltweit engagiert sich ActionAid f\u00fcr Projekte, die die verletzlichsten Gemeinschaften unterst\u00fctzen, mit Programmen, die sich auf die Verteidigung grundlegender Rechte, Frauenrechte, Jugendbeteiligung und den Notfalleinsatz in Hochrisikogebieten konzentrieren.<\/p>\n<p>Mit ActionAid zusammenzuarbeiten bedeutet, <strong>strategische und nachhaltige<\/strong> <strong>Partnerschaften<\/strong> aufzubauen, die gemeinsam Mehrwert schaffen und die Gemeinschaften, in denen wir t\u00e4tig sind, wirkungsvoll transformieren.<\/p>\n<p><strong>Unternehmen, bedeutende Spender und Stiftungen<\/strong> sind f\u00fcr uns unverzichtbare Partner im Kampf gegen Ungleichheit, zur F\u00f6rderung sozialer Gerechtigkeit und beim Aufbau einer gerechteren, inklusiven und widerstandsf\u00e4higen Welt.<\/p>\n<\/div>\n            \n                      <\/div>\n\n        <\/div>\n        \n\n      <\/div>\n    <\/div>\n  \n\n<\/div>\n  <\/div>\n<\/div>\n\n\n\n<div style=\"height:50px\" aria-hidden=\"true\" class=\"wp-block-spacer\"><\/div>\n\n\n<div class=\"vidiemme-block faq-band  \" >\n  \n  <div class=\"container-xl\">\n    <div class=\"title mb-4\">Entdecken Sie, was wir tun<\/div>\n    \n\n          <div class=\"accordion\" id=\"accordion-69df160626447\">\n              <div class=\"accordion-item\">\n          <div class=\"accordion-header\">\n            <button class=\"accordion-button collapsed\" type=\"button\" data-bs-toggle=\"collapse\" data-bs-target=\"#accordion-69df160626447-0\" aria-expanded=\"true\" aria-controls=\"accordion-69df160626447-0\">\n              <h3>Ver\u00e4nderung gemeinsam mit Stiftungen bewirken<\/h3>\n            <\/button>\n          <\/div>\n          <div id=\"accordion-69df160626447-0\" class=\"accordion-collapse collapse\" data-bs-parent=\"#accordion-69df160626447\">\n            <div class=\"accordion-body\">\n              <p>Stiftungen, die an unsere Mission und Werte glauben, arbeiten mit uns in vielf\u00e4ltiger Weise zusammen: von <strong>direkter<\/strong> <strong>Projektunterst\u00fctzung<\/strong> \u00fcber <strong>Co-Design<\/strong> bis hin zum Austausch von <strong>Know-how<\/strong>.<\/p>\n<p>Jede Kooperation zielt darauf ab, konkrete Ziele zu erreichen und messbare Ergebnisse zu liefern \u2013 und <strong>damit positiven sozialen Mehrwert zu schaffen. <\/strong>Im Laufe der Jahre haben wir mit lokalen, nationalen und internationalen Stiftungen zusammengearbeitet, um Partnerschaften mit hoher sozialer Wirkung aufzubauen.<\/p>\n<p>Mit uns finden Sie das Projekt, die Ma\u00dfnahme oder Initiative, die am besten zu Ihren Werten und Ihrer Mission passt.<br \/>\nIhre Einbindung ist uns in jedem Schritt wichtig: von der Ideenfindung \u00fcber die Umsetzung bis zur Bewertung der Ergebnisse und der erreichten Wirkung.<\/p>\n\n            <\/div>\n          <\/div>\n        <\/div>\n\n              <div class=\"accordion-item\">\n          <div class=\"accordion-header\">\n            <button class=\"accordion-button collapsed\" type=\"button\" data-bs-toggle=\"collapse\" data-bs-target=\"#accordion-69df160626447-1\" aria-expanded=\"true\" aria-controls=\"accordion-69df160626447-1\">\n              <h3>L\u00f6sungen im Einklang mit Unternehmensidentit\u00e4t und -kultur<\/h3>\n            <\/button>\n          <\/div>\n          <div id=\"accordion-69df160626447-1\" class=\"accordion-collapse collapse\" data-bs-parent=\"#accordion-69df160626447\">\n            <div class=\"accordion-body\">\n              <p>Gemeinsam mit Unternehmen entwickeln wir ma\u00dfgeschneiderte L\u00f6sungen, die in die Unternehmensstrategie integriert sind, externe CSR-Ma\u00dfnahmen st\u00e4rken und gleichzeitig Mitarbeiterengagement und Freiwilligenarbeit f\u00f6rdern.<\/p>\n<p>Immer mehr Unternehmen erkennen CSR als strategischen Wert an \u2013 eine Bedeutung, die von der \u00d6ffentlichkeit, den Mitarbeitenden, Anteilseignern, Kunden und Lieferanten gesch\u00e4tzt wird.<\/p>\n<p>Diese ethischen Entscheidungen beruhen auf dem Bewusstsein f\u00fcr die Bedeutung von Stakeholder-Beziehungen \u2013 notwendige Synergien, um gemeinsamen Mehrwert, kulturelles und gesellschaftliches Wachstum sowie positiven Wandel f\u00fcr alle zu schaffen.<\/p>\n<p>Sie k\u00f6nnen uns unterst\u00fctzen durch:<\/p>\n<ul>\n<li><strong>Projektf\u00f6rderung<\/strong> \u2013 Wenn Sie sich entscheiden, ein Projekt mit ActionAid zu unterst\u00fctzen, verbinden Sie den Namen Ihres Unternehmens mit einer konkreten, messbaren Initiative mit hohem sozialem Einfluss. Wir helfen Ihnen, die Initiative zu finden, die am besten zu Ihren Unternehmenswerten, Interessen und Pr\u00e4senz (national oder international) passt.<\/li>\n<li><strong>Finanz- und Sachspenden<\/strong> \u2013 Ihr Unternehmen kann ActionAid durch Geldspenden, Sachspenden oder Pro-Bono-Dienstleistungen unterst\u00fctzen und damit spezifische Projekte oder institutionelle Aktivit\u00e4ten f\u00f6rdern.<\/li>\n<li><strong>Weihnachtsaktion im Unternehmen<\/strong> \u2013 Verwirklichen Sie zu Weihnachten Tr\u00e4ume mit ActionAid: W\u00e4hlen Sie aus unseren Angeboten f\u00fcr Unternehmensgr\u00fc\u00dfe und soziale Weihnachtsgeschenke und teilen Sie diese mit Mitarbeitern, Kunden und Lieferanten!<\/li>\n<\/ul>\n\n            <\/div>\n          <\/div>\n        <\/div>\n\n              <div class=\"accordion-item\">\n          <div class=\"accordion-header\">\n            <button class=\"accordion-button collapsed\" type=\"button\" data-bs-toggle=\"collapse\" data-bs-target=\"#accordion-69df160626447-2\" aria-expanded=\"true\" aria-controls=\"accordion-69df160626447-2\">\n              <h3>Gro\u00dfspenden<\/h3>\n            <\/button>\n          <\/div>\n          <div id=\"accordion-69df160626447-2\" class=\"accordion-collapse collapse\" data-bs-parent=\"#accordion-69df160626447\">\n            <div class=\"accordion-body\">\n              <p>Hinterlassen Sie eine bleibende Spur, indem Sie ein Projekt unterst\u00fctzen!<\/p>\n<p>Mit unseren Projekten k\u00e4mpfen wir gegen <strong>Armut und Ungerechtigkeit<\/strong>, damit jede Person ein w\u00fcrdiges und erf\u00fclltes Leben f\u00fchren kann.<\/p>\n<p>Wir engagieren uns in vielen Bereichen: wir sichern hochwertige Bildung, bek\u00e4mpfen Gewalt gegen Frauen, schaffen Alternativen zur Armut und sorgen f\u00fcr den Schutz der Verwundbarsten.<\/p>\n<p>Dies gelingt uns dank au\u00dfergew\u00f6hnlicher Partner: Menschen, die uns mit ihren Gro\u00dfspenden erm\u00f6glichen, wirkungsvoll zu handeln, bedeutende Ver\u00e4nderungen zu bewirken und schnell greifbaren Wandel herbeizuf\u00fchren.<\/p>\n<ul>\n<li><strong>Was Sie bei uns erreichen k\u00f6nnen<\/strong> \u2013 Wenn Sie sich f\u00fcr eine Gro\u00dfspende entscheiden, k\u00f6nnen Sie entweder laufende Projekte unterst\u00fctzen oder ein bestimmtes Projekt finanzieren. Die Projekte decken unterschiedliche Themen ab \u2013 Bildung, Frauenrechte, Recht auf Nahrung und Wasser, Notlagen in diversen L\u00e4ndern. Die Projektdauer reicht von wenigen Monaten bis zu mehreren Jahren \u2013 nachhaltig wirkend auf lange Sicht.<\/li>\n<li><strong>Wie Ihre Spende verwendet wird<\/strong> \u2013 Wenn Sie ein Projekt unterst\u00fctzen, informieren wir Sie regelm\u00e4\u00dfig \u00fcber alle Schritte \u2013 von der Initiierung bis zum Abschluss der Aktivit\u00e4ten. Wenn Sie m\u00f6chten, k\u00f6nnen Sie das Projekt vor Ort besuchen und die direkten Beg\u00fcnstigten Ihrer Spende kennenlernen.<\/li>\n<li><strong>Eine Gro\u00dfspende in Erinnerung<\/strong> \u2013 Eine gelungene M\u00f6glichkeit, das Andenken einer geliebten Person zu ehren \u2013 indem Sie ein Projekt finanzieren, das zu ihren \u00dcberzeugungen passt. So k\u00f6nnen Sie W\u00fcnsche der Verstorbenen weiterleben lassen und gleichzeitig benachteiligten Menschen neue Perspektiven schenken. Wenn Sie ein ganzes Projekt finanzieren, k\u00f6nnen Sie es im Namen Ihrer geliebten Person widmen.<\/li>\n<\/ul>\n\n            <\/div>\n          <\/div>\n        <\/div>\n\n            <\/div>\n  <\/div>\n<\/div>\n\n\n<div class=\"vidiemme-block cta-band  \" >\n  \n  <div class=\"container-xl\">\n    <div class=\"row\">\n      \n      <div class=\"col align-content-center\">\n            <div class=\"title mb-4\">Gemeinsam k\u00f6nnen wir noch mehr bewirken<\/div>\n      \n            <div class=\"link\">\n        <a href=\"https:\/\/actionaid.ch\/de\/was-wir-tun\/spezifische-projekte\/\" target=\"_blank\" class=\"btn btn-primary btn-lg btn-cta\">Entdecken Sie unsere Projekte<\/a>\n      <\/div>\n            <\/div>\n    <\/div>\n  <\/div>\n<\/div>\n\n\n<div class=\"vidiemme-block focused-content my-5 \" >\n  \n  <div class=\"container-xl\">\n    <div class=\"title mb-4\">M\u00f6chten Sie mehr Informationen? Kontaktieren Sie uns!<\/div>\n    \n    <div class=\"focused\">\n\n      \n      \n            <div class=\"footer-rows\">\n                  <div class=\"row mt-4\">   \n            <div class=\"col-md-2 pt-4\">\n              <!-- <img decoding=\"async\"  class=\"img-fluid rounded w-100\" src=\"https:\/\/actionaid.ch\/wp-content\/uploads\/2025\/06\/Ghislandi-1.jpg\" alt=\"\"> -->\n\n              \n              <img loading=\"lazy\" decoding=\"async\" width=\"340\" height=\"340\" src=\"https:\/\/actionaid.ch\/wp-content\/uploads\/2025\/06\/Ghislandi-1.jpg\" class=\"img-fluid rounded w-100\" alt=\"\" srcset=\"https:\/\/actionaid.ch\/wp-content\/uploads\/2025\/06\/Ghislandi-1.jpg 340w, https:\/\/actionaid.ch\/wp-content\/uploads\/2025\/06\/Ghislandi-1-300x300.jpg 300w, https:\/\/actionaid.ch\/wp-content\/uploads\/2025\/06\/Ghislandi-1-150x150.jpg 150w\" sizes=\"auto, (max-width: 340px) 100vw, 340px\" \/>\n            <\/div> \n            <div class=\"col-md-10 pt-4\">\n              <p><strong>Caterina Ghislandi<\/strong><\/p>\n<p>Philanthropy and Partnerships Coordinator<br \/>\n<a href=\"mailto:caterina.ghislandi@actionaid.org\">caterina.ghislandi@actionaid.org<\/a><br \/>\n<a href=\"tel:393311348901\">+39 3311348901<\/a><\/p>\n\n            <\/div> \n          <\/div>\n                  <div class=\"row mt-4\">   \n            <div class=\"col-md-2 pt-4\">\n              <!-- <img decoding=\"async\"  class=\"img-fluid rounded w-100\" src=\"https:\/\/actionaid.ch\/wp-content\/uploads\/2025\/06\/Vitali-1.jpg\" alt=\"\"> -->\n\n              \n              <img loading=\"lazy\" decoding=\"async\" width=\"340\" height=\"340\" src=\"https:\/\/actionaid.ch\/wp-content\/uploads\/2025\/06\/Vitali-1.jpg\" class=\"img-fluid rounded w-100\" alt=\"\" srcset=\"https:\/\/actionaid.ch\/wp-content\/uploads\/2025\/06\/Vitali-1.jpg 340w, https:\/\/actionaid.ch\/wp-content\/uploads\/2025\/06\/Vitali-1-300x300.jpg 300w, https:\/\/actionaid.ch\/wp-content\/uploads\/2025\/06\/Vitali-1-150x150.jpg 150w\" sizes=\"auto, (max-width: 340px) 100vw, 340px\" \/>\n            <\/div> \n            <div class=\"col-md-10 pt-4\">\n              <p><strong>Claudia Vitali<\/strong><\/p>\n<p>Corporate, Major Donor &amp; Philanthropy Officer<br \/>\n<a href=\"mailto:claudia.vitali@actionaid.org\">claudia.vitali@actionaid.org<\/a><br \/>\n<a href=\"tel:+393349836820\">+39 3349836820<\/a><\/p>\n\n            <\/div> \n          <\/div>\n              <\/div>\n      \n          \n    <\/div>\n  <\/div>\n<\/div>\n","protected":false},"excerpt":{"rendered":"","protected":false},"author":2,"featured_media":0,"parent":2272,"menu_order":136,"comment_status":"closed","ping_status":"closed","template":"","meta":{"_acf_changed":false,"footnotes":""},"class_list":["post-2284","page","type-page","status-publish","hentry"],"acf":[],"yoast_head":"<!-- This site is optimized with the Yoast SEO plugin v25.9 - https:\/\/yoast.com\/wordpress\/plugins\/seo\/ -->\n<title>Bedeutende Spender und Stiftungen - ActionAid<\/title>\n<meta name=\"description\" content=\"ActionAid st\u00e4rkt den Dialog mit wichtigen Akteuren zur Unterst\u00fctzung humanit\u00e4rer Projekte weltweit.\" \/>\n<meta name=\"robots\" content=\"index, follow, max-snippet:-1, max-image-preview:large, max-video-preview:-1\" \/>\n<link rel=\"canonical\" href=\"https:\/\/actionaid.ch\/de\/deine-unterstuetzung\/bedeutende-spender\/\" \/>\n<meta property=\"og:locale\" content=\"de_DE\" \/>\n<meta property=\"og:type\" content=\"article\" \/>\n<meta property=\"og:title\" content=\"Bedeutende Spender und Stiftungen - ActionAid\" \/>\n<meta property=\"og:description\" content=\"ActionAid st\u00e4rkt den Dialog mit wichtigen Akteuren zur Unterst\u00fctzung humanit\u00e4rer Projekte weltweit.\" \/>\n<meta property=\"og:url\" content=\"https:\/\/actionaid.ch\/de\/deine-unterstuetzung\/bedeutende-spender\/\" \/>\n<meta property=\"og:site_name\" content=\"ActionAid\" \/>\n<meta property=\"article:publisher\" content=\"https:\/\/www.facebook.com\/ActionAidSwitzerland\/?locale=it_IT\" \/>\n<meta property=\"article:modified_time\" content=\"2026-03-13T15:47:01+00:00\" \/>\n<meta name=\"twitter:card\" content=\"summary_large_image\" \/>\n<script type=\"application\/ld+json\" class=\"yoast-schema-graph\">{\"@context\":\"https:\/\/schema.org\",\"@graph\":[{\"@type\":\"WebPage\",\"@id\":\"https:\/\/actionaid.ch\/de\/deine-unterstuetzung\/bedeutende-spender\/\",\"url\":\"https:\/\/actionaid.ch\/de\/deine-unterstuetzung\/bedeutende-spender\/\",\"name\":\"Bedeutende Spender und Stiftungen - ActionAid\",\"isPartOf\":{\"@id\":\"https:\/\/actionaid.ch\/de\/#website\"},\"datePublished\":\"2025-04-16T14:25:56+00:00\",\"dateModified\":\"2026-03-13T15:47:01+00:00\",\"description\":\"ActionAid st\u00e4rkt den Dialog mit wichtigen Akteuren zur Unterst\u00fctzung humanit\u00e4rer Projekte weltweit.\",\"breadcrumb\":{\"@id\":\"https:\/\/actionaid.ch\/de\/deine-unterstuetzung\/bedeutende-spender\/#breadcrumb\"},\"inLanguage\":\"de\",\"potentialAction\":[{\"@type\":\"ReadAction\",\"target\":[\"https:\/\/actionaid.ch\/de\/deine-unterstuetzung\/bedeutende-spender\/\"]}]},{\"@type\":\"BreadcrumbList\",\"@id\":\"https:\/\/actionaid.ch\/de\/deine-unterstuetzung\/bedeutende-spender\/#breadcrumb\",\"itemListElement\":[{\"@type\":\"ListItem\",\"position\":1,\"name\":\"Home\",\"item\":\"https:\/\/actionaid.ch\/de\/\"},{\"@type\":\"ListItem\",\"position\":2,\"name\":\"Deine Unterstuetzung\",\"item\":\"https:\/\/actionaid.ch\/de\/deine-unterstuetzung\/\"},{\"@type\":\"ListItem\",\"position\":3,\"name\":\"Bedeutende Spender und Stiftungen\"}]},{\"@type\":\"WebSite\",\"@id\":\"https:\/\/actionaid.ch\/de\/#website\",\"url\":\"https:\/\/actionaid.ch\/de\/\",\"name\":\"ActionAid Svizzera\",\"description\":\"\",\"publisher\":{\"@id\":\"https:\/\/actionaid.ch\/de\/#organization\"},\"potentialAction\":[{\"@type\":\"SearchAction\",\"target\":{\"@type\":\"EntryPoint\",\"urlTemplate\":\"https:\/\/actionaid.ch\/de\/?s={search_term_string}\"},\"query-input\":{\"@type\":\"PropertyValueSpecification\",\"valueRequired\":true,\"valueName\":\"search_term_string\"}}],\"inLanguage\":\"de\"},{\"@type\":\"Organization\",\"@id\":\"https:\/\/actionaid.ch\/de\/#organization\",\"name\":\"ActionAid Svizzera\",\"url\":\"https:\/\/actionaid.ch\/de\/\",\"logo\":{\"@type\":\"ImageObject\",\"inLanguage\":\"de\",\"@id\":\"https:\/\/actionaid.ch\/de\/#\/schema\/logo\/image\/\",\"url\":\"https:\/\/actionaid.ch\/wp-content\/uploads\/2025\/04\/Logo_rosso.png\",\"contentUrl\":\"https:\/\/actionaid.ch\/wp-content\/uploads\/2025\/04\/Logo_rosso.png\",\"width\":2331,\"height\":407,\"caption\":\"ActionAid Svizzera\"},\"image\":{\"@id\":\"https:\/\/actionaid.ch\/de\/#\/schema\/logo\/image\/\"},\"sameAs\":[\"https:\/\/www.facebook.com\/ActionAidSwitzerland\/?locale=it_IT\",\"https:\/\/www.instagram.com\/actionaid_international\/?hl=en\"]}]}<\/script>\n<!-- \/ Yoast SEO plugin. -->","yoast_head_json":{"title":"Bedeutende Spender und Stiftungen - ActionAid","description":"ActionAid st\u00e4rkt den Dialog mit wichtigen Akteuren zur Unterst\u00fctzung humanit\u00e4rer Projekte weltweit.","robots":{"index":"index","follow":"follow","max-snippet":"max-snippet:-1","max-image-preview":"max-image-preview:large","max-video-preview":"max-video-preview:-1"},"canonical":"https:\/\/actionaid.ch\/de\/deine-unterstuetzung\/bedeutende-spender\/","og_locale":"de_DE","og_type":"article","og_title":"Bedeutende Spender und Stiftungen - ActionAid","og_description":"ActionAid st\u00e4rkt den Dialog mit wichtigen Akteuren zur Unterst\u00fctzung humanit\u00e4rer Projekte weltweit.","og_url":"https:\/\/actionaid.ch\/de\/deine-unterstuetzung\/bedeutende-spender\/","og_site_name":"ActionAid","article_publisher":"https:\/\/www.facebook.com\/ActionAidSwitzerland\/?locale=it_IT","article_modified_time":"2026-03-13T15:47:01+00:00","twitter_card":"summary_large_image","schema":{"@context":"https:\/\/schema.org","@graph":[{"@type":"WebPage","@id":"https:\/\/actionaid.ch\/de\/deine-unterstuetzung\/bedeutende-spender\/","url":"https:\/\/actionaid.ch\/de\/deine-unterstuetzung\/bedeutende-spender\/","name":"Bedeutende Spender und Stiftungen - ActionAid","isPartOf":{"@id":"https:\/\/actionaid.ch\/de\/#website"},"datePublished":"2025-04-16T14:25:56+00:00","dateModified":"2026-03-13T15:47:01+00:00","description":"ActionAid st\u00e4rkt den Dialog mit wichtigen Akteuren zur Unterst\u00fctzung humanit\u00e4rer Projekte weltweit.","breadcrumb":{"@id":"https:\/\/actionaid.ch\/de\/deine-unterstuetzung\/bedeutende-spender\/#breadcrumb"},"inLanguage":"de","potentialAction":[{"@type":"ReadAction","target":["https:\/\/actionaid.ch\/de\/deine-unterstuetzung\/bedeutende-spender\/"]}]},{"@type":"BreadcrumbList","@id":"https:\/\/actionaid.ch\/de\/deine-unterstuetzung\/bedeutende-spender\/#breadcrumb","itemListElement":[{"@type":"ListItem","position":1,"name":"Home","item":"https:\/\/actionaid.ch\/de\/"},{"@type":"ListItem","position":2,"name":"Deine Unterstuetzung","item":"https:\/\/actionaid.ch\/de\/deine-unterstuetzung\/"},{"@type":"ListItem","position":3,"name":"Bedeutende Spender und Stiftungen"}]},{"@type":"WebSite","@id":"https:\/\/actionaid.ch\/de\/#website","url":"https:\/\/actionaid.ch\/de\/","name":"ActionAid Svizzera","description":"","publisher":{"@id":"https:\/\/actionaid.ch\/de\/#organization"},"potentialAction":[{"@type":"SearchAction","target":{"@type":"EntryPoint","urlTemplate":"https:\/\/actionaid.ch\/de\/?s={search_term_string}"},"query-input":{"@type":"PropertyValueSpecification","valueRequired":true,"valueName":"search_term_string"}}],"inLanguage":"de"},{"@type":"Organization","@id":"https:\/\/actionaid.ch\/de\/#organization","name":"ActionAid Svizzera","url":"https:\/\/actionaid.ch\/de\/","logo":{"@type":"ImageObject","inLanguage":"de","@id":"https:\/\/actionaid.ch\/de\/#\/schema\/logo\/image\/","url":"https:\/\/actionaid.ch\/wp-content\/uploads\/2025\/04\/Logo_rosso.png","contentUrl":"https:\/\/actionaid.ch\/wp-content\/uploads\/2025\/04\/Logo_rosso.png","width":2331,"height":407,"caption":"ActionAid Svizzera"},"image":{"@id":"https:\/\/actionaid.ch\/de\/#\/schema\/logo\/image\/"},"sameAs":["https:\/\/www.facebook.com\/ActionAidSwitzerland\/?locale=it_IT","https:\/\/www.instagram.com\/actionaid_international\/?hl=en"]}]}},"_links":{"self":[{"href":"https:\/\/actionaid.ch\/de\/wp-json\/wp\/v2\/pages\/2284","targetHints":{"allow":["GET"]}}],"collection":[{"href":"https:\/\/actionaid.ch\/de\/wp-json\/wp\/v2\/pages"}],"about":[{"href":"https:\/\/actionaid.ch\/de\/wp-json\/wp\/v2\/types\/page"}],"author":[{"embeddable":true,"href":"https:\/\/actionaid.ch\/de\/wp-json\/wp\/v2\/users\/2"}],"replies":[{"embeddable":true,"href":"https:\/\/actionaid.ch\/de\/wp-json\/wp\/v2\/comments?post=2284"}],"version-history":[{"count":9,"href":"https:\/\/actionaid.ch\/de\/wp-json\/wp\/v2\/pages\/2284\/revisions"}],"predecessor-version":[{"id":4090,"href":"https:\/\/actionaid.ch\/de\/wp-json\/wp\/v2\/pages\/2284\/revisions\/4090"}],"up":[{"embeddable":true,"href":"https:\/\/actionaid.ch\/de\/wp-json\/wp\/v2\/pages\/2272"}],"wp:attachment":[{"href":"https:\/\/actionaid.ch\/de\/wp-json\/wp\/v2\/media?parent=2284"}],"curies":[{"name":"wp","href":"https:\/\/api.w.org\/{rel}","templated":true}]}}