{"id":2272,"date":"2025-04-14T21:23:41","date_gmt":"2025-04-14T19:23:41","guid":{"rendered":"https:\/\/actionaid.ch\/?page_id=2272"},"modified":"2026-03-19T17:01:28","modified_gmt":"2026-03-19T16:01:28","slug":"deine-unterstuetzung","status":"publish","type":"page","link":"https:\/\/actionaid.ch\/de\/deine-unterstuetzung\/","title":{"rendered":"Deine Unterstuetzung"},"content":{"rendered":"<div class=\"vidiemme-block focused-content  \" >\n  \n  <div class=\"container-xl\">\n    <div class=\"title mb-4\">Ausgew\u00e4hlte <strong>Ergebnisse<\/strong> unserer Projekte <\/div>\n    \n    <div class=\"focused\">\n\n      \n            <div class=\"description\"><ul>\n<li>In <span style=\"color: #ed1c24;\"><strong>Brasilien<\/strong>:<\/span> <strong>\u00dcber 100.000 Frauen<\/strong> mobilisiert, mit Unterst\u00fctzung des agro\u00f6kologischen Netzwerks der B\u00e4uerinnen (RAMA), um Rechte, Gerechtigkeit und die Anerkennung der Arbeit von Frauen in der Landwirtschaft einzufordern.<\/li>\n<li>In <span style=\"color: #ed1c24;\"><strong>Bangladesch<\/strong>:<\/span> <strong>15.000 M\u00e4dchen<\/strong> durch medizinische Gesundheitsdienste unterst\u00fctzt und <strong>4.414<\/strong> \u00fcber Angebote im Bereich der sexuellen Gesundheit informiert.<\/li>\n<li>In <span style=\"color: #ed1c24;\"><strong>\u00c4thiopien<\/strong>:<\/span> <strong>2.500 Frauen<\/strong> aus verschiedenen Spar- und Kreditgenossenschaften des Landes zu Themen des weiblichen Unternehmertums geschult.<\/li>\n<li>In <span style=\"color: #ed1c24;\"><strong>Haiti:<\/strong><\/span> <strong>34.580 Menschen<\/strong> im Kampf gegen Ern\u00e4hrungsunsicherheit unterst\u00fctzt.<\/li>\n<li>In <span style=\"color: #ed1c24;\"><strong>Tansania:<\/strong><\/span> <strong>345 Verbandsmitglieder<\/strong> zur Bedeutung von Bildung geschult und <strong>3.000 Frauen<\/strong> zu Frauenrechten sowie zur Bek\u00e4mpfung von Gewalt, auch gegen Minderj\u00e4hrige.<\/li>\n<li>In <span style=\"color: #ed1c24;\"><strong>Vietnam:<\/strong><\/span> <strong>13.902 junge<\/strong> Menschen in die F\u00f6rderung aktiver B\u00fcrgerschaft, nachhaltiger Entwicklung und Ma\u00dfnahmen zur Bew\u00e4ltigung des Klimawandels eingebunden.<\/li>\n<\/ul>\n<\/div>\n      \n      \n          \n    <\/div>\n  <\/div>\n<\/div>\n\n\n<div class=\"vidiemme-block contact-boxes py-5 \" >\n  \n  <div class=\"no-container\">\n    <div class=\"contact-box-title h3 mb-4\"><strong>Danke<\/strong> f\u00fcr deine Unterst\u00fctzung!<\/div>\n  \n            <div class=\"contact-box mb-4\">\n      <p><strong>Andere M\u00f6glichkeiten zu spenden:<\/strong><\/p>\n<p><strong>Am Telefon<br \/>\n<\/strong>+41 91 922 65 42<strong><br \/>\n<\/strong><\/p>\n<p><strong>Bank \u00dcberweisung<br \/>\n<\/strong>Banca Stato del Canton Ticino<br \/>\nIBAN: CH30007646277427C000C<br \/>\nVerwendungszweck &#8222;Fight for Women&#8220;<\/p>\n<p><strong>Postbulletin<\/strong><br \/>\nAssociazione ActionAid Switzerland<br \/>\nc\/o Altiqa SA &#8211; Via Nassa 21 &#8211; 6900 Lugano<\/p>\n<p><strong>Postfinance SA<br \/>\n<\/strong>Konto-Nr: 65-255503-4<br \/>\nIBAN: CH54 0900 0000 6525 5503 4<br \/>\nVerwendungszweck &#8222;Fight for Women&#8220;<\/p>\n\n      <\/div>\n  <\/div>\n<\/div>\n","protected":false},"excerpt":{"rendered":"","protected":false},"author":2,"featured_media":0,"parent":0,"menu_order":119,"comment_status":"closed","ping_status":"closed","template":"template-full-width-boxes.blade.php","meta":{"_acf_changed":false,"footnotes":""},"class_list":["post-2272","page","type-page","status-publish","hentry"],"acf":[],"yoast_head":"<!-- This site is optimized with the Yoast SEO plugin v25.9 - https:\/\/yoast.com\/wordpress\/plugins\/seo\/ -->\n<title>Unterst\u00fctzt die Rechte der Frauen - ActionAid Schweiz<\/title>\n<meta name=\"description\" content=\"Unterst\u00fctzen Sie Frauenrechte mit Ihrer Spende an ActionAid Schweiz. Gemeinsam gegen Gewalt und Ungleichheit.\" \/>\n<meta name=\"robots\" content=\"index, follow, max-snippet:-1, max-image-preview:large, max-video-preview:-1\" \/>\n<link rel=\"canonical\" href=\"https:\/\/actionaid.ch\/de\/deine-unterstuetzung\/\" \/>\n<meta property=\"og:locale\" content=\"de_DE\" \/>\n<meta property=\"og:type\" content=\"article\" \/>\n<meta property=\"og:title\" content=\"Unterst\u00fctzt die Rechte der Frauen - ActionAid Schweiz\" \/>\n<meta property=\"og:description\" content=\"Unterst\u00fctzen Sie Frauenrechte mit Ihrer Spende an ActionAid Schweiz. Gemeinsam gegen Gewalt und Ungleichheit.\" \/>\n<meta property=\"og:url\" content=\"https:\/\/actionaid.ch\/de\/deine-unterstuetzung\/\" \/>\n<meta property=\"og:site_name\" content=\"ActionAid\" \/>\n<meta property=\"article:publisher\" content=\"https:\/\/www.facebook.com\/ActionAidSwitzerland\/?locale=it_IT\" \/>\n<meta property=\"article:modified_time\" content=\"2026-03-19T16:01:28+00:00\" \/>\n<meta name=\"twitter:card\" content=\"summary_large_image\" \/>\n<script type=\"application\/ld+json\" class=\"yoast-schema-graph\">{\"@context\":\"https:\/\/schema.org\",\"@graph\":[{\"@type\":\"WebPage\",\"@id\":\"https:\/\/actionaid.ch\/de\/deine-unterstuetzung\/\",\"url\":\"https:\/\/actionaid.ch\/de\/deine-unterstuetzung\/\",\"name\":\"Unterst\u00fctzt die Rechte der Frauen - ActionAid Schweiz\",\"isPartOf\":{\"@id\":\"https:\/\/actionaid.ch\/de\/#website\"},\"datePublished\":\"2025-04-14T19:23:41+00:00\",\"dateModified\":\"2026-03-19T16:01:28+00:00\",\"description\":\"Unterst\u00fctzen Sie Frauenrechte mit Ihrer Spende an ActionAid Schweiz. Gemeinsam gegen Gewalt und Ungleichheit.\",\"breadcrumb\":{\"@id\":\"https:\/\/actionaid.ch\/de\/deine-unterstuetzung\/#breadcrumb\"},\"inLanguage\":\"de\",\"potentialAction\":[{\"@type\":\"ReadAction\",\"target\":[\"https:\/\/actionaid.ch\/de\/deine-unterstuetzung\/\"]}]},{\"@type\":\"BreadcrumbList\",\"@id\":\"https:\/\/actionaid.ch\/de\/deine-unterstuetzung\/#breadcrumb\",\"itemListElement\":[{\"@type\":\"ListItem\",\"position\":1,\"name\":\"Home\",\"item\":\"https:\/\/actionaid.ch\/de\/\"},{\"@type\":\"ListItem\",\"position\":2,\"name\":\"Deine Unterstuetzung\"}]},{\"@type\":\"WebSite\",\"@id\":\"https:\/\/actionaid.ch\/de\/#website\",\"url\":\"https:\/\/actionaid.ch\/de\/\",\"name\":\"ActionAid Svizzera\",\"description\":\"\",\"publisher\":{\"@id\":\"https:\/\/actionaid.ch\/de\/#organization\"},\"potentialAction\":[{\"@type\":\"SearchAction\",\"target\":{\"@type\":\"EntryPoint\",\"urlTemplate\":\"https:\/\/actionaid.ch\/de\/?s={search_term_string}\"},\"query-input\":{\"@type\":\"PropertyValueSpecification\",\"valueRequired\":true,\"valueName\":\"search_term_string\"}}],\"inLanguage\":\"de\"},{\"@type\":\"Organization\",\"@id\":\"https:\/\/actionaid.ch\/de\/#organization\",\"name\":\"ActionAid Svizzera\",\"url\":\"https:\/\/actionaid.ch\/de\/\",\"logo\":{\"@type\":\"ImageObject\",\"inLanguage\":\"de\",\"@id\":\"https:\/\/actionaid.ch\/de\/#\/schema\/logo\/image\/\",\"url\":\"https:\/\/actionaid.ch\/wp-content\/uploads\/2025\/04\/Logo_rosso.png\",\"contentUrl\":\"https:\/\/actionaid.ch\/wp-content\/uploads\/2025\/04\/Logo_rosso.png\",\"width\":2331,\"height\":407,\"caption\":\"ActionAid Svizzera\"},\"image\":{\"@id\":\"https:\/\/actionaid.ch\/de\/#\/schema\/logo\/image\/\"},\"sameAs\":[\"https:\/\/www.facebook.com\/ActionAidSwitzerland\/?locale=it_IT\",\"https:\/\/www.instagram.com\/actionaid_international\/?hl=en\"]}]}<\/script>\n<!-- \/ Yoast SEO plugin. -->","yoast_head_json":{"title":"Unterst\u00fctzt die Rechte der Frauen - ActionAid Schweiz","description":"Unterst\u00fctzen Sie Frauenrechte mit Ihrer Spende an ActionAid Schweiz. Gemeinsam gegen Gewalt und Ungleichheit.","robots":{"index":"index","follow":"follow","max-snippet":"max-snippet:-1","max-image-preview":"max-image-preview:large","max-video-preview":"max-video-preview:-1"},"canonical":"https:\/\/actionaid.ch\/de\/deine-unterstuetzung\/","og_locale":"de_DE","og_type":"article","og_title":"Unterst\u00fctzt die Rechte der Frauen - ActionAid Schweiz","og_description":"Unterst\u00fctzen Sie Frauenrechte mit Ihrer Spende an ActionAid Schweiz. Gemeinsam gegen Gewalt und Ungleichheit.","og_url":"https:\/\/actionaid.ch\/de\/deine-unterstuetzung\/","og_site_name":"ActionAid","article_publisher":"https:\/\/www.facebook.com\/ActionAidSwitzerland\/?locale=it_IT","article_modified_time":"2026-03-19T16:01:28+00:00","twitter_card":"summary_large_image","schema":{"@context":"https:\/\/schema.org","@graph":[{"@type":"WebPage","@id":"https:\/\/actionaid.ch\/de\/deine-unterstuetzung\/","url":"https:\/\/actionaid.ch\/de\/deine-unterstuetzung\/","name":"Unterst\u00fctzt die Rechte der Frauen - ActionAid Schweiz","isPartOf":{"@id":"https:\/\/actionaid.ch\/de\/#website"},"datePublished":"2025-04-14T19:23:41+00:00","dateModified":"2026-03-19T16:01:28+00:00","description":"Unterst\u00fctzen Sie Frauenrechte mit Ihrer Spende an ActionAid Schweiz. Gemeinsam gegen Gewalt und Ungleichheit.","breadcrumb":{"@id":"https:\/\/actionaid.ch\/de\/deine-unterstuetzung\/#breadcrumb"},"inLanguage":"de","potentialAction":[{"@type":"ReadAction","target":["https:\/\/actionaid.ch\/de\/deine-unterstuetzung\/"]}]},{"@type":"BreadcrumbList","@id":"https:\/\/actionaid.ch\/de\/deine-unterstuetzung\/#breadcrumb","itemListElement":[{"@type":"ListItem","position":1,"name":"Home","item":"https:\/\/actionaid.ch\/de\/"},{"@type":"ListItem","position":2,"name":"Deine Unterstuetzung"}]},{"@type":"WebSite","@id":"https:\/\/actionaid.ch\/de\/#website","url":"https:\/\/actionaid.ch\/de\/","name":"ActionAid Svizzera","description":"","publisher":{"@id":"https:\/\/actionaid.ch\/de\/#organization"},"potentialAction":[{"@type":"SearchAction","target":{"@type":"EntryPoint","urlTemplate":"https:\/\/actionaid.ch\/de\/?s={search_term_string}"},"query-input":{"@type":"PropertyValueSpecification","valueRequired":true,"valueName":"search_term_string"}}],"inLanguage":"de"},{"@type":"Organization","@id":"https:\/\/actionaid.ch\/de\/#organization","name":"ActionAid Svizzera","url":"https:\/\/actionaid.ch\/de\/","logo":{"@type":"ImageObject","inLanguage":"de","@id":"https:\/\/actionaid.ch\/de\/#\/schema\/logo\/image\/","url":"https:\/\/actionaid.ch\/wp-content\/uploads\/2025\/04\/Logo_rosso.png","contentUrl":"https:\/\/actionaid.ch\/wp-content\/uploads\/2025\/04\/Logo_rosso.png","width":2331,"height":407,"caption":"ActionAid Svizzera"},"image":{"@id":"https:\/\/actionaid.ch\/de\/#\/schema\/logo\/image\/"},"sameAs":["https:\/\/www.facebook.com\/ActionAidSwitzerland\/?locale=it_IT","https:\/\/www.instagram.com\/actionaid_international\/?hl=en"]}]}},"_links":{"self":[{"href":"https:\/\/actionaid.ch\/de\/wp-json\/wp\/v2\/pages\/2272","targetHints":{"allow":["GET"]}}],"collection":[{"href":"https:\/\/actionaid.ch\/de\/wp-json\/wp\/v2\/pages"}],"about":[{"href":"https:\/\/actionaid.ch\/de\/wp-json\/wp\/v2\/types\/page"}],"author":[{"embeddable":true,"href":"https:\/\/actionaid.ch\/de\/wp-json\/wp\/v2\/users\/2"}],"replies":[{"embeddable":true,"href":"https:\/\/actionaid.ch\/de\/wp-json\/wp\/v2\/comments?post=2272"}],"version-history":[{"count":21,"href":"https:\/\/actionaid.ch\/de\/wp-json\/wp\/v2\/pages\/2272\/revisions"}],"predecessor-version":[{"id":17081,"href":"https:\/\/actionaid.ch\/de\/wp-json\/wp\/v2\/pages\/2272\/revisions\/17081"}],"wp:attachment":[{"href":"https:\/\/actionaid.ch\/de\/wp-json\/wp\/v2\/media?parent=2272"}],"curies":[{"name":"wp","href":"https:\/\/api.w.org\/{rel}","templated":true}]}}