{"id":1952,"date":"2025-05-21T23:01:56","date_gmt":"2025-05-21T21:01:56","guid":{"rendered":"https:\/\/actionaid.ch\/die-organisation\/"},"modified":"2026-03-19T11:14:45","modified_gmt":"2026-03-19T10:14:45","slug":"die-organisation","status":"publish","type":"page","link":"https:\/\/actionaid.ch\/de\/wer-wir-sind\/die-organisation\/","title":{"rendered":"Die Organisation"},"content":{"rendered":"<div class=\"vidiemme-block page-launch  \" >\n  \n  <div class=\"container-xl\">\n    <div class=\"block-container\">\n  \n    <div class=\"container\">\n      <div class=\"row\">\n\n        <div class=\"col-md-6 d-flex align-items-center pb-4 order-0\">\n                          <!-- <img decoding=\"async\" src=\"https:\/\/actionaid.ch\/wp-content\/uploads\/2025\/05\/R285572.jpg\" alt=\"\" class=\"img-fluid rounded block-image\"> -->\n              <img decoding=\"async\" width=\"1199\" height=\"800\" src=\"https:\/\/actionaid.ch\/wp-content\/uploads\/2025\/05\/R285572.jpg\" class=\"img-fluid rounded block-image\" alt=\"\" srcset=\"https:\/\/actionaid.ch\/wp-content\/uploads\/2025\/05\/R285572.jpg 1199w, https:\/\/actionaid.ch\/wp-content\/uploads\/2025\/05\/R285572-300x200.jpg 300w, https:\/\/actionaid.ch\/wp-content\/uploads\/2025\/05\/R285572-1024x683.jpg 1024w, https:\/\/actionaid.ch\/wp-content\/uploads\/2025\/05\/R285572-768x512.jpg 768w\" sizes=\"(max-width: 1199px) 100vw, 1199px\" \/>\n                    <\/div>\n\n        <div class=\"col-md-6 d-flex align-items-center pb-4 order-1\">\n\n          <div class=\"block-content\">\n                      \n                          <div class=\"block-description mt-4\"><p>ActionAid ist eine unabh\u00e4ngige Organisation mit <strong>45 <\/strong><strong>B\u00fcros <\/strong>weltweit und Pr\u00e4senz in <strong>75 L\u00e4ndern<\/strong>.<br \/>\nDank unserer F\u00f6deration k\u00f6nnen wir in zahlreichen lokalen Kontexten auf der ganzen Welt t\u00e4tig sein und dabei technisches Fachwissen und langj\u00e4hrige Erfahrung in gro\u00df angelegten Projekten einbringen. Wir gew\u00e4hrleisten eine effiziente Umsetzung unserer Projekte durch etablierte Verfahren, Transparenz und vollst\u00e4ndige \u00dcbereinstimmung mit lokalen Bed\u00fcrfnissen und Gegebenheiten.<\/p>\n<p>Der <span style=\"color: #ed1c24;\"><strong>ActionAid Switzerland<\/strong><\/span> wurde am 18. Februar <strong>2013 <\/strong>in <strong>Lugano <\/strong>rechtlich gegr\u00fcndet und ist im <strong>Handelsregister des Kantons Tessin<\/strong> eingetragen.<\/p>\n<p>Er wird von einem Vorstand und einer Mitgliederversammlung geleitet und unterliegt einer eingeschr\u00e4nkten Revision.<\/p>\n<\/div>\n            \n                      <\/div>\n\n        <\/div>\n        \n\n      <\/div>\n    <\/div>\n  \n\n<\/div>\n  <\/div>\n<\/div>\n\n\n\n<div style=\"height:50px\" aria-hidden=\"true\" class=\"wp-block-spacer\"><\/div>\n\n\n<div class=\"vidiemme-block faq-band  \" >\n  \n  <div class=\"container-xl\">\n    <div class=\"title mb-4\">Unsere Organisationsstruktur in der Schweiz<\/div>\n    \n\n          <div class=\"accordion\" id=\"accordion-69d7171c5d4ee\">\n              <div class=\"accordion-item\">\n          <div class=\"accordion-header\">\n            <button class=\"accordion-button collapsed\" type=\"button\" data-bs-toggle=\"collapse\" data-bs-target=\"#accordion-69d7171c5d4ee-0\" aria-expanded=\"true\" aria-controls=\"accordion-69d7171c5d4ee-0\">\n              <h3>Der Pr\u00e4sident Giulio Gianetti<\/h3>\n            <\/button>\n          <\/div>\n          <div id=\"accordion-69d7171c5d4ee-0\" class=\"accordion-collapse collapse\" data-bs-parent=\"#accordion-69d7171c5d4ee\">\n            <div class=\"accordion-body\">\n              <p>Er ist der gesetzliche Vertreter des Vereins und stellt die Erf\u00fcllung aller administrativen und rechtlichen Verpflichtungen sicher. Vom Vorstand aus den Mitgliedern des Vorstands ernannt, die alle von der Mitgliederversammlung gew\u00e4hlt werden. Seine Amtszeit betr\u00e4gt 3 Jahre und ist stets wiederw\u00e4hlbar. Er leitet den Vorstand und die Mitgliederversammlung, die er einberuft und deren Arbeiten er koordiniert.<\/p>\n\n            <\/div>\n          <\/div>\n        <\/div>\n\n              <div class=\"accordion-item\">\n          <div class=\"accordion-header\">\n            <button class=\"accordion-button collapsed\" type=\"button\" data-bs-toggle=\"collapse\" data-bs-target=\"#accordion-69d7171c5d4ee-1\" aria-expanded=\"true\" aria-controls=\"accordion-69d7171c5d4ee-1\">\n              <h3>Der Vorstand<\/h3>\n            <\/button>\n          <\/div>\n          <div id=\"accordion-69d7171c5d4ee-1\" class=\"accordion-collapse collapse\" data-bs-parent=\"#accordion-69d7171c5d4ee\">\n            <div class=\"accordion-body\">\n              <p>Giulio Gianetti (Pr\u00e4sident) \u2013 Sara Bertolai \u2013 Lorenzo Eusepi \u2013 Katia Scannavini \u2013 Chiara Colombo. Er ist das Organ, das den Verein verwaltet und \u00fcber die Aufnahme neuer Mitglieder beschlie\u00dft. Er muss aus mindestens einem und h\u00f6chstens f\u00fcnf Mitgliedern bestehen, die f\u00fcr 3 Jahre im Amt sind und stets wiedergew\u00e4hlt werden k\u00f6nnen. Laut Satzung trifft sich der Vorstand mindestens einmal alle 6 Monate oder wenn der Pr\u00e4sident es f\u00fcr angebracht h\u00e4lt oder ein Antrag von der Mehrheit der Mitglieder gestellt wird.<\/p>\n\n            <\/div>\n          <\/div>\n        <\/div>\n\n              <div class=\"accordion-item\">\n          <div class=\"accordion-header\">\n            <button class=\"accordion-button collapsed\" type=\"button\" data-bs-toggle=\"collapse\" data-bs-target=\"#accordion-69d7171c5d4ee-2\" aria-expanded=\"true\" aria-controls=\"accordion-69d7171c5d4ee-2\">\n              <h3>Die Mitgliederversammlung<\/h3>\n            <\/button>\n          <\/div>\n          <div id=\"accordion-69d7171c5d4ee-2\" class=\"accordion-collapse collapse\" data-bs-parent=\"#accordion-69d7171c5d4ee\">\n            <div class=\"accordion-body\">\n              <p>ActionAid International Italia E.T.S. \u2013 Sara Bertolai \u2013 Lorenzo Eusepi \u2013 Katia Scannavini \u2013 Chiara Colombo. Sie ist das oberste Organ des Vereins und bestimmt als solches die politischen und programmatischen Leitlinien, indem sie die Richtungen und allgemeinen Ziele festlegt, die als notwendig erachtet werden, um die satzungsgem\u00e4\u00dfen Zwecke zu erreichen. Sie trifft sich mindestens einmal j\u00e4hrlich zur Genehmigung des Haushalts und immer dann, wenn ein begr\u00fcndeter Antrag gestellt wird. Die Mitgliederversammlung wird mit Anwesenheit von mindestens der H\u00e4lfte plus eins der Mitglieder einberufen und beschlie\u00dft mit der Mehrheit der Stimmen der Anwesenden. Jedes Mitglied hat eine Stimme.<\/p>\n\n            <\/div>\n          <\/div>\n        <\/div>\n\n              <div class=\"accordion-item\">\n          <div class=\"accordion-header\">\n            <button class=\"accordion-button collapsed\" type=\"button\" data-bs-toggle=\"collapse\" data-bs-target=\"#accordion-69d7171c5d4ee-3\" aria-expanded=\"true\" aria-controls=\"accordion-69d7171c5d4ee-3\">\n              <h3>Der Rechnungsrevisor<\/h3>\n            <\/button>\n          <\/div>\n          <div id=\"accordion-69d7171c5d4ee-3\" class=\"accordion-collapse collapse\" data-bs-parent=\"#accordion-69d7171c5d4ee\">\n            <div class=\"accordion-body\">\n              <p>Der Rechnungsrevisor wird j\u00e4hrlich von der Mitgliederversammlung zur Pr\u00fcfung der Rechnungslegung gew\u00e4hlt. Zurzeit \u00fcbt die Treunhandgesellschaft Ladif SA. <\/p>\n\n            <\/div>\n          <\/div>\n        <\/div>\n\n            <\/div>\n  <\/div>\n<\/div>\n\n\n\n<div style=\"height:50px\" aria-hidden=\"true\" class=\"wp-block-spacer\"><\/div>\n\n\n<div class=\"vidiemme-block focused-content  \" >\n  \n  <div class=\"container-xl\">\n    <div class=\"focused\">\n\n      \n      \n      \n            <div class=\"attachments\">\n                  <div class=\"attachment mb-4\">   \n            <a href=\"https:\/\/actionaid.ch\/wp-content\/uploads\/2025\/06\/AACH_Statute_en.pdf\" target=\"_blank\">\n              <img decoding=\"async\" class=\"img-fluid me-1 icon-download\" src=\"https:\/\/actionaid.ch\/wp-content\/themes\/actionaid\/public\/build\/assets\/icon-download-hKxZcR7I.svg\" alt=\"Scariere die Datei\">\n              \n              Statut\n            <\/a>\n          <\/div>\n                  <div class=\"attachment mb-4\">   \n            <a href=\"https:\/\/actionaid.ch\/wp-content\/uploads\/2025\/06\/AACH_Ubersetzung-Grundungsurkunde_de.pdf\" target=\"_blank\">\n              <img decoding=\"async\" class=\"img-fluid me-1 icon-download\" src=\"https:\/\/actionaid.ch\/wp-content\/themes\/actionaid\/public\/build\/assets\/icon-download-hKxZcR7I.svg\" alt=\"Scariere die Datei\">\n              \n              Verfassung\n            <\/a>\n          <\/div>\n                  <div class=\"attachment mb-4\">   \n            <a href=\"https:\/\/actionaid.ch\/wp-content\/uploads\/2025\/06\/AA-CH_Code-of-Ethics.pdf\" target=\"_blank\">\n              <img decoding=\"async\" class=\"img-fluid me-1 icon-download\" src=\"https:\/\/actionaid.ch\/wp-content\/themes\/actionaid\/public\/build\/assets\/icon-download-hKxZcR7I.svg\" alt=\"Scariere die Datei\">\n              \n              Verhaltenskodex \n            <\/a>\n          <\/div>\n              <\/div>\n          \n    <\/div>\n  <\/div>\n<\/div>\n\n\n<div class=\"vidiemme-block cta-band  \" >\n  \n  <div class=\"container-xl\">\n    <div class=\"row\">\n      \n      <div class=\"col align-content-center\">\n            <div class=\"title mb-4\">Unsere Arbeit basiert auf den Gemeinschaften<\/div>\n      \n            <div class=\"link\">\n        <a href=\"https:\/\/actionaid.ch\/de\/was-wir-tun\/\" target=\"\" class=\"btn btn-primary btn-lg btn-cta\">Erfahre mehr dar\u00fcber was wir tun<\/a>\n      <\/div>\n            <\/div>\n    <\/div>\n  <\/div>\n<\/div>\n\n\n<div class=\"vidiemme-block basic-editor  \" >\n  \n  <div class=\"container-xl\">\n    <h6><em>Photocredits: Esther Mbabazi\/ActionAid<\/em><\/h6>\n  <\/div>\n<\/div>\n","protected":false},"excerpt":{"rendered":"","protected":false},"author":1,"featured_media":0,"parent":1951,"menu_order":27,"comment_status":"closed","ping_status":"closed","template":"","meta":{"_acf_changed":false,"footnotes":""},"class_list":["post-1952","page","type-page","status-publish","hentry"],"acf":[],"yoast_head":"<!-- This site is optimized with the Yoast SEO plugin v25.9 - https:\/\/yoast.com\/wordpress\/plugins\/seo\/ -->\n<title>Die Organisation - ActionAid Schweiz<\/title>\n<meta name=\"description\" content=\"ActionAid Schweiz geh\u00f6rt zu einer internationalen F\u00f6deration, die in \u00fcber 70 L\u00e4ndern vertreten ist. Entdecken Sie, wie wir organisiert sind.\" \/>\n<meta name=\"robots\" content=\"index, follow, max-snippet:-1, max-image-preview:large, max-video-preview:-1\" \/>\n<link rel=\"canonical\" href=\"https:\/\/actionaid.ch\/de\/wer-wir-sind\/die-organisation\/\" \/>\n<meta property=\"og:locale\" content=\"de_DE\" \/>\n<meta property=\"og:type\" content=\"article\" \/>\n<meta property=\"og:title\" content=\"Die Organisation - ActionAid Schweiz\" \/>\n<meta property=\"og:description\" content=\"ActionAid Schweiz geh\u00f6rt zu einer internationalen F\u00f6deration, die in \u00fcber 70 L\u00e4ndern vertreten ist. Entdecken Sie, wie wir organisiert sind.\" \/>\n<meta property=\"og:url\" content=\"https:\/\/actionaid.ch\/de\/wer-wir-sind\/die-organisation\/\" \/>\n<meta property=\"og:site_name\" content=\"ActionAid\" \/>\n<meta property=\"article:publisher\" content=\"https:\/\/www.facebook.com\/ActionAidSwitzerland\/?locale=it_IT\" \/>\n<meta property=\"article:modified_time\" content=\"2026-03-19T10:14:45+00:00\" \/>\n<meta name=\"twitter:card\" content=\"summary_large_image\" \/>\n<script type=\"application\/ld+json\" class=\"yoast-schema-graph\">{\"@context\":\"https:\/\/schema.org\",\"@graph\":[{\"@type\":\"WebPage\",\"@id\":\"https:\/\/actionaid.ch\/de\/wer-wir-sind\/die-organisation\/\",\"url\":\"https:\/\/actionaid.ch\/de\/wer-wir-sind\/die-organisation\/\",\"name\":\"Die Organisation - ActionAid Schweiz\",\"isPartOf\":{\"@id\":\"https:\/\/actionaid.ch\/de\/#website\"},\"datePublished\":\"2025-05-21T21:01:56+00:00\",\"dateModified\":\"2026-03-19T10:14:45+00:00\",\"description\":\"ActionAid Schweiz geh\u00f6rt zu einer internationalen F\u00f6deration, die in \u00fcber 70 L\u00e4ndern vertreten ist. Entdecken Sie, wie wir organisiert sind.\",\"breadcrumb\":{\"@id\":\"https:\/\/actionaid.ch\/de\/wer-wir-sind\/die-organisation\/#breadcrumb\"},\"inLanguage\":\"de\",\"potentialAction\":[{\"@type\":\"ReadAction\",\"target\":[\"https:\/\/actionaid.ch\/de\/wer-wir-sind\/die-organisation\/\"]}]},{\"@type\":\"BreadcrumbList\",\"@id\":\"https:\/\/actionaid.ch\/de\/wer-wir-sind\/die-organisation\/#breadcrumb\",\"itemListElement\":[{\"@type\":\"ListItem\",\"position\":1,\"name\":\"Home\",\"item\":\"https:\/\/actionaid.ch\/de\/\"},{\"@type\":\"ListItem\",\"position\":2,\"name\":\"Wer wir sind\",\"item\":\"https:\/\/actionaid.ch\/de\/wer-wir-sind\/\"},{\"@type\":\"ListItem\",\"position\":3,\"name\":\"Die Organisation\"}]},{\"@type\":\"WebSite\",\"@id\":\"https:\/\/actionaid.ch\/de\/#website\",\"url\":\"https:\/\/actionaid.ch\/de\/\",\"name\":\"ActionAid Svizzera\",\"description\":\"\",\"publisher\":{\"@id\":\"https:\/\/actionaid.ch\/de\/#organization\"},\"potentialAction\":[{\"@type\":\"SearchAction\",\"target\":{\"@type\":\"EntryPoint\",\"urlTemplate\":\"https:\/\/actionaid.ch\/de\/?s={search_term_string}\"},\"query-input\":{\"@type\":\"PropertyValueSpecification\",\"valueRequired\":true,\"valueName\":\"search_term_string\"}}],\"inLanguage\":\"de\"},{\"@type\":\"Organization\",\"@id\":\"https:\/\/actionaid.ch\/de\/#organization\",\"name\":\"ActionAid Svizzera\",\"url\":\"https:\/\/actionaid.ch\/de\/\",\"logo\":{\"@type\":\"ImageObject\",\"inLanguage\":\"de\",\"@id\":\"https:\/\/actionaid.ch\/de\/#\/schema\/logo\/image\/\",\"url\":\"https:\/\/actionaid.ch\/wp-content\/uploads\/2025\/04\/Logo_rosso.png\",\"contentUrl\":\"https:\/\/actionaid.ch\/wp-content\/uploads\/2025\/04\/Logo_rosso.png\",\"width\":2331,\"height\":407,\"caption\":\"ActionAid Svizzera\"},\"image\":{\"@id\":\"https:\/\/actionaid.ch\/de\/#\/schema\/logo\/image\/\"},\"sameAs\":[\"https:\/\/www.facebook.com\/ActionAidSwitzerland\/?locale=it_IT\",\"https:\/\/www.instagram.com\/actionaid_international\/?hl=en\"]}]}<\/script>\n<!-- \/ Yoast SEO plugin. -->","yoast_head_json":{"title":"Die Organisation - ActionAid Schweiz","description":"ActionAid Schweiz geh\u00f6rt zu einer internationalen F\u00f6deration, die in \u00fcber 70 L\u00e4ndern vertreten ist. Entdecken Sie, wie wir organisiert sind.","robots":{"index":"index","follow":"follow","max-snippet":"max-snippet:-1","max-image-preview":"max-image-preview:large","max-video-preview":"max-video-preview:-1"},"canonical":"https:\/\/actionaid.ch\/de\/wer-wir-sind\/die-organisation\/","og_locale":"de_DE","og_type":"article","og_title":"Die Organisation - ActionAid Schweiz","og_description":"ActionAid Schweiz geh\u00f6rt zu einer internationalen F\u00f6deration, die in \u00fcber 70 L\u00e4ndern vertreten ist. Entdecken Sie, wie wir organisiert sind.","og_url":"https:\/\/actionaid.ch\/de\/wer-wir-sind\/die-organisation\/","og_site_name":"ActionAid","article_publisher":"https:\/\/www.facebook.com\/ActionAidSwitzerland\/?locale=it_IT","article_modified_time":"2026-03-19T10:14:45+00:00","twitter_card":"summary_large_image","schema":{"@context":"https:\/\/schema.org","@graph":[{"@type":"WebPage","@id":"https:\/\/actionaid.ch\/de\/wer-wir-sind\/die-organisation\/","url":"https:\/\/actionaid.ch\/de\/wer-wir-sind\/die-organisation\/","name":"Die Organisation - ActionAid Schweiz","isPartOf":{"@id":"https:\/\/actionaid.ch\/de\/#website"},"datePublished":"2025-05-21T21:01:56+00:00","dateModified":"2026-03-19T10:14:45+00:00","description":"ActionAid Schweiz geh\u00f6rt zu einer internationalen F\u00f6deration, die in \u00fcber 70 L\u00e4ndern vertreten ist. Entdecken Sie, wie wir organisiert sind.","breadcrumb":{"@id":"https:\/\/actionaid.ch\/de\/wer-wir-sind\/die-organisation\/#breadcrumb"},"inLanguage":"de","potentialAction":[{"@type":"ReadAction","target":["https:\/\/actionaid.ch\/de\/wer-wir-sind\/die-organisation\/"]}]},{"@type":"BreadcrumbList","@id":"https:\/\/actionaid.ch\/de\/wer-wir-sind\/die-organisation\/#breadcrumb","itemListElement":[{"@type":"ListItem","position":1,"name":"Home","item":"https:\/\/actionaid.ch\/de\/"},{"@type":"ListItem","position":2,"name":"Wer wir sind","item":"https:\/\/actionaid.ch\/de\/wer-wir-sind\/"},{"@type":"ListItem","position":3,"name":"Die Organisation"}]},{"@type":"WebSite","@id":"https:\/\/actionaid.ch\/de\/#website","url":"https:\/\/actionaid.ch\/de\/","name":"ActionAid Svizzera","description":"","publisher":{"@id":"https:\/\/actionaid.ch\/de\/#organization"},"potentialAction":[{"@type":"SearchAction","target":{"@type":"EntryPoint","urlTemplate":"https:\/\/actionaid.ch\/de\/?s={search_term_string}"},"query-input":{"@type":"PropertyValueSpecification","valueRequired":true,"valueName":"search_term_string"}}],"inLanguage":"de"},{"@type":"Organization","@id":"https:\/\/actionaid.ch\/de\/#organization","name":"ActionAid Svizzera","url":"https:\/\/actionaid.ch\/de\/","logo":{"@type":"ImageObject","inLanguage":"de","@id":"https:\/\/actionaid.ch\/de\/#\/schema\/logo\/image\/","url":"https:\/\/actionaid.ch\/wp-content\/uploads\/2025\/04\/Logo_rosso.png","contentUrl":"https:\/\/actionaid.ch\/wp-content\/uploads\/2025\/04\/Logo_rosso.png","width":2331,"height":407,"caption":"ActionAid Svizzera"},"image":{"@id":"https:\/\/actionaid.ch\/de\/#\/schema\/logo\/image\/"},"sameAs":["https:\/\/www.facebook.com\/ActionAidSwitzerland\/?locale=it_IT","https:\/\/www.instagram.com\/actionaid_international\/?hl=en"]}]}},"_links":{"self":[{"href":"https:\/\/actionaid.ch\/de\/wp-json\/wp\/v2\/pages\/1952","targetHints":{"allow":["GET"]}}],"collection":[{"href":"https:\/\/actionaid.ch\/de\/wp-json\/wp\/v2\/pages"}],"about":[{"href":"https:\/\/actionaid.ch\/de\/wp-json\/wp\/v2\/types\/page"}],"author":[{"embeddable":true,"href":"https:\/\/actionaid.ch\/de\/wp-json\/wp\/v2\/users\/1"}],"replies":[{"embeddable":true,"href":"https:\/\/actionaid.ch\/de\/wp-json\/wp\/v2\/comments?post=1952"}],"version-history":[{"count":11,"href":"https:\/\/actionaid.ch\/de\/wp-json\/wp\/v2\/pages\/1952\/revisions"}],"predecessor-version":[{"id":16916,"href":"https:\/\/actionaid.ch\/de\/wp-json\/wp\/v2\/pages\/1952\/revisions\/16916"}],"up":[{"embeddable":true,"href":"https:\/\/actionaid.ch\/de\/wp-json\/wp\/v2\/pages\/1951"}],"wp:attachment":[{"href":"https:\/\/actionaid.ch\/de\/wp-json\/wp\/v2\/media?parent=1952"}],"curies":[{"name":"wp","href":"https:\/\/api.w.org\/{rel}","templated":true}]}}