{"id":1938,"date":"2025-05-21T22:54:23","date_gmt":"2025-05-21T20:54:23","guid":{"rendered":"https:\/\/actionaid.ch\/mission-und-werte\/"},"modified":"2026-04-14T10:41:32","modified_gmt":"2026-04-14T08:41:32","slug":"mission-und-werte","status":"publish","type":"page","link":"https:\/\/actionaid.ch\/de\/wer-wir-sind\/mission-und-werte\/","title":{"rendered":"Mission und Werte"},"content":{"rendered":"<div class=\"vidiemme-block page-launch  \" >\n  \n  <div class=\"container-xl\">\n    <div class=\"block-container\">\n  \n    <div class=\"container\">\n      <div class=\"row\">\n\n        <div class=\"col-md-6 d-flex align-items-center pb-4 order-0\">\n                          <!-- <img decoding=\"async\" src=\"https:\/\/actionaid.ch\/wp-content\/uploads\/2025\/05\/R278699.jpg\" alt=\"\" class=\"img-fluid rounded block-image\"> -->\n              <img loading=\"lazy\" decoding=\"async\" width=\"1200\" height=\"800\" src=\"https:\/\/actionaid.ch\/wp-content\/uploads\/2025\/05\/R278699.jpg\" class=\"img-fluid rounded block-image\" alt=\"\" srcset=\"https:\/\/actionaid.ch\/wp-content\/uploads\/2025\/05\/R278699.jpg 1200w, https:\/\/actionaid.ch\/wp-content\/uploads\/2025\/05\/R278699-300x200.jpg 300w, https:\/\/actionaid.ch\/wp-content\/uploads\/2025\/05\/R278699-1024x683.jpg 1024w, https:\/\/actionaid.ch\/wp-content\/uploads\/2025\/05\/R278699-768x512.jpg 768w\" sizes=\"auto, (max-width: 1200px) 100vw, 1200px\" \/>\n                    <\/div>\n\n        <div class=\"col-md-6 d-flex align-items-center pb-4 order-1\">\n\n          <div class=\"block-content\">\n                          <h2 class=\"block-title\">Zusammenarbeit mit mehr als 45,2 Millionen Menschen weltweit<\/h2>\n                      \n                          <div class=\"block-description mt-4\"><p><span style=\"color: #000000;\">Wir bem\u00fchen uns, den Menschen ein vollst\u00e4ndiges, w\u00fcrdiges und gerechtes Leben unter Achtung ihrer Rechte zu garantieren. Wir verfolgen einen Ansatz, der auf dem Schutz der Menschenrechte und der Beteiligung der Gemeinschaft basiert. <\/span><\/p>\n<p><span style=\"color: #000000;\">Unsere <strong><span style=\"color: #ed1c24;\">Vision<\/span><\/strong>: einer <strong>gerechten und fairen Welt,<\/strong> in der jeder Mensch das Recht zu einem w\u00fcrdigen Leben hat, und wo jeder von Armut und Unterdr\u00fcckung frei ist.<\/span><\/p>\n<p><span style=\"color: #000000;\">Unsere <strong><span style=\"color: #ed1c24;\">Mission <\/span><\/strong>strebt nach <strong>soziale Gerechtigkeit<\/strong>, <strong>Gleichheit<\/strong> und <strong>Befreiung von der Armut<\/strong> durch die aktive Kooperation mit allen, die diesen Notstand und die Ausgrenzung erleben, seien sie Menschen, Gemeinschaften, Organisationen, Sozialbewegungen und ihre F\u00f6rderer.<\/span><\/p>\n<\/div>\n            \n                      <\/div>\n\n        <\/div>\n        \n\n      <\/div>\n    <\/div>\n  \n\n<\/div>\n  <\/div>\n<\/div>\n\n\n<div class=\"vidiemme-block focused-content mb-5 \" >\n  \n  <div class=\"container-xl\">\n    <div class=\"title mb-4\">Die Werte<\/div>\n    \n    <div class=\"focused\">\n\n            <div class=\"summary mb-3\">Die Werte beeinflussen alles was wir glauben, und darstellen die Prinzipien, durch die wir unsere Entscheidungen treffen. Die Werte, den wir folgen, haben uns die folgenden Grunds\u00e4tze gezeigt:<\/div>\n      \n            <div class=\"description\"><ul>\n<li><strong>Gegenseitiger Respekt<\/strong>: Wir anerkennen den angeborenen Wert aller Menschen, sowie den Wert der Diversit\u00e4t;<\/li>\n<li><strong>Gerechtigkeit und Justiz<\/strong>: Wir verfolgen die Verwirklichung unserer Vision f\u00fcr alle, unabh\u00e4ngig von dem Geschlecht, sexuellen Orientierung und Geschlechtsidentit\u00e4t, Rasse, Ethnie, Kaste, Klasse, Alter, HIV-Status, Behinderungen, Ort und Religion;<\/li>\n<li><strong>Integrit\u00e4t<\/strong>: Wir verfolgen die Grunds\u00e4tze der Ehrlichkeit, Transparenz und wir wollen f\u00fcr alle unsere Aktionen und f\u00fcr die Verwendung unserer Ressourcen auf allen Ebenen verantwortlich sein; Wir wollen bei unseren Beurteilungen und Ermittlungen mit den anderen offen sein;<\/li>\n<li><strong>Solidarit\u00e4t<\/strong>: Der wichtigste Grundsatz bei dem Kampf gegen die Armut, Ungerechtigkeit und Geschlechtsungleichheiten;<\/li>\n<li><strong>Mut zu unseren \u00dcberzeugungen<\/strong>: Es wird uns befragt, zwischenzeitlich kreativ und radikal zu sein, und noch innovierend und mutig \u2013 ohne das Scheitern zu bef\u00fcrchten, zur Verfolgung des h\u00f6chsten m\u00f6glichen Einflusses \u00fcber die Ursachen der Armut, Ungerechtigkeit und der Geschlechtsungleichheit;<\/li>\n<li><strong>Unabh\u00e4ngigkeit <\/strong>von jeglicher politischen oder religi\u00f6sen Organisation;<\/li>\n<li><strong>Bescheidenheit<\/strong>: Wir behaupten, dass wir zu einer umfangreichen Allianz gegen die Armut und die Ungerechtigkeit geh\u00f6ren.<\/li>\n<\/ul>\n<\/div>\n      \n      \n          \n    <\/div>\n  <\/div>\n<\/div>\n\n\n<div class=\"vidiemme-block focused-content  \" >\n  \n  <div class=\"container-xl\">\n    <div class=\"title mb-4\">Die neue Strategie 2018-2028: Action for Global Justice<\/div>\n    \n    <div class=\"focused\">\n\n            <div class=\"summary mb-3\">\u201eDie Beseitigung der Armut ist keine Geste der Barmherzigkeit, sondern der Gerechtigkeit\u201c &#8211; Nelson Mandela<\/div>\n      \n            <div class=\"description\"><p>Seit deren Gr\u00fcndung hat ActionAid ihren Ansatz erneuert und weiterentwickelt, um den strukturellen Ursachen von Armut und Ungerechtigkeit besser begegnen zu k\u00f6nnen. \u00abStrategy 2028: Action For Global Justice\u00bb ist die neueste Entwicklung der internationalen Strategie von ActionAid. Diese Strategie st\u00fctzt auf die Erfahrungen und Erkenntnisse, die mit der vorherigen Strategie \u00abPeople\u2019s Action to End Poverty\u00bb gesammelt worden sind und ist das Ergebnis eines partizipativen Prozesses unter Mitwirkung von Mitarbeitenden von ActionAid, Experten, Partnern und Personen, mit denen die Organisation weltweit arbeitet.<\/p>\n<p>Mit der neuen, auf zehn Jahre ausgelegten Strategie, engagiert sich ActionAid weltweit f\u00fcr die St\u00e4rkung sozialer Gerechtigkeit, die Bek\u00e4mpfung von Armut und die F\u00f6rderung der Geschlechtergleichstellung in Zusammenarbeit mit den verwundbarsten und marginalisiertesten Gemeinschaften sowie mit Organisationen, Aktivisten, sozialen Bewegungen und F\u00f6rderern.<br \/>Um diese Ziele zu erreichen, wird sich ActionAid an der Umverteilung von Macht und Ressourcen beteiligen, die St\u00e4rkung der Widerstandsf\u00e4higkeit von Gemeinschaften und sozialen Bewegungen f\u00f6rdern sowie die Rechte von ausgegrenzten Menschen verteidigen.<\/p>\n<\/div>\n      \n      \n          \n    <\/div>\n  <\/div>\n<\/div>\n\n\n\n<div style=\"height:50px\" aria-hidden=\"true\" class=\"wp-block-spacer\"><\/div>\n\n\n<div class=\"vidiemme-block cta-band  \" >\n  \n  <div class=\"container-xl\">\n    <div class=\"row\">\n      \n      <div class=\"col align-content-center\">\n            <div class=\"title mb-4\">Unsere Arbeit basiert auf den Gemeinschaften<\/div>\n      \n            <div class=\"link\">\n        <a href=\"https:\/\/actionaid.ch\/de\/was-wir-tun\/\" target=\"\" class=\"btn btn-primary btn-lg btn-cta\">Erfahre mehr dar\u00fcber was wir tun<\/a>\n      <\/div>\n            <\/div>\n    <\/div>\n  <\/div>\n<\/div>\n\n\n<div class=\"vidiemme-block basic-editor  \" >\n  \n  <div class=\"container-xl\">\n    <h6><em>Photocredits: ActionAid<\/em><\/h6>\n  <\/div>\n<\/div>\n","protected":false},"excerpt":{"rendered":"","protected":false},"author":1,"featured_media":0,"parent":1951,"menu_order":19,"comment_status":"closed","ping_status":"closed","template":"","meta":{"_acf_changed":false,"footnotes":""},"class_list":["post-1938","page","type-page","status-publish","hentry"],"acf":[],"yoast_head":"<!-- This site is optimized with the Yoast SEO plugin v25.9 - https:\/\/yoast.com\/wordpress\/plugins\/seo\/ -->\n<title>Mission und Werte - ActionAid Schweiz<\/title>\n<meta name=\"description\" content=\"ActionaAid Switzerland arbeitet seit 2013, um den Menschen ein w\u00fcrdevolles und gerechtes Leben im Respekt ihrer Rechte zu garantieren.\" \/>\n<meta name=\"robots\" content=\"index, follow, max-snippet:-1, max-image-preview:large, max-video-preview:-1\" \/>\n<link rel=\"canonical\" href=\"https:\/\/actionaid.ch\/de\/wer-wir-sind\/mission-und-werte\/\" \/>\n<meta property=\"og:locale\" content=\"de_DE\" \/>\n<meta property=\"og:type\" content=\"article\" \/>\n<meta property=\"og:title\" content=\"Mission und Werte - ActionAid Schweiz\" \/>\n<meta property=\"og:description\" content=\"ActionaAid Switzerland arbeitet seit 2013, um den Menschen ein w\u00fcrdevolles und gerechtes Leben im Respekt ihrer Rechte zu garantieren.\" \/>\n<meta property=\"og:url\" content=\"https:\/\/actionaid.ch\/de\/wer-wir-sind\/mission-und-werte\/\" \/>\n<meta property=\"og:site_name\" content=\"ActionAid\" \/>\n<meta property=\"article:publisher\" content=\"https:\/\/www.facebook.com\/ActionAidSwitzerland\/?locale=it_IT\" \/>\n<meta property=\"article:modified_time\" content=\"2026-04-14T08:41:32+00:00\" \/>\n<meta name=\"twitter:card\" content=\"summary_large_image\" \/>\n<script type=\"application\/ld+json\" class=\"yoast-schema-graph\">{\"@context\":\"https:\/\/schema.org\",\"@graph\":[{\"@type\":\"WebPage\",\"@id\":\"https:\/\/actionaid.ch\/de\/wer-wir-sind\/mission-und-werte\/\",\"url\":\"https:\/\/actionaid.ch\/de\/wer-wir-sind\/mission-und-werte\/\",\"name\":\"Mission und Werte - ActionAid Schweiz\",\"isPartOf\":{\"@id\":\"https:\/\/actionaid.ch\/de\/#website\"},\"datePublished\":\"2025-05-21T20:54:23+00:00\",\"dateModified\":\"2026-04-14T08:41:32+00:00\",\"description\":\"ActionaAid Switzerland arbeitet seit 2013, um den Menschen ein w\u00fcrdevolles und gerechtes Leben im Respekt ihrer Rechte zu garantieren.\",\"breadcrumb\":{\"@id\":\"https:\/\/actionaid.ch\/de\/wer-wir-sind\/mission-und-werte\/#breadcrumb\"},\"inLanguage\":\"de\",\"potentialAction\":[{\"@type\":\"ReadAction\",\"target\":[\"https:\/\/actionaid.ch\/de\/wer-wir-sind\/mission-und-werte\/\"]}]},{\"@type\":\"BreadcrumbList\",\"@id\":\"https:\/\/actionaid.ch\/de\/wer-wir-sind\/mission-und-werte\/#breadcrumb\",\"itemListElement\":[{\"@type\":\"ListItem\",\"position\":1,\"name\":\"Home\",\"item\":\"https:\/\/actionaid.ch\/de\/\"},{\"@type\":\"ListItem\",\"position\":2,\"name\":\"Wer wir sind\",\"item\":\"https:\/\/actionaid.ch\/de\/wer-wir-sind\/\"},{\"@type\":\"ListItem\",\"position\":3,\"name\":\"Mission und Werte\"}]},{\"@type\":\"WebSite\",\"@id\":\"https:\/\/actionaid.ch\/de\/#website\",\"url\":\"https:\/\/actionaid.ch\/de\/\",\"name\":\"ActionAid Svizzera\",\"description\":\"\",\"publisher\":{\"@id\":\"https:\/\/actionaid.ch\/de\/#organization\"},\"potentialAction\":[{\"@type\":\"SearchAction\",\"target\":{\"@type\":\"EntryPoint\",\"urlTemplate\":\"https:\/\/actionaid.ch\/de\/?s={search_term_string}\"},\"query-input\":{\"@type\":\"PropertyValueSpecification\",\"valueRequired\":true,\"valueName\":\"search_term_string\"}}],\"inLanguage\":\"de\"},{\"@type\":\"Organization\",\"@id\":\"https:\/\/actionaid.ch\/de\/#organization\",\"name\":\"ActionAid Svizzera\",\"url\":\"https:\/\/actionaid.ch\/de\/\",\"logo\":{\"@type\":\"ImageObject\",\"inLanguage\":\"de\",\"@id\":\"https:\/\/actionaid.ch\/de\/#\/schema\/logo\/image\/\",\"url\":\"https:\/\/actionaid.ch\/wp-content\/uploads\/2025\/04\/Logo_rosso.png\",\"contentUrl\":\"https:\/\/actionaid.ch\/wp-content\/uploads\/2025\/04\/Logo_rosso.png\",\"width\":2331,\"height\":407,\"caption\":\"ActionAid Svizzera\"},\"image\":{\"@id\":\"https:\/\/actionaid.ch\/de\/#\/schema\/logo\/image\/\"},\"sameAs\":[\"https:\/\/www.facebook.com\/ActionAidSwitzerland\/?locale=it_IT\",\"https:\/\/www.instagram.com\/actionaid_international\/?hl=en\"]}]}<\/script>\n<!-- \/ Yoast SEO plugin. -->","yoast_head_json":{"title":"Mission und Werte - ActionAid Schweiz","description":"ActionaAid Switzerland arbeitet seit 2013, um den Menschen ein w\u00fcrdevolles und gerechtes Leben im Respekt ihrer Rechte zu garantieren.","robots":{"index":"index","follow":"follow","max-snippet":"max-snippet:-1","max-image-preview":"max-image-preview:large","max-video-preview":"max-video-preview:-1"},"canonical":"https:\/\/actionaid.ch\/de\/wer-wir-sind\/mission-und-werte\/","og_locale":"de_DE","og_type":"article","og_title":"Mission und Werte - ActionAid Schweiz","og_description":"ActionaAid Switzerland arbeitet seit 2013, um den Menschen ein w\u00fcrdevolles und gerechtes Leben im Respekt ihrer Rechte zu garantieren.","og_url":"https:\/\/actionaid.ch\/de\/wer-wir-sind\/mission-und-werte\/","og_site_name":"ActionAid","article_publisher":"https:\/\/www.facebook.com\/ActionAidSwitzerland\/?locale=it_IT","article_modified_time":"2026-04-14T08:41:32+00:00","twitter_card":"summary_large_image","schema":{"@context":"https:\/\/schema.org","@graph":[{"@type":"WebPage","@id":"https:\/\/actionaid.ch\/de\/wer-wir-sind\/mission-und-werte\/","url":"https:\/\/actionaid.ch\/de\/wer-wir-sind\/mission-und-werte\/","name":"Mission und Werte - ActionAid Schweiz","isPartOf":{"@id":"https:\/\/actionaid.ch\/de\/#website"},"datePublished":"2025-05-21T20:54:23+00:00","dateModified":"2026-04-14T08:41:32+00:00","description":"ActionaAid Switzerland arbeitet seit 2013, um den Menschen ein w\u00fcrdevolles und gerechtes Leben im Respekt ihrer Rechte zu garantieren.","breadcrumb":{"@id":"https:\/\/actionaid.ch\/de\/wer-wir-sind\/mission-und-werte\/#breadcrumb"},"inLanguage":"de","potentialAction":[{"@type":"ReadAction","target":["https:\/\/actionaid.ch\/de\/wer-wir-sind\/mission-und-werte\/"]}]},{"@type":"BreadcrumbList","@id":"https:\/\/actionaid.ch\/de\/wer-wir-sind\/mission-und-werte\/#breadcrumb","itemListElement":[{"@type":"ListItem","position":1,"name":"Home","item":"https:\/\/actionaid.ch\/de\/"},{"@type":"ListItem","position":2,"name":"Wer wir sind","item":"https:\/\/actionaid.ch\/de\/wer-wir-sind\/"},{"@type":"ListItem","position":3,"name":"Mission und Werte"}]},{"@type":"WebSite","@id":"https:\/\/actionaid.ch\/de\/#website","url":"https:\/\/actionaid.ch\/de\/","name":"ActionAid Svizzera","description":"","publisher":{"@id":"https:\/\/actionaid.ch\/de\/#organization"},"potentialAction":[{"@type":"SearchAction","target":{"@type":"EntryPoint","urlTemplate":"https:\/\/actionaid.ch\/de\/?s={search_term_string}"},"query-input":{"@type":"PropertyValueSpecification","valueRequired":true,"valueName":"search_term_string"}}],"inLanguage":"de"},{"@type":"Organization","@id":"https:\/\/actionaid.ch\/de\/#organization","name":"ActionAid Svizzera","url":"https:\/\/actionaid.ch\/de\/","logo":{"@type":"ImageObject","inLanguage":"de","@id":"https:\/\/actionaid.ch\/de\/#\/schema\/logo\/image\/","url":"https:\/\/actionaid.ch\/wp-content\/uploads\/2025\/04\/Logo_rosso.png","contentUrl":"https:\/\/actionaid.ch\/wp-content\/uploads\/2025\/04\/Logo_rosso.png","width":2331,"height":407,"caption":"ActionAid Svizzera"},"image":{"@id":"https:\/\/actionaid.ch\/de\/#\/schema\/logo\/image\/"},"sameAs":["https:\/\/www.facebook.com\/ActionAidSwitzerland\/?locale=it_IT","https:\/\/www.instagram.com\/actionaid_international\/?hl=en"]}]}},"_links":{"self":[{"href":"https:\/\/actionaid.ch\/de\/wp-json\/wp\/v2\/pages\/1938","targetHints":{"allow":["GET"]}}],"collection":[{"href":"https:\/\/actionaid.ch\/de\/wp-json\/wp\/v2\/pages"}],"about":[{"href":"https:\/\/actionaid.ch\/de\/wp-json\/wp\/v2\/types\/page"}],"author":[{"embeddable":true,"href":"https:\/\/actionaid.ch\/de\/wp-json\/wp\/v2\/users\/1"}],"replies":[{"embeddable":true,"href":"https:\/\/actionaid.ch\/de\/wp-json\/wp\/v2\/comments?post=1938"}],"version-history":[{"count":4,"href":"https:\/\/actionaid.ch\/de\/wp-json\/wp\/v2\/pages\/1938\/revisions"}],"predecessor-version":[{"id":16813,"href":"https:\/\/actionaid.ch\/de\/wp-json\/wp\/v2\/pages\/1938\/revisions\/16813"}],"up":[{"embeddable":true,"href":"https:\/\/actionaid.ch\/de\/wp-json\/wp\/v2\/pages\/1951"}],"wp:attachment":[{"href":"https:\/\/actionaid.ch\/de\/wp-json\/wp\/v2\/media?parent=1938"}],"curies":[{"name":"wp","href":"https:\/\/api.w.org\/{rel}","templated":true}]}}